{"id":2145,"date":"2014-01-17T10:32:46","date_gmt":"2014-01-17T15:02:46","guid":{"rendered":"https:\/\/cograf.com\/site\/?page_id=2145"},"modified":"2014-01-17T10:32:46","modified_gmt":"2014-01-17T15:02:46","slug":"que-es-hacer-la-diferencia","status":"publish","type":"page","link":"https:\/\/cograf.com\/site\/cultura-de-servicio\/lecturas-de-apoyo\/que-es-hacer-la-diferencia\/","title":{"rendered":"\u00bfQu\u00e9 es hacer la diferencia?"},"content":{"rendered":"<p><span style=\"font-family: Verdana;\">Fragmento de art\u00edculo de Juan Carlos Caram\u00e9s Paz (<a href=\"http:\/\/www.jccarames.com\/\">http:\/\/www.jccarames.com<\/a>)<br \/><\/span><span style=\"font-family: Verdana;\"><br \/>&#8230;Hacer que todos nos sintamos bien, nunca puede ser dejado a la casualidad. Demanda una estrategia. Es algo que ocurre o no ocurre. Tintes grises desfavorecen cualquier intento de reconocimiento.\u00a0<\/p>\n<p>Muchas empresas logran mejorar su efectividad en el reconocimiento a trav\u00e9s de la selecci\u00f3n de distintivos, que buscan resaltar comportamientos que enriquecen el esp\u00edritu emprendedor de la gente o simplemente la armon\u00eda laboral.\u00a0<\/p>\n<p>Una vez presenci\u00e9 a un trabajador exponiendo c\u00f3mo los mecanismos de reconocimiento lograban crear no s\u00f3lo, un aumento en la consideraci\u00f3n de todos con todos, sino tambi\u00e9n mejoraban los compromisos individuales, los cuales se traduc\u00edan en un importante aporte grupal.\u00a0<\/p>\n<p>All\u00ed cuando compart\u00ed una iniciativa, que prob\u00e9 con una empresa, que dio muy buenos resultados en materia de reconocimiento y bienestar laboral. Se trataba de una idea que buscaba elevar el rendimiento colectivo, a trav\u00e9s del compromiso individual.\u00a0<\/p>\n<p>Era, simplemente, reconocer a la persona que marcara diferencia. El t\u00edtulo que le invent\u00e9 fue: La persona que m\u00e1s y mejor hace la diferencia.\u00a0<\/p>\n<p>La elecci\u00f3n era mensual, por votaci\u00f3n secreta. y con conteo inmediato a la elecci\u00f3n. Entonces alguien me interrumpi\u00f3 y pregunt\u00f3 \u00ab\u00ac\u00f8qu\u00e9 es hacer la diferencia?\u00bb<\/p>\n<p>Por supuesto respond\u00ed: \u00abHacer la diferencia\u00bb es&#8230; Simplemente, hacer la diferencia. Al responder as\u00ed, observ\u00e9 la cara de impactado que puso. Entonces lo expliqu\u00e9 de otra manera.\u00a0<\/p>\n<p>\u00abHacer la diferencia\u00bb es:<\/p>\n<p>&#8211; Ser el primero en evitar que las cosas se compliquen.\u00a0<\/p>\n<p>&#8211; Hacer lo importante todos los d\u00edas para evitar que se conviertan en urgentes.\u00a0<\/p>\n<p>&#8211; Llegar todos los d\u00edas con el mejor humor y optimismo, para contagiarlo a todos los compa\u00f1eros.<\/p>\n<p>&#8211; Ser una persona donde sus conflictos se resuelven en el d\u00eda a d\u00eda, sin complicar o enredar las relaciones de trabajo.<\/p>\n<p>&#8211; Es el primero en colaborar con todos, a veces hasta con dosis de sacrificio personal.<\/p>\n<p>&#8211; Su amabilidad se parece a la cara excelente que pone todos los d\u00edas.<\/p>\n<p>&#8211; Hace las cosas, de tal manera que la flojera nunca se refleja en \u00e9l.<\/p>\n<p>&#8211; Nunca se le ve comentar resentimientos con otros compa\u00f1eros de trabajo, gozando, adem\u00e1s, de una alta estima por muchos.<\/p>\n<p>&#8211; Siempre est\u00e1 dispuesto para ayudar, cooperar y dar un extra cuando es necesario.<\/p>\n<p>&#8211; Cumple, siempre, lo que promete y dando m\u00e1s de lo que normalmente se espera.<\/p>\n<p>&#8211; Se involucra en mejorar cualquier detalle, inclusive los que muchos llamamos insignificantes, y, muchos, de los que pocos se atreven.\u00a0<\/p>\n<p>&#8211; A pesar de cualquier adversidad, sabe pasarle por encima, avanzando en la direcci\u00f3n norte de cada meta que se propone.\u00a0<\/p>\n<p>\u00abHacer la diferencia\u00bb puede ser muchas cosas m\u00e1s, e inclusive m\u00e1s importantes que los comportamientos detallados.\u00a0<\/p>\n<p>En mi caso, esto fue lo que funcion\u00f3. Elevaba la moral de todo el departamento, era la excusa diaria de todos con todos, y se convirti\u00f3 (por alg\u00fan tiempo) en un mecanismo de motivaci\u00f3n.<\/p>\n<p>Tener equipos, por muy buenos que sean, siempre funcionar\u00e1n al l\u00edmite de lo extraordinario, si las escalas de reconocimiento est\u00e1n en una clara sinton\u00eda.\u00a0<\/p>\n<p>Hacer del reconocimiento una mera casualidad, un saludo a la bandera, o peor, una falsedad, generar\u00e1 equipos frustrados y resultados negativos hasta inexplicables.\u00a0<\/p>\n<p>Nunca lo olvides, estamos en Venezuela. Gente ch\u02c6\u00a9vere que se emociona con picos incontrolables. Aprende a sintonizar la motivaci\u02c6\u201en de tu gente, con indicadores de reconocimiento que multipliquen su productividad y ambiente laboral, y \u00a1Despu\u02c6\u00a9s me contar\u02c6\u00b0s!<\/p>\n<p><\/span><span style=\"font-family: Verdana;\">Juan Carlos Caram\u00e9s Paz\u00a0<br \/><a href=\"http:\/\/www.jccarames.com\/\">http:\/\/www.jccarames.com<\/a><\/span><\/p>\n","protected":false},"excerpt":{"rendered":"<p>Fragmento de art\u00edculo de Juan Carlos Caram\u00e9s Paz (http:\/\/www.jccarames.com)&#8230;Hacer que todos nos sintamos bien, nunca puede ser dejado a la casualidad. Demanda una estrategia. Es algo que ocurre o no ocurre. Tintes grises desfavorecen cualquier intento de reconocimiento.\u00a0 Muchas empresas&hellip;<\/p>\n","protected":false},"author":1,"featured_media":0,"parent":1841,"menu_order":0,"comment_status":"open","ping_status":"open","template":"","meta":{"footnotes":""},"class_list":["post-2145","page","type-page","status-publish","hentry","entry","no-media"],"yoast_head":"<!-- This site is optimized with the Yoast SEO plugin v26.9 - https:\/\/yoast.com\/product\/yoast-seo-wordpress\/ -->\n<title>\u00bfQu\u00e9 es hacer la diferencia? - Cograf Comunicaciones<\/title>\n<meta name=\"robots\" content=\"index, follow, max-snippet:-1, max-image-preview:large, max-video-preview:-1\" \/>\n<link rel=\"canonical\" href=\"https:\/\/cograf.com\/site\/cultura-de-servicio\/lecturas-de-apoyo\/que-es-hacer-la-diferencia\/\" \/>\n<meta property=\"og:locale\" content=\"es_ES\" \/>\n<meta property=\"og:type\" content=\"article\" \/>\n<meta property=\"og:title\" content=\"\u00bfQu\u00e9 es hacer la diferencia? - Cograf Comunicaciones\" \/>\n<meta property=\"og:description\" content=\"Fragmento de art\u00edculo de Juan Carlos Caram\u00e9s Paz (http:\/\/www.jccarames.com)&#8230;Hacer que todos nos sintamos bien, nunca puede ser dejado a la casualidad. Demanda una estrategia. Es algo que ocurre o no ocurre. Tintes grises desfavorecen cualquier intento de reconocimiento.\u00a0 Muchas empresas&hellip;\" \/>\n<meta property=\"og:url\" content=\"https:\/\/cograf.com\/site\/cultura-de-servicio\/lecturas-de-apoyo\/que-es-hacer-la-diferencia\/\" \/>\n<meta property=\"og:site_name\" content=\"Cograf Comunicaciones\" \/>\n<meta name=\"twitter:card\" content=\"summary_large_image\" \/>\n<meta name=\"twitter:label1\" content=\"Tiempo de lectura\" \/>\n\t<meta name=\"twitter:data1\" content=\"3 minutos\" \/>\n<script type=\"application\/ld+json\" class=\"yoast-schema-graph\">{\"@context\":\"https:\/\/schema.org\",\"@graph\":[{\"@type\":\"WebPage\",\"@id\":\"https:\/\/cograf.com\/site\/cultura-de-servicio\/lecturas-de-apoyo\/que-es-hacer-la-diferencia\/\",\"url\":\"https:\/\/cograf.com\/site\/cultura-de-servicio\/lecturas-de-apoyo\/que-es-hacer-la-diferencia\/\",\"name\":\"\u00bfQu\u00e9 es hacer la diferencia? - Cograf Comunicaciones\",\"isPartOf\":{\"@id\":\"https:\/\/cograf.com\/site\/#website\"},\"datePublished\":\"2014-01-17T15:02:46+00:00\",\"breadcrumb\":{\"@id\":\"https:\/\/cograf.com\/site\/cultura-de-servicio\/lecturas-de-apoyo\/que-es-hacer-la-diferencia\/#breadcrumb\"},\"inLanguage\":\"es\",\"potentialAction\":[{\"@type\":\"ReadAction\",\"target\":[\"https:\/\/cograf.com\/site\/cultura-de-servicio\/lecturas-de-apoyo\/que-es-hacer-la-diferencia\/\"]}]},{\"@type\":\"BreadcrumbList\",\"@id\":\"https:\/\/cograf.com\/site\/cultura-de-servicio\/lecturas-de-apoyo\/que-es-hacer-la-diferencia\/#breadcrumb\",\"itemListElement\":[{\"@type\":\"ListItem\",\"position\":1,\"name\":\"Portada\",\"item\":\"https:\/\/cograf.com\/site\/\"},{\"@type\":\"ListItem\",\"position\":2,\"name\":\"Cultura de Servicio\",\"item\":\"https:\/\/cograf.com\/site\/cultura-de-servicio\/\"},{\"@type\":\"ListItem\",\"position\":3,\"name\":\"Lecturas de apoyo\",\"item\":\"https:\/\/cograf.com\/site\/cultura-de-servicio\/lecturas-de-apoyo\/\"},{\"@type\":\"ListItem\",\"position\":4,\"name\":\"\u00bfQu\u00e9 es hacer la diferencia?\"}]},{\"@type\":\"WebSite\",\"@id\":\"https:\/\/cograf.com\/site\/#website\",\"url\":\"https:\/\/cograf.com\/site\/\",\"name\":\"Cograf Comunicaciones\",\"description\":\"Imagen de marcas\",\"publisher\":{\"@id\":\"https:\/\/cograf.com\/site\/#organization\"},\"potentialAction\":[{\"@type\":\"SearchAction\",\"target\":{\"@type\":\"EntryPoint\",\"urlTemplate\":\"https:\/\/cograf.com\/site\/?s={search_term_string}\"},\"query-input\":{\"@type\":\"PropertyValueSpecification\",\"valueRequired\":true,\"valueName\":\"search_term_string\"}}],\"inLanguage\":\"es\"},{\"@type\":\"Organization\",\"@id\":\"https:\/\/cograf.com\/site\/#organization\",\"name\":\"Cograf Comunicaciones\",\"url\":\"https:\/\/cograf.com\/site\/\",\"logo\":{\"@type\":\"ImageObject\",\"inLanguage\":\"es\",\"@id\":\"https:\/\/cograf.com\/site\/#\/schema\/logo\/image\/\",\"url\":\"https:\/\/cograf.com\/site\/wp-content\/uploads\/2020\/10\/logo_cograf_new.jpg\",\"contentUrl\":\"https:\/\/cograf.com\/site\/wp-content\/uploads\/2020\/10\/logo_cograf_new.jpg\",\"width\":501,\"height\":301,\"caption\":\"Cograf Comunicaciones\"},\"image\":{\"@id\":\"https:\/\/cograf.com\/site\/#\/schema\/logo\/image\/\"}}]}<\/script>\n<!-- \/ Yoast SEO plugin. -->","yoast_head_json":{"title":"\u00bfQu\u00e9 es hacer la diferencia? - Cograf Comunicaciones","robots":{"index":"index","follow":"follow","max-snippet":"max-snippet:-1","max-image-preview":"max-image-preview:large","max-video-preview":"max-video-preview:-1"},"canonical":"https:\/\/cograf.com\/site\/cultura-de-servicio\/lecturas-de-apoyo\/que-es-hacer-la-diferencia\/","og_locale":"es_ES","og_type":"article","og_title":"\u00bfQu\u00e9 es hacer la diferencia? - Cograf Comunicaciones","og_description":"Fragmento de art\u00edculo de Juan Carlos Caram\u00e9s Paz (http:\/\/www.jccarames.com)&#8230;Hacer que todos nos sintamos bien, nunca puede ser dejado a la casualidad. Demanda una estrategia. Es algo que ocurre o no ocurre. Tintes grises desfavorecen cualquier intento de reconocimiento.\u00a0 Muchas empresas&hellip;","og_url":"https:\/\/cograf.com\/site\/cultura-de-servicio\/lecturas-de-apoyo\/que-es-hacer-la-diferencia\/","og_site_name":"Cograf Comunicaciones","twitter_card":"summary_large_image","twitter_misc":{"Tiempo de lectura":"3 minutos"},"schema":{"@context":"https:\/\/schema.org","@graph":[{"@type":"WebPage","@id":"https:\/\/cograf.com\/site\/cultura-de-servicio\/lecturas-de-apoyo\/que-es-hacer-la-diferencia\/","url":"https:\/\/cograf.com\/site\/cultura-de-servicio\/lecturas-de-apoyo\/que-es-hacer-la-diferencia\/","name":"\u00bfQu\u00e9 es hacer la diferencia? - Cograf Comunicaciones","isPartOf":{"@id":"https:\/\/cograf.com\/site\/#website"},"datePublished":"2014-01-17T15:02:46+00:00","breadcrumb":{"@id":"https:\/\/cograf.com\/site\/cultura-de-servicio\/lecturas-de-apoyo\/que-es-hacer-la-diferencia\/#breadcrumb"},"inLanguage":"es","potentialAction":[{"@type":"ReadAction","target":["https:\/\/cograf.com\/site\/cultura-de-servicio\/lecturas-de-apoyo\/que-es-hacer-la-diferencia\/"]}]},{"@type":"BreadcrumbList","@id":"https:\/\/cograf.com\/site\/cultura-de-servicio\/lecturas-de-apoyo\/que-es-hacer-la-diferencia\/#breadcrumb","itemListElement":[{"@type":"ListItem","position":1,"name":"Portada","item":"https:\/\/cograf.com\/site\/"},{"@type":"ListItem","position":2,"name":"Cultura de Servicio","item":"https:\/\/cograf.com\/site\/cultura-de-servicio\/"},{"@type":"ListItem","position":3,"name":"Lecturas de apoyo","item":"https:\/\/cograf.com\/site\/cultura-de-servicio\/lecturas-de-apoyo\/"},{"@type":"ListItem","position":4,"name":"\u00bfQu\u00e9 es hacer la diferencia?"}]},{"@type":"WebSite","@id":"https:\/\/cograf.com\/site\/#website","url":"https:\/\/cograf.com\/site\/","name":"Cograf Comunicaciones","description":"Imagen de marcas","publisher":{"@id":"https:\/\/cograf.com\/site\/#organization"},"potentialAction":[{"@type":"SearchAction","target":{"@type":"EntryPoint","urlTemplate":"https:\/\/cograf.com\/site\/?s={search_term_string}"},"query-input":{"@type":"PropertyValueSpecification","valueRequired":true,"valueName":"search_term_string"}}],"inLanguage":"es"},{"@type":"Organization","@id":"https:\/\/cograf.com\/site\/#organization","name":"Cograf Comunicaciones","url":"https:\/\/cograf.com\/site\/","logo":{"@type":"ImageObject","inLanguage":"es","@id":"https:\/\/cograf.com\/site\/#\/schema\/logo\/image\/","url":"https:\/\/cograf.com\/site\/wp-content\/uploads\/2020\/10\/logo_cograf_new.jpg","contentUrl":"https:\/\/cograf.com\/site\/wp-content\/uploads\/2020\/10\/logo_cograf_new.jpg","width":501,"height":301,"caption":"Cograf Comunicaciones"},"image":{"@id":"https:\/\/cograf.com\/site\/#\/schema\/logo\/image\/"}}]}},"_links":{"self":[{"href":"https:\/\/cograf.com\/site\/wp-json\/wp\/v2\/pages\/2145","targetHints":{"allow":["GET"]}}],"collection":[{"href":"https:\/\/cograf.com\/site\/wp-json\/wp\/v2\/pages"}],"about":[{"href":"https:\/\/cograf.com\/site\/wp-json\/wp\/v2\/types\/page"}],"author":[{"embeddable":true,"href":"https:\/\/cograf.com\/site\/wp-json\/wp\/v2\/users\/1"}],"replies":[{"embeddable":true,"href":"https:\/\/cograf.com\/site\/wp-json\/wp\/v2\/comments?post=2145"}],"version-history":[{"count":0,"href":"https:\/\/cograf.com\/site\/wp-json\/wp\/v2\/pages\/2145\/revisions"}],"up":[{"embeddable":true,"href":"https:\/\/cograf.com\/site\/wp-json\/wp\/v2\/pages\/1841"}],"wp:attachment":[{"href":"https:\/\/cograf.com\/site\/wp-json\/wp\/v2\/media?parent=2145"}],"curies":[{"name":"wp","href":"https:\/\/api.w.org\/{rel}","templated":true}]}}