{"id":2135,"date":"2014-01-17T09:57:46","date_gmt":"2014-01-17T14:27:46","guid":{"rendered":"https:\/\/cograf.com\/site\/?page_id=2135"},"modified":"2014-01-17T09:57:46","modified_gmt":"2014-01-17T14:27:46","slug":"por-que-se-debilitan-los-valores","status":"publish","type":"page","link":"https:\/\/cograf.com\/site\/cultura-de-servicio\/lecturas-de-apoyo\/por-que-se-debilitan-los-valores\/","title":{"rendered":"\u00bfPor qu\u00e9 se debilitan los valores?"},"content":{"rendered":"<p><i><span style=\"font-family: verdana;\">(Tomado del libro \u00ab<a href=\"http:\/\/www.elvalordelosvalores.com\/\">El valor de los valores en las organizaciones<\/a>\u00ab, de Juan Carlos Jim\u00e9nez)<\/p>\n<p><\/span><\/i><span style=\"font-family: verdana;\">Hay muchas razones, pero quiero destacar tres que constituyen una especie de c\u00edrculo vicioso de deterioro de valores.<\/p>\n<p><\/span><b><span style=\"font-family: verdana;\">1. Las necesidades pueden presionar m\u00e1s que los valores<\/p>\n<p><\/span><\/b><span style=\"font-family: verdana;\">Los valores en s\u00ed mismos no se deterioran.\u00a0<span style=\"text-decoration: underline;\"><a href=\"http:\/\/www.elvalordelosvalores.com\/\">Lo que en realidad se debilita es nuestra propia capacidad de creer<\/a><\/span>\u00a0en determinados principios y su pertinencia, como producto de la presi\u00f3n que ejerce sobre nosotros el manejo de ciertas necesidades.<\/p>\n<p><\/span><span style=\"font-family: verdana;\">Esta realidad, a su vez, nos remite a valores b\u00e1sicos de subsistencia individual.<\/p>\n<p><\/span><span style=\"font-family: verdana;\">Por ejemplo, cuando irrespetamos \u201clas colas\u201d (en el tr\u00e1fico o a la espera de ser atendidos) es porque consideramos que nuestra necesidad individual tiene m\u00e1s valor que la de los dem\u00e1s. Con en este tipo de consideraci\u00f3n personal, pierde sentido la \u201chonestidad\u201d como un valor que nos vincula con los dem\u00e1s.<\/p>\n<p><\/span><span style=\"font-family: verdana;\">Algo parecido ocurre en los colegios u organizaciones similares, cuando los maestros o supervisores sienten que su necesidad de \u201ccontrolar\u201d a su grupo tiene m\u00e1s valor que el \u201crespeto\u201d y la \u201cdignidad\u201d de los integrantes, y hacen uso de la \u201cautoridad\u201d para imponerles orden.<\/p>\n<p><\/span><span style=\"font-family: verdana;\">Seguro que no les va a resultar nada f\u00e1cil obtener \u201crespeto\u201d como respuesta.<\/p>\n<p><\/span><b><span style=\"font-family: verdana;\">2. Es mucho m\u00e1s f\u00e1cil transmitir otros valores<\/p>\n<p><\/span><\/b><span style=\"font-family: verdana;\">El verdadero significado de los valores en las organizaciones se basa en las acciones y actitudes de sus integrantes, y nuestro comportamiento se traduce en los detalles de lo que hacemos en el d\u00eda a d\u00eda:<\/p>\n<p><\/span><span style=\"font-family: verdana;\">Imagine a un padre ense\u00f1ado a su hijo la importancia de la verdad o la responsabilidad. Un instante despu\u00e9s, el hijo le dice al padre que lo llama por tel\u00e9fono un cobrador, y el padre le responde con naturalidad: \u201cDile que no estoy\u201d.<\/p>\n<p><\/span><span style=\"font-family: verdana;\">Imagine algo que cada d\u00eda sucede m\u00e1s en las empresas: No quitamos la vista de la computadora mientras hablamos con compa\u00f1eros de trabajo que \u201crespetamos\u201d, y decimos cosas como: \u201cNo te estoy mirando, pero te estoy poniendo atenci\u00f3n\u201d.<\/p>\n<p><\/span><b><span style=\"font-family: verdana;\">3. Existe mucha presi\u00f3n social a favor de \u201canti-valores\u201d<\/p>\n<p><\/span><\/b><span style=\"font-family: verdana;\">En una sociedad que sobre-estimula el consumo y la propiedad, los ciudadanos terminamos siendo valorados m\u00e1s por lo que tenemos que por lo que somos como personas. En consecuencia, la apariencia o el poder muchas veces se convierten en valores superiores a la responsabilidad. As\u00ed terminamos proclamando que \u201cel fin justifica los medios\u201d.<\/p>\n<p><\/span><span style=\"font-family: verdana;\">En las organizaciones se necesita un poco m\u00e1s de humildad a la hora de hablar de formaci\u00f3n de valores o de exigirlos. Los valores est\u00e1n en los detalles de todos los comportamientos de sus integrantes, y muchos de esos comportamientos son habituales y, en ocasiones, inconscientes.<\/p>\n<p><\/span><span style=\"font-family: verdana;\">En este sentido, los valores pueden ser mucho m\u00e1s \u00fatiles como gu\u00edas de acci\u00f3n para los integrantes de un equipo de trabajo o de una familia, cuando se definen como comportamientos deseados concretos.<\/span><\/p>\n","protected":false},"excerpt":{"rendered":"<p>(Tomado del libro \u00abEl valor de los valores en las organizaciones\u00ab, de Juan Carlos Jim\u00e9nez) Hay muchas razones, pero quiero destacar tres que constituyen una especie de c\u00edrculo vicioso de deterioro de valores. 1. Las necesidades pueden presionar m\u00e1s que&hellip;<\/p>\n","protected":false},"author":1,"featured_media":0,"parent":1841,"menu_order":0,"comment_status":"open","ping_status":"open","template":"","meta":{"footnotes":""},"class_list":["post-2135","page","type-page","status-publish","hentry","entry","no-media"],"yoast_head":"<!-- This site is optimized with the Yoast SEO plugin v26.9 - https:\/\/yoast.com\/product\/yoast-seo-wordpress\/ -->\n<title>\u00bfPor qu\u00e9 se debilitan los valores? - Cograf Comunicaciones<\/title>\n<meta name=\"robots\" content=\"index, follow, max-snippet:-1, max-image-preview:large, max-video-preview:-1\" \/>\n<link rel=\"canonical\" href=\"https:\/\/cograf.com\/site\/cultura-de-servicio\/lecturas-de-apoyo\/por-que-se-debilitan-los-valores\/\" \/>\n<meta property=\"og:locale\" content=\"es_ES\" \/>\n<meta property=\"og:type\" content=\"article\" \/>\n<meta property=\"og:title\" content=\"\u00bfPor qu\u00e9 se debilitan los valores? - Cograf Comunicaciones\" \/>\n<meta property=\"og:description\" content=\"(Tomado del libro \u00abEl valor de los valores en las organizaciones\u00ab, de Juan Carlos Jim\u00e9nez) Hay muchas razones, pero quiero destacar tres que constituyen una especie de c\u00edrculo vicioso de deterioro de valores. 1. Las necesidades pueden presionar m\u00e1s que&hellip;\" \/>\n<meta property=\"og:url\" content=\"https:\/\/cograf.com\/site\/cultura-de-servicio\/lecturas-de-apoyo\/por-que-se-debilitan-los-valores\/\" \/>\n<meta property=\"og:site_name\" content=\"Cograf Comunicaciones\" \/>\n<meta name=\"twitter:card\" content=\"summary_large_image\" \/>\n<meta name=\"twitter:label1\" content=\"Tiempo de lectura\" \/>\n\t<meta name=\"twitter:data1\" content=\"2 minutos\" \/>\n<script type=\"application\/ld+json\" class=\"yoast-schema-graph\">{\"@context\":\"https:\/\/schema.org\",\"@graph\":[{\"@type\":\"WebPage\",\"@id\":\"https:\/\/cograf.com\/site\/cultura-de-servicio\/lecturas-de-apoyo\/por-que-se-debilitan-los-valores\/\",\"url\":\"https:\/\/cograf.com\/site\/cultura-de-servicio\/lecturas-de-apoyo\/por-que-se-debilitan-los-valores\/\",\"name\":\"\u00bfPor qu\u00e9 se debilitan los valores? - Cograf Comunicaciones\",\"isPartOf\":{\"@id\":\"https:\/\/cograf.com\/site\/#website\"},\"datePublished\":\"2014-01-17T14:27:46+00:00\",\"breadcrumb\":{\"@id\":\"https:\/\/cograf.com\/site\/cultura-de-servicio\/lecturas-de-apoyo\/por-que-se-debilitan-los-valores\/#breadcrumb\"},\"inLanguage\":\"es\",\"potentialAction\":[{\"@type\":\"ReadAction\",\"target\":[\"https:\/\/cograf.com\/site\/cultura-de-servicio\/lecturas-de-apoyo\/por-que-se-debilitan-los-valores\/\"]}]},{\"@type\":\"BreadcrumbList\",\"@id\":\"https:\/\/cograf.com\/site\/cultura-de-servicio\/lecturas-de-apoyo\/por-que-se-debilitan-los-valores\/#breadcrumb\",\"itemListElement\":[{\"@type\":\"ListItem\",\"position\":1,\"name\":\"Portada\",\"item\":\"https:\/\/cograf.com\/site\/\"},{\"@type\":\"ListItem\",\"position\":2,\"name\":\"Cultura de Servicio\",\"item\":\"https:\/\/cograf.com\/site\/cultura-de-servicio\/\"},{\"@type\":\"ListItem\",\"position\":3,\"name\":\"Lecturas de apoyo\",\"item\":\"https:\/\/cograf.com\/site\/cultura-de-servicio\/lecturas-de-apoyo\/\"},{\"@type\":\"ListItem\",\"position\":4,\"name\":\"\u00bfPor qu\u00e9 se debilitan los valores?\"}]},{\"@type\":\"WebSite\",\"@id\":\"https:\/\/cograf.com\/site\/#website\",\"url\":\"https:\/\/cograf.com\/site\/\",\"name\":\"Cograf Comunicaciones\",\"description\":\"Imagen de marcas\",\"publisher\":{\"@id\":\"https:\/\/cograf.com\/site\/#organization\"},\"potentialAction\":[{\"@type\":\"SearchAction\",\"target\":{\"@type\":\"EntryPoint\",\"urlTemplate\":\"https:\/\/cograf.com\/site\/?s={search_term_string}\"},\"query-input\":{\"@type\":\"PropertyValueSpecification\",\"valueRequired\":true,\"valueName\":\"search_term_string\"}}],\"inLanguage\":\"es\"},{\"@type\":\"Organization\",\"@id\":\"https:\/\/cograf.com\/site\/#organization\",\"name\":\"Cograf Comunicaciones\",\"url\":\"https:\/\/cograf.com\/site\/\",\"logo\":{\"@type\":\"ImageObject\",\"inLanguage\":\"es\",\"@id\":\"https:\/\/cograf.com\/site\/#\/schema\/logo\/image\/\",\"url\":\"https:\/\/cograf.com\/site\/wp-content\/uploads\/2020\/10\/logo_cograf_new.jpg\",\"contentUrl\":\"https:\/\/cograf.com\/site\/wp-content\/uploads\/2020\/10\/logo_cograf_new.jpg\",\"width\":501,\"height\":301,\"caption\":\"Cograf Comunicaciones\"},\"image\":{\"@id\":\"https:\/\/cograf.com\/site\/#\/schema\/logo\/image\/\"}}]}<\/script>\n<!-- \/ Yoast SEO plugin. -->","yoast_head_json":{"title":"\u00bfPor qu\u00e9 se debilitan los valores? - Cograf Comunicaciones","robots":{"index":"index","follow":"follow","max-snippet":"max-snippet:-1","max-image-preview":"max-image-preview:large","max-video-preview":"max-video-preview:-1"},"canonical":"https:\/\/cograf.com\/site\/cultura-de-servicio\/lecturas-de-apoyo\/por-que-se-debilitan-los-valores\/","og_locale":"es_ES","og_type":"article","og_title":"\u00bfPor qu\u00e9 se debilitan los valores? - Cograf Comunicaciones","og_description":"(Tomado del libro \u00abEl valor de los valores en las organizaciones\u00ab, de Juan Carlos Jim\u00e9nez) Hay muchas razones, pero quiero destacar tres que constituyen una especie de c\u00edrculo vicioso de deterioro de valores. 1. Las necesidades pueden presionar m\u00e1s que&hellip;","og_url":"https:\/\/cograf.com\/site\/cultura-de-servicio\/lecturas-de-apoyo\/por-que-se-debilitan-los-valores\/","og_site_name":"Cograf Comunicaciones","twitter_card":"summary_large_image","twitter_misc":{"Tiempo de lectura":"2 minutos"},"schema":{"@context":"https:\/\/schema.org","@graph":[{"@type":"WebPage","@id":"https:\/\/cograf.com\/site\/cultura-de-servicio\/lecturas-de-apoyo\/por-que-se-debilitan-los-valores\/","url":"https:\/\/cograf.com\/site\/cultura-de-servicio\/lecturas-de-apoyo\/por-que-se-debilitan-los-valores\/","name":"\u00bfPor qu\u00e9 se debilitan los valores? - Cograf Comunicaciones","isPartOf":{"@id":"https:\/\/cograf.com\/site\/#website"},"datePublished":"2014-01-17T14:27:46+00:00","breadcrumb":{"@id":"https:\/\/cograf.com\/site\/cultura-de-servicio\/lecturas-de-apoyo\/por-que-se-debilitan-los-valores\/#breadcrumb"},"inLanguage":"es","potentialAction":[{"@type":"ReadAction","target":["https:\/\/cograf.com\/site\/cultura-de-servicio\/lecturas-de-apoyo\/por-que-se-debilitan-los-valores\/"]}]},{"@type":"BreadcrumbList","@id":"https:\/\/cograf.com\/site\/cultura-de-servicio\/lecturas-de-apoyo\/por-que-se-debilitan-los-valores\/#breadcrumb","itemListElement":[{"@type":"ListItem","position":1,"name":"Portada","item":"https:\/\/cograf.com\/site\/"},{"@type":"ListItem","position":2,"name":"Cultura de Servicio","item":"https:\/\/cograf.com\/site\/cultura-de-servicio\/"},{"@type":"ListItem","position":3,"name":"Lecturas de apoyo","item":"https:\/\/cograf.com\/site\/cultura-de-servicio\/lecturas-de-apoyo\/"},{"@type":"ListItem","position":4,"name":"\u00bfPor qu\u00e9 se debilitan los valores?"}]},{"@type":"WebSite","@id":"https:\/\/cograf.com\/site\/#website","url":"https:\/\/cograf.com\/site\/","name":"Cograf Comunicaciones","description":"Imagen de marcas","publisher":{"@id":"https:\/\/cograf.com\/site\/#organization"},"potentialAction":[{"@type":"SearchAction","target":{"@type":"EntryPoint","urlTemplate":"https:\/\/cograf.com\/site\/?s={search_term_string}"},"query-input":{"@type":"PropertyValueSpecification","valueRequired":true,"valueName":"search_term_string"}}],"inLanguage":"es"},{"@type":"Organization","@id":"https:\/\/cograf.com\/site\/#organization","name":"Cograf Comunicaciones","url":"https:\/\/cograf.com\/site\/","logo":{"@type":"ImageObject","inLanguage":"es","@id":"https:\/\/cograf.com\/site\/#\/schema\/logo\/image\/","url":"https:\/\/cograf.com\/site\/wp-content\/uploads\/2020\/10\/logo_cograf_new.jpg","contentUrl":"https:\/\/cograf.com\/site\/wp-content\/uploads\/2020\/10\/logo_cograf_new.jpg","width":501,"height":301,"caption":"Cograf Comunicaciones"},"image":{"@id":"https:\/\/cograf.com\/site\/#\/schema\/logo\/image\/"}}]}},"_links":{"self":[{"href":"https:\/\/cograf.com\/site\/wp-json\/wp\/v2\/pages\/2135","targetHints":{"allow":["GET"]}}],"collection":[{"href":"https:\/\/cograf.com\/site\/wp-json\/wp\/v2\/pages"}],"about":[{"href":"https:\/\/cograf.com\/site\/wp-json\/wp\/v2\/types\/page"}],"author":[{"embeddable":true,"href":"https:\/\/cograf.com\/site\/wp-json\/wp\/v2\/users\/1"}],"replies":[{"embeddable":true,"href":"https:\/\/cograf.com\/site\/wp-json\/wp\/v2\/comments?post=2135"}],"version-history":[{"count":0,"href":"https:\/\/cograf.com\/site\/wp-json\/wp\/v2\/pages\/2135\/revisions"}],"up":[{"embeddable":true,"href":"https:\/\/cograf.com\/site\/wp-json\/wp\/v2\/pages\/1841"}],"wp:attachment":[{"href":"https:\/\/cograf.com\/site\/wp-json\/wp\/v2\/media?parent=2135"}],"curies":[{"name":"wp","href":"https:\/\/api.w.org\/{rel}","templated":true}]}}