{"id":2130,"date":"2014-01-17T09:42:45","date_gmt":"2014-01-17T14:12:45","guid":{"rendered":"https:\/\/cograf.com\/site\/?page_id=2130"},"modified":"2014-01-17T09:42:45","modified_gmt":"2014-01-17T14:12:45","slug":"trabaja-con-inteligencia-emocional","status":"publish","type":"page","link":"https:\/\/cograf.com\/site\/cultura-de-servicio\/lecturas-de-apoyo\/trabaja-con-inteligencia-emocional\/","title":{"rendered":"Trabaja con inteligencia emocional"},"content":{"rendered":"<p><span style=\"font-family: Verdana, Arial, Helvetica, sans-serif;\"><strong>No sabemos discutir.<\/strong>\u00a0En lugar de escuchar y dialogar con \u00e1nimo constructivo, queremos imponer nuestra opini\u00f3n a toda costa.<\/p>\n<p><\/span><span style=\"font-family: Verdana, Arial, Helvetica, sans-serif;\"><strong>Mezclamos lo afectivo.\u00a0<\/strong>No debemos dejar llevarnos solamente por simpat\u00edas o antipat\u00edas. En el trabajo somos personas que cumplen una funci\u00f3n.\u00a0<\/p>\n<p><\/span><span style=\"font-family: Verdana, Arial, Helvetica, sans-serif;\">Para ser escuchados debemos saber expresar nuestras necesidades, y la inteligencia emocional puede ayudarnos a mejorar nuestra vida laboral.<\/p>\n<p><\/span><span style=\"font-family: Verdana, Arial, Helvetica, sans-serif;\">\u00bfC\u00f3mo podemos saber si alguien tiene o no inteligencia emocional?, pregunta Carlos Mateo, psic\u00f3logo cl\u00ednico y especialista en psicolog\u00eda positiva.<\/p>\n<p><\/span><span style=\"font-family: Verdana, Arial, Helvetica, sans-serif;\">El mundo laboral se ha ido haciendo progresivamente m\u00e1s exigente y a la hora de seleccionar y contratar personal no solo se tienen en cuenta el curr\u00edculo, el coheficiente intelectual y la experiencia profesional, sino tambi\u00e9n las competencias emocionales.<\/p>\n<p><\/span><span style=\"font-family: Verdana, Arial, Helvetica, sans-serif;\">Lo que se busca son personas que sean capaces de enfrentar emocionalmente diversas situaciones, o de aprender a hacerlo si se requiere. Por tanto la flexibilidad, la capacidad de aprendizaje y la tolerancia a la presi\u00f3n, son cualidades cada vez m\u00e1s valoradas por los empresarios y gerentes.<\/p>\n<p><\/span><span style=\"font-family: Verdana, Arial, Helvetica, sans-serif;\">La inteligencia emocional es un t\u00e9rmino creado por el psic\u00f3logo norteamericano Daniel Goleman, y consiste en utilizar positivamente nuestas emociones y orientarlas hacia la eficacia del trabajo personal y las relaciones con otras personas.<\/p>\n<p><\/span><span style=\"font-family: Verdana, Arial, Helvetica, sans-serif;\">En el trabajo cada vez tiene m\u00e1s valor. No en vano pasamos m\u00e1s de ocho horas diarias en el trabajo, cinco d\u00edas a la semana, compartiendo espacio, competencias, toma de decisiones y responsabilidades con diferentes personas a las que no hemos elegido. No es raro que los conflictos est\u00e9n a la orden del d\u00eda.<\/p>\n<p><\/span><span style=\"font-family: Verdana, Arial, Helvetica, sans-serif;\">Muchos de los conflictos en el trabajo se deben a una mala comunicaci\u00f3n debido a malentendidos que surgen, hasta suposiciones no siempre fundamentadas, pasando por el af\u00e1n de llamar o por abuso del poder. Otras veces surgen de nuestros ataques personales, invasi\u00f3n de competencias o por incumplimiento de funciones, se\u00f1ala Miguel Silveira, psic\u00f3logo cl\u00ednico experto en estr\u00e9s y ansiedad.<\/p>\n<p><\/span><span style=\"font-family: Verdana, Arial, Helvetica, sans-serif;\">Estos malentendidos hacen que se debilite el clima de convivencia. Si suponemos en los dem\u00e1s una intenci\u00f3n que no han tenido, se falsea la relaci\u00f3n y, por lo tanto, el trato que les damos no est\u00e1 justificado. El origen de la situaci\u00f3n est\u00e1 en que no sabemos manejar correctamente nuestras emociones.<\/p>\n<p><\/span><span style=\"font-family: Verdana, Arial, Helvetica, sans-serif;\">Nos dejamos llevar demasiado por los impulsos que nos surgen y como estamos demasiado irritables, la agresividad se impone en nuestras reacciones. No estamos debidamente educados para meditar, de antemano, las consecuencias que se derivan de nuestro proceder\u00bb, a\u00f1ade Silveira.<\/p>\n<p><\/span><span style=\"font-family: Verdana, Arial, Helvetica, sans-serif;\"><strong>Sanear las emociones:<\/p>\n<p><\/strong><\/span><span style=\"font-family: Verdana, Arial, Helvetica, sans-serif;\">Teresa, de 42 a\u00f1os, recuerda el mal ambiente que hab\u00eda cuando se incorpor\u00f3 a su nuevo puesto: Nadie hablabla con nadie, la tensi\u00f3n flotaba en el ambiente y aunque a nadie parec\u00eda gustarle la situaci\u00f3n, llevaban tanto tiempo aguant\u00e1ndola que no sab\u00edan c\u00f3mo enfrentrarse a ella.<\/p>\n<p><\/span><span style=\"font-family: Verdana, Arial, Helvetica, sans-serif;\">Todo cambi\u00f3 cuando lleg\u00f3 una nueva directora: convocaba reuniones de trabajo efectivas, escuchaba a todos, y comenz\u00f3 a solucionar los conflictos existentes. Nos hizo a todo participes del proyecto. Como arte de magia, el ambiente empez\u00f3 a mejorar.<\/p>\n<p><\/span><span style=\"font-family: Verdana, Arial, Helvetica, sans-serif;\">Si la inteligencia emocional es tan apreciada en el trabajo es porque nos ayuda a limar asperezas, a cabar con tensiones soterradas y a mejorar la comunicaci\u00f3n.<\/p>\n<p><\/span><span style=\"font-family: Verdana, Arial, Helvetica, sans-serif;\">Gracias a ella interpretas mejor tu entorno y te comportas de manera m\u00e1s justa. Dejas de culpar al otro y nte permite desarrollar las emociones adecuadas para relacionarte, a\u00f1ade el psic\u00f3logo Juan Carlos Alvarez.<\/p>\n<p><\/span><span style=\"font-family: Verdana, Arial, Helvetica, sans-serif;\">Todos podemos aprender a manejar correctamente nuestra emociones. De lo que se trata es de desarrollar las emociones adecuadas para relacionarnos y expresar lo que tenemos en la cabeza.<\/p>\n<p><\/span><span style=\"font-family: Verdana, Arial, Helvetica, sans-serif;\">Debes trabajar con dos emociones b\u00e1sicas como son el miedo y la ira. El miedo est\u00e1 en la base de todo lo que nos pasa. Reaccionamos con agresividad porque nos sentimos inseguros. Hay que cambiar las emociones negativas. Para ello se tiene que tener una imagen clara del beneficio que vamos a obtener por el cambio, y estar motivado para hacerlo, concluye Alvarez.<\/span><\/p>\n","protected":false},"excerpt":{"rendered":"<p>No sabemos discutir.\u00a0En lugar de escuchar y dialogar con \u00e1nimo constructivo, queremos imponer nuestra opini\u00f3n a toda costa. Mezclamos lo afectivo.\u00a0No debemos dejar llevarnos solamente por simpat\u00edas o antipat\u00edas. En el trabajo somos personas que cumplen una funci\u00f3n.\u00a0 Para ser&hellip;<\/p>\n","protected":false},"author":1,"featured_media":0,"parent":1841,"menu_order":0,"comment_status":"open","ping_status":"open","template":"","meta":{"footnotes":""},"class_list":["post-2130","page","type-page","status-publish","hentry","entry","no-media"],"yoast_head":"<!-- This site is optimized with the Yoast SEO plugin v26.9 - https:\/\/yoast.com\/product\/yoast-seo-wordpress\/ -->\n<title>Trabaja con inteligencia emocional - Cograf Comunicaciones<\/title>\n<meta name=\"robots\" content=\"index, follow, max-snippet:-1, max-image-preview:large, max-video-preview:-1\" \/>\n<link rel=\"canonical\" href=\"https:\/\/cograf.com\/site\/cultura-de-servicio\/lecturas-de-apoyo\/trabaja-con-inteligencia-emocional\/\" \/>\n<meta property=\"og:locale\" content=\"es_ES\" \/>\n<meta property=\"og:type\" content=\"article\" \/>\n<meta property=\"og:title\" content=\"Trabaja con inteligencia emocional - Cograf Comunicaciones\" \/>\n<meta property=\"og:description\" content=\"No sabemos discutir.\u00a0En lugar de escuchar y dialogar con \u00e1nimo constructivo, queremos imponer nuestra opini\u00f3n a toda costa. Mezclamos lo afectivo.\u00a0No debemos dejar llevarnos solamente por simpat\u00edas o antipat\u00edas. En el trabajo somos personas que cumplen una funci\u00f3n.\u00a0 Para ser&hellip;\" \/>\n<meta property=\"og:url\" content=\"https:\/\/cograf.com\/site\/cultura-de-servicio\/lecturas-de-apoyo\/trabaja-con-inteligencia-emocional\/\" \/>\n<meta property=\"og:site_name\" content=\"Cograf Comunicaciones\" \/>\n<meta name=\"twitter:card\" content=\"summary_large_image\" \/>\n<meta name=\"twitter:label1\" content=\"Tiempo de lectura\" \/>\n\t<meta name=\"twitter:data1\" content=\"3 minutos\" \/>\n<script type=\"application\/ld+json\" class=\"yoast-schema-graph\">{\"@context\":\"https:\/\/schema.org\",\"@graph\":[{\"@type\":\"WebPage\",\"@id\":\"https:\/\/cograf.com\/site\/cultura-de-servicio\/lecturas-de-apoyo\/trabaja-con-inteligencia-emocional\/\",\"url\":\"https:\/\/cograf.com\/site\/cultura-de-servicio\/lecturas-de-apoyo\/trabaja-con-inteligencia-emocional\/\",\"name\":\"Trabaja con inteligencia emocional - Cograf Comunicaciones\",\"isPartOf\":{\"@id\":\"https:\/\/cograf.com\/site\/#website\"},\"datePublished\":\"2014-01-17T14:12:45+00:00\",\"breadcrumb\":{\"@id\":\"https:\/\/cograf.com\/site\/cultura-de-servicio\/lecturas-de-apoyo\/trabaja-con-inteligencia-emocional\/#breadcrumb\"},\"inLanguage\":\"es\",\"potentialAction\":[{\"@type\":\"ReadAction\",\"target\":[\"https:\/\/cograf.com\/site\/cultura-de-servicio\/lecturas-de-apoyo\/trabaja-con-inteligencia-emocional\/\"]}]},{\"@type\":\"BreadcrumbList\",\"@id\":\"https:\/\/cograf.com\/site\/cultura-de-servicio\/lecturas-de-apoyo\/trabaja-con-inteligencia-emocional\/#breadcrumb\",\"itemListElement\":[{\"@type\":\"ListItem\",\"position\":1,\"name\":\"Portada\",\"item\":\"https:\/\/cograf.com\/site\/\"},{\"@type\":\"ListItem\",\"position\":2,\"name\":\"Cultura de Servicio\",\"item\":\"https:\/\/cograf.com\/site\/cultura-de-servicio\/\"},{\"@type\":\"ListItem\",\"position\":3,\"name\":\"Lecturas de apoyo\",\"item\":\"https:\/\/cograf.com\/site\/cultura-de-servicio\/lecturas-de-apoyo\/\"},{\"@type\":\"ListItem\",\"position\":4,\"name\":\"Trabaja con inteligencia emocional\"}]},{\"@type\":\"WebSite\",\"@id\":\"https:\/\/cograf.com\/site\/#website\",\"url\":\"https:\/\/cograf.com\/site\/\",\"name\":\"Cograf Comunicaciones\",\"description\":\"Imagen de marcas\",\"publisher\":{\"@id\":\"https:\/\/cograf.com\/site\/#organization\"},\"potentialAction\":[{\"@type\":\"SearchAction\",\"target\":{\"@type\":\"EntryPoint\",\"urlTemplate\":\"https:\/\/cograf.com\/site\/?s={search_term_string}\"},\"query-input\":{\"@type\":\"PropertyValueSpecification\",\"valueRequired\":true,\"valueName\":\"search_term_string\"}}],\"inLanguage\":\"es\"},{\"@type\":\"Organization\",\"@id\":\"https:\/\/cograf.com\/site\/#organization\",\"name\":\"Cograf Comunicaciones\",\"url\":\"https:\/\/cograf.com\/site\/\",\"logo\":{\"@type\":\"ImageObject\",\"inLanguage\":\"es\",\"@id\":\"https:\/\/cograf.com\/site\/#\/schema\/logo\/image\/\",\"url\":\"https:\/\/cograf.com\/site\/wp-content\/uploads\/2020\/10\/logo_cograf_new.jpg\",\"contentUrl\":\"https:\/\/cograf.com\/site\/wp-content\/uploads\/2020\/10\/logo_cograf_new.jpg\",\"width\":501,\"height\":301,\"caption\":\"Cograf Comunicaciones\"},\"image\":{\"@id\":\"https:\/\/cograf.com\/site\/#\/schema\/logo\/image\/\"}}]}<\/script>\n<!-- \/ Yoast SEO plugin. -->","yoast_head_json":{"title":"Trabaja con inteligencia emocional - Cograf Comunicaciones","robots":{"index":"index","follow":"follow","max-snippet":"max-snippet:-1","max-image-preview":"max-image-preview:large","max-video-preview":"max-video-preview:-1"},"canonical":"https:\/\/cograf.com\/site\/cultura-de-servicio\/lecturas-de-apoyo\/trabaja-con-inteligencia-emocional\/","og_locale":"es_ES","og_type":"article","og_title":"Trabaja con inteligencia emocional - Cograf Comunicaciones","og_description":"No sabemos discutir.\u00a0En lugar de escuchar y dialogar con \u00e1nimo constructivo, queremos imponer nuestra opini\u00f3n a toda costa. Mezclamos lo afectivo.\u00a0No debemos dejar llevarnos solamente por simpat\u00edas o antipat\u00edas. En el trabajo somos personas que cumplen una funci\u00f3n.\u00a0 Para ser&hellip;","og_url":"https:\/\/cograf.com\/site\/cultura-de-servicio\/lecturas-de-apoyo\/trabaja-con-inteligencia-emocional\/","og_site_name":"Cograf Comunicaciones","twitter_card":"summary_large_image","twitter_misc":{"Tiempo de lectura":"3 minutos"},"schema":{"@context":"https:\/\/schema.org","@graph":[{"@type":"WebPage","@id":"https:\/\/cograf.com\/site\/cultura-de-servicio\/lecturas-de-apoyo\/trabaja-con-inteligencia-emocional\/","url":"https:\/\/cograf.com\/site\/cultura-de-servicio\/lecturas-de-apoyo\/trabaja-con-inteligencia-emocional\/","name":"Trabaja con inteligencia emocional - Cograf Comunicaciones","isPartOf":{"@id":"https:\/\/cograf.com\/site\/#website"},"datePublished":"2014-01-17T14:12:45+00:00","breadcrumb":{"@id":"https:\/\/cograf.com\/site\/cultura-de-servicio\/lecturas-de-apoyo\/trabaja-con-inteligencia-emocional\/#breadcrumb"},"inLanguage":"es","potentialAction":[{"@type":"ReadAction","target":["https:\/\/cograf.com\/site\/cultura-de-servicio\/lecturas-de-apoyo\/trabaja-con-inteligencia-emocional\/"]}]},{"@type":"BreadcrumbList","@id":"https:\/\/cograf.com\/site\/cultura-de-servicio\/lecturas-de-apoyo\/trabaja-con-inteligencia-emocional\/#breadcrumb","itemListElement":[{"@type":"ListItem","position":1,"name":"Portada","item":"https:\/\/cograf.com\/site\/"},{"@type":"ListItem","position":2,"name":"Cultura de Servicio","item":"https:\/\/cograf.com\/site\/cultura-de-servicio\/"},{"@type":"ListItem","position":3,"name":"Lecturas de apoyo","item":"https:\/\/cograf.com\/site\/cultura-de-servicio\/lecturas-de-apoyo\/"},{"@type":"ListItem","position":4,"name":"Trabaja con inteligencia emocional"}]},{"@type":"WebSite","@id":"https:\/\/cograf.com\/site\/#website","url":"https:\/\/cograf.com\/site\/","name":"Cograf Comunicaciones","description":"Imagen de marcas","publisher":{"@id":"https:\/\/cograf.com\/site\/#organization"},"potentialAction":[{"@type":"SearchAction","target":{"@type":"EntryPoint","urlTemplate":"https:\/\/cograf.com\/site\/?s={search_term_string}"},"query-input":{"@type":"PropertyValueSpecification","valueRequired":true,"valueName":"search_term_string"}}],"inLanguage":"es"},{"@type":"Organization","@id":"https:\/\/cograf.com\/site\/#organization","name":"Cograf Comunicaciones","url":"https:\/\/cograf.com\/site\/","logo":{"@type":"ImageObject","inLanguage":"es","@id":"https:\/\/cograf.com\/site\/#\/schema\/logo\/image\/","url":"https:\/\/cograf.com\/site\/wp-content\/uploads\/2020\/10\/logo_cograf_new.jpg","contentUrl":"https:\/\/cograf.com\/site\/wp-content\/uploads\/2020\/10\/logo_cograf_new.jpg","width":501,"height":301,"caption":"Cograf Comunicaciones"},"image":{"@id":"https:\/\/cograf.com\/site\/#\/schema\/logo\/image\/"}}]}},"_links":{"self":[{"href":"https:\/\/cograf.com\/site\/wp-json\/wp\/v2\/pages\/2130","targetHints":{"allow":["GET"]}}],"collection":[{"href":"https:\/\/cograf.com\/site\/wp-json\/wp\/v2\/pages"}],"about":[{"href":"https:\/\/cograf.com\/site\/wp-json\/wp\/v2\/types\/page"}],"author":[{"embeddable":true,"href":"https:\/\/cograf.com\/site\/wp-json\/wp\/v2\/users\/1"}],"replies":[{"embeddable":true,"href":"https:\/\/cograf.com\/site\/wp-json\/wp\/v2\/comments?post=2130"}],"version-history":[{"count":0,"href":"https:\/\/cograf.com\/site\/wp-json\/wp\/v2\/pages\/2130\/revisions"}],"up":[{"embeddable":true,"href":"https:\/\/cograf.com\/site\/wp-json\/wp\/v2\/pages\/1841"}],"wp:attachment":[{"href":"https:\/\/cograf.com\/site\/wp-json\/wp\/v2\/media?parent=2130"}],"curies":[{"name":"wp","href":"https:\/\/api.w.org\/{rel}","templated":true}]}}