{"id":2125,"date":"2014-01-16T16:06:42","date_gmt":"2014-01-16T20:36:42","guid":{"rendered":"https:\/\/cograf.com\/site\/?page_id=2125"},"modified":"2014-01-16T16:09:43","modified_gmt":"2014-01-16T20:39:43","slug":"historia-del-pescado-fresco-japones","status":"publish","type":"page","link":"https:\/\/cograf.com\/site\/cultura-de-servicio\/lecturas-de-apoyo\/historia-del-pescado-fresco-japones\/","title":{"rendered":"Historia del pescado fresco japones"},"content":{"rendered":"<p>Los japoneses siempre han gustado del pescado fresco. Pero las aguas cercanas a Jap\u00f3n no han tenido muchos peces por d\u00e9cadas. As\u00ed que para alimentar a la poblaci\u00f3n japonesa, los barcos pesqueros fueron fabricados m\u00e1s grandes para ir mar adentro.<\/p>\n<p>Mientras m\u00e1s lejos iban los pescadores m\u00e1s era el tiempo que les tomaba regresar a entregar el pescado. Si el viaje tomaba varios d\u00edas, el pescado ya no estaba fresco. Para resolver esta situaci\u00f3n, las compa\u00f1\u00edas instalaron congeladores en los barcos pesqueros. As\u00ed pod\u00edan pescar y poner los pescados en los congeladores.<\/p>\n<p>Sin embargo, los japoneses pudieron percibir la diferencia entre el pescado congelado y el fresco, y no les gustaba el congelado. Por lo tanto, este se ten\u00edan que vender m\u00e1s barato.<\/p>\n<p>Las compa\u00f1\u00edas instalaron entonces en los barcos tanques para los peces. As\u00ed pod\u00edan pescar los peces, meterlos en los tanques y mantenerlos vivos hasta llegar a la costa.<\/p>\n<p>Pero despu\u00e9s de un tiempo los peces dejaban de moverse en el tanque. Estaban aburridos y cansados, aunque vivos. Los consumidores japoneses tambi\u00e9n notaron la diferencia del sabor, porque cuando los peces dejan de moverse por d\u00edas pierden el sabor fresco&#8230;\u00a0<\/p>\n<p>\u00bfC\u00f3mo resolvieron esta situaci\u00f3n las compa\u00f1\u00edas japonesas? \u00bfC\u00f3mo consiguieron traer pescado con sabor de pescado fresco? Si las compa\u00f1\u00edas japonesas te pidieran asesor\u00eda, \u00bfqu\u00e9 les recomendar\u00edas?\u00a0<\/p>\n<p><strong>Mientras consideras posibles soluciones, contin\u00faa&#8230;<br \/><\/strong><br \/>Tan pronto una persona alcanza sus metas, como pagar sus deudas, encontrar una pareja maravillosa, o lo que sea, empieza a perder la pasi\u00f3n. Comienza a sentir que ya no necesita esforzarse tanto. Tiende a relajarse.<\/p>\n<p>Experimentan el mismo problema que las personas que ganan la loter\u00eda, o el de quienes heredan mucho dinero y nunca maduran, o de quienes se quedan en casa y se hacen adictos a los medicamentos para la depresi\u00f3n o la ansiedad.<\/p>\n<p>Como el problema de los pescadores japoneses, la soluci\u00f3n es sencilla: Las personas prosperan mas cuando hay desaf\u00edos en su medio ambiente&#8230;<\/p>\n<p>Para mantener el sabor fresco de los peces, las compa\u00f1\u00edas pesqueras ponen a los peces dentro de los tanques en los botes, pero ahora ponen tambi\u00e9n un tibur\u00f3n peque\u00f1o!&#8230;<\/p>\n<p>Claro que el tibur\u00f3n se come algunos peces, pero los dem\u00e1s llegan muy, pero muy vivos. \u00a1Los peces son desafiados! Tienen que nadar durante todo el trayecto dentro del tanque, \u00a1para mantenerse vivos!<\/p>\n<p>Cuando alcances tus metas proponte otras mayores. Nunca debes crear el \u00e9xito para luego acostarte en \u00e9l. As\u00ed que invita un tibur\u00f3n a tu tanque, y descubre que tan lejos realmente puedes llegar.<\/p>\n<p>Unos cuantos tiburones te har\u00e1n conocer tu potencial para seguir vivo y seguir haciendo lo que mejor haces de la mejor manera posible.<\/p>\n<p>Si ya los encuentras en el tanque, d\u00e9jalos que se muerdan entre si, que no te asusten sus dientes ni sus trampas&#8230; Tu sigue alerta pero siempre \u00abfresco\u00bb. Siempre habr\u00e1 tiburones a donde vayas.\u00a0<\/p>\n<p>\u00abNo pidas a Dios que gu\u00ede tus pasos si no tienes la intenci\u00f3n de mover tus pies.\u00bb<\/p>\n","protected":false},"excerpt":{"rendered":"<p>Los japoneses siempre han gustado del pescado fresco. Pero las aguas cercanas a Jap\u00f3n no han tenido muchos peces por d\u00e9cadas. As\u00ed que para alimentar a la poblaci\u00f3n japonesa, los barcos pesqueros fueron fabricados m\u00e1s grandes para ir mar adentro.&hellip;<\/p>\n","protected":false},"author":1,"featured_media":0,"parent":1841,"menu_order":0,"comment_status":"open","ping_status":"open","template":"","meta":{"footnotes":""},"class_list":["post-2125","page","type-page","status-publish","hentry","entry","no-media"],"yoast_head":"<!-- This site is optimized with the Yoast SEO plugin v26.9 - https:\/\/yoast.com\/product\/yoast-seo-wordpress\/ -->\n<title>Historia del pescado fresco japones - Cograf Comunicaciones<\/title>\n<meta name=\"robots\" content=\"index, follow, max-snippet:-1, max-image-preview:large, max-video-preview:-1\" \/>\n<link rel=\"canonical\" href=\"https:\/\/cograf.com\/site\/cultura-de-servicio\/lecturas-de-apoyo\/historia-del-pescado-fresco-japones\/\" \/>\n<meta property=\"og:locale\" content=\"es_ES\" \/>\n<meta property=\"og:type\" content=\"article\" \/>\n<meta property=\"og:title\" content=\"Historia del pescado fresco japones - Cograf Comunicaciones\" \/>\n<meta property=\"og:description\" content=\"Los japoneses siempre han gustado del pescado fresco. Pero las aguas cercanas a Jap\u00f3n no han tenido muchos peces por d\u00e9cadas. As\u00ed que para alimentar a la poblaci\u00f3n japonesa, los barcos pesqueros fueron fabricados m\u00e1s grandes para ir mar adentro.&hellip;\" \/>\n<meta property=\"og:url\" content=\"https:\/\/cograf.com\/site\/cultura-de-servicio\/lecturas-de-apoyo\/historia-del-pescado-fresco-japones\/\" \/>\n<meta property=\"og:site_name\" content=\"Cograf Comunicaciones\" \/>\n<meta property=\"article:modified_time\" content=\"2014-01-16T20:39:43+00:00\" \/>\n<meta name=\"twitter:card\" content=\"summary_large_image\" \/>\n<meta name=\"twitter:label1\" content=\"Tiempo de lectura\" \/>\n\t<meta name=\"twitter:data1\" content=\"3 minutos\" \/>\n<script type=\"application\/ld+json\" class=\"yoast-schema-graph\">{\"@context\":\"https:\/\/schema.org\",\"@graph\":[{\"@type\":\"WebPage\",\"@id\":\"https:\/\/cograf.com\/site\/cultura-de-servicio\/lecturas-de-apoyo\/historia-del-pescado-fresco-japones\/\",\"url\":\"https:\/\/cograf.com\/site\/cultura-de-servicio\/lecturas-de-apoyo\/historia-del-pescado-fresco-japones\/\",\"name\":\"Historia del pescado fresco japones - Cograf Comunicaciones\",\"isPartOf\":{\"@id\":\"https:\/\/cograf.com\/site\/#website\"},\"datePublished\":\"2014-01-16T20:36:42+00:00\",\"dateModified\":\"2014-01-16T20:39:43+00:00\",\"breadcrumb\":{\"@id\":\"https:\/\/cograf.com\/site\/cultura-de-servicio\/lecturas-de-apoyo\/historia-del-pescado-fresco-japones\/#breadcrumb\"},\"inLanguage\":\"es\",\"potentialAction\":[{\"@type\":\"ReadAction\",\"target\":[\"https:\/\/cograf.com\/site\/cultura-de-servicio\/lecturas-de-apoyo\/historia-del-pescado-fresco-japones\/\"]}]},{\"@type\":\"BreadcrumbList\",\"@id\":\"https:\/\/cograf.com\/site\/cultura-de-servicio\/lecturas-de-apoyo\/historia-del-pescado-fresco-japones\/#breadcrumb\",\"itemListElement\":[{\"@type\":\"ListItem\",\"position\":1,\"name\":\"Portada\",\"item\":\"https:\/\/cograf.com\/site\/\"},{\"@type\":\"ListItem\",\"position\":2,\"name\":\"Cultura de Servicio\",\"item\":\"https:\/\/cograf.com\/site\/cultura-de-servicio\/\"},{\"@type\":\"ListItem\",\"position\":3,\"name\":\"Lecturas de apoyo\",\"item\":\"https:\/\/cograf.com\/site\/cultura-de-servicio\/lecturas-de-apoyo\/\"},{\"@type\":\"ListItem\",\"position\":4,\"name\":\"Historia del pescado fresco japones\"}]},{\"@type\":\"WebSite\",\"@id\":\"https:\/\/cograf.com\/site\/#website\",\"url\":\"https:\/\/cograf.com\/site\/\",\"name\":\"Cograf Comunicaciones\",\"description\":\"Imagen de marcas\",\"publisher\":{\"@id\":\"https:\/\/cograf.com\/site\/#organization\"},\"potentialAction\":[{\"@type\":\"SearchAction\",\"target\":{\"@type\":\"EntryPoint\",\"urlTemplate\":\"https:\/\/cograf.com\/site\/?s={search_term_string}\"},\"query-input\":{\"@type\":\"PropertyValueSpecification\",\"valueRequired\":true,\"valueName\":\"search_term_string\"}}],\"inLanguage\":\"es\"},{\"@type\":\"Organization\",\"@id\":\"https:\/\/cograf.com\/site\/#organization\",\"name\":\"Cograf Comunicaciones\",\"url\":\"https:\/\/cograf.com\/site\/\",\"logo\":{\"@type\":\"ImageObject\",\"inLanguage\":\"es\",\"@id\":\"https:\/\/cograf.com\/site\/#\/schema\/logo\/image\/\",\"url\":\"https:\/\/cograf.com\/site\/wp-content\/uploads\/2020\/10\/logo_cograf_new.jpg\",\"contentUrl\":\"https:\/\/cograf.com\/site\/wp-content\/uploads\/2020\/10\/logo_cograf_new.jpg\",\"width\":501,\"height\":301,\"caption\":\"Cograf Comunicaciones\"},\"image\":{\"@id\":\"https:\/\/cograf.com\/site\/#\/schema\/logo\/image\/\"}}]}<\/script>\n<!-- \/ Yoast SEO plugin. -->","yoast_head_json":{"title":"Historia del pescado fresco japones - Cograf Comunicaciones","robots":{"index":"index","follow":"follow","max-snippet":"max-snippet:-1","max-image-preview":"max-image-preview:large","max-video-preview":"max-video-preview:-1"},"canonical":"https:\/\/cograf.com\/site\/cultura-de-servicio\/lecturas-de-apoyo\/historia-del-pescado-fresco-japones\/","og_locale":"es_ES","og_type":"article","og_title":"Historia del pescado fresco japones - Cograf Comunicaciones","og_description":"Los japoneses siempre han gustado del pescado fresco. Pero las aguas cercanas a Jap\u00f3n no han tenido muchos peces por d\u00e9cadas. As\u00ed que para alimentar a la poblaci\u00f3n japonesa, los barcos pesqueros fueron fabricados m\u00e1s grandes para ir mar adentro.&hellip;","og_url":"https:\/\/cograf.com\/site\/cultura-de-servicio\/lecturas-de-apoyo\/historia-del-pescado-fresco-japones\/","og_site_name":"Cograf Comunicaciones","article_modified_time":"2014-01-16T20:39:43+00:00","twitter_card":"summary_large_image","twitter_misc":{"Tiempo de lectura":"3 minutos"},"schema":{"@context":"https:\/\/schema.org","@graph":[{"@type":"WebPage","@id":"https:\/\/cograf.com\/site\/cultura-de-servicio\/lecturas-de-apoyo\/historia-del-pescado-fresco-japones\/","url":"https:\/\/cograf.com\/site\/cultura-de-servicio\/lecturas-de-apoyo\/historia-del-pescado-fresco-japones\/","name":"Historia del pescado fresco japones - Cograf Comunicaciones","isPartOf":{"@id":"https:\/\/cograf.com\/site\/#website"},"datePublished":"2014-01-16T20:36:42+00:00","dateModified":"2014-01-16T20:39:43+00:00","breadcrumb":{"@id":"https:\/\/cograf.com\/site\/cultura-de-servicio\/lecturas-de-apoyo\/historia-del-pescado-fresco-japones\/#breadcrumb"},"inLanguage":"es","potentialAction":[{"@type":"ReadAction","target":["https:\/\/cograf.com\/site\/cultura-de-servicio\/lecturas-de-apoyo\/historia-del-pescado-fresco-japones\/"]}]},{"@type":"BreadcrumbList","@id":"https:\/\/cograf.com\/site\/cultura-de-servicio\/lecturas-de-apoyo\/historia-del-pescado-fresco-japones\/#breadcrumb","itemListElement":[{"@type":"ListItem","position":1,"name":"Portada","item":"https:\/\/cograf.com\/site\/"},{"@type":"ListItem","position":2,"name":"Cultura de Servicio","item":"https:\/\/cograf.com\/site\/cultura-de-servicio\/"},{"@type":"ListItem","position":3,"name":"Lecturas de apoyo","item":"https:\/\/cograf.com\/site\/cultura-de-servicio\/lecturas-de-apoyo\/"},{"@type":"ListItem","position":4,"name":"Historia del pescado fresco japones"}]},{"@type":"WebSite","@id":"https:\/\/cograf.com\/site\/#website","url":"https:\/\/cograf.com\/site\/","name":"Cograf Comunicaciones","description":"Imagen de marcas","publisher":{"@id":"https:\/\/cograf.com\/site\/#organization"},"potentialAction":[{"@type":"SearchAction","target":{"@type":"EntryPoint","urlTemplate":"https:\/\/cograf.com\/site\/?s={search_term_string}"},"query-input":{"@type":"PropertyValueSpecification","valueRequired":true,"valueName":"search_term_string"}}],"inLanguage":"es"},{"@type":"Organization","@id":"https:\/\/cograf.com\/site\/#organization","name":"Cograf Comunicaciones","url":"https:\/\/cograf.com\/site\/","logo":{"@type":"ImageObject","inLanguage":"es","@id":"https:\/\/cograf.com\/site\/#\/schema\/logo\/image\/","url":"https:\/\/cograf.com\/site\/wp-content\/uploads\/2020\/10\/logo_cograf_new.jpg","contentUrl":"https:\/\/cograf.com\/site\/wp-content\/uploads\/2020\/10\/logo_cograf_new.jpg","width":501,"height":301,"caption":"Cograf Comunicaciones"},"image":{"@id":"https:\/\/cograf.com\/site\/#\/schema\/logo\/image\/"}}]}},"_links":{"self":[{"href":"https:\/\/cograf.com\/site\/wp-json\/wp\/v2\/pages\/2125","targetHints":{"allow":["GET"]}}],"collection":[{"href":"https:\/\/cograf.com\/site\/wp-json\/wp\/v2\/pages"}],"about":[{"href":"https:\/\/cograf.com\/site\/wp-json\/wp\/v2\/types\/page"}],"author":[{"embeddable":true,"href":"https:\/\/cograf.com\/site\/wp-json\/wp\/v2\/users\/1"}],"replies":[{"embeddable":true,"href":"https:\/\/cograf.com\/site\/wp-json\/wp\/v2\/comments?post=2125"}],"version-history":[{"count":0,"href":"https:\/\/cograf.com\/site\/wp-json\/wp\/v2\/pages\/2125\/revisions"}],"up":[{"embeddable":true,"href":"https:\/\/cograf.com\/site\/wp-json\/wp\/v2\/pages\/1841"}],"wp:attachment":[{"href":"https:\/\/cograf.com\/site\/wp-json\/wp\/v2\/media?parent=2125"}],"curies":[{"name":"wp","href":"https:\/\/api.w.org\/{rel}","templated":true}]}}