{"id":2076,"date":"2014-01-16T11:38:25","date_gmt":"2014-01-16T16:08:25","guid":{"rendered":"https:\/\/cograf.com\/site\/?page_id=2076"},"modified":"2014-01-16T11:38:25","modified_gmt":"2014-01-16T16:08:25","slug":"porque-la-gente-se-grita","status":"publish","type":"page","link":"https:\/\/cograf.com\/site\/cultura-de-servicio\/lecturas-de-apoyo\/porque-la-gente-se-grita\/","title":{"rendered":"\u00bfPorqu\u00e9 la gente se grita?"},"content":{"rendered":"<p><span style=\"font-family: Verdana, Arial, Helvetica, sans-serif;\">Un d\u00eda, el sabio y maestro Meher Baba pregunt\u00f3 a sus mandalies lo siguiente:<\/p>\n<p><\/span><span style=\"font-family: Verdana, Arial, Helvetica, sans-serif;\">-\u00bfPor que la gente se grita cuando est\u00e1n enojados?<\/p>\n<p><\/span><span style=\"font-family: Verdana, Arial, Helvetica, sans-serif;\">Los hombres pensaron unos momentos:<\/p>\n<p><\/span><span style=\"font-family: Verdana, Arial, Helvetica, sans-serif;\">-Porque perdemos la calma -dijo uno- por eso gritamos.<\/p>\n<p><\/span><span style=\"font-family: Verdana, Arial, Helvetica, sans-serif;\">-Pero \u00bfpor qu\u00e9 gritar cuando la otra persona est\u00e1 a tu lado? -pregunt\u00f3 Baba- \u00bfNo es posible hablarle en voz baja? \u00bfPor qu\u00e9 gritas a una persona cuando est\u00e1s enojado?<\/p>\n<p><\/span><span style=\"font-family: Verdana, Arial, Helvetica, sans-serif;\">Los hombres dieron algunas otras respuestas pero ninguna de ellas satisfac\u00eda a Baba.<\/p>\n<p><\/span><span style=\"font-family: Verdana, Arial, Helvetica, sans-serif;\">Finalmente \u00e9l explic\u00f3:<\/p>\n<p><\/span><span style=\"font-family: Verdana, Arial, Helvetica, sans-serif;\">-Cuando dos personas est\u00e1n enojadas, sus corazones se alejan mucho. Para cubrir esa distancia deben gritar, para poder escucharse. Mientras m\u00e1s enojados est\u00e9n, m\u00e1s fuerte tendr\u00e1n que gritar para escucharse uno a otro a trav\u00e9s de esa gran distancia.<\/p>\n<p><\/span><span style=\"font-family: Verdana, Arial, Helvetica, sans-serif;\">Luego Baba pregunt\u00f3:<\/p>\n<p><\/span><span style=\"font-family: Verdana, Arial, Helvetica, sans-serif;\">-\u00bfQu\u00e9 sucede cuando dos personas se enamoran? Ellos no se gritan sino que se hablan suavemente, \u00bfpor qu\u00e9? Sus corazones est\u00e1n muy cerca. La distancia entre ellos es muy peque\u00f1a.<\/p>\n<p><\/span><span style=\"font-family: Verdana, Arial, Helvetica, sans-serif;\">Baba continu\u00f3:<\/p>\n<p><\/span><span style=\"font-family: Verdana, Arial, Helvetica, sans-serif;\">-\u00bfCuando se enamoran m\u00e1s a\u00fan, qu\u00e9 sucede? No hablan, s\u00f3lo susurran y se vuelven aun m\u00e1s cerca en su amor. Finalmente no necesitan siquiera susurrar, s\u00f3lo se miran y eso es todo. As\u00ed es cuan cerca est\u00e1n dos personas cuando se aman.<\/p>\n<p><\/span><span style=\"font-family: Verdana, Arial, Helvetica, sans-serif;\">Luego Baba dijo:<\/p>\n<p><\/span><span style=\"font-family: Verdana, Arial, Helvetica, sans-serif;\">-Cuando discutan no dejen que sus corazones se alejen, no digan palabras que los distancien m\u00e1s, llegar\u00e1 un d\u00eda en que la distancia sea tanta que no encontrar\u00e1n m\u00e1s el camino de regreso.<\/span><\/p>\n","protected":false},"excerpt":{"rendered":"<p>Un d\u00eda, el sabio y maestro Meher Baba pregunt\u00f3 a sus mandalies lo siguiente: -\u00bfPor que la gente se grita cuando est\u00e1n enojados? Los hombres pensaron unos momentos: -Porque perdemos la calma -dijo uno- por eso gritamos. -Pero \u00bfpor qu\u00e9&hellip;<\/p>\n","protected":false},"author":1,"featured_media":0,"parent":1841,"menu_order":0,"comment_status":"open","ping_status":"open","template":"","meta":{"footnotes":""},"class_list":["post-2076","page","type-page","status-publish","hentry","entry","no-media"],"yoast_head":"<!-- This site is optimized with the Yoast SEO plugin v26.9 - https:\/\/yoast.com\/product\/yoast-seo-wordpress\/ -->\n<title>\u00bfPorqu\u00e9 la gente se grita? - Cograf Comunicaciones<\/title>\n<meta name=\"robots\" content=\"index, follow, max-snippet:-1, max-image-preview:large, max-video-preview:-1\" \/>\n<link rel=\"canonical\" href=\"https:\/\/cograf.com\/site\/cultura-de-servicio\/lecturas-de-apoyo\/porque-la-gente-se-grita\/\" \/>\n<meta property=\"og:locale\" content=\"es_ES\" \/>\n<meta property=\"og:type\" content=\"article\" \/>\n<meta property=\"og:title\" content=\"\u00bfPorqu\u00e9 la gente se grita? - Cograf Comunicaciones\" \/>\n<meta property=\"og:description\" content=\"Un d\u00eda, el sabio y maestro Meher Baba pregunt\u00f3 a sus mandalies lo siguiente: -\u00bfPor que la gente se grita cuando est\u00e1n enojados? Los hombres pensaron unos momentos: -Porque perdemos la calma -dijo uno- por eso gritamos. -Pero \u00bfpor qu\u00e9&hellip;\" \/>\n<meta property=\"og:url\" content=\"https:\/\/cograf.com\/site\/cultura-de-servicio\/lecturas-de-apoyo\/porque-la-gente-se-grita\/\" \/>\n<meta property=\"og:site_name\" content=\"Cograf Comunicaciones\" \/>\n<meta name=\"twitter:card\" content=\"summary_large_image\" \/>\n<meta name=\"twitter:label1\" content=\"Tiempo de lectura\" \/>\n\t<meta name=\"twitter:data1\" content=\"1 minuto\" \/>\n<script type=\"application\/ld+json\" class=\"yoast-schema-graph\">{\"@context\":\"https:\/\/schema.org\",\"@graph\":[{\"@type\":\"WebPage\",\"@id\":\"https:\/\/cograf.com\/site\/cultura-de-servicio\/lecturas-de-apoyo\/porque-la-gente-se-grita\/\",\"url\":\"https:\/\/cograf.com\/site\/cultura-de-servicio\/lecturas-de-apoyo\/porque-la-gente-se-grita\/\",\"name\":\"\u00bfPorqu\u00e9 la gente se grita? - Cograf Comunicaciones\",\"isPartOf\":{\"@id\":\"https:\/\/cograf.com\/site\/#website\"},\"datePublished\":\"2014-01-16T16:08:25+00:00\",\"breadcrumb\":{\"@id\":\"https:\/\/cograf.com\/site\/cultura-de-servicio\/lecturas-de-apoyo\/porque-la-gente-se-grita\/#breadcrumb\"},\"inLanguage\":\"es\",\"potentialAction\":[{\"@type\":\"ReadAction\",\"target\":[\"https:\/\/cograf.com\/site\/cultura-de-servicio\/lecturas-de-apoyo\/porque-la-gente-se-grita\/\"]}]},{\"@type\":\"BreadcrumbList\",\"@id\":\"https:\/\/cograf.com\/site\/cultura-de-servicio\/lecturas-de-apoyo\/porque-la-gente-se-grita\/#breadcrumb\",\"itemListElement\":[{\"@type\":\"ListItem\",\"position\":1,\"name\":\"Portada\",\"item\":\"https:\/\/cograf.com\/site\/\"},{\"@type\":\"ListItem\",\"position\":2,\"name\":\"Cultura de Servicio\",\"item\":\"https:\/\/cograf.com\/site\/cultura-de-servicio\/\"},{\"@type\":\"ListItem\",\"position\":3,\"name\":\"Lecturas de apoyo\",\"item\":\"https:\/\/cograf.com\/site\/cultura-de-servicio\/lecturas-de-apoyo\/\"},{\"@type\":\"ListItem\",\"position\":4,\"name\":\"\u00bfPorqu\u00e9 la gente se grita?\"}]},{\"@type\":\"WebSite\",\"@id\":\"https:\/\/cograf.com\/site\/#website\",\"url\":\"https:\/\/cograf.com\/site\/\",\"name\":\"Cograf Comunicaciones\",\"description\":\"Imagen de marcas\",\"publisher\":{\"@id\":\"https:\/\/cograf.com\/site\/#organization\"},\"potentialAction\":[{\"@type\":\"SearchAction\",\"target\":{\"@type\":\"EntryPoint\",\"urlTemplate\":\"https:\/\/cograf.com\/site\/?s={search_term_string}\"},\"query-input\":{\"@type\":\"PropertyValueSpecification\",\"valueRequired\":true,\"valueName\":\"search_term_string\"}}],\"inLanguage\":\"es\"},{\"@type\":\"Organization\",\"@id\":\"https:\/\/cograf.com\/site\/#organization\",\"name\":\"Cograf Comunicaciones\",\"url\":\"https:\/\/cograf.com\/site\/\",\"logo\":{\"@type\":\"ImageObject\",\"inLanguage\":\"es\",\"@id\":\"https:\/\/cograf.com\/site\/#\/schema\/logo\/image\/\",\"url\":\"https:\/\/cograf.com\/site\/wp-content\/uploads\/2020\/10\/logo_cograf_new.jpg\",\"contentUrl\":\"https:\/\/cograf.com\/site\/wp-content\/uploads\/2020\/10\/logo_cograf_new.jpg\",\"width\":501,\"height\":301,\"caption\":\"Cograf Comunicaciones\"},\"image\":{\"@id\":\"https:\/\/cograf.com\/site\/#\/schema\/logo\/image\/\"}}]}<\/script>\n<!-- \/ Yoast SEO plugin. -->","yoast_head_json":{"title":"\u00bfPorqu\u00e9 la gente se grita? - Cograf Comunicaciones","robots":{"index":"index","follow":"follow","max-snippet":"max-snippet:-1","max-image-preview":"max-image-preview:large","max-video-preview":"max-video-preview:-1"},"canonical":"https:\/\/cograf.com\/site\/cultura-de-servicio\/lecturas-de-apoyo\/porque-la-gente-se-grita\/","og_locale":"es_ES","og_type":"article","og_title":"\u00bfPorqu\u00e9 la gente se grita? - Cograf Comunicaciones","og_description":"Un d\u00eda, el sabio y maestro Meher Baba pregunt\u00f3 a sus mandalies lo siguiente: -\u00bfPor que la gente se grita cuando est\u00e1n enojados? Los hombres pensaron unos momentos: -Porque perdemos la calma -dijo uno- por eso gritamos. -Pero \u00bfpor qu\u00e9&hellip;","og_url":"https:\/\/cograf.com\/site\/cultura-de-servicio\/lecturas-de-apoyo\/porque-la-gente-se-grita\/","og_site_name":"Cograf Comunicaciones","twitter_card":"summary_large_image","twitter_misc":{"Tiempo de lectura":"1 minuto"},"schema":{"@context":"https:\/\/schema.org","@graph":[{"@type":"WebPage","@id":"https:\/\/cograf.com\/site\/cultura-de-servicio\/lecturas-de-apoyo\/porque-la-gente-se-grita\/","url":"https:\/\/cograf.com\/site\/cultura-de-servicio\/lecturas-de-apoyo\/porque-la-gente-se-grita\/","name":"\u00bfPorqu\u00e9 la gente se grita? - Cograf Comunicaciones","isPartOf":{"@id":"https:\/\/cograf.com\/site\/#website"},"datePublished":"2014-01-16T16:08:25+00:00","breadcrumb":{"@id":"https:\/\/cograf.com\/site\/cultura-de-servicio\/lecturas-de-apoyo\/porque-la-gente-se-grita\/#breadcrumb"},"inLanguage":"es","potentialAction":[{"@type":"ReadAction","target":["https:\/\/cograf.com\/site\/cultura-de-servicio\/lecturas-de-apoyo\/porque-la-gente-se-grita\/"]}]},{"@type":"BreadcrumbList","@id":"https:\/\/cograf.com\/site\/cultura-de-servicio\/lecturas-de-apoyo\/porque-la-gente-se-grita\/#breadcrumb","itemListElement":[{"@type":"ListItem","position":1,"name":"Portada","item":"https:\/\/cograf.com\/site\/"},{"@type":"ListItem","position":2,"name":"Cultura de Servicio","item":"https:\/\/cograf.com\/site\/cultura-de-servicio\/"},{"@type":"ListItem","position":3,"name":"Lecturas de apoyo","item":"https:\/\/cograf.com\/site\/cultura-de-servicio\/lecturas-de-apoyo\/"},{"@type":"ListItem","position":4,"name":"\u00bfPorqu\u00e9 la gente se grita?"}]},{"@type":"WebSite","@id":"https:\/\/cograf.com\/site\/#website","url":"https:\/\/cograf.com\/site\/","name":"Cograf Comunicaciones","description":"Imagen de marcas","publisher":{"@id":"https:\/\/cograf.com\/site\/#organization"},"potentialAction":[{"@type":"SearchAction","target":{"@type":"EntryPoint","urlTemplate":"https:\/\/cograf.com\/site\/?s={search_term_string}"},"query-input":{"@type":"PropertyValueSpecification","valueRequired":true,"valueName":"search_term_string"}}],"inLanguage":"es"},{"@type":"Organization","@id":"https:\/\/cograf.com\/site\/#organization","name":"Cograf Comunicaciones","url":"https:\/\/cograf.com\/site\/","logo":{"@type":"ImageObject","inLanguage":"es","@id":"https:\/\/cograf.com\/site\/#\/schema\/logo\/image\/","url":"https:\/\/cograf.com\/site\/wp-content\/uploads\/2020\/10\/logo_cograf_new.jpg","contentUrl":"https:\/\/cograf.com\/site\/wp-content\/uploads\/2020\/10\/logo_cograf_new.jpg","width":501,"height":301,"caption":"Cograf Comunicaciones"},"image":{"@id":"https:\/\/cograf.com\/site\/#\/schema\/logo\/image\/"}}]}},"_links":{"self":[{"href":"https:\/\/cograf.com\/site\/wp-json\/wp\/v2\/pages\/2076","targetHints":{"allow":["GET"]}}],"collection":[{"href":"https:\/\/cograf.com\/site\/wp-json\/wp\/v2\/pages"}],"about":[{"href":"https:\/\/cograf.com\/site\/wp-json\/wp\/v2\/types\/page"}],"author":[{"embeddable":true,"href":"https:\/\/cograf.com\/site\/wp-json\/wp\/v2\/users\/1"}],"replies":[{"embeddable":true,"href":"https:\/\/cograf.com\/site\/wp-json\/wp\/v2\/comments?post=2076"}],"version-history":[{"count":0,"href":"https:\/\/cograf.com\/site\/wp-json\/wp\/v2\/pages\/2076\/revisions"}],"up":[{"embeddable":true,"href":"https:\/\/cograf.com\/site\/wp-json\/wp\/v2\/pages\/1841"}],"wp:attachment":[{"href":"https:\/\/cograf.com\/site\/wp-json\/wp\/v2\/media?parent=2076"}],"curies":[{"name":"wp","href":"https:\/\/api.w.org\/{rel}","templated":true}]}}