{"id":2059,"date":"2014-01-16T11:19:24","date_gmt":"2014-01-16T15:49:24","guid":{"rendered":"https:\/\/cograf.com\/site\/?page_id=2059"},"modified":"2014-01-16T11:19:34","modified_gmt":"2014-01-16T15:49:34","slug":"somos-lo-que-creemos","status":"publish","type":"page","link":"https:\/\/cograf.com\/site\/cultura-de-servicio\/lecturas-de-apoyo\/somos-lo-que-creemos\/","title":{"rendered":"Somos lo que creemos"},"content":{"rendered":"<p><span style=\"font-family: Verdana;\">Art\u00edculo escrito por Chich\u00ed P\u00e1ez (<a href=\"mailto:gerenciaenaccionve@gmail.com\">gerenciaenaccionve@gmail.com<\/a>), publicado en el diario El Carabobe\u00f1o, el 10-10-2010 (<a href=\"http:\/\/bit.ly\/batLBr\">http:\/\/bit.ly\/batLBr<\/a>)<br \/><\/span><br \/><span style=\"font-family: Verdana;\">Actualmente, la ciencia y la tecnolog\u00eda brindan un mundo nuevo y lleno de posibilidades. Sin embargo, las actitudes y sentimientos individuales no han evolucionado como debiera ser y se podr\u00eda decir que el factor humano est\u00e1 \u00abmal equipado\u00bb, para aprovechar las oportunidades que a diario se le presentan en el camino. Esto es as\u00ed porque arrastra creencias y percepciones equivocadas sobre la realidad extraordinaria que presenta el entorno de esta \u00abaldea planetaria\u00bb.<\/span><\/p>\n<p><span style=\"font-family: Verdana;\">Para las personas con muy poca visi\u00f3n de futuro los paradigmas son aquellas estructuras mentales (ideas, creencias) firmes, resistentes al cambio y casi siempre negativas, que gradualmente reducen la amplitud y profundidad de la visi\u00f3n, la esperanza y la fe. De aqu\u00ed que sean incapaces de formular un hor\u00f3scopo (del griego horos: hora; y skopeo: examinar), pues no pueden presagiar porque no tienen clarividencia del futuro: esa presunta capacidad de ver anticipadamente lo que devendr\u00e1: est\u00e1n atadas al pasado.<\/span><\/p>\n<p><span style=\"font-family: Verdana;\">Los paradigmas est\u00e1n formados por pensamientos que se aglutinan en conceptos y van dando forma a la manera de pensar, que producen emociones (qu\u00edmicos org\u00e1nicos: positivos o negativos) para culminar afectando directamente el estilo actitudinal de las personas: creando su \u00abgran port\u00f3n de entrada-salida\u00bb o su \u00abgran muralla china\u00bb, respectivamente. Paradigmas negativos son pensamientos, fortalezas mentales causantes de la falta de cambio: en esta gente no ocurre la neurobi\u00f3nica (la capacidad de cambiar la arquitectura y el funcionamiento neuronal y mental).<\/span><\/p>\n<p><span style=\"font-family: Verdana;\">El peligro radica en el hecho que una vez que una persona admite un paradigma, pasa a almacenarlo en su memoria y no vuelve a cuestionarlo m\u00e1s; lo acepta como la verdad definitiva, sin percatarse que -en realidad- se ha convertido en un esclavo del paradigma. En otras palabras, los paradigmas vienen a ser bloqueos mentales \u00abm\u00e1s s\u00f3lidos que una pared de concreto armado\u00bb que separan a la gente de las cualidades naturales favorables (fortalezas) que poseen y no son autoconocidas.<\/span><\/p>\n<p><span style=\"font-family: Verdana;\">Existen personas que no aceptan la sanidad divina, porque les ense\u00f1aron que el actual Poder Superior -hoy d\u00eda- no sana. Recibieron la ense\u00f1anza, la guardaron en su coraz\u00f3n y la hicieron suya. Cuando llega la enfermedad, acuden al m\u00e9dico (voz que deriva de la s\u00e1nscrita \u00abmeth\u00bb que significa \u00abmaldiciente y conjurador\u00bb) y buscan alivio por todos los medios disponibles. Sin embargo, sus paradigmas les impiden esperar un milagro de sanidad: les proh\u00edben -literalmente- creer en una intervenci\u00f3n divina.<\/span><\/p>\n<p><span style=\"font-family: Verdana;\">Existen muchos ejemplos de la vida real que -como consecuencias de la fijaci\u00f3n de los paradigmas- impiden al factor humano rebobinarse y cambiar.<\/span><\/p>\n<p><span style=\"font-family: Verdana;\">Es el caso de las personas no sanas, que internalizan y se comportan como que si las fortalezas mentales les someten y les aprisionan. Los especialistas en comportamiento humano, queriendo proceder contra esas fortalezas mentales en estas circunstancias, est\u00e1n convencidos que se necesita darles un impulso: un envi\u00f3n motivador. Ante tal envite, muchas personas han reaccionado y recuperado su estado de salud.<\/span><\/p>\n<p><span style=\"font-family: Verdana;\">Hay necesidad de darle \u00abun peque\u00f1o empuj\u00f3n\u00bb a esas personas \u00abenfermas\u00bb, para que logren zafarse de las cadenas de prisi\u00f3n a las que hab\u00edan estado sometidas por causa de lo que cre\u00edan con todo su coraz\u00f3n.<\/span><\/p>\n<p><span style=\"font-family: Verdana;\">Los paradigmas son ideas que impiden cambiar, reprimen creer y esperar recibir bendiciones de un poder superior. Son estructuras intelectuales y emocionales que conectan a las personas a la realidad presente. La necesidad de renovar continuamente el entendimiento a trav\u00e9s de una gran visi\u00f3n espiritual se hace imprescindible, si es que se quiere avanzar.<\/span><\/p>\n<p><span style=\"font-family: Verdana;\">El doctor Jos\u00e9 Batista, especialista en esta \u00e1rea del conocimiento, afirma: \u00abEl cambio no es aprender, es desaprender; el desaprender produce sufrimiento, puesto que la lucha contra las grabaciones neurofisiol\u00f3gicas grabadas por las experiencias, los refuerzos y las consideraciones, mantienen a la persona atada a la realidad conocida que, como no hace reto al sistema neurofisiol\u00f3gico, no produce sufrimiento; por lo tanto, no se rechaza. El problema es serio cuando aqu\u00e9l es confrontado con la nueva realidad, que demanda un cambio; entonces, est\u00e1 totalmente desarmado para el cambio, puesto que se niega a sufrir\u00bb: se recuerda la metamorfosis renovadora del \u00e1guila: sube al risco, se anida, pierde las plumas, las u\u00f1as y hasta el pico, sufre\u00bb para luego resurgir y rejuvenecer.<\/span><\/p>\n<p><span style=\"font-family: Verdana;\">Muchos seres humanos prefieren quedarse a vivir \u00abc\u00f3modamente\u00bb en un territorio conocido, aunque \u00e9ste -en realidad- sea una prisi\u00f3n, con tal de evitarse el sufrimiento que significa el cambio, como lo explica el Dr. Batista.<\/span><\/p>\n<p><span style=\"font-family: Verdana;\">Si se quiere identificar los paradigmas que dominan a las personas, basta con revisar la reacci\u00f3n cuando son desafiadas a indagar sobre los aspectos profesionales, religiosos y pol\u00edticos. En este sentido, los paradigmas pueden funcionar como una especie de mecanismo de defensa autodestructiva (como sucede en algunas enfermedades autoinmunes: el lupus, la fiebre reum\u00e1tica y otras).<\/span><\/p>\n<p><span style=\"font-family: Verdana;\">Las personas que anhelan algo mejor necesitan una transformaci\u00f3n integral, una que incluya la renovaci\u00f3n del entendimiento y la adopci\u00f3n de una cosmovisi\u00f3n totalmente diferente. Es decir: que est\u00e9n conscientes que lo que importa no es lo que ocurre alrededor de las personas ni lo que llega de afuera, sino\u00bb lo que sucede en el interior de ellas.<\/span><\/p>\n<p><span style=\"font-family: Verdana;\">Se termina este espacio con la siguiente expresi\u00f3n del fil\u00f3sofo H. D. Thoreau: &#8211; \u00abSi uno avanza confiadamente en la direcci\u00f3n de sus sue\u00f1os, y se propone vivir la vida que ha imaginado, se encontrar\u00e1 con \u00e9xitos que no esperaba\u00bb.<br \/><\/span><\/p>\n","protected":false},"excerpt":{"rendered":"<p>Art\u00edculo escrito por Chich\u00ed P\u00e1ez (gerenciaenaccionve@gmail.com), publicado en el diario El Carabobe\u00f1o, el 10-10-2010 (http:\/\/bit.ly\/batLBr)Actualmente, la ciencia y la tecnolog\u00eda brindan un mundo nuevo y lleno de posibilidades. Sin embargo, las actitudes y sentimientos individuales no han evolucionado como debiera&hellip;<\/p>\n","protected":false},"author":1,"featured_media":0,"parent":1841,"menu_order":0,"comment_status":"open","ping_status":"open","template":"","meta":{"footnotes":""},"class_list":["post-2059","page","type-page","status-publish","hentry","entry","no-media"],"yoast_head":"<!-- This site is optimized with the Yoast SEO plugin v26.9 - https:\/\/yoast.com\/product\/yoast-seo-wordpress\/ -->\n<title>Somos lo que creemos - Cograf Comunicaciones<\/title>\n<meta name=\"robots\" content=\"index, follow, max-snippet:-1, max-image-preview:large, max-video-preview:-1\" \/>\n<link rel=\"canonical\" href=\"https:\/\/cograf.com\/site\/cultura-de-servicio\/lecturas-de-apoyo\/somos-lo-que-creemos\/\" \/>\n<meta property=\"og:locale\" content=\"es_ES\" \/>\n<meta property=\"og:type\" content=\"article\" \/>\n<meta property=\"og:title\" content=\"Somos lo que creemos - Cograf Comunicaciones\" \/>\n<meta property=\"og:description\" content=\"Art\u00edculo escrito por Chich\u00ed P\u00e1ez (gerenciaenaccionve@gmail.com), publicado en el diario El Carabobe\u00f1o, el 10-10-2010 (http:\/\/bit.ly\/batLBr)Actualmente, la ciencia y la tecnolog\u00eda brindan un mundo nuevo y lleno de posibilidades. Sin embargo, las actitudes y sentimientos individuales no han evolucionado como debiera&hellip;\" \/>\n<meta property=\"og:url\" content=\"https:\/\/cograf.com\/site\/cultura-de-servicio\/lecturas-de-apoyo\/somos-lo-que-creemos\/\" \/>\n<meta property=\"og:site_name\" content=\"Cograf Comunicaciones\" \/>\n<meta property=\"article:modified_time\" content=\"2014-01-16T15:49:34+00:00\" \/>\n<meta name=\"twitter:card\" content=\"summary_large_image\" \/>\n<meta name=\"twitter:label1\" content=\"Tiempo de lectura\" \/>\n\t<meta name=\"twitter:data1\" content=\"5 minutos\" \/>\n<script type=\"application\/ld+json\" class=\"yoast-schema-graph\">{\"@context\":\"https:\/\/schema.org\",\"@graph\":[{\"@type\":\"WebPage\",\"@id\":\"https:\/\/cograf.com\/site\/cultura-de-servicio\/lecturas-de-apoyo\/somos-lo-que-creemos\/\",\"url\":\"https:\/\/cograf.com\/site\/cultura-de-servicio\/lecturas-de-apoyo\/somos-lo-que-creemos\/\",\"name\":\"Somos lo que creemos - Cograf Comunicaciones\",\"isPartOf\":{\"@id\":\"https:\/\/cograf.com\/site\/#website\"},\"datePublished\":\"2014-01-16T15:49:24+00:00\",\"dateModified\":\"2014-01-16T15:49:34+00:00\",\"breadcrumb\":{\"@id\":\"https:\/\/cograf.com\/site\/cultura-de-servicio\/lecturas-de-apoyo\/somos-lo-que-creemos\/#breadcrumb\"},\"inLanguage\":\"es\",\"potentialAction\":[{\"@type\":\"ReadAction\",\"target\":[\"https:\/\/cograf.com\/site\/cultura-de-servicio\/lecturas-de-apoyo\/somos-lo-que-creemos\/\"]}]},{\"@type\":\"BreadcrumbList\",\"@id\":\"https:\/\/cograf.com\/site\/cultura-de-servicio\/lecturas-de-apoyo\/somos-lo-que-creemos\/#breadcrumb\",\"itemListElement\":[{\"@type\":\"ListItem\",\"position\":1,\"name\":\"Portada\",\"item\":\"https:\/\/cograf.com\/site\/\"},{\"@type\":\"ListItem\",\"position\":2,\"name\":\"Cultura de Servicio\",\"item\":\"https:\/\/cograf.com\/site\/cultura-de-servicio\/\"},{\"@type\":\"ListItem\",\"position\":3,\"name\":\"Lecturas de apoyo\",\"item\":\"https:\/\/cograf.com\/site\/cultura-de-servicio\/lecturas-de-apoyo\/\"},{\"@type\":\"ListItem\",\"position\":4,\"name\":\"Somos lo que creemos\"}]},{\"@type\":\"WebSite\",\"@id\":\"https:\/\/cograf.com\/site\/#website\",\"url\":\"https:\/\/cograf.com\/site\/\",\"name\":\"Cograf Comunicaciones\",\"description\":\"Imagen de marcas\",\"publisher\":{\"@id\":\"https:\/\/cograf.com\/site\/#organization\"},\"potentialAction\":[{\"@type\":\"SearchAction\",\"target\":{\"@type\":\"EntryPoint\",\"urlTemplate\":\"https:\/\/cograf.com\/site\/?s={search_term_string}\"},\"query-input\":{\"@type\":\"PropertyValueSpecification\",\"valueRequired\":true,\"valueName\":\"search_term_string\"}}],\"inLanguage\":\"es\"},{\"@type\":\"Organization\",\"@id\":\"https:\/\/cograf.com\/site\/#organization\",\"name\":\"Cograf Comunicaciones\",\"url\":\"https:\/\/cograf.com\/site\/\",\"logo\":{\"@type\":\"ImageObject\",\"inLanguage\":\"es\",\"@id\":\"https:\/\/cograf.com\/site\/#\/schema\/logo\/image\/\",\"url\":\"https:\/\/cograf.com\/site\/wp-content\/uploads\/2020\/10\/logo_cograf_new.jpg\",\"contentUrl\":\"https:\/\/cograf.com\/site\/wp-content\/uploads\/2020\/10\/logo_cograf_new.jpg\",\"width\":501,\"height\":301,\"caption\":\"Cograf Comunicaciones\"},\"image\":{\"@id\":\"https:\/\/cograf.com\/site\/#\/schema\/logo\/image\/\"}}]}<\/script>\n<!-- \/ Yoast SEO plugin. -->","yoast_head_json":{"title":"Somos lo que creemos - Cograf Comunicaciones","robots":{"index":"index","follow":"follow","max-snippet":"max-snippet:-1","max-image-preview":"max-image-preview:large","max-video-preview":"max-video-preview:-1"},"canonical":"https:\/\/cograf.com\/site\/cultura-de-servicio\/lecturas-de-apoyo\/somos-lo-que-creemos\/","og_locale":"es_ES","og_type":"article","og_title":"Somos lo que creemos - Cograf Comunicaciones","og_description":"Art\u00edculo escrito por Chich\u00ed P\u00e1ez (gerenciaenaccionve@gmail.com), publicado en el diario El Carabobe\u00f1o, el 10-10-2010 (http:\/\/bit.ly\/batLBr)Actualmente, la ciencia y la tecnolog\u00eda brindan un mundo nuevo y lleno de posibilidades. Sin embargo, las actitudes y sentimientos individuales no han evolucionado como debiera&hellip;","og_url":"https:\/\/cograf.com\/site\/cultura-de-servicio\/lecturas-de-apoyo\/somos-lo-que-creemos\/","og_site_name":"Cograf Comunicaciones","article_modified_time":"2014-01-16T15:49:34+00:00","twitter_card":"summary_large_image","twitter_misc":{"Tiempo de lectura":"5 minutos"},"schema":{"@context":"https:\/\/schema.org","@graph":[{"@type":"WebPage","@id":"https:\/\/cograf.com\/site\/cultura-de-servicio\/lecturas-de-apoyo\/somos-lo-que-creemos\/","url":"https:\/\/cograf.com\/site\/cultura-de-servicio\/lecturas-de-apoyo\/somos-lo-que-creemos\/","name":"Somos lo que creemos - Cograf Comunicaciones","isPartOf":{"@id":"https:\/\/cograf.com\/site\/#website"},"datePublished":"2014-01-16T15:49:24+00:00","dateModified":"2014-01-16T15:49:34+00:00","breadcrumb":{"@id":"https:\/\/cograf.com\/site\/cultura-de-servicio\/lecturas-de-apoyo\/somos-lo-que-creemos\/#breadcrumb"},"inLanguage":"es","potentialAction":[{"@type":"ReadAction","target":["https:\/\/cograf.com\/site\/cultura-de-servicio\/lecturas-de-apoyo\/somos-lo-que-creemos\/"]}]},{"@type":"BreadcrumbList","@id":"https:\/\/cograf.com\/site\/cultura-de-servicio\/lecturas-de-apoyo\/somos-lo-que-creemos\/#breadcrumb","itemListElement":[{"@type":"ListItem","position":1,"name":"Portada","item":"https:\/\/cograf.com\/site\/"},{"@type":"ListItem","position":2,"name":"Cultura de Servicio","item":"https:\/\/cograf.com\/site\/cultura-de-servicio\/"},{"@type":"ListItem","position":3,"name":"Lecturas de apoyo","item":"https:\/\/cograf.com\/site\/cultura-de-servicio\/lecturas-de-apoyo\/"},{"@type":"ListItem","position":4,"name":"Somos lo que creemos"}]},{"@type":"WebSite","@id":"https:\/\/cograf.com\/site\/#website","url":"https:\/\/cograf.com\/site\/","name":"Cograf Comunicaciones","description":"Imagen de marcas","publisher":{"@id":"https:\/\/cograf.com\/site\/#organization"},"potentialAction":[{"@type":"SearchAction","target":{"@type":"EntryPoint","urlTemplate":"https:\/\/cograf.com\/site\/?s={search_term_string}"},"query-input":{"@type":"PropertyValueSpecification","valueRequired":true,"valueName":"search_term_string"}}],"inLanguage":"es"},{"@type":"Organization","@id":"https:\/\/cograf.com\/site\/#organization","name":"Cograf Comunicaciones","url":"https:\/\/cograf.com\/site\/","logo":{"@type":"ImageObject","inLanguage":"es","@id":"https:\/\/cograf.com\/site\/#\/schema\/logo\/image\/","url":"https:\/\/cograf.com\/site\/wp-content\/uploads\/2020\/10\/logo_cograf_new.jpg","contentUrl":"https:\/\/cograf.com\/site\/wp-content\/uploads\/2020\/10\/logo_cograf_new.jpg","width":501,"height":301,"caption":"Cograf Comunicaciones"},"image":{"@id":"https:\/\/cograf.com\/site\/#\/schema\/logo\/image\/"}}]}},"_links":{"self":[{"href":"https:\/\/cograf.com\/site\/wp-json\/wp\/v2\/pages\/2059","targetHints":{"allow":["GET"]}}],"collection":[{"href":"https:\/\/cograf.com\/site\/wp-json\/wp\/v2\/pages"}],"about":[{"href":"https:\/\/cograf.com\/site\/wp-json\/wp\/v2\/types\/page"}],"author":[{"embeddable":true,"href":"https:\/\/cograf.com\/site\/wp-json\/wp\/v2\/users\/1"}],"replies":[{"embeddable":true,"href":"https:\/\/cograf.com\/site\/wp-json\/wp\/v2\/comments?post=2059"}],"version-history":[{"count":0,"href":"https:\/\/cograf.com\/site\/wp-json\/wp\/v2\/pages\/2059\/revisions"}],"up":[{"embeddable":true,"href":"https:\/\/cograf.com\/site\/wp-json\/wp\/v2\/pages\/1841"}],"wp:attachment":[{"href":"https:\/\/cograf.com\/site\/wp-json\/wp\/v2\/media?parent=2059"}],"curies":[{"name":"wp","href":"https:\/\/api.w.org\/{rel}","templated":true}]}}