{"id":2053,"date":"2014-01-16T11:11:13","date_gmt":"2014-01-16T15:41:13","guid":{"rendered":"https:\/\/cograf.com\/site\/?page_id=2053"},"modified":"2014-01-16T11:11:13","modified_gmt":"2014-01-16T15:41:13","slug":"cierto-misterio-con-los-elefantes","status":"publish","type":"page","link":"https:\/\/cograf.com\/site\/cultura-de-servicio\/lecturas-de-apoyo\/cierto-misterio-con-los-elefantes\/","title":{"rendered":"Cierto misterio con los elefantes"},"content":{"rendered":"<p><span style=\"font-family: verdana, arial, geneva;\">Cuando era chico me encantaban los circos, y lo que m\u00e1s me gustaba de ellos eran los animales, y dentro de ellos, mi preferido era el elefante. Durante la funci\u00f3n, la enorme bestia impresionaba a todos por su peso, tama\u00f1o y, sobre todo, por su descomunal fuerza. Pero, despu\u00e9s de su actuaci\u00f3n y hasta un rato antes de volver al escenario, uno pod\u00eda encontrar al elefante detr\u00e1s de la carpa principal, atado mediante una cadena que aprisionaba una de sus patas a una peque\u00f1a estaca clavada en el suelo.<\/p>\n<p>La estaca era solo un min\u00fasculo pedazo de madera, apenas enterrado unos cent\u00edmetros en la tierra. Y aunque la cadena era gruesa y poderosa, me parec\u00eda obvio que ese animal capaz de arrancar un \u00e1rbol de cuajo podr\u00eda, con facilidad, arrancar la estaca y huir.<\/p>\n<p>El misterio es evidente: \u00bfPor que el elefante no huye, arrancando la peque\u00f1a estaca, con el mismo esfuerzo que yo necesitar\u00eda para romper un palito de f\u00f3sforos? \u00bfQu\u00e9 fuerza misteriosa lo mantiene atado, impidi\u00e9ndole huir?<\/p>\n<p>Ten\u00eda unos siete u ocho a\u00f1os, y todav\u00eda confiaba en la sabidur\u00eda de las personas grandes. Pregunt\u00e9 entonces a mis padres, maestros y amigos buscando respuestas a ese misterio. No obtuve una respuesta coherente (la edad no es un impedimento para percibir la coherencia, o la falta de ella, en lo que la gente nos dice).<\/p>\n<p>Alguien me explic\u00f3 que el elefante no se escapaba porque estaba amaestrado. Hice entonces la pregunta obvia: Si es cierto que esta amaestrado, entonces, \u00bfpor qu\u00e9 lo encadenan?<\/p>\n<p>No recuerdo haber recibido ninguna respuesta que me satisficiese. Con el tiempo, me olvid\u00e9 del misterio del elefante y la estaca&#8230; S\u00f3lo lo recordaba cuando me encontraba con gente que me daba respuestas incoherentes, por salir del paso, y, un par de veces, con otras personas que tambi\u00e9n se hab\u00edan hecho la misma pregunta.<\/p>\n<p>Hace unos d\u00edas, encontr\u00e9 una persona, lo suficientemente sabia, que me dio una respuesta que al fin me satisfizo: El elefante del circo no escapa porque ha estado atado a una estaca toda su vida desde que era muy peque\u00f1o.<\/p>\n<p>Cerr\u00e9 los ojos y me imagin\u00e9 al peque\u00f1o elefantito, con solo unos d\u00edas de nacido, sujeto a la estaca. Estoy seguro que en aquel momento el animalito empuj\u00f3, jal\u00f3, sacudi\u00f3 y sud\u00f3 tratando de soltarse. Y a pesar de todo su esfuerzo no pudo librarse. La estaca era ciertamente muy fuerte para \u00e9l. Podr\u00eda jurar que el primer d\u00eda se durmi\u00f3 agotado por el esfuerzo infructuoso, y que al d\u00eda siguiente volvi\u00f3 a probar, y tambi\u00e9n al otro y al que segu\u00eda&#8230; Hasta que un d\u00eda, un d\u00eda terrible, el animal acept\u00f3 su impotencia, y se resign\u00f3 a su destino.<\/p>\n<p>El elefante dej\u00f3 de luchar para liberarse. Este elefante enorme y poderoso no escapa porque CREE QUE NO PUEDE HACERLO. Tiene grabado en su mente el recuerdo de sus, entonces, in\u00fatiles esfuerzos, y ahora ha dejado de luchar, no es libre, por que ha dejado de intentar serlo. Nunca mas intent\u00f3 poner a prueba su fuerza.<\/p>\n<p>Cada uno de nosotros somos un poco como ese elefante: vamos por el mundo atados a varias (cientos) de estacas que nos restan libertad. Vivimos creyendo que \u00abno podemos\u00bb con un mont\u00f3n de cosas, simplemente porque alguna vez probamos y no pudimos. Grabamos en nuestra mente: No puedo&#8230; No puedo y nunca podr\u00e9.<\/p>\n<p>Crecimos portando ese mensaje, que nos impusimos a nosotros mismos, y nunca mas lo volvimos a intentar. La \u00fanica manera de saber cuales son nuestras limitaciones ahora, es intentar de nuevo, poniendo en el intento todo nuestro empe\u00f1o y esperanza.<\/p>\n<p>Autor An\u00f3nimo<\/span><\/p>\n","protected":false},"excerpt":{"rendered":"<p>Cuando era chico me encantaban los circos, y lo que m\u00e1s me gustaba de ellos eran los animales, y dentro de ellos, mi preferido era el elefante. Durante la funci\u00f3n, la enorme bestia impresionaba a todos por su peso, tama\u00f1o&hellip;<\/p>\n","protected":false},"author":1,"featured_media":0,"parent":1841,"menu_order":0,"comment_status":"open","ping_status":"open","template":"","meta":{"footnotes":""},"class_list":["post-2053","page","type-page","status-publish","hentry","entry","no-media"],"yoast_head":"<!-- This site is optimized with the Yoast SEO plugin v26.9 - https:\/\/yoast.com\/product\/yoast-seo-wordpress\/ -->\n<title>Cierto misterio con los elefantes - Cograf Comunicaciones<\/title>\n<meta name=\"robots\" content=\"index, follow, max-snippet:-1, max-image-preview:large, max-video-preview:-1\" \/>\n<link rel=\"canonical\" href=\"https:\/\/cograf.com\/site\/cultura-de-servicio\/lecturas-de-apoyo\/cierto-misterio-con-los-elefantes\/\" \/>\n<meta property=\"og:locale\" content=\"es_ES\" \/>\n<meta property=\"og:type\" content=\"article\" \/>\n<meta property=\"og:title\" content=\"Cierto misterio con los elefantes - Cograf Comunicaciones\" \/>\n<meta property=\"og:description\" content=\"Cuando era chico me encantaban los circos, y lo que m\u00e1s me gustaba de ellos eran los animales, y dentro de ellos, mi preferido era el elefante. Durante la funci\u00f3n, la enorme bestia impresionaba a todos por su peso, tama\u00f1o&hellip;\" \/>\n<meta property=\"og:url\" content=\"https:\/\/cograf.com\/site\/cultura-de-servicio\/lecturas-de-apoyo\/cierto-misterio-con-los-elefantes\/\" \/>\n<meta property=\"og:site_name\" content=\"Cograf Comunicaciones\" \/>\n<meta name=\"twitter:card\" content=\"summary_large_image\" \/>\n<meta name=\"twitter:label1\" content=\"Tiempo de lectura\" \/>\n\t<meta name=\"twitter:data1\" content=\"3 minutos\" \/>\n<script type=\"application\/ld+json\" class=\"yoast-schema-graph\">{\"@context\":\"https:\/\/schema.org\",\"@graph\":[{\"@type\":\"WebPage\",\"@id\":\"https:\/\/cograf.com\/site\/cultura-de-servicio\/lecturas-de-apoyo\/cierto-misterio-con-los-elefantes\/\",\"url\":\"https:\/\/cograf.com\/site\/cultura-de-servicio\/lecturas-de-apoyo\/cierto-misterio-con-los-elefantes\/\",\"name\":\"Cierto misterio con los elefantes - Cograf Comunicaciones\",\"isPartOf\":{\"@id\":\"https:\/\/cograf.com\/site\/#website\"},\"datePublished\":\"2014-01-16T15:41:13+00:00\",\"breadcrumb\":{\"@id\":\"https:\/\/cograf.com\/site\/cultura-de-servicio\/lecturas-de-apoyo\/cierto-misterio-con-los-elefantes\/#breadcrumb\"},\"inLanguage\":\"es\",\"potentialAction\":[{\"@type\":\"ReadAction\",\"target\":[\"https:\/\/cograf.com\/site\/cultura-de-servicio\/lecturas-de-apoyo\/cierto-misterio-con-los-elefantes\/\"]}]},{\"@type\":\"BreadcrumbList\",\"@id\":\"https:\/\/cograf.com\/site\/cultura-de-servicio\/lecturas-de-apoyo\/cierto-misterio-con-los-elefantes\/#breadcrumb\",\"itemListElement\":[{\"@type\":\"ListItem\",\"position\":1,\"name\":\"Portada\",\"item\":\"https:\/\/cograf.com\/site\/\"},{\"@type\":\"ListItem\",\"position\":2,\"name\":\"Cultura de Servicio\",\"item\":\"https:\/\/cograf.com\/site\/cultura-de-servicio\/\"},{\"@type\":\"ListItem\",\"position\":3,\"name\":\"Lecturas de apoyo\",\"item\":\"https:\/\/cograf.com\/site\/cultura-de-servicio\/lecturas-de-apoyo\/\"},{\"@type\":\"ListItem\",\"position\":4,\"name\":\"Cierto misterio con los elefantes\"}]},{\"@type\":\"WebSite\",\"@id\":\"https:\/\/cograf.com\/site\/#website\",\"url\":\"https:\/\/cograf.com\/site\/\",\"name\":\"Cograf Comunicaciones\",\"description\":\"Imagen de marcas\",\"publisher\":{\"@id\":\"https:\/\/cograf.com\/site\/#organization\"},\"potentialAction\":[{\"@type\":\"SearchAction\",\"target\":{\"@type\":\"EntryPoint\",\"urlTemplate\":\"https:\/\/cograf.com\/site\/?s={search_term_string}\"},\"query-input\":{\"@type\":\"PropertyValueSpecification\",\"valueRequired\":true,\"valueName\":\"search_term_string\"}}],\"inLanguage\":\"es\"},{\"@type\":\"Organization\",\"@id\":\"https:\/\/cograf.com\/site\/#organization\",\"name\":\"Cograf Comunicaciones\",\"url\":\"https:\/\/cograf.com\/site\/\",\"logo\":{\"@type\":\"ImageObject\",\"inLanguage\":\"es\",\"@id\":\"https:\/\/cograf.com\/site\/#\/schema\/logo\/image\/\",\"url\":\"https:\/\/cograf.com\/site\/wp-content\/uploads\/2020\/10\/logo_cograf_new.jpg\",\"contentUrl\":\"https:\/\/cograf.com\/site\/wp-content\/uploads\/2020\/10\/logo_cograf_new.jpg\",\"width\":501,\"height\":301,\"caption\":\"Cograf Comunicaciones\"},\"image\":{\"@id\":\"https:\/\/cograf.com\/site\/#\/schema\/logo\/image\/\"}}]}<\/script>\n<!-- \/ Yoast SEO plugin. -->","yoast_head_json":{"title":"Cierto misterio con los elefantes - Cograf Comunicaciones","robots":{"index":"index","follow":"follow","max-snippet":"max-snippet:-1","max-image-preview":"max-image-preview:large","max-video-preview":"max-video-preview:-1"},"canonical":"https:\/\/cograf.com\/site\/cultura-de-servicio\/lecturas-de-apoyo\/cierto-misterio-con-los-elefantes\/","og_locale":"es_ES","og_type":"article","og_title":"Cierto misterio con los elefantes - Cograf Comunicaciones","og_description":"Cuando era chico me encantaban los circos, y lo que m\u00e1s me gustaba de ellos eran los animales, y dentro de ellos, mi preferido era el elefante. Durante la funci\u00f3n, la enorme bestia impresionaba a todos por su peso, tama\u00f1o&hellip;","og_url":"https:\/\/cograf.com\/site\/cultura-de-servicio\/lecturas-de-apoyo\/cierto-misterio-con-los-elefantes\/","og_site_name":"Cograf Comunicaciones","twitter_card":"summary_large_image","twitter_misc":{"Tiempo de lectura":"3 minutos"},"schema":{"@context":"https:\/\/schema.org","@graph":[{"@type":"WebPage","@id":"https:\/\/cograf.com\/site\/cultura-de-servicio\/lecturas-de-apoyo\/cierto-misterio-con-los-elefantes\/","url":"https:\/\/cograf.com\/site\/cultura-de-servicio\/lecturas-de-apoyo\/cierto-misterio-con-los-elefantes\/","name":"Cierto misterio con los elefantes - Cograf Comunicaciones","isPartOf":{"@id":"https:\/\/cograf.com\/site\/#website"},"datePublished":"2014-01-16T15:41:13+00:00","breadcrumb":{"@id":"https:\/\/cograf.com\/site\/cultura-de-servicio\/lecturas-de-apoyo\/cierto-misterio-con-los-elefantes\/#breadcrumb"},"inLanguage":"es","potentialAction":[{"@type":"ReadAction","target":["https:\/\/cograf.com\/site\/cultura-de-servicio\/lecturas-de-apoyo\/cierto-misterio-con-los-elefantes\/"]}]},{"@type":"BreadcrumbList","@id":"https:\/\/cograf.com\/site\/cultura-de-servicio\/lecturas-de-apoyo\/cierto-misterio-con-los-elefantes\/#breadcrumb","itemListElement":[{"@type":"ListItem","position":1,"name":"Portada","item":"https:\/\/cograf.com\/site\/"},{"@type":"ListItem","position":2,"name":"Cultura de Servicio","item":"https:\/\/cograf.com\/site\/cultura-de-servicio\/"},{"@type":"ListItem","position":3,"name":"Lecturas de apoyo","item":"https:\/\/cograf.com\/site\/cultura-de-servicio\/lecturas-de-apoyo\/"},{"@type":"ListItem","position":4,"name":"Cierto misterio con los elefantes"}]},{"@type":"WebSite","@id":"https:\/\/cograf.com\/site\/#website","url":"https:\/\/cograf.com\/site\/","name":"Cograf Comunicaciones","description":"Imagen de marcas","publisher":{"@id":"https:\/\/cograf.com\/site\/#organization"},"potentialAction":[{"@type":"SearchAction","target":{"@type":"EntryPoint","urlTemplate":"https:\/\/cograf.com\/site\/?s={search_term_string}"},"query-input":{"@type":"PropertyValueSpecification","valueRequired":true,"valueName":"search_term_string"}}],"inLanguage":"es"},{"@type":"Organization","@id":"https:\/\/cograf.com\/site\/#organization","name":"Cograf Comunicaciones","url":"https:\/\/cograf.com\/site\/","logo":{"@type":"ImageObject","inLanguage":"es","@id":"https:\/\/cograf.com\/site\/#\/schema\/logo\/image\/","url":"https:\/\/cograf.com\/site\/wp-content\/uploads\/2020\/10\/logo_cograf_new.jpg","contentUrl":"https:\/\/cograf.com\/site\/wp-content\/uploads\/2020\/10\/logo_cograf_new.jpg","width":501,"height":301,"caption":"Cograf Comunicaciones"},"image":{"@id":"https:\/\/cograf.com\/site\/#\/schema\/logo\/image\/"}}]}},"_links":{"self":[{"href":"https:\/\/cograf.com\/site\/wp-json\/wp\/v2\/pages\/2053","targetHints":{"allow":["GET"]}}],"collection":[{"href":"https:\/\/cograf.com\/site\/wp-json\/wp\/v2\/pages"}],"about":[{"href":"https:\/\/cograf.com\/site\/wp-json\/wp\/v2\/types\/page"}],"author":[{"embeddable":true,"href":"https:\/\/cograf.com\/site\/wp-json\/wp\/v2\/users\/1"}],"replies":[{"embeddable":true,"href":"https:\/\/cograf.com\/site\/wp-json\/wp\/v2\/comments?post=2053"}],"version-history":[{"count":0,"href":"https:\/\/cograf.com\/site\/wp-json\/wp\/v2\/pages\/2053\/revisions"}],"up":[{"embeddable":true,"href":"https:\/\/cograf.com\/site\/wp-json\/wp\/v2\/pages\/1841"}],"wp:attachment":[{"href":"https:\/\/cograf.com\/site\/wp-json\/wp\/v2\/media?parent=2053"}],"curies":[{"name":"wp","href":"https:\/\/api.w.org\/{rel}","templated":true}]}}