{"id":2042,"date":"2014-01-16T10:46:02","date_gmt":"2014-01-16T15:16:02","guid":{"rendered":"https:\/\/cograf.com\/site\/?page_id=2042"},"modified":"2014-01-16T10:53:49","modified_gmt":"2014-01-16T15:23:49","slug":"la-siguiente-es-una-de-esas-tipicas-situaciones-de-incomunicacion-corporativa","status":"publish","type":"page","link":"https:\/\/cograf.com\/site\/cultura-de-servicio\/lecturas-de-apoyo\/la-siguiente-es-una-de-esas-tipicas-situaciones-de-incomunicacion-corporativa\/","title":{"rendered":"La siguiente es una de esas t\u00edpicas situaciones de \u00abincomunicaci\u00f3n corporativa\u00bb&#8230;"},"content":{"rendered":"<p>\u00a0El Presidente de la compa\u00f1\u00eda le dice a su Gerente General:<\/p>\n<p>\u00a0\u00abEl lunes pr\u00f3ximo, a eso de las siete de la tarde el cometa Halley se har\u00e1 visible. Es un acontecimiento que ocurre cada 78 a\u00f1os. Re\u00fana a todo el personal en el patio de la f\u00e1brica, todos usando casco de seguridad, que all\u00ed les explicaremos el fen\u00f3meno. Si llueve, este raro espect\u00e1culo no podr\u00e1 ser visto a ojo desnudo, en ese caso entraremos al comedor donde ser\u00e1 exhibido un documental sobre ese mismo tema\u00bb.<\/p>\n<p>\u00a0El Gerente General al Jefe de Producci\u00f3n:<\/p>\n<p>\u00a0\u00abPor orden del presidente, el lunes a las siete aparecer\u00e1 sobre la f\u00e1brica el cometa Halley. Si llueve re\u00fana a los empleados con casco de seguridad y ll\u00e9velos al comedor, donde tendr\u00e1 lugar un raro espect\u00e1culo, que sucede cada 78 a\u00f1os a ojo desnudo\u00bb.<\/p>\n<p>\u00a0El Jefe de Produccion al Supervisor:<\/p>\n<p>\u00a0\u00abA pedido de nuestro gerente general, el cient\u00edfico Halley de 78 a\u00f1os,aparecer\u00e1 desnudo en el comedor de la f\u00e1brica usando casco, porque va a ser presentado un documental sobre el problema de la seguridad en d\u00edas de lluvia\u00bb.<\/p>\n<p>\u00a0El Supervisor a su Asistente:<\/p>\n<p>\u00a0\u00abTodo el mundo desnudo sin excepci\u00f3n, deber\u00e1 estar en el patio el lunes a las siete, donde el famoso m\u00fasico Halley mostrar\u00e1 el v\u00eddeo bailando bajo la lluvia. El show se presenta cada 78 a\u00f1os\u00bb.<\/p>\n<p>\u00a0El Asistente a los Empleados:<\/p>\n<p>\u00abEl jefe cumple 78 a\u00f1os el lunes y habr\u00e1 una fiesta en el patio y el comedor con el famoso conjunto Bill Halley y sus cometas. Todo el que quiera, puede ir en bolas, pero usando casco, porque se va a armar una tremenda joda\u00bb.<\/p>\n<p>\u00bfNunca ha pasado una experiencia similar en su organizaci\u00f3n?<\/p>\n<p>\u00a0Esta historia nos recuerda que la comunicaci\u00f3n corporativa en una organizaci\u00f3n no se resuelve decret\u00e1ndola.\u00a0<\/p>\n<p>Los individuos no s\u00f3lo necesitan una visi\u00f3n com\u00fan de los prop\u00f3sitos, sino que tambi\u00e9n requieren entrenamiento para desarrollar habilidades de comunicaci\u00f3n efectiva.<\/p>\n","protected":false},"excerpt":{"rendered":"<p>\u00a0El Presidente de la compa\u00f1\u00eda le dice a su Gerente General: \u00a0\u00abEl lunes pr\u00f3ximo, a eso de las siete de la tarde el cometa Halley se har\u00e1 visible. Es un acontecimiento que ocurre cada 78 a\u00f1os. Re\u00fana a todo el&hellip;<\/p>\n","protected":false},"author":1,"featured_media":0,"parent":1841,"menu_order":0,"comment_status":"open","ping_status":"open","template":"","meta":{"footnotes":""},"class_list":["post-2042","page","type-page","status-publish","hentry","entry","no-media"],"yoast_head":"<!-- This site is optimized with the Yoast SEO plugin v26.9 - https:\/\/yoast.com\/product\/yoast-seo-wordpress\/ -->\n<title>La siguiente es una de esas t\u00edpicas situaciones de &quot;incomunicaci\u00f3n corporativa&quot;... - Cograf Comunicaciones<\/title>\n<meta name=\"robots\" content=\"index, follow, max-snippet:-1, max-image-preview:large, max-video-preview:-1\" \/>\n<link rel=\"canonical\" href=\"https:\/\/cograf.com\/site\/cultura-de-servicio\/lecturas-de-apoyo\/la-siguiente-es-una-de-esas-tipicas-situaciones-de-incomunicacion-corporativa\/\" \/>\n<meta property=\"og:locale\" content=\"es_ES\" \/>\n<meta property=\"og:type\" content=\"article\" \/>\n<meta property=\"og:title\" content=\"La siguiente es una de esas t\u00edpicas situaciones de &quot;incomunicaci\u00f3n corporativa&quot;... - Cograf Comunicaciones\" \/>\n<meta property=\"og:description\" content=\"\u00a0El Presidente de la compa\u00f1\u00eda le dice a su Gerente General: \u00a0\u00abEl lunes pr\u00f3ximo, a eso de las siete de la tarde el cometa Halley se har\u00e1 visible. Es un acontecimiento que ocurre cada 78 a\u00f1os. Re\u00fana a todo el&hellip;\" \/>\n<meta property=\"og:url\" content=\"https:\/\/cograf.com\/site\/cultura-de-servicio\/lecturas-de-apoyo\/la-siguiente-es-una-de-esas-tipicas-situaciones-de-incomunicacion-corporativa\/\" \/>\n<meta property=\"og:site_name\" content=\"Cograf Comunicaciones\" \/>\n<meta property=\"article:modified_time\" content=\"2014-01-16T15:23:49+00:00\" \/>\n<meta name=\"twitter:card\" content=\"summary_large_image\" \/>\n<meta name=\"twitter:label1\" content=\"Tiempo de lectura\" \/>\n\t<meta name=\"twitter:data1\" content=\"2 minutos\" \/>\n<script type=\"application\/ld+json\" class=\"yoast-schema-graph\">{\"@context\":\"https:\/\/schema.org\",\"@graph\":[{\"@type\":\"WebPage\",\"@id\":\"https:\/\/cograf.com\/site\/cultura-de-servicio\/lecturas-de-apoyo\/la-siguiente-es-una-de-esas-tipicas-situaciones-de-incomunicacion-corporativa\/\",\"url\":\"https:\/\/cograf.com\/site\/cultura-de-servicio\/lecturas-de-apoyo\/la-siguiente-es-una-de-esas-tipicas-situaciones-de-incomunicacion-corporativa\/\",\"name\":\"La siguiente es una de esas t\u00edpicas situaciones de \\\"incomunicaci\u00f3n corporativa\\\"... - Cograf Comunicaciones\",\"isPartOf\":{\"@id\":\"https:\/\/cograf.com\/site\/#website\"},\"datePublished\":\"2014-01-16T15:16:02+00:00\",\"dateModified\":\"2014-01-16T15:23:49+00:00\",\"breadcrumb\":{\"@id\":\"https:\/\/cograf.com\/site\/cultura-de-servicio\/lecturas-de-apoyo\/la-siguiente-es-una-de-esas-tipicas-situaciones-de-incomunicacion-corporativa\/#breadcrumb\"},\"inLanguage\":\"es\",\"potentialAction\":[{\"@type\":\"ReadAction\",\"target\":[\"https:\/\/cograf.com\/site\/cultura-de-servicio\/lecturas-de-apoyo\/la-siguiente-es-una-de-esas-tipicas-situaciones-de-incomunicacion-corporativa\/\"]}]},{\"@type\":\"BreadcrumbList\",\"@id\":\"https:\/\/cograf.com\/site\/cultura-de-servicio\/lecturas-de-apoyo\/la-siguiente-es-una-de-esas-tipicas-situaciones-de-incomunicacion-corporativa\/#breadcrumb\",\"itemListElement\":[{\"@type\":\"ListItem\",\"position\":1,\"name\":\"Portada\",\"item\":\"https:\/\/cograf.com\/site\/\"},{\"@type\":\"ListItem\",\"position\":2,\"name\":\"Cultura de Servicio\",\"item\":\"https:\/\/cograf.com\/site\/cultura-de-servicio\/\"},{\"@type\":\"ListItem\",\"position\":3,\"name\":\"Lecturas de apoyo\",\"item\":\"https:\/\/cograf.com\/site\/cultura-de-servicio\/lecturas-de-apoyo\/\"},{\"@type\":\"ListItem\",\"position\":4,\"name\":\"La siguiente es una de esas t\u00edpicas situaciones de \u00abincomunicaci\u00f3n corporativa\u00bb&#8230;\"}]},{\"@type\":\"WebSite\",\"@id\":\"https:\/\/cograf.com\/site\/#website\",\"url\":\"https:\/\/cograf.com\/site\/\",\"name\":\"Cograf Comunicaciones\",\"description\":\"Imagen de marcas\",\"publisher\":{\"@id\":\"https:\/\/cograf.com\/site\/#organization\"},\"potentialAction\":[{\"@type\":\"SearchAction\",\"target\":{\"@type\":\"EntryPoint\",\"urlTemplate\":\"https:\/\/cograf.com\/site\/?s={search_term_string}\"},\"query-input\":{\"@type\":\"PropertyValueSpecification\",\"valueRequired\":true,\"valueName\":\"search_term_string\"}}],\"inLanguage\":\"es\"},{\"@type\":\"Organization\",\"@id\":\"https:\/\/cograf.com\/site\/#organization\",\"name\":\"Cograf Comunicaciones\",\"url\":\"https:\/\/cograf.com\/site\/\",\"logo\":{\"@type\":\"ImageObject\",\"inLanguage\":\"es\",\"@id\":\"https:\/\/cograf.com\/site\/#\/schema\/logo\/image\/\",\"url\":\"https:\/\/cograf.com\/site\/wp-content\/uploads\/2020\/10\/logo_cograf_new.jpg\",\"contentUrl\":\"https:\/\/cograf.com\/site\/wp-content\/uploads\/2020\/10\/logo_cograf_new.jpg\",\"width\":501,\"height\":301,\"caption\":\"Cograf Comunicaciones\"},\"image\":{\"@id\":\"https:\/\/cograf.com\/site\/#\/schema\/logo\/image\/\"}}]}<\/script>\n<!-- \/ Yoast SEO plugin. -->","yoast_head_json":{"title":"La siguiente es una de esas t\u00edpicas situaciones de \"incomunicaci\u00f3n corporativa\"... - Cograf Comunicaciones","robots":{"index":"index","follow":"follow","max-snippet":"max-snippet:-1","max-image-preview":"max-image-preview:large","max-video-preview":"max-video-preview:-1"},"canonical":"https:\/\/cograf.com\/site\/cultura-de-servicio\/lecturas-de-apoyo\/la-siguiente-es-una-de-esas-tipicas-situaciones-de-incomunicacion-corporativa\/","og_locale":"es_ES","og_type":"article","og_title":"La siguiente es una de esas t\u00edpicas situaciones de \"incomunicaci\u00f3n corporativa\"... - Cograf Comunicaciones","og_description":"\u00a0El Presidente de la compa\u00f1\u00eda le dice a su Gerente General: \u00a0\u00abEl lunes pr\u00f3ximo, a eso de las siete de la tarde el cometa Halley se har\u00e1 visible. Es un acontecimiento que ocurre cada 78 a\u00f1os. Re\u00fana a todo el&hellip;","og_url":"https:\/\/cograf.com\/site\/cultura-de-servicio\/lecturas-de-apoyo\/la-siguiente-es-una-de-esas-tipicas-situaciones-de-incomunicacion-corporativa\/","og_site_name":"Cograf Comunicaciones","article_modified_time":"2014-01-16T15:23:49+00:00","twitter_card":"summary_large_image","twitter_misc":{"Tiempo de lectura":"2 minutos"},"schema":{"@context":"https:\/\/schema.org","@graph":[{"@type":"WebPage","@id":"https:\/\/cograf.com\/site\/cultura-de-servicio\/lecturas-de-apoyo\/la-siguiente-es-una-de-esas-tipicas-situaciones-de-incomunicacion-corporativa\/","url":"https:\/\/cograf.com\/site\/cultura-de-servicio\/lecturas-de-apoyo\/la-siguiente-es-una-de-esas-tipicas-situaciones-de-incomunicacion-corporativa\/","name":"La siguiente es una de esas t\u00edpicas situaciones de \"incomunicaci\u00f3n corporativa\"... - Cograf Comunicaciones","isPartOf":{"@id":"https:\/\/cograf.com\/site\/#website"},"datePublished":"2014-01-16T15:16:02+00:00","dateModified":"2014-01-16T15:23:49+00:00","breadcrumb":{"@id":"https:\/\/cograf.com\/site\/cultura-de-servicio\/lecturas-de-apoyo\/la-siguiente-es-una-de-esas-tipicas-situaciones-de-incomunicacion-corporativa\/#breadcrumb"},"inLanguage":"es","potentialAction":[{"@type":"ReadAction","target":["https:\/\/cograf.com\/site\/cultura-de-servicio\/lecturas-de-apoyo\/la-siguiente-es-una-de-esas-tipicas-situaciones-de-incomunicacion-corporativa\/"]}]},{"@type":"BreadcrumbList","@id":"https:\/\/cograf.com\/site\/cultura-de-servicio\/lecturas-de-apoyo\/la-siguiente-es-una-de-esas-tipicas-situaciones-de-incomunicacion-corporativa\/#breadcrumb","itemListElement":[{"@type":"ListItem","position":1,"name":"Portada","item":"https:\/\/cograf.com\/site\/"},{"@type":"ListItem","position":2,"name":"Cultura de Servicio","item":"https:\/\/cograf.com\/site\/cultura-de-servicio\/"},{"@type":"ListItem","position":3,"name":"Lecturas de apoyo","item":"https:\/\/cograf.com\/site\/cultura-de-servicio\/lecturas-de-apoyo\/"},{"@type":"ListItem","position":4,"name":"La siguiente es una de esas t\u00edpicas situaciones de \u00abincomunicaci\u00f3n corporativa\u00bb&#8230;"}]},{"@type":"WebSite","@id":"https:\/\/cograf.com\/site\/#website","url":"https:\/\/cograf.com\/site\/","name":"Cograf Comunicaciones","description":"Imagen de marcas","publisher":{"@id":"https:\/\/cograf.com\/site\/#organization"},"potentialAction":[{"@type":"SearchAction","target":{"@type":"EntryPoint","urlTemplate":"https:\/\/cograf.com\/site\/?s={search_term_string}"},"query-input":{"@type":"PropertyValueSpecification","valueRequired":true,"valueName":"search_term_string"}}],"inLanguage":"es"},{"@type":"Organization","@id":"https:\/\/cograf.com\/site\/#organization","name":"Cograf Comunicaciones","url":"https:\/\/cograf.com\/site\/","logo":{"@type":"ImageObject","inLanguage":"es","@id":"https:\/\/cograf.com\/site\/#\/schema\/logo\/image\/","url":"https:\/\/cograf.com\/site\/wp-content\/uploads\/2020\/10\/logo_cograf_new.jpg","contentUrl":"https:\/\/cograf.com\/site\/wp-content\/uploads\/2020\/10\/logo_cograf_new.jpg","width":501,"height":301,"caption":"Cograf Comunicaciones"},"image":{"@id":"https:\/\/cograf.com\/site\/#\/schema\/logo\/image\/"}}]}},"_links":{"self":[{"href":"https:\/\/cograf.com\/site\/wp-json\/wp\/v2\/pages\/2042","targetHints":{"allow":["GET"]}}],"collection":[{"href":"https:\/\/cograf.com\/site\/wp-json\/wp\/v2\/pages"}],"about":[{"href":"https:\/\/cograf.com\/site\/wp-json\/wp\/v2\/types\/page"}],"author":[{"embeddable":true,"href":"https:\/\/cograf.com\/site\/wp-json\/wp\/v2\/users\/1"}],"replies":[{"embeddable":true,"href":"https:\/\/cograf.com\/site\/wp-json\/wp\/v2\/comments?post=2042"}],"version-history":[{"count":0,"href":"https:\/\/cograf.com\/site\/wp-json\/wp\/v2\/pages\/2042\/revisions"}],"up":[{"embeddable":true,"href":"https:\/\/cograf.com\/site\/wp-json\/wp\/v2\/pages\/1841"}],"wp:attachment":[{"href":"https:\/\/cograf.com\/site\/wp-json\/wp\/v2\/media?parent=2042"}],"curies":[{"name":"wp","href":"https:\/\/api.w.org\/{rel}","templated":true}]}}