{"id":2033,"date":"2014-01-16T10:09:43","date_gmt":"2014-01-16T14:39:43","guid":{"rendered":"https:\/\/cograf.com\/site\/?page_id=2033"},"modified":"2014-01-16T10:18:29","modified_gmt":"2014-01-16T14:48:29","slug":"lo-que-puede-hacer-el-pensamiento","status":"publish","type":"page","link":"https:\/\/cograf.com\/site\/cultura-de-servicio\/lecturas-de-apoyo\/lo-que-puede-hacer-el-pensamiento\/","title":{"rendered":"Lo que puede hacer el pensamiento"},"content":{"rendered":"<p><em><span style=\"font-family: Verdana, Arial, Helvetica, sans-serif;\">Tomado del libro \u00abCommon Sense Health and Healing\u00bb, del Dr. Richard Schulze.<\/span><\/em><\/p>\n<p>&#8230;Imagine c\u00f3mo se tiene que defender su sistema inmunol\u00f3gico ante el ataque constante al que se ve sometido.<\/p>\n<p><span style=\"font-family: Verdana, Arial, Helvetica, sans-serif;\">Si le parece que las bacterias asesinas, los virus y las gripes malignas son perniciosas, le sorprender\u00e1 enterarse de que las investigaciones m\u00e9dicas han concluido que el enemigo m\u00e1s temido para el organismo no son los microbios&#8230; Sino los pensamientos y las palabras de cada d\u00eda.<\/span><\/p>\n<p><span style=\"font-family: Verdana, Arial, Helvetica, sans-serif;\">Por lo tanto, las investigaciones han concluido que hay un nutriente de efectos terap\u00e9uticos m\u00e1s eficaz que las vitaminas, los minerales, las enzimas, los jugos naturales y las hierbas medicinales: El amor.<\/span><\/p>\n<p><span style=\"font-family: Verdana, Arial, Helvetica, sans-serif;\">El cerebro trabaja constantemente, todos los d\u00edas del a\u00f1o y a toda hora; no cierra por fiestas ni se toma vacaciones. Es la computadora m\u00e1s eficiente y poderosa que existe. Dirige todo nuestro organismo y regula pr\u00e1cticamente cada una de las funciones del metabolismo y su equilibrio qu\u00edmico.<\/span><\/p>\n<p><span style=\"font-family: Verdana, Arial, Helvetica, sans-serif;\">Desde el sistema nervioso hasta la actividad sexual, pasando por miles de actividades m\u00e1s de las que usted quiz\u00e1s no tiene idea, el cerebro es el que manda; y est\u00e1 constantemente creando, guiando, regulando, equilibrando y manteniendo todo el organismo a cada momento del d\u00eda.<\/span><\/p>\n<p><span style=\"font-family: Verdana, Arial, Helvetica, sans-serif;\">La ciencia ha descubierto que, cuando tenemos un pensamiento, el cerebro produce sustancias que abren lo que se podr\u00eda llamar una ventana. Y cuando el pensamiento concluye, la ventana se cierra.<\/span><\/p>\n<p><span style=\"font-family: Verdana, Arial, Helvetica, sans-serif;\">Por ejemplo, cuando ve a la persona de sus sue\u00f1os y siente amor, esa sensaci\u00f3n incre\u00edble que le recorre el cuerpo no es otra cosa que una sustancia qu\u00edmica. Y cuando se excita sexualmente se debe a que el cuerpo ha liberado otra sustancia qu\u00edmica.<\/span><\/p>\n<p><span style=\"font-family: Verdana, Arial, Helvetica, sans-serif;\">Cuando ese desgraciado que de pronto se le atraviesa en la calle con el auto, y en ese momento le gustar\u00eda tener consigo una pistola de rayos l\u00e1ser para desintegrarlo, esa ira que siente, ese \u00e1cido corrosivo que aparece en el sistema circulatorio o el est\u00f3mago, esa sensaci\u00f3n, es producto de otra sustancia segregada por el cerebro.<\/span><\/p>\n<p><span style=\"font-family: Verdana, Arial, Helvetica, sans-serif;\">Esas sustancias segregadas por el cerebro se llaman \u00abneurop\u00e9ptidos\u00bb, y la biolog\u00eda lleva a\u00f1os realizando investigaciones en este campo.<\/span><\/p>\n<p><span style=\"font-family: Verdana, Arial, Helvetica, sans-serif;\">Lo que sabemos hasta ahora es que cuando se tiene un pensamiento, el cerebro produce sustancias que afectan a la persona en una u otra medida. En ese momento, lo que las personas sentimos, es una consecuencia de la producci\u00f3n y asimilaci\u00f3n de esos neurop\u00e9ptidos.<\/span><\/p>\n<p><span style=\"font-family: Verdana, Arial, Helvetica, sans-serif;\">Y es en esta \u00e1rea, la ciencia m\u00e9dica hizo un descubrimiento trascendental en la \u00faltima d\u00e9cada que ha pasado pr\u00e1cticamente inadvertido.<\/span><\/p>\n<p><span style=\"font-family: Verdana, Arial, Helvetica, sans-serif;\">Ya se sab\u00eda que las c\u00e9lulas del sistema inmunol\u00f3gico, como todas las dem\u00e1s, tienen estaciones de descarga en su membrana para asimilar diversas sustancias.<\/span><\/p>\n<p><span style=\"font-family: Verdana, Arial, Helvetica, sans-serif;\">Pero lo que se descubri\u00f3 fue que en la membrana de cada uno de los linfocitos que defienden el cuerpo de bacterias, virus, hongos, par\u00e1sitos, c\u00e1ncer \u2014y de toda enfermedad\u2014 hay un punto concreto de carga que recibe los \u00abneurop\u00e9ptidos\u00bb.<\/span><\/p>\n<p><span style=\"font-family: Verdana, Arial, Helvetica, sans-serif;\">\u00bfQu\u00e9 le importa al sistema inmune lo que se piensa, y por qu\u00e9 le da importancia a los pensamientos?.<\/span><\/p>\n<p><span style=\"font-family: Verdana, Arial, Helvetica, sans-serif;\">\u00bfEs que no tiene suficiente con tantos microbios presentes en el ambiente y la proliferaci\u00f3n exponencial del c\u00e1ncer?<\/span><\/p>\n<p><span style=\"font-family: Verdana, Arial, Helvetica, sans-serif;\">\u00bfLe es indispensable entrometerse en nuestra vida y monitorear las conversaciones privadas que sostenemos con nosotros mismos?<\/span><\/p>\n<p><span style=\"font-family: Verdana, Arial, Helvetica, sans-serif;\">Eso no es todo. El sistema inmunol\u00f3gico se pasa el tiempo escuchando nuestros mon\u00f3logos interiores, mientras que ninguna c\u00e9lula u \u00f3rgano \u2013ni ning\u00fan otro aparato del organismo\u2013 monitorea a otro si no est\u00e1 preparado para responder a la informaci\u00f3n que obtiene.<\/span><\/p>\n<p><span style=\"font-family: Verdana, Arial, Helvetica, sans-serif;\">As\u00ed que la respuesta del sistema inmune est\u00e1 condicionada por nuestros pensamientos. El sistema inmune no solo escucha, sino que reacciona a nuestros diferentes di\u00e1logos emocionales.<\/span><\/p>\n<p><span style=\"font-family: Verdana, Arial, Helvetica, sans-serif;\">La ciencia m\u00e9dica afirma que las c\u00e9lulas que defienden el organismo tienen puntos concretos de recepci\u00f3n de neurop\u00e9ptidos (las sustancias que produce el cerebro con cada pensamiento).<\/span><\/p>\n<p><span style=\"font-family: Verdana, Arial, Helvetica, sans-serif;\">Por otro lado, la respuesta de esas c\u00e9lulas a los g\u00e9rmenes pat\u00f3genos var\u00eda, dependiendo de que se fortalezca, se debilite, o deje de funcionar totalmente a causa de esas sustancias.<\/span><\/p>\n<p><span style=\"font-family: Verdana, Arial, Helvetica, sans-serif;\">Todo lo que hacemos tiene consecuencias f\u00edsicas, y por lo que se ve, tambi\u00e9n lo que pensamos. \u00bfValdr\u00e1 la pena pensar m\u00e1s positivamente?&#8230;<br \/><\/span><\/p>\n","protected":false},"excerpt":{"rendered":"<p>Tomado del libro \u00abCommon Sense Health and Healing\u00bb, del Dr. Richard Schulze. &#8230;Imagine c\u00f3mo se tiene que defender su sistema inmunol\u00f3gico ante el ataque constante al que se ve sometido. Si le parece que las bacterias asesinas, los virus y&hellip;<\/p>\n","protected":false},"author":1,"featured_media":0,"parent":1841,"menu_order":0,"comment_status":"open","ping_status":"open","template":"","meta":{"footnotes":""},"class_list":["post-2033","page","type-page","status-publish","hentry","entry","no-media"],"yoast_head":"<!-- This site is optimized with the Yoast SEO plugin v26.9 - https:\/\/yoast.com\/product\/yoast-seo-wordpress\/ -->\n<title>Lo que puede hacer el pensamiento - Cograf Comunicaciones<\/title>\n<meta name=\"robots\" content=\"index, follow, max-snippet:-1, max-image-preview:large, max-video-preview:-1\" \/>\n<link rel=\"canonical\" href=\"https:\/\/cograf.com\/site\/cultura-de-servicio\/lecturas-de-apoyo\/lo-que-puede-hacer-el-pensamiento\/\" \/>\n<meta property=\"og:locale\" content=\"es_ES\" \/>\n<meta property=\"og:type\" content=\"article\" \/>\n<meta property=\"og:title\" content=\"Lo que puede hacer el pensamiento - Cograf Comunicaciones\" \/>\n<meta property=\"og:description\" content=\"Tomado del libro \u00abCommon Sense Health and Healing\u00bb, del Dr. Richard Schulze. &#8230;Imagine c\u00f3mo se tiene que defender su sistema inmunol\u00f3gico ante el ataque constante al que se ve sometido. Si le parece que las bacterias asesinas, los virus y&hellip;\" \/>\n<meta property=\"og:url\" content=\"https:\/\/cograf.com\/site\/cultura-de-servicio\/lecturas-de-apoyo\/lo-que-puede-hacer-el-pensamiento\/\" \/>\n<meta property=\"og:site_name\" content=\"Cograf Comunicaciones\" \/>\n<meta property=\"article:modified_time\" content=\"2014-01-16T14:48:29+00:00\" \/>\n<meta name=\"twitter:card\" content=\"summary_large_image\" \/>\n<meta name=\"twitter:label1\" content=\"Tiempo de lectura\" \/>\n\t<meta name=\"twitter:data1\" content=\"4 minutos\" \/>\n<script type=\"application\/ld+json\" class=\"yoast-schema-graph\">{\"@context\":\"https:\/\/schema.org\",\"@graph\":[{\"@type\":\"WebPage\",\"@id\":\"https:\/\/cograf.com\/site\/cultura-de-servicio\/lecturas-de-apoyo\/lo-que-puede-hacer-el-pensamiento\/\",\"url\":\"https:\/\/cograf.com\/site\/cultura-de-servicio\/lecturas-de-apoyo\/lo-que-puede-hacer-el-pensamiento\/\",\"name\":\"Lo que puede hacer el pensamiento - Cograf Comunicaciones\",\"isPartOf\":{\"@id\":\"https:\/\/cograf.com\/site\/#website\"},\"datePublished\":\"2014-01-16T14:39:43+00:00\",\"dateModified\":\"2014-01-16T14:48:29+00:00\",\"breadcrumb\":{\"@id\":\"https:\/\/cograf.com\/site\/cultura-de-servicio\/lecturas-de-apoyo\/lo-que-puede-hacer-el-pensamiento\/#breadcrumb\"},\"inLanguage\":\"es\",\"potentialAction\":[{\"@type\":\"ReadAction\",\"target\":[\"https:\/\/cograf.com\/site\/cultura-de-servicio\/lecturas-de-apoyo\/lo-que-puede-hacer-el-pensamiento\/\"]}]},{\"@type\":\"BreadcrumbList\",\"@id\":\"https:\/\/cograf.com\/site\/cultura-de-servicio\/lecturas-de-apoyo\/lo-que-puede-hacer-el-pensamiento\/#breadcrumb\",\"itemListElement\":[{\"@type\":\"ListItem\",\"position\":1,\"name\":\"Portada\",\"item\":\"https:\/\/cograf.com\/site\/\"},{\"@type\":\"ListItem\",\"position\":2,\"name\":\"Cultura de Servicio\",\"item\":\"https:\/\/cograf.com\/site\/cultura-de-servicio\/\"},{\"@type\":\"ListItem\",\"position\":3,\"name\":\"Lecturas de apoyo\",\"item\":\"https:\/\/cograf.com\/site\/cultura-de-servicio\/lecturas-de-apoyo\/\"},{\"@type\":\"ListItem\",\"position\":4,\"name\":\"Lo que puede hacer el pensamiento\"}]},{\"@type\":\"WebSite\",\"@id\":\"https:\/\/cograf.com\/site\/#website\",\"url\":\"https:\/\/cograf.com\/site\/\",\"name\":\"Cograf Comunicaciones\",\"description\":\"Imagen de marcas\",\"publisher\":{\"@id\":\"https:\/\/cograf.com\/site\/#organization\"},\"potentialAction\":[{\"@type\":\"SearchAction\",\"target\":{\"@type\":\"EntryPoint\",\"urlTemplate\":\"https:\/\/cograf.com\/site\/?s={search_term_string}\"},\"query-input\":{\"@type\":\"PropertyValueSpecification\",\"valueRequired\":true,\"valueName\":\"search_term_string\"}}],\"inLanguage\":\"es\"},{\"@type\":\"Organization\",\"@id\":\"https:\/\/cograf.com\/site\/#organization\",\"name\":\"Cograf Comunicaciones\",\"url\":\"https:\/\/cograf.com\/site\/\",\"logo\":{\"@type\":\"ImageObject\",\"inLanguage\":\"es\",\"@id\":\"https:\/\/cograf.com\/site\/#\/schema\/logo\/image\/\",\"url\":\"https:\/\/cograf.com\/site\/wp-content\/uploads\/2020\/10\/logo_cograf_new.jpg\",\"contentUrl\":\"https:\/\/cograf.com\/site\/wp-content\/uploads\/2020\/10\/logo_cograf_new.jpg\",\"width\":501,\"height\":301,\"caption\":\"Cograf Comunicaciones\"},\"image\":{\"@id\":\"https:\/\/cograf.com\/site\/#\/schema\/logo\/image\/\"}}]}<\/script>\n<!-- \/ Yoast SEO plugin. -->","yoast_head_json":{"title":"Lo que puede hacer el pensamiento - Cograf Comunicaciones","robots":{"index":"index","follow":"follow","max-snippet":"max-snippet:-1","max-image-preview":"max-image-preview:large","max-video-preview":"max-video-preview:-1"},"canonical":"https:\/\/cograf.com\/site\/cultura-de-servicio\/lecturas-de-apoyo\/lo-que-puede-hacer-el-pensamiento\/","og_locale":"es_ES","og_type":"article","og_title":"Lo que puede hacer el pensamiento - Cograf Comunicaciones","og_description":"Tomado del libro \u00abCommon Sense Health and Healing\u00bb, del Dr. Richard Schulze. &#8230;Imagine c\u00f3mo se tiene que defender su sistema inmunol\u00f3gico ante el ataque constante al que se ve sometido. Si le parece que las bacterias asesinas, los virus y&hellip;","og_url":"https:\/\/cograf.com\/site\/cultura-de-servicio\/lecturas-de-apoyo\/lo-que-puede-hacer-el-pensamiento\/","og_site_name":"Cograf Comunicaciones","article_modified_time":"2014-01-16T14:48:29+00:00","twitter_card":"summary_large_image","twitter_misc":{"Tiempo de lectura":"4 minutos"},"schema":{"@context":"https:\/\/schema.org","@graph":[{"@type":"WebPage","@id":"https:\/\/cograf.com\/site\/cultura-de-servicio\/lecturas-de-apoyo\/lo-que-puede-hacer-el-pensamiento\/","url":"https:\/\/cograf.com\/site\/cultura-de-servicio\/lecturas-de-apoyo\/lo-que-puede-hacer-el-pensamiento\/","name":"Lo que puede hacer el pensamiento - Cograf Comunicaciones","isPartOf":{"@id":"https:\/\/cograf.com\/site\/#website"},"datePublished":"2014-01-16T14:39:43+00:00","dateModified":"2014-01-16T14:48:29+00:00","breadcrumb":{"@id":"https:\/\/cograf.com\/site\/cultura-de-servicio\/lecturas-de-apoyo\/lo-que-puede-hacer-el-pensamiento\/#breadcrumb"},"inLanguage":"es","potentialAction":[{"@type":"ReadAction","target":["https:\/\/cograf.com\/site\/cultura-de-servicio\/lecturas-de-apoyo\/lo-que-puede-hacer-el-pensamiento\/"]}]},{"@type":"BreadcrumbList","@id":"https:\/\/cograf.com\/site\/cultura-de-servicio\/lecturas-de-apoyo\/lo-que-puede-hacer-el-pensamiento\/#breadcrumb","itemListElement":[{"@type":"ListItem","position":1,"name":"Portada","item":"https:\/\/cograf.com\/site\/"},{"@type":"ListItem","position":2,"name":"Cultura de Servicio","item":"https:\/\/cograf.com\/site\/cultura-de-servicio\/"},{"@type":"ListItem","position":3,"name":"Lecturas de apoyo","item":"https:\/\/cograf.com\/site\/cultura-de-servicio\/lecturas-de-apoyo\/"},{"@type":"ListItem","position":4,"name":"Lo que puede hacer el pensamiento"}]},{"@type":"WebSite","@id":"https:\/\/cograf.com\/site\/#website","url":"https:\/\/cograf.com\/site\/","name":"Cograf Comunicaciones","description":"Imagen de marcas","publisher":{"@id":"https:\/\/cograf.com\/site\/#organization"},"potentialAction":[{"@type":"SearchAction","target":{"@type":"EntryPoint","urlTemplate":"https:\/\/cograf.com\/site\/?s={search_term_string}"},"query-input":{"@type":"PropertyValueSpecification","valueRequired":true,"valueName":"search_term_string"}}],"inLanguage":"es"},{"@type":"Organization","@id":"https:\/\/cograf.com\/site\/#organization","name":"Cograf Comunicaciones","url":"https:\/\/cograf.com\/site\/","logo":{"@type":"ImageObject","inLanguage":"es","@id":"https:\/\/cograf.com\/site\/#\/schema\/logo\/image\/","url":"https:\/\/cograf.com\/site\/wp-content\/uploads\/2020\/10\/logo_cograf_new.jpg","contentUrl":"https:\/\/cograf.com\/site\/wp-content\/uploads\/2020\/10\/logo_cograf_new.jpg","width":501,"height":301,"caption":"Cograf Comunicaciones"},"image":{"@id":"https:\/\/cograf.com\/site\/#\/schema\/logo\/image\/"}}]}},"_links":{"self":[{"href":"https:\/\/cograf.com\/site\/wp-json\/wp\/v2\/pages\/2033","targetHints":{"allow":["GET"]}}],"collection":[{"href":"https:\/\/cograf.com\/site\/wp-json\/wp\/v2\/pages"}],"about":[{"href":"https:\/\/cograf.com\/site\/wp-json\/wp\/v2\/types\/page"}],"author":[{"embeddable":true,"href":"https:\/\/cograf.com\/site\/wp-json\/wp\/v2\/users\/1"}],"replies":[{"embeddable":true,"href":"https:\/\/cograf.com\/site\/wp-json\/wp\/v2\/comments?post=2033"}],"version-history":[{"count":0,"href":"https:\/\/cograf.com\/site\/wp-json\/wp\/v2\/pages\/2033\/revisions"}],"up":[{"embeddable":true,"href":"https:\/\/cograf.com\/site\/wp-json\/wp\/v2\/pages\/1841"}],"wp:attachment":[{"href":"https:\/\/cograf.com\/site\/wp-json\/wp\/v2\/media?parent=2033"}],"curies":[{"name":"wp","href":"https:\/\/api.w.org\/{rel}","templated":true}]}}