{"id":2016,"date":"2014-01-15T11:57:58","date_gmt":"2014-01-15T16:27:58","guid":{"rendered":"https:\/\/cograf.com\/site\/?page_id=2016"},"modified":"2014-01-15T11:57:58","modified_gmt":"2014-01-15T16:27:58","slug":"sintesis-de-los-7-habitos-de-la-gente-efectiva-de-stephen-covey","status":"publish","type":"page","link":"https:\/\/cograf.com\/site\/cultura-de-servicio\/lecturas-de-apoyo\/sintesis-de-los-7-habitos-de-la-gente-efectiva-de-stephen-covey\/","title":{"rendered":"S\u00edntesis de \u00abLos 7 h\u00e1bitos de la gente efectiva\u00bb, de Stephen Covey."},"content":{"rendered":"<p><span style=\"font-family: verdana, arial, geneva;\">(El siguiente texto es un resumen personal elaborado para compartir r\u00e1pidamente mis aprendizajes del libro de Stephen Covey. Juan Carlos Jim\u00e9nez)<\/span><\/p>\n<p><span style=\"font-family: verdana, arial, geneva;\"><br \/><\/span><span style=\"font-family: verdana, arial, geneva;\"><b>1. Son proactivas.<\/b><br \/><\/span><span style=\"font-family: verdana, arial, geneva;\"><br \/>Son aquellas personas que son responsables de su propia vida. Son las personas que determinan la agenda que quieren seguir y desarrollan la habilidad de elegir las respuestas a lo que sucede alrededor de ellas. Estas respuestas son m\u00e1s un producto de sus valores y decisiones que de sus estados de \u00e1nimo y condiciones.<\/p>\n<p><\/span><span style=\"font-family: verdana, arial, geneva;\"><b>2. Comienzan con el fin en la mente.<\/b><br \/><\/span><span style=\"font-family: verdana, arial, geneva;\"><br \/>Estas personas tienen una visi\u00f3n clara de sus objetivos y de ellos mismos, tienen un profundo significado de su vida y siguen principios universales de la existencia. De esta manera llevan a cabo las sus tareas de manera efectiva y positiva. Son personas que se dan cuenta que las cosas son creadas mentalmente antes de ser creadas f\u00edsicamente. Son l\u00edderes de ellos mismos, por eso aclaran los valores y establecen prioridades antes de seleccionar sus metas y emprender alg\u00fan trabajo.<\/p>\n<p><\/span><span style=\"font-family: verdana, arial, geneva;\"><b>3. Hacen primero lo primero.<\/b><br \/><\/span><span style=\"font-family: verdana, arial, geneva;\"><br \/>Estas personas son sus propios gerentes. Ejercitan la disciplina. Organizan y administran su tiempo seg\u00fan las prioridades. Estas personas hacen lo que predican. Dedican m\u00e1s atenci\u00f3n a las cosas que son urgentes pero no importantes y dedican tambi\u00e9n m\u00e1s tiempo a las cosas importantes pero no necesariamente urgentes. Son personas que cumplen las actividades que programan.<\/p>\n<p><\/span><span style=\"font-family: verdana, arial, geneva;\"><b>4. Cultivan relaciones ganar-ganar.<\/b><br \/><\/span><span style=\"font-family: verdana, arial, geneva;\"><br \/>Estas personas tienen un profundo esp\u00edritu de cooperaci\u00f3n. Creen en que la efectividad se logra a trav\u00e9s del trabajo en equipo de dos o m\u00e1s personas. Tienen una mentalidad de abundancia y una actitud permanente de b\u00fasqueda del beneficio mutuo. Logran una comunicaci\u00f3n efectiva y una gran confianza en su relaci\u00f3n con los dem\u00e1s.<\/p>\n<p><\/span><span style=\"font-family: verdana, arial, geneva;\"><b>5. Buscan primero entender y despu\u00e9s ser entendidos.<\/b><br \/><\/span><span style=\"font-family: verdana, arial, geneva;\"><br \/>A estas personas les gusta mucho observar con detenimiento y escuchar con atenci\u00f3n. No juzgan a los dem\u00e1s y se interesan en conocer las necesidades, intereses y preocupaciones de los dem\u00e1s. Este es un h\u00e1bito clave en la vida, para construir buenas relaciones interpersonales y es la esencia del buen profesional.<\/p>\n<p><\/span><span style=\"font-family: verdana, arial, geneva;\"><b>6. Creen en la sinergia.<\/b><br \/><\/span><span style=\"font-family: verdana, arial, geneva;\"><br \/>Las personas altamente eficaces practican la cooperaci\u00f3n y el trabajo en equipo pero creativamente. Desarrollan la habilidad de valorar y aprovechar las diferencias que tienen con los dem\u00e1s y un gran esp\u00edritu de respeto mutuo. De esto obtienen perspectivas m\u00e1s amplias y diferentes.<\/p>\n<p><\/span><span style=\"font-family: verdana, arial, geneva;\"><b>7. Se afilan permanentemente.<\/b><br \/><\/span><span style=\"font-family: verdana, arial, geneva;\"><br \/>Estas personas practican la auto-renovaci\u00f3n y el auto-mejoramiento constante en su vida f\u00edsica, mental, espiritual y socio-emocional. De esta manera pueden incidir en todos los aspectos de su vida y a su vez pueden cultivar los otros 7 h\u00e1bitos.<\/p>\n<p><a href=\"http:\/\/www.franklincovey.com\/\" target=\"_blank\">(Si desea ir al sitio web del libro de Stephen Covey haga click aqu\u00ed).<\/a><\/span><\/p>\n","protected":false},"excerpt":{"rendered":"<p>(El siguiente texto es un resumen personal elaborado para compartir r\u00e1pidamente mis aprendizajes del libro de Stephen Covey. Juan Carlos Jim\u00e9nez) 1. Son proactivas.Son aquellas personas que son responsables de su propia vida. Son las personas que determinan la agenda&hellip;<\/p>\n","protected":false},"author":1,"featured_media":0,"parent":1841,"menu_order":0,"comment_status":"open","ping_status":"open","template":"","meta":{"footnotes":""},"class_list":["post-2016","page","type-page","status-publish","hentry","entry","no-media"],"yoast_head":"<!-- This site is optimized with the Yoast SEO plugin v26.9 - https:\/\/yoast.com\/product\/yoast-seo-wordpress\/ -->\n<title>S\u00edntesis de &quot;Los 7 h\u00e1bitos de la gente efectiva&quot;, de Stephen Covey. - Cograf Comunicaciones<\/title>\n<meta name=\"robots\" content=\"index, follow, max-snippet:-1, max-image-preview:large, max-video-preview:-1\" \/>\n<link rel=\"canonical\" href=\"https:\/\/cograf.com\/site\/cultura-de-servicio\/lecturas-de-apoyo\/sintesis-de-los-7-habitos-de-la-gente-efectiva-de-stephen-covey\/\" \/>\n<meta property=\"og:locale\" content=\"es_ES\" \/>\n<meta property=\"og:type\" content=\"article\" \/>\n<meta property=\"og:title\" content=\"S\u00edntesis de &quot;Los 7 h\u00e1bitos de la gente efectiva&quot;, de Stephen Covey. - Cograf Comunicaciones\" \/>\n<meta property=\"og:description\" content=\"(El siguiente texto es un resumen personal elaborado para compartir r\u00e1pidamente mis aprendizajes del libro de Stephen Covey. Juan Carlos Jim\u00e9nez) 1. Son proactivas.Son aquellas personas que son responsables de su propia vida. Son las personas que determinan la agenda&hellip;\" \/>\n<meta property=\"og:url\" content=\"https:\/\/cograf.com\/site\/cultura-de-servicio\/lecturas-de-apoyo\/sintesis-de-los-7-habitos-de-la-gente-efectiva-de-stephen-covey\/\" \/>\n<meta property=\"og:site_name\" content=\"Cograf Comunicaciones\" \/>\n<meta name=\"twitter:card\" content=\"summary_large_image\" \/>\n<meta name=\"twitter:label1\" content=\"Tiempo de lectura\" \/>\n\t<meta name=\"twitter:data1\" content=\"2 minutos\" \/>\n<script type=\"application\/ld+json\" class=\"yoast-schema-graph\">{\"@context\":\"https:\/\/schema.org\",\"@graph\":[{\"@type\":\"WebPage\",\"@id\":\"https:\/\/cograf.com\/site\/cultura-de-servicio\/lecturas-de-apoyo\/sintesis-de-los-7-habitos-de-la-gente-efectiva-de-stephen-covey\/\",\"url\":\"https:\/\/cograf.com\/site\/cultura-de-servicio\/lecturas-de-apoyo\/sintesis-de-los-7-habitos-de-la-gente-efectiva-de-stephen-covey\/\",\"name\":\"S\u00edntesis de \\\"Los 7 h\u00e1bitos de la gente efectiva\\\", de Stephen Covey. - Cograf Comunicaciones\",\"isPartOf\":{\"@id\":\"https:\/\/cograf.com\/site\/#website\"},\"datePublished\":\"2014-01-15T16:27:58+00:00\",\"breadcrumb\":{\"@id\":\"https:\/\/cograf.com\/site\/cultura-de-servicio\/lecturas-de-apoyo\/sintesis-de-los-7-habitos-de-la-gente-efectiva-de-stephen-covey\/#breadcrumb\"},\"inLanguage\":\"es\",\"potentialAction\":[{\"@type\":\"ReadAction\",\"target\":[\"https:\/\/cograf.com\/site\/cultura-de-servicio\/lecturas-de-apoyo\/sintesis-de-los-7-habitos-de-la-gente-efectiva-de-stephen-covey\/\"]}]},{\"@type\":\"BreadcrumbList\",\"@id\":\"https:\/\/cograf.com\/site\/cultura-de-servicio\/lecturas-de-apoyo\/sintesis-de-los-7-habitos-de-la-gente-efectiva-de-stephen-covey\/#breadcrumb\",\"itemListElement\":[{\"@type\":\"ListItem\",\"position\":1,\"name\":\"Portada\",\"item\":\"https:\/\/cograf.com\/site\/\"},{\"@type\":\"ListItem\",\"position\":2,\"name\":\"Cultura de Servicio\",\"item\":\"https:\/\/cograf.com\/site\/cultura-de-servicio\/\"},{\"@type\":\"ListItem\",\"position\":3,\"name\":\"Lecturas de apoyo\",\"item\":\"https:\/\/cograf.com\/site\/cultura-de-servicio\/lecturas-de-apoyo\/\"},{\"@type\":\"ListItem\",\"position\":4,\"name\":\"S\u00edntesis de \u00abLos 7 h\u00e1bitos de la gente efectiva\u00bb, de Stephen Covey.\"}]},{\"@type\":\"WebSite\",\"@id\":\"https:\/\/cograf.com\/site\/#website\",\"url\":\"https:\/\/cograf.com\/site\/\",\"name\":\"Cograf Comunicaciones\",\"description\":\"Imagen de marcas\",\"publisher\":{\"@id\":\"https:\/\/cograf.com\/site\/#organization\"},\"potentialAction\":[{\"@type\":\"SearchAction\",\"target\":{\"@type\":\"EntryPoint\",\"urlTemplate\":\"https:\/\/cograf.com\/site\/?s={search_term_string}\"},\"query-input\":{\"@type\":\"PropertyValueSpecification\",\"valueRequired\":true,\"valueName\":\"search_term_string\"}}],\"inLanguage\":\"es\"},{\"@type\":\"Organization\",\"@id\":\"https:\/\/cograf.com\/site\/#organization\",\"name\":\"Cograf Comunicaciones\",\"url\":\"https:\/\/cograf.com\/site\/\",\"logo\":{\"@type\":\"ImageObject\",\"inLanguage\":\"es\",\"@id\":\"https:\/\/cograf.com\/site\/#\/schema\/logo\/image\/\",\"url\":\"https:\/\/cograf.com\/site\/wp-content\/uploads\/2020\/10\/logo_cograf_new.jpg\",\"contentUrl\":\"https:\/\/cograf.com\/site\/wp-content\/uploads\/2020\/10\/logo_cograf_new.jpg\",\"width\":501,\"height\":301,\"caption\":\"Cograf Comunicaciones\"},\"image\":{\"@id\":\"https:\/\/cograf.com\/site\/#\/schema\/logo\/image\/\"}}]}<\/script>\n<!-- \/ Yoast SEO plugin. -->","yoast_head_json":{"title":"S\u00edntesis de \"Los 7 h\u00e1bitos de la gente efectiva\", de Stephen Covey. - Cograf Comunicaciones","robots":{"index":"index","follow":"follow","max-snippet":"max-snippet:-1","max-image-preview":"max-image-preview:large","max-video-preview":"max-video-preview:-1"},"canonical":"https:\/\/cograf.com\/site\/cultura-de-servicio\/lecturas-de-apoyo\/sintesis-de-los-7-habitos-de-la-gente-efectiva-de-stephen-covey\/","og_locale":"es_ES","og_type":"article","og_title":"S\u00edntesis de \"Los 7 h\u00e1bitos de la gente efectiva\", de Stephen Covey. - Cograf Comunicaciones","og_description":"(El siguiente texto es un resumen personal elaborado para compartir r\u00e1pidamente mis aprendizajes del libro de Stephen Covey. Juan Carlos Jim\u00e9nez) 1. Son proactivas.Son aquellas personas que son responsables de su propia vida. Son las personas que determinan la agenda&hellip;","og_url":"https:\/\/cograf.com\/site\/cultura-de-servicio\/lecturas-de-apoyo\/sintesis-de-los-7-habitos-de-la-gente-efectiva-de-stephen-covey\/","og_site_name":"Cograf Comunicaciones","twitter_card":"summary_large_image","twitter_misc":{"Tiempo de lectura":"2 minutos"},"schema":{"@context":"https:\/\/schema.org","@graph":[{"@type":"WebPage","@id":"https:\/\/cograf.com\/site\/cultura-de-servicio\/lecturas-de-apoyo\/sintesis-de-los-7-habitos-de-la-gente-efectiva-de-stephen-covey\/","url":"https:\/\/cograf.com\/site\/cultura-de-servicio\/lecturas-de-apoyo\/sintesis-de-los-7-habitos-de-la-gente-efectiva-de-stephen-covey\/","name":"S\u00edntesis de \"Los 7 h\u00e1bitos de la gente efectiva\", de Stephen Covey. - Cograf Comunicaciones","isPartOf":{"@id":"https:\/\/cograf.com\/site\/#website"},"datePublished":"2014-01-15T16:27:58+00:00","breadcrumb":{"@id":"https:\/\/cograf.com\/site\/cultura-de-servicio\/lecturas-de-apoyo\/sintesis-de-los-7-habitos-de-la-gente-efectiva-de-stephen-covey\/#breadcrumb"},"inLanguage":"es","potentialAction":[{"@type":"ReadAction","target":["https:\/\/cograf.com\/site\/cultura-de-servicio\/lecturas-de-apoyo\/sintesis-de-los-7-habitos-de-la-gente-efectiva-de-stephen-covey\/"]}]},{"@type":"BreadcrumbList","@id":"https:\/\/cograf.com\/site\/cultura-de-servicio\/lecturas-de-apoyo\/sintesis-de-los-7-habitos-de-la-gente-efectiva-de-stephen-covey\/#breadcrumb","itemListElement":[{"@type":"ListItem","position":1,"name":"Portada","item":"https:\/\/cograf.com\/site\/"},{"@type":"ListItem","position":2,"name":"Cultura de Servicio","item":"https:\/\/cograf.com\/site\/cultura-de-servicio\/"},{"@type":"ListItem","position":3,"name":"Lecturas de apoyo","item":"https:\/\/cograf.com\/site\/cultura-de-servicio\/lecturas-de-apoyo\/"},{"@type":"ListItem","position":4,"name":"S\u00edntesis de \u00abLos 7 h\u00e1bitos de la gente efectiva\u00bb, de Stephen Covey."}]},{"@type":"WebSite","@id":"https:\/\/cograf.com\/site\/#website","url":"https:\/\/cograf.com\/site\/","name":"Cograf Comunicaciones","description":"Imagen de marcas","publisher":{"@id":"https:\/\/cograf.com\/site\/#organization"},"potentialAction":[{"@type":"SearchAction","target":{"@type":"EntryPoint","urlTemplate":"https:\/\/cograf.com\/site\/?s={search_term_string}"},"query-input":{"@type":"PropertyValueSpecification","valueRequired":true,"valueName":"search_term_string"}}],"inLanguage":"es"},{"@type":"Organization","@id":"https:\/\/cograf.com\/site\/#organization","name":"Cograf Comunicaciones","url":"https:\/\/cograf.com\/site\/","logo":{"@type":"ImageObject","inLanguage":"es","@id":"https:\/\/cograf.com\/site\/#\/schema\/logo\/image\/","url":"https:\/\/cograf.com\/site\/wp-content\/uploads\/2020\/10\/logo_cograf_new.jpg","contentUrl":"https:\/\/cograf.com\/site\/wp-content\/uploads\/2020\/10\/logo_cograf_new.jpg","width":501,"height":301,"caption":"Cograf Comunicaciones"},"image":{"@id":"https:\/\/cograf.com\/site\/#\/schema\/logo\/image\/"}}]}},"_links":{"self":[{"href":"https:\/\/cograf.com\/site\/wp-json\/wp\/v2\/pages\/2016","targetHints":{"allow":["GET"]}}],"collection":[{"href":"https:\/\/cograf.com\/site\/wp-json\/wp\/v2\/pages"}],"about":[{"href":"https:\/\/cograf.com\/site\/wp-json\/wp\/v2\/types\/page"}],"author":[{"embeddable":true,"href":"https:\/\/cograf.com\/site\/wp-json\/wp\/v2\/users\/1"}],"replies":[{"embeddable":true,"href":"https:\/\/cograf.com\/site\/wp-json\/wp\/v2\/comments?post=2016"}],"version-history":[{"count":0,"href":"https:\/\/cograf.com\/site\/wp-json\/wp\/v2\/pages\/2016\/revisions"}],"up":[{"embeddable":true,"href":"https:\/\/cograf.com\/site\/wp-json\/wp\/v2\/pages\/1841"}],"wp:attachment":[{"href":"https:\/\/cograf.com\/site\/wp-json\/wp\/v2\/media?parent=2016"}],"curies":[{"name":"wp","href":"https:\/\/api.w.org\/{rel}","templated":true}]}}