{"id":2013,"date":"2014-01-15T11:49:58","date_gmt":"2014-01-15T16:19:58","guid":{"rendered":"https:\/\/cograf.com\/site\/?page_id=2013"},"modified":"2014-01-15T11:49:58","modified_gmt":"2014-01-15T16:19:58","slug":"la-rana-hervida","status":"publish","type":"page","link":"https:\/\/cograf.com\/site\/cultura-de-servicio\/lecturas-de-apoyo\/la-rana-hervida\/","title":{"rendered":"La Rana Hervida (*)"},"content":{"rendered":"<p><span style=\"font-family: verdana, arial, geneva;\">Hay un experimento cl\u00e1sico de fisiolog\u00eda que se llama \u00abEl Fen\u00f3meno de la Rana Hervida\u00bb. Se presenta en tres tiempos.<\/p>\n<p>En un primer acto se echa una rana viva dentro de un tobo de agua fr\u00eda. La rana, aunque confinada a un espacio limitado, se mueve con comodidad. En un segundo acto se tira la rana en un tobo, pero esta vez en agua hirviendo. La rana percibe la crisis y no le queda m\u00e1s opci\u00f3n sino patalear y brincar violentamente para salvar el pellejo. Muchas ranas logran saltar hacia afuera y salvarse, aunque un tanto chamuscada. Otras, menos activas, sucumben en la crisis. Tercer acto: Se tira la rana dentro del tobo de agua fr\u00eda, pero hay un elemento nuevo: debajo del tobo se coloca una mecha prendida, que va lentamente calentando el agua. Si el aumento de la temperatura es gradual, la rana lo tolera y se va adaptando sin tomar medidas.<\/p>\n<p>Aunque en todo momento tiene la posibilidad de saltar hacia afuera, lo aplaza y aplaza hasta que est\u00e1 a tal grado debilitada por su comodidad de adaptaci\u00f3n, que ya no le quedan energ\u00edas y muere hervida. Es lo que ocurre cuando en un sistema, la adaptaci\u00f3n no va acompa\u00f1ada por una oportuna toma de conciencia que permita detectar a tiempo su umbral de fatalidad. En el caso de la rana, la pregunta es cuanto deber\u00eda haber sido el cambio en un determinado plazo, para que la criatura se hubiera dado cuenta de lo que ocurr\u00eda.<\/p>\n<p>Hay en este cl\u00e1sico experimento una importante lecci\u00f3n de liderazgo. A trav\u00e9s de la historia, los grandes l\u00edderes fueron aqu\u00e9llos que supieron \u00ableer\u00bb lo que estaba pasando, y a tiempo lograron movilizar a la gente. Bien sabemos lo dif\u00edcil que es el saber lo que ocurre, m\u00e1s cuando nos encontramos embelesados por el sireneo del poder. Como lo expresara un obispo despu\u00e9s de su consagraci\u00f3n: \u00abDe ahora en adelante estar\u00e9 privado de dos grandes experiencias: La de comer un plato y la de escuchar toda la verdad\u00bb.<\/p>\n<p>Sin duda una de las grandes paradojas del liderazgo, es poder actuar y, a la vez, tomar la distancia necesaria para darse cuenta de la realidad. Constituye en efecto una de las m\u00e1s importantes disyuntivas que a todo l\u00edder, hoy m\u00e1s que nunca, le toca sortear.<\/p>\n<p>Empresas e instituciones suelen terminar como ranas hervidas si su \u00abumbral fatal\u00bb se encuentra m\u00e1s all\u00e1 de su estado de conciencia. La adaptaci\u00f3n, que es por una parte un precepto fundamental de buena gerencia, no termina all\u00ed siendo m\u00e1s que una forma sutil y enga\u00f1osa de resistirse al cambio.<\/p>\n<p>Cualquier semejanza que se detecte entre la rana hervida, y la suerte que estamos corriendo en importantes parcelas del devenir nacional, no es una mera casualidad.<\/p>\n<p><i>(*) Art\u00edculo de Iv\u00e1n Lansberg publicado en el diario El Nacional, Caracas, Venezuela<\/i><br \/><\/span><\/p>\n","protected":false},"excerpt":{"rendered":"<p>Hay un experimento cl\u00e1sico de fisiolog\u00eda que se llama \u00abEl Fen\u00f3meno de la Rana Hervida\u00bb. Se presenta en tres tiempos. En un primer acto se echa una rana viva dentro de un tobo de agua fr\u00eda. La rana, aunque confinada&hellip;<\/p>\n","protected":false},"author":1,"featured_media":0,"parent":1841,"menu_order":0,"comment_status":"open","ping_status":"open","template":"","meta":{"footnotes":""},"class_list":["post-2013","page","type-page","status-publish","hentry","entry","no-media"],"yoast_head":"<!-- This site is optimized with the Yoast SEO plugin v26.9 - https:\/\/yoast.com\/product\/yoast-seo-wordpress\/ -->\n<title>La Rana Hervida (*) - Cograf Comunicaciones<\/title>\n<meta name=\"robots\" content=\"index, follow, max-snippet:-1, max-image-preview:large, max-video-preview:-1\" \/>\n<link rel=\"canonical\" href=\"https:\/\/cograf.com\/site\/cultura-de-servicio\/lecturas-de-apoyo\/la-rana-hervida\/\" \/>\n<meta property=\"og:locale\" content=\"es_ES\" \/>\n<meta property=\"og:type\" content=\"article\" \/>\n<meta property=\"og:title\" content=\"La Rana Hervida (*) - Cograf Comunicaciones\" \/>\n<meta property=\"og:description\" content=\"Hay un experimento cl\u00e1sico de fisiolog\u00eda que se llama \u00abEl Fen\u00f3meno de la Rana Hervida\u00bb. Se presenta en tres tiempos. En un primer acto se echa una rana viva dentro de un tobo de agua fr\u00eda. La rana, aunque confinada&hellip;\" \/>\n<meta property=\"og:url\" content=\"https:\/\/cograf.com\/site\/cultura-de-servicio\/lecturas-de-apoyo\/la-rana-hervida\/\" \/>\n<meta property=\"og:site_name\" content=\"Cograf Comunicaciones\" \/>\n<meta name=\"twitter:card\" content=\"summary_large_image\" \/>\n<meta name=\"twitter:label1\" content=\"Tiempo de lectura\" \/>\n\t<meta name=\"twitter:data1\" content=\"3 minutos\" \/>\n<script type=\"application\/ld+json\" class=\"yoast-schema-graph\">{\"@context\":\"https:\/\/schema.org\",\"@graph\":[{\"@type\":\"WebPage\",\"@id\":\"https:\/\/cograf.com\/site\/cultura-de-servicio\/lecturas-de-apoyo\/la-rana-hervida\/\",\"url\":\"https:\/\/cograf.com\/site\/cultura-de-servicio\/lecturas-de-apoyo\/la-rana-hervida\/\",\"name\":\"La Rana Hervida (*) - Cograf Comunicaciones\",\"isPartOf\":{\"@id\":\"https:\/\/cograf.com\/site\/#website\"},\"datePublished\":\"2014-01-15T16:19:58+00:00\",\"breadcrumb\":{\"@id\":\"https:\/\/cograf.com\/site\/cultura-de-servicio\/lecturas-de-apoyo\/la-rana-hervida\/#breadcrumb\"},\"inLanguage\":\"es\",\"potentialAction\":[{\"@type\":\"ReadAction\",\"target\":[\"https:\/\/cograf.com\/site\/cultura-de-servicio\/lecturas-de-apoyo\/la-rana-hervida\/\"]}]},{\"@type\":\"BreadcrumbList\",\"@id\":\"https:\/\/cograf.com\/site\/cultura-de-servicio\/lecturas-de-apoyo\/la-rana-hervida\/#breadcrumb\",\"itemListElement\":[{\"@type\":\"ListItem\",\"position\":1,\"name\":\"Portada\",\"item\":\"https:\/\/cograf.com\/site\/\"},{\"@type\":\"ListItem\",\"position\":2,\"name\":\"Cultura de Servicio\",\"item\":\"https:\/\/cograf.com\/site\/cultura-de-servicio\/\"},{\"@type\":\"ListItem\",\"position\":3,\"name\":\"Lecturas de apoyo\",\"item\":\"https:\/\/cograf.com\/site\/cultura-de-servicio\/lecturas-de-apoyo\/\"},{\"@type\":\"ListItem\",\"position\":4,\"name\":\"La Rana Hervida (*)\"}]},{\"@type\":\"WebSite\",\"@id\":\"https:\/\/cograf.com\/site\/#website\",\"url\":\"https:\/\/cograf.com\/site\/\",\"name\":\"Cograf Comunicaciones\",\"description\":\"Imagen de marcas\",\"publisher\":{\"@id\":\"https:\/\/cograf.com\/site\/#organization\"},\"potentialAction\":[{\"@type\":\"SearchAction\",\"target\":{\"@type\":\"EntryPoint\",\"urlTemplate\":\"https:\/\/cograf.com\/site\/?s={search_term_string}\"},\"query-input\":{\"@type\":\"PropertyValueSpecification\",\"valueRequired\":true,\"valueName\":\"search_term_string\"}}],\"inLanguage\":\"es\"},{\"@type\":\"Organization\",\"@id\":\"https:\/\/cograf.com\/site\/#organization\",\"name\":\"Cograf Comunicaciones\",\"url\":\"https:\/\/cograf.com\/site\/\",\"logo\":{\"@type\":\"ImageObject\",\"inLanguage\":\"es\",\"@id\":\"https:\/\/cograf.com\/site\/#\/schema\/logo\/image\/\",\"url\":\"https:\/\/cograf.com\/site\/wp-content\/uploads\/2020\/10\/logo_cograf_new.jpg\",\"contentUrl\":\"https:\/\/cograf.com\/site\/wp-content\/uploads\/2020\/10\/logo_cograf_new.jpg\",\"width\":501,\"height\":301,\"caption\":\"Cograf Comunicaciones\"},\"image\":{\"@id\":\"https:\/\/cograf.com\/site\/#\/schema\/logo\/image\/\"}}]}<\/script>\n<!-- \/ Yoast SEO plugin. -->","yoast_head_json":{"title":"La Rana Hervida (*) - Cograf Comunicaciones","robots":{"index":"index","follow":"follow","max-snippet":"max-snippet:-1","max-image-preview":"max-image-preview:large","max-video-preview":"max-video-preview:-1"},"canonical":"https:\/\/cograf.com\/site\/cultura-de-servicio\/lecturas-de-apoyo\/la-rana-hervida\/","og_locale":"es_ES","og_type":"article","og_title":"La Rana Hervida (*) - Cograf Comunicaciones","og_description":"Hay un experimento cl\u00e1sico de fisiolog\u00eda que se llama \u00abEl Fen\u00f3meno de la Rana Hervida\u00bb. Se presenta en tres tiempos. En un primer acto se echa una rana viva dentro de un tobo de agua fr\u00eda. La rana, aunque confinada&hellip;","og_url":"https:\/\/cograf.com\/site\/cultura-de-servicio\/lecturas-de-apoyo\/la-rana-hervida\/","og_site_name":"Cograf Comunicaciones","twitter_card":"summary_large_image","twitter_misc":{"Tiempo de lectura":"3 minutos"},"schema":{"@context":"https:\/\/schema.org","@graph":[{"@type":"WebPage","@id":"https:\/\/cograf.com\/site\/cultura-de-servicio\/lecturas-de-apoyo\/la-rana-hervida\/","url":"https:\/\/cograf.com\/site\/cultura-de-servicio\/lecturas-de-apoyo\/la-rana-hervida\/","name":"La Rana Hervida (*) - Cograf Comunicaciones","isPartOf":{"@id":"https:\/\/cograf.com\/site\/#website"},"datePublished":"2014-01-15T16:19:58+00:00","breadcrumb":{"@id":"https:\/\/cograf.com\/site\/cultura-de-servicio\/lecturas-de-apoyo\/la-rana-hervida\/#breadcrumb"},"inLanguage":"es","potentialAction":[{"@type":"ReadAction","target":["https:\/\/cograf.com\/site\/cultura-de-servicio\/lecturas-de-apoyo\/la-rana-hervida\/"]}]},{"@type":"BreadcrumbList","@id":"https:\/\/cograf.com\/site\/cultura-de-servicio\/lecturas-de-apoyo\/la-rana-hervida\/#breadcrumb","itemListElement":[{"@type":"ListItem","position":1,"name":"Portada","item":"https:\/\/cograf.com\/site\/"},{"@type":"ListItem","position":2,"name":"Cultura de Servicio","item":"https:\/\/cograf.com\/site\/cultura-de-servicio\/"},{"@type":"ListItem","position":3,"name":"Lecturas de apoyo","item":"https:\/\/cograf.com\/site\/cultura-de-servicio\/lecturas-de-apoyo\/"},{"@type":"ListItem","position":4,"name":"La Rana Hervida (*)"}]},{"@type":"WebSite","@id":"https:\/\/cograf.com\/site\/#website","url":"https:\/\/cograf.com\/site\/","name":"Cograf Comunicaciones","description":"Imagen de marcas","publisher":{"@id":"https:\/\/cograf.com\/site\/#organization"},"potentialAction":[{"@type":"SearchAction","target":{"@type":"EntryPoint","urlTemplate":"https:\/\/cograf.com\/site\/?s={search_term_string}"},"query-input":{"@type":"PropertyValueSpecification","valueRequired":true,"valueName":"search_term_string"}}],"inLanguage":"es"},{"@type":"Organization","@id":"https:\/\/cograf.com\/site\/#organization","name":"Cograf Comunicaciones","url":"https:\/\/cograf.com\/site\/","logo":{"@type":"ImageObject","inLanguage":"es","@id":"https:\/\/cograf.com\/site\/#\/schema\/logo\/image\/","url":"https:\/\/cograf.com\/site\/wp-content\/uploads\/2020\/10\/logo_cograf_new.jpg","contentUrl":"https:\/\/cograf.com\/site\/wp-content\/uploads\/2020\/10\/logo_cograf_new.jpg","width":501,"height":301,"caption":"Cograf Comunicaciones"},"image":{"@id":"https:\/\/cograf.com\/site\/#\/schema\/logo\/image\/"}}]}},"_links":{"self":[{"href":"https:\/\/cograf.com\/site\/wp-json\/wp\/v2\/pages\/2013","targetHints":{"allow":["GET"]}}],"collection":[{"href":"https:\/\/cograf.com\/site\/wp-json\/wp\/v2\/pages"}],"about":[{"href":"https:\/\/cograf.com\/site\/wp-json\/wp\/v2\/types\/page"}],"author":[{"embeddable":true,"href":"https:\/\/cograf.com\/site\/wp-json\/wp\/v2\/users\/1"}],"replies":[{"embeddable":true,"href":"https:\/\/cograf.com\/site\/wp-json\/wp\/v2\/comments?post=2013"}],"version-history":[{"count":0,"href":"https:\/\/cograf.com\/site\/wp-json\/wp\/v2\/pages\/2013\/revisions"}],"up":[{"embeddable":true,"href":"https:\/\/cograf.com\/site\/wp-json\/wp\/v2\/pages\/1841"}],"wp:attachment":[{"href":"https:\/\/cograf.com\/site\/wp-json\/wp\/v2\/media?parent=2013"}],"curies":[{"name":"wp","href":"https:\/\/api.w.org\/{rel}","templated":true}]}}