{"id":1998,"date":"2014-01-15T11:31:02","date_gmt":"2014-01-15T16:01:02","guid":{"rendered":"https:\/\/cograf.com\/site\/?page_id=1998"},"modified":"2014-01-15T11:32:47","modified_gmt":"2014-01-15T16:02:47","slug":"paradigma-del-agua-fria","status":"publish","type":"page","link":"https:\/\/cograf.com\/site\/cultura-de-servicio\/lecturas-de-apoyo\/paradigma-del-agua-fria\/","title":{"rendered":"Paradigma del Agua Fr\u00eda"},"content":{"rendered":"<p><span style=\"font-family: verdana, arial, geneva;\">Un grupo de cient\u00edficos encerr\u00f3 a cinco monos en una jaula, en cuyo centro colocaron una escalera y sobre ella un racimo de pl\u00e1tanos.\u00a0<\/span><\/p>\n<p>Cuando un mono intentaba subir la escalera para agarrar los pl\u00e1tanos, los cient\u00edficos lanzaban un chorro de agua fr\u00eda sobre los que quedaban en el suelo.\u00a0<\/p>\n<p>Despu\u00e9s de alg\u00fan tiempo, cuando un mono iba a subir la escalera, los otros lo agarraban a golpes.\u00a0<\/p>\n<p>Pasado alg\u00fan tiempo m\u00e1s, ning\u00fan mono sub\u00eda la escalera a pesar de la tentaci\u00f3n de los pl\u00e1tanos.\u00a0<\/p>\n<p>Entonces, los cient\u00edficos sustituyeron a uno de los monos.\u00a0<\/p>\n<p>La primera cosa que hizo fue subir la escalera, y fue r\u00e1pidamente bajado a golpes por los otros.\u00a0<\/p>\n<p>Despu\u00e9s de algunas golpizas, el nuevo integrante del grupo ya no subi\u00f3 m\u00e1s la escalera.\u00a0<\/p>\n<p>Un segundo mono fue sustu\u00eddo y ocurri\u00f3 lo mismo, y el primer sustituto particip\u00f3 con entusiasmo de la golpiza al novato.\u00a0<\/p>\n<p>Un tercer mono fue cambiado y se repiti\u00f3 el hecho.\u00a0<\/p>\n<p>El cuarto y finalmente el \u00faltimo de los veteranos tambi\u00e9n fueron sustituidos, con los mismos resultados.<\/p>\n<p>Los cient\u00edficos quedaron entonces con un grupo de cinco monos que, a\u00fan cuando nunca recibieron un ba\u00f1o de agua fr\u00eda, continuaban golpeando a aquel que intentase llegar a los pl\u00e1tanos.\u00a0<\/p>\n<p>Si fuese posible preguntar a algunos de ellos por qu\u00e9 le pegaban a quien intentase subir la escalera, con certeza la respuesta ser\u00eda:\u00a0<\/p>\n<p><i><b>\u00abNo s\u00e9, las cosas aqu\u00ed siempre se han hecho as\u00ed.\u00bb<\/b><\/i><\/p>\n","protected":false},"excerpt":{"rendered":"<p>Un grupo de cient\u00edficos encerr\u00f3 a cinco monos en una jaula, en cuyo centro colocaron una escalera y sobre ella un racimo de pl\u00e1tanos.\u00a0 Cuando un mono intentaba subir la escalera para agarrar los pl\u00e1tanos, los cient\u00edficos lanzaban un chorro&hellip;<\/p>\n","protected":false},"author":1,"featured_media":0,"parent":1841,"menu_order":0,"comment_status":"open","ping_status":"open","template":"","meta":{"footnotes":""},"class_list":["post-1998","page","type-page","status-publish","hentry","entry","no-media"],"yoast_head":"<!-- This site is optimized with the Yoast SEO plugin v26.9 - https:\/\/yoast.com\/product\/yoast-seo-wordpress\/ -->\n<title>Paradigma del Agua Fr\u00eda - Cograf Comunicaciones<\/title>\n<meta name=\"robots\" content=\"index, follow, max-snippet:-1, max-image-preview:large, max-video-preview:-1\" \/>\n<link rel=\"canonical\" href=\"https:\/\/cograf.com\/site\/cultura-de-servicio\/lecturas-de-apoyo\/paradigma-del-agua-fria\/\" \/>\n<meta property=\"og:locale\" content=\"es_ES\" \/>\n<meta property=\"og:type\" content=\"article\" \/>\n<meta property=\"og:title\" content=\"Paradigma del Agua Fr\u00eda - Cograf Comunicaciones\" \/>\n<meta property=\"og:description\" content=\"Un grupo de cient\u00edficos encerr\u00f3 a cinco monos en una jaula, en cuyo centro colocaron una escalera y sobre ella un racimo de pl\u00e1tanos.\u00a0 Cuando un mono intentaba subir la escalera para agarrar los pl\u00e1tanos, los cient\u00edficos lanzaban un chorro&hellip;\" \/>\n<meta property=\"og:url\" content=\"https:\/\/cograf.com\/site\/cultura-de-servicio\/lecturas-de-apoyo\/paradigma-del-agua-fria\/\" \/>\n<meta property=\"og:site_name\" content=\"Cograf Comunicaciones\" \/>\n<meta property=\"article:modified_time\" content=\"2014-01-15T16:02:47+00:00\" \/>\n<meta name=\"twitter:card\" content=\"summary_large_image\" \/>\n<meta name=\"twitter:label1\" content=\"Tiempo de lectura\" \/>\n\t<meta name=\"twitter:data1\" content=\"1 minuto\" \/>\n<script type=\"application\/ld+json\" class=\"yoast-schema-graph\">{\"@context\":\"https:\/\/schema.org\",\"@graph\":[{\"@type\":\"WebPage\",\"@id\":\"https:\/\/cograf.com\/site\/cultura-de-servicio\/lecturas-de-apoyo\/paradigma-del-agua-fria\/\",\"url\":\"https:\/\/cograf.com\/site\/cultura-de-servicio\/lecturas-de-apoyo\/paradigma-del-agua-fria\/\",\"name\":\"Paradigma del Agua Fr\u00eda - Cograf Comunicaciones\",\"isPartOf\":{\"@id\":\"https:\/\/cograf.com\/site\/#website\"},\"datePublished\":\"2014-01-15T16:01:02+00:00\",\"dateModified\":\"2014-01-15T16:02:47+00:00\",\"breadcrumb\":{\"@id\":\"https:\/\/cograf.com\/site\/cultura-de-servicio\/lecturas-de-apoyo\/paradigma-del-agua-fria\/#breadcrumb\"},\"inLanguage\":\"es\",\"potentialAction\":[{\"@type\":\"ReadAction\",\"target\":[\"https:\/\/cograf.com\/site\/cultura-de-servicio\/lecturas-de-apoyo\/paradigma-del-agua-fria\/\"]}]},{\"@type\":\"BreadcrumbList\",\"@id\":\"https:\/\/cograf.com\/site\/cultura-de-servicio\/lecturas-de-apoyo\/paradigma-del-agua-fria\/#breadcrumb\",\"itemListElement\":[{\"@type\":\"ListItem\",\"position\":1,\"name\":\"Portada\",\"item\":\"https:\/\/cograf.com\/site\/\"},{\"@type\":\"ListItem\",\"position\":2,\"name\":\"Cultura de Servicio\",\"item\":\"https:\/\/cograf.com\/site\/cultura-de-servicio\/\"},{\"@type\":\"ListItem\",\"position\":3,\"name\":\"Lecturas de apoyo\",\"item\":\"https:\/\/cograf.com\/site\/cultura-de-servicio\/lecturas-de-apoyo\/\"},{\"@type\":\"ListItem\",\"position\":4,\"name\":\"Paradigma del Agua Fr\u00eda\"}]},{\"@type\":\"WebSite\",\"@id\":\"https:\/\/cograf.com\/site\/#website\",\"url\":\"https:\/\/cograf.com\/site\/\",\"name\":\"Cograf Comunicaciones\",\"description\":\"Imagen de marcas\",\"publisher\":{\"@id\":\"https:\/\/cograf.com\/site\/#organization\"},\"potentialAction\":[{\"@type\":\"SearchAction\",\"target\":{\"@type\":\"EntryPoint\",\"urlTemplate\":\"https:\/\/cograf.com\/site\/?s={search_term_string}\"},\"query-input\":{\"@type\":\"PropertyValueSpecification\",\"valueRequired\":true,\"valueName\":\"search_term_string\"}}],\"inLanguage\":\"es\"},{\"@type\":\"Organization\",\"@id\":\"https:\/\/cograf.com\/site\/#organization\",\"name\":\"Cograf Comunicaciones\",\"url\":\"https:\/\/cograf.com\/site\/\",\"logo\":{\"@type\":\"ImageObject\",\"inLanguage\":\"es\",\"@id\":\"https:\/\/cograf.com\/site\/#\/schema\/logo\/image\/\",\"url\":\"https:\/\/cograf.com\/site\/wp-content\/uploads\/2020\/10\/logo_cograf_new.jpg\",\"contentUrl\":\"https:\/\/cograf.com\/site\/wp-content\/uploads\/2020\/10\/logo_cograf_new.jpg\",\"width\":501,\"height\":301,\"caption\":\"Cograf Comunicaciones\"},\"image\":{\"@id\":\"https:\/\/cograf.com\/site\/#\/schema\/logo\/image\/\"}}]}<\/script>\n<!-- \/ Yoast SEO plugin. -->","yoast_head_json":{"title":"Paradigma del Agua Fr\u00eda - Cograf Comunicaciones","robots":{"index":"index","follow":"follow","max-snippet":"max-snippet:-1","max-image-preview":"max-image-preview:large","max-video-preview":"max-video-preview:-1"},"canonical":"https:\/\/cograf.com\/site\/cultura-de-servicio\/lecturas-de-apoyo\/paradigma-del-agua-fria\/","og_locale":"es_ES","og_type":"article","og_title":"Paradigma del Agua Fr\u00eda - Cograf Comunicaciones","og_description":"Un grupo de cient\u00edficos encerr\u00f3 a cinco monos en una jaula, en cuyo centro colocaron una escalera y sobre ella un racimo de pl\u00e1tanos.\u00a0 Cuando un mono intentaba subir la escalera para agarrar los pl\u00e1tanos, los cient\u00edficos lanzaban un chorro&hellip;","og_url":"https:\/\/cograf.com\/site\/cultura-de-servicio\/lecturas-de-apoyo\/paradigma-del-agua-fria\/","og_site_name":"Cograf Comunicaciones","article_modified_time":"2014-01-15T16:02:47+00:00","twitter_card":"summary_large_image","twitter_misc":{"Tiempo de lectura":"1 minuto"},"schema":{"@context":"https:\/\/schema.org","@graph":[{"@type":"WebPage","@id":"https:\/\/cograf.com\/site\/cultura-de-servicio\/lecturas-de-apoyo\/paradigma-del-agua-fria\/","url":"https:\/\/cograf.com\/site\/cultura-de-servicio\/lecturas-de-apoyo\/paradigma-del-agua-fria\/","name":"Paradigma del Agua Fr\u00eda - Cograf Comunicaciones","isPartOf":{"@id":"https:\/\/cograf.com\/site\/#website"},"datePublished":"2014-01-15T16:01:02+00:00","dateModified":"2014-01-15T16:02:47+00:00","breadcrumb":{"@id":"https:\/\/cograf.com\/site\/cultura-de-servicio\/lecturas-de-apoyo\/paradigma-del-agua-fria\/#breadcrumb"},"inLanguage":"es","potentialAction":[{"@type":"ReadAction","target":["https:\/\/cograf.com\/site\/cultura-de-servicio\/lecturas-de-apoyo\/paradigma-del-agua-fria\/"]}]},{"@type":"BreadcrumbList","@id":"https:\/\/cograf.com\/site\/cultura-de-servicio\/lecturas-de-apoyo\/paradigma-del-agua-fria\/#breadcrumb","itemListElement":[{"@type":"ListItem","position":1,"name":"Portada","item":"https:\/\/cograf.com\/site\/"},{"@type":"ListItem","position":2,"name":"Cultura de Servicio","item":"https:\/\/cograf.com\/site\/cultura-de-servicio\/"},{"@type":"ListItem","position":3,"name":"Lecturas de apoyo","item":"https:\/\/cograf.com\/site\/cultura-de-servicio\/lecturas-de-apoyo\/"},{"@type":"ListItem","position":4,"name":"Paradigma del Agua Fr\u00eda"}]},{"@type":"WebSite","@id":"https:\/\/cograf.com\/site\/#website","url":"https:\/\/cograf.com\/site\/","name":"Cograf Comunicaciones","description":"Imagen de marcas","publisher":{"@id":"https:\/\/cograf.com\/site\/#organization"},"potentialAction":[{"@type":"SearchAction","target":{"@type":"EntryPoint","urlTemplate":"https:\/\/cograf.com\/site\/?s={search_term_string}"},"query-input":{"@type":"PropertyValueSpecification","valueRequired":true,"valueName":"search_term_string"}}],"inLanguage":"es"},{"@type":"Organization","@id":"https:\/\/cograf.com\/site\/#organization","name":"Cograf Comunicaciones","url":"https:\/\/cograf.com\/site\/","logo":{"@type":"ImageObject","inLanguage":"es","@id":"https:\/\/cograf.com\/site\/#\/schema\/logo\/image\/","url":"https:\/\/cograf.com\/site\/wp-content\/uploads\/2020\/10\/logo_cograf_new.jpg","contentUrl":"https:\/\/cograf.com\/site\/wp-content\/uploads\/2020\/10\/logo_cograf_new.jpg","width":501,"height":301,"caption":"Cograf Comunicaciones"},"image":{"@id":"https:\/\/cograf.com\/site\/#\/schema\/logo\/image\/"}}]}},"_links":{"self":[{"href":"https:\/\/cograf.com\/site\/wp-json\/wp\/v2\/pages\/1998","targetHints":{"allow":["GET"]}}],"collection":[{"href":"https:\/\/cograf.com\/site\/wp-json\/wp\/v2\/pages"}],"about":[{"href":"https:\/\/cograf.com\/site\/wp-json\/wp\/v2\/types\/page"}],"author":[{"embeddable":true,"href":"https:\/\/cograf.com\/site\/wp-json\/wp\/v2\/users\/1"}],"replies":[{"embeddable":true,"href":"https:\/\/cograf.com\/site\/wp-json\/wp\/v2\/comments?post=1998"}],"version-history":[{"count":0,"href":"https:\/\/cograf.com\/site\/wp-json\/wp\/v2\/pages\/1998\/revisions"}],"up":[{"embeddable":true,"href":"https:\/\/cograf.com\/site\/wp-json\/wp\/v2\/pages\/1841"}],"wp:attachment":[{"href":"https:\/\/cograf.com\/site\/wp-json\/wp\/v2\/media?parent=1998"}],"curies":[{"name":"wp","href":"https:\/\/api.w.org\/{rel}","templated":true}]}}