{"id":1989,"date":"2014-01-15T10:48:44","date_gmt":"2014-01-15T15:18:44","guid":{"rendered":"https:\/\/cograf.com\/site\/?page_id=1989"},"modified":"2014-01-15T10:48:44","modified_gmt":"2014-01-15T15:18:44","slug":"el-conductor-del-autobus-con-pasajeros-fastidiosos","status":"publish","type":"page","link":"https:\/\/cograf.com\/site\/cultura-de-servicio\/lecturas-de-apoyo\/el-conductor-del-autobus-con-pasajeros-fastidiosos\/","title":{"rendered":"El conductor del autob\u00fas con pasajeros fastidiosos"},"content":{"rendered":"<p><span style=\"font-family: Verdana, Arial, Helvetica, sans-serif;\">Imag\u00ednese que usted es el conductor de un autob\u00fas con muchos pasajeros.<\/p>\n<p><\/span><span style=\"font-family: Verdana, Arial, Helvetica, sans-serif;\">Los pasajeros son pensamientos, sentimientos, recuerdos y todas esas cosas que uno tiene en la mente y en la vida.<\/p>\n<p><\/span><span style=\"font-family: Verdana, Arial, Helvetica, sans-serif;\">Se trata de un autob\u00fas con una sola puerta de entrada, y s\u00f3lo de entrada.<\/p>\n<p><\/span><span style=\"font-family: Verdana, Arial, Helvetica, sans-serif;\">Algunos de los pasajeros son muy desagradables y hasta con apariencia peligrosa.<\/p>\n<p><\/span><span style=\"font-family: Verdana, Arial, Helvetica, sans-serif;\">Mientras usted conduce el autob\u00fas, algunos de los pasajeros comienzan a ordenarle lo que tiene que hacer y d\u00f3nde tiene que ir: \u00abAhora gire a la derecha\u00bb, \u00abahora vaya m\u00e1s r\u00e1pido\u00bb&#8230;<\/p>\n<p><\/span><span style=\"font-family: Verdana, Arial, Helvetica, sans-serif;\">Inclusive, lo insultan y lo desaniman: \u00abEres un mal conductor\u00bb, \u00aberes un fracasado\u00bb, \u00abno sabes conducir bien.\u00bb<\/p>\n<p><\/span><span style=\"font-family: Verdana, Arial, Helvetica, sans-serif;\">Usted se siente muy mal y hace casi todo lo que le piden, para que se callen o se vayan al fondo del autob\u00fas durante un rato y as\u00ed lo dejen conducir tranquilo.<\/p>\n<p><\/span><span style=\"font-family: Verdana, Arial, Helvetica, sans-serif;\">Despu\u00e9s de algunos d\u00edas se cansa de las amenazas de esos pasajeros y quiere echarlos del autob\u00fas. Pero como no puede, discute y se enfrenta con ellos.<\/p>\n<p><\/span><span style=\"font-family: Verdana, Arial, Helvetica, sans-serif;\">Sin darse cuenta, la primera cosa que ha hecho es detener el autob\u00fas. Ha dejado de conducir y ahora no est\u00e1 andando a ninguna parte.<\/p>\n<p><\/span><span style=\"font-family: Verdana, Arial, Helvetica, sans-serif;\">Adem\u00e1s, los pasajeros son muy fuertes, resisten y usted no puede bajarlos del autob\u00fas.<\/p>\n<p><\/span><span style=\"font-family: Verdana, Arial, Helvetica, sans-serif;\">As\u00ed que, resignado, vuelve a su asiento y conduce por donde ellos mandan. Usted siente que as\u00ed se aplacar\u00e1n.<\/p>\n<p><\/span><span style=\"font-family: Verdana, Arial, Helvetica, sans-serif;\">De esta forma, para que no lo molesten y no sentirse mal, usted empieza a hacer todo lo que le dicen y a dirige el autob\u00fas a d\u00f3nde le indican, para no tener que discutir con ellos, ni verlos.<\/p>\n<p><\/span><span style=\"font-family: Verdana, Arial, Helvetica, sans-serif;\">Usted hace lo que le ordenan y cada vez lo hace con m\u00e1s anticipaci\u00f3n, pensando en sacarlos de su vida.<\/p>\n<p><\/span><span style=\"font-family: Verdana, Arial, Helvetica, sans-serif;\">Casi sin darse cuenta, muy pronto ellos dejan de decirle \u00abgire a la izquierda\u00bb, sino que usted gira a la izquierda para evitar que los pasajeros se echen sobre usted y lo agredan.<\/p>\n<p><\/span><span style=\"font-family: Verdana, Arial, Helvetica, sans-serif;\">Sin tardar mucho, usted empieza a justificar sus decisiones de modo que casi cree que ellos ya no est\u00e1n en el autob\u00fas y termina por convencerse de que est\u00e1 llevando el autob\u00fas por la \u00fanica direcci\u00f3n posible.<\/p>\n<p><\/span><span style=\"font-family: Verdana, Arial, Helvetica, sans-serif;\">El poder de estos pasajeros se basa en amenazas del tipo \u00absi no haces lo que te decimos, apareceremos y haremos que nos mires, y te sientas mal\u00bb. Pero eso es todo lo que pueden hacer.<\/p>\n<p><\/span><span style=\"font-family: Verdana, Arial, Helvetica, sans-serif;\">Es verdad, cuando aparecen esos pasajeros (pensamientos y sentimientos muy negativos), parece que pueden hacerle mucho da\u00f1o. Por eso usted acepta el trato y hace lo que le dicen para que lo dejen en paz y se vayan al final del autob\u00fas donde no los vea.<\/p>\n<p><\/span><span style=\"font-family: Verdana, Arial, Helvetica, sans-serif;\">Intentando mantener el control de los pasajeros, en realidad ha perdido la direcci\u00f3n del autob\u00fas&#8230; Ellos no giran el volante, ni manejan el acelerador, ni el freno, ni deciden d\u00f3nde parar.\u00a0<b><i>El conductor es usted.<\/i><\/b><\/span><span style=\"font-family: Verdana, Arial, Helvetica, sans-serif;\"><br \/><\/span><span style=\"font-family: Verdana, Arial, Helvetica, sans-serif;\"><br \/><\/span><\/p>\n","protected":false},"excerpt":{"rendered":"<p>Imag\u00ednese que usted es el conductor de un autob\u00fas con muchos pasajeros. Los pasajeros son pensamientos, sentimientos, recuerdos y todas esas cosas que uno tiene en la mente y en la vida. Se trata de un autob\u00fas con una sola&hellip;<\/p>\n","protected":false},"author":1,"featured_media":0,"parent":1841,"menu_order":0,"comment_status":"open","ping_status":"open","template":"","meta":{"footnotes":""},"class_list":["post-1989","page","type-page","status-publish","hentry","entry","no-media"],"yoast_head":"<!-- This site is optimized with the Yoast SEO plugin v26.9 - https:\/\/yoast.com\/product\/yoast-seo-wordpress\/ -->\n<title>El conductor del autob\u00fas con pasajeros fastidiosos - Cograf Comunicaciones<\/title>\n<meta name=\"robots\" content=\"index, follow, max-snippet:-1, max-image-preview:large, max-video-preview:-1\" \/>\n<link rel=\"canonical\" href=\"https:\/\/cograf.com\/site\/cultura-de-servicio\/lecturas-de-apoyo\/el-conductor-del-autobus-con-pasajeros-fastidiosos\/\" \/>\n<meta property=\"og:locale\" content=\"es_ES\" \/>\n<meta property=\"og:type\" content=\"article\" \/>\n<meta property=\"og:title\" content=\"El conductor del autob\u00fas con pasajeros fastidiosos - Cograf Comunicaciones\" \/>\n<meta property=\"og:description\" content=\"Imag\u00ednese que usted es el conductor de un autob\u00fas con muchos pasajeros. Los pasajeros son pensamientos, sentimientos, recuerdos y todas esas cosas que uno tiene en la mente y en la vida. Se trata de un autob\u00fas con una sola&hellip;\" \/>\n<meta property=\"og:url\" content=\"https:\/\/cograf.com\/site\/cultura-de-servicio\/lecturas-de-apoyo\/el-conductor-del-autobus-con-pasajeros-fastidiosos\/\" \/>\n<meta property=\"og:site_name\" content=\"Cograf Comunicaciones\" \/>\n<meta name=\"twitter:card\" content=\"summary_large_image\" \/>\n<meta name=\"twitter:label1\" content=\"Tiempo de lectura\" \/>\n\t<meta name=\"twitter:data1\" content=\"3 minutos\" \/>\n<script type=\"application\/ld+json\" class=\"yoast-schema-graph\">{\"@context\":\"https:\/\/schema.org\",\"@graph\":[{\"@type\":\"WebPage\",\"@id\":\"https:\/\/cograf.com\/site\/cultura-de-servicio\/lecturas-de-apoyo\/el-conductor-del-autobus-con-pasajeros-fastidiosos\/\",\"url\":\"https:\/\/cograf.com\/site\/cultura-de-servicio\/lecturas-de-apoyo\/el-conductor-del-autobus-con-pasajeros-fastidiosos\/\",\"name\":\"El conductor del autob\u00fas con pasajeros fastidiosos - Cograf Comunicaciones\",\"isPartOf\":{\"@id\":\"https:\/\/cograf.com\/site\/#website\"},\"datePublished\":\"2014-01-15T15:18:44+00:00\",\"breadcrumb\":{\"@id\":\"https:\/\/cograf.com\/site\/cultura-de-servicio\/lecturas-de-apoyo\/el-conductor-del-autobus-con-pasajeros-fastidiosos\/#breadcrumb\"},\"inLanguage\":\"es\",\"potentialAction\":[{\"@type\":\"ReadAction\",\"target\":[\"https:\/\/cograf.com\/site\/cultura-de-servicio\/lecturas-de-apoyo\/el-conductor-del-autobus-con-pasajeros-fastidiosos\/\"]}]},{\"@type\":\"BreadcrumbList\",\"@id\":\"https:\/\/cograf.com\/site\/cultura-de-servicio\/lecturas-de-apoyo\/el-conductor-del-autobus-con-pasajeros-fastidiosos\/#breadcrumb\",\"itemListElement\":[{\"@type\":\"ListItem\",\"position\":1,\"name\":\"Portada\",\"item\":\"https:\/\/cograf.com\/site\/\"},{\"@type\":\"ListItem\",\"position\":2,\"name\":\"Cultura de Servicio\",\"item\":\"https:\/\/cograf.com\/site\/cultura-de-servicio\/\"},{\"@type\":\"ListItem\",\"position\":3,\"name\":\"Lecturas de apoyo\",\"item\":\"https:\/\/cograf.com\/site\/cultura-de-servicio\/lecturas-de-apoyo\/\"},{\"@type\":\"ListItem\",\"position\":4,\"name\":\"El conductor del autob\u00fas con pasajeros fastidiosos\"}]},{\"@type\":\"WebSite\",\"@id\":\"https:\/\/cograf.com\/site\/#website\",\"url\":\"https:\/\/cograf.com\/site\/\",\"name\":\"Cograf Comunicaciones\",\"description\":\"Imagen de marcas\",\"publisher\":{\"@id\":\"https:\/\/cograf.com\/site\/#organization\"},\"potentialAction\":[{\"@type\":\"SearchAction\",\"target\":{\"@type\":\"EntryPoint\",\"urlTemplate\":\"https:\/\/cograf.com\/site\/?s={search_term_string}\"},\"query-input\":{\"@type\":\"PropertyValueSpecification\",\"valueRequired\":true,\"valueName\":\"search_term_string\"}}],\"inLanguage\":\"es\"},{\"@type\":\"Organization\",\"@id\":\"https:\/\/cograf.com\/site\/#organization\",\"name\":\"Cograf Comunicaciones\",\"url\":\"https:\/\/cograf.com\/site\/\",\"logo\":{\"@type\":\"ImageObject\",\"inLanguage\":\"es\",\"@id\":\"https:\/\/cograf.com\/site\/#\/schema\/logo\/image\/\",\"url\":\"https:\/\/cograf.com\/site\/wp-content\/uploads\/2020\/10\/logo_cograf_new.jpg\",\"contentUrl\":\"https:\/\/cograf.com\/site\/wp-content\/uploads\/2020\/10\/logo_cograf_new.jpg\",\"width\":501,\"height\":301,\"caption\":\"Cograf Comunicaciones\"},\"image\":{\"@id\":\"https:\/\/cograf.com\/site\/#\/schema\/logo\/image\/\"}}]}<\/script>\n<!-- \/ Yoast SEO plugin. -->","yoast_head_json":{"title":"El conductor del autob\u00fas con pasajeros fastidiosos - Cograf Comunicaciones","robots":{"index":"index","follow":"follow","max-snippet":"max-snippet:-1","max-image-preview":"max-image-preview:large","max-video-preview":"max-video-preview:-1"},"canonical":"https:\/\/cograf.com\/site\/cultura-de-servicio\/lecturas-de-apoyo\/el-conductor-del-autobus-con-pasajeros-fastidiosos\/","og_locale":"es_ES","og_type":"article","og_title":"El conductor del autob\u00fas con pasajeros fastidiosos - Cograf Comunicaciones","og_description":"Imag\u00ednese que usted es el conductor de un autob\u00fas con muchos pasajeros. Los pasajeros son pensamientos, sentimientos, recuerdos y todas esas cosas que uno tiene en la mente y en la vida. Se trata de un autob\u00fas con una sola&hellip;","og_url":"https:\/\/cograf.com\/site\/cultura-de-servicio\/lecturas-de-apoyo\/el-conductor-del-autobus-con-pasajeros-fastidiosos\/","og_site_name":"Cograf Comunicaciones","twitter_card":"summary_large_image","twitter_misc":{"Tiempo de lectura":"3 minutos"},"schema":{"@context":"https:\/\/schema.org","@graph":[{"@type":"WebPage","@id":"https:\/\/cograf.com\/site\/cultura-de-servicio\/lecturas-de-apoyo\/el-conductor-del-autobus-con-pasajeros-fastidiosos\/","url":"https:\/\/cograf.com\/site\/cultura-de-servicio\/lecturas-de-apoyo\/el-conductor-del-autobus-con-pasajeros-fastidiosos\/","name":"El conductor del autob\u00fas con pasajeros fastidiosos - Cograf Comunicaciones","isPartOf":{"@id":"https:\/\/cograf.com\/site\/#website"},"datePublished":"2014-01-15T15:18:44+00:00","breadcrumb":{"@id":"https:\/\/cograf.com\/site\/cultura-de-servicio\/lecturas-de-apoyo\/el-conductor-del-autobus-con-pasajeros-fastidiosos\/#breadcrumb"},"inLanguage":"es","potentialAction":[{"@type":"ReadAction","target":["https:\/\/cograf.com\/site\/cultura-de-servicio\/lecturas-de-apoyo\/el-conductor-del-autobus-con-pasajeros-fastidiosos\/"]}]},{"@type":"BreadcrumbList","@id":"https:\/\/cograf.com\/site\/cultura-de-servicio\/lecturas-de-apoyo\/el-conductor-del-autobus-con-pasajeros-fastidiosos\/#breadcrumb","itemListElement":[{"@type":"ListItem","position":1,"name":"Portada","item":"https:\/\/cograf.com\/site\/"},{"@type":"ListItem","position":2,"name":"Cultura de Servicio","item":"https:\/\/cograf.com\/site\/cultura-de-servicio\/"},{"@type":"ListItem","position":3,"name":"Lecturas de apoyo","item":"https:\/\/cograf.com\/site\/cultura-de-servicio\/lecturas-de-apoyo\/"},{"@type":"ListItem","position":4,"name":"El conductor del autob\u00fas con pasajeros fastidiosos"}]},{"@type":"WebSite","@id":"https:\/\/cograf.com\/site\/#website","url":"https:\/\/cograf.com\/site\/","name":"Cograf Comunicaciones","description":"Imagen de marcas","publisher":{"@id":"https:\/\/cograf.com\/site\/#organization"},"potentialAction":[{"@type":"SearchAction","target":{"@type":"EntryPoint","urlTemplate":"https:\/\/cograf.com\/site\/?s={search_term_string}"},"query-input":{"@type":"PropertyValueSpecification","valueRequired":true,"valueName":"search_term_string"}}],"inLanguage":"es"},{"@type":"Organization","@id":"https:\/\/cograf.com\/site\/#organization","name":"Cograf Comunicaciones","url":"https:\/\/cograf.com\/site\/","logo":{"@type":"ImageObject","inLanguage":"es","@id":"https:\/\/cograf.com\/site\/#\/schema\/logo\/image\/","url":"https:\/\/cograf.com\/site\/wp-content\/uploads\/2020\/10\/logo_cograf_new.jpg","contentUrl":"https:\/\/cograf.com\/site\/wp-content\/uploads\/2020\/10\/logo_cograf_new.jpg","width":501,"height":301,"caption":"Cograf Comunicaciones"},"image":{"@id":"https:\/\/cograf.com\/site\/#\/schema\/logo\/image\/"}}]}},"_links":{"self":[{"href":"https:\/\/cograf.com\/site\/wp-json\/wp\/v2\/pages\/1989","targetHints":{"allow":["GET"]}}],"collection":[{"href":"https:\/\/cograf.com\/site\/wp-json\/wp\/v2\/pages"}],"about":[{"href":"https:\/\/cograf.com\/site\/wp-json\/wp\/v2\/types\/page"}],"author":[{"embeddable":true,"href":"https:\/\/cograf.com\/site\/wp-json\/wp\/v2\/users\/1"}],"replies":[{"embeddable":true,"href":"https:\/\/cograf.com\/site\/wp-json\/wp\/v2\/comments?post=1989"}],"version-history":[{"count":0,"href":"https:\/\/cograf.com\/site\/wp-json\/wp\/v2\/pages\/1989\/revisions"}],"up":[{"embeddable":true,"href":"https:\/\/cograf.com\/site\/wp-json\/wp\/v2\/pages\/1841"}],"wp:attachment":[{"href":"https:\/\/cograf.com\/site\/wp-json\/wp\/v2\/media?parent=1989"}],"curies":[{"name":"wp","href":"https:\/\/api.w.org\/{rel}","templated":true}]}}