{"id":1979,"date":"2014-01-15T09:54:38","date_gmt":"2014-01-15T14:24:38","guid":{"rendered":"https:\/\/cograf.com\/site\/?page_id=1979"},"modified":"2014-01-15T09:54:38","modified_gmt":"2014-01-15T14:24:38","slug":"cinco-cosas-importantes-en-la-vida","status":"publish","type":"page","link":"https:\/\/cograf.com\/site\/cultura-de-servicio\/lecturas-de-apoyo\/cinco-cosas-importantes-en-la-vida\/","title":{"rendered":"Cinco cosas importantes en la vida"},"content":{"rendered":"<p><span style=\"font-family: verdana, arial, geneva;\"><b>1. La pregunta m\u00e1s importante<\/b><\/p>\n<p>Durante mi segundo semestre en la escuela de enfermer\u00eda, nuestro profesor nos dio un examen sorpresa. Yo era un estudiante consciente y le\u00ed r\u00e1pidamente todas las preguntas, hasta que le\u00ed la ultima: \u00ab\u00bfCu\u00e1l es el nombre de la mujer que limpia la escuela?\u00bb<\/p>\n<p>Seguramente esto era alg\u00fan tipo de broma. Yo hab\u00eda visto muchas veces a la mujer que limpiaba la escuela. Ella era alta, cabello oscuro, como de cincuenta a\u00f1os, pero, \u00bfc\u00f3mo iba yo a saber su nombre?<\/p>\n<p>Entregu\u00e9 mi examen, dejando la \u00faltima pregunta en blanco.<\/p>\n<p>Antes de que terminara la clase, alguien le pregunt\u00f3 al profesor si la \u00faltima pregunta contar\u00eda para la nota del examen. \u00abAbsolutamente\u00bb, dijo el profesor. \u00abEn sus carreras ustedes conocer\u00e1n muchas personas. Todas son importantes. Ellos merecen su atenci\u00f3n y cuidado, aunque s\u00f3lo les sonr\u00edan y digan &#8216;\u00a1hola!'\u00bb<\/p>\n<p>Nunca olvid\u00e9 esa lecci\u00f3n. Tambi\u00e9n aprend\u00ed que su nombre era Dorothy.<\/p>\n<p><b><i>Todos somos importantes.<\/i><\/p>\n<p>2. Auxilio en la lluvia<\/b><\/p>\n<p>Una noche, a las 11:30 p.m., Una mujer afroamericana, de edad avanzada estaba parada en el acotamiento de una autopista de alabama, tratando de soportar una fuerte tormenta. Su coche se hab\u00eda descompuesto y ella necesitaba desesperadamente que la llevaran. Toda mojada, ella decidi\u00f3 detener el pr\u00f3ximo coche.\u00a0<\/p>\n<p>Un joven blanco se detuvo a ayudarla, a pesar de todos los conflictos que hab\u00edan ocurrido durante los 60. El joven la llev\u00f3 a un lugar seguro, la ayud\u00f3 a obtener asistencia y la puso en un taxi. Ella parec\u00eda estar bastante apurada. Ella anot\u00f3 la direcci\u00f3n del joven, le agradeci\u00f3 y se fue.<\/p>\n<p>Siete d\u00edas pasaron, cuando tocaron la puerta de su casa. Para su sorpresa, un televisor pantalla gigante a color le fue entregado por correo a su casa. Tenia una nota especial adjunta al paquete.\u00a0<\/p>\n<p>Esta dec\u00eda: \u00abMuch\u00edsimas gracias por ayudarme en la autopista la otra noche. La lluvia aneg\u00f3 no s\u00f3lo mi ropa sino mi esp\u00edritu. Entonces apareci\u00f3 usted. Gracias a usted, pude llegar al lado de la cama de mi marido agonizante, justo antes de que muriera. Dios lo bendiga por ayudarme y por servir a otros desinteresadamente. Sinceramente: La Se\u00f1ora de Nat King Cole.\u00bb<\/p>\n<p><i><b>No esperes nada a cambio y lo recibir\u00e1s.<\/p>\n<p><\/b><\/i><b>3. Siempre recuerda aquellos a quienes sirves.<\/b><\/p>\n<p>En los d\u00edas en que un helado costaba mucho menos, un ni\u00f1o de 10 a\u00f1os entr\u00f3 en un establecimiento y se sent\u00f3 a una mesa. La mesera puso un vaso de agua en frente de \u00e9l.\u00a0<\/p>\n<p>\u00ab\u00bfCu\u00e1nto cuesta un helado de chocolate con almendras?\u00bb pregunto el ni\u00f1o. \u00abCincuenta centavos\u00bb, respondi\u00f3 la mesera.\u00a0<\/p>\n<p>El ni\u00f1o sac\u00f3 su mano de su bolsillo y examin\u00f3 un n\u00famero de monedas. \u00ab\u00bfCu\u00e1nto cuesta un helado solo?\u00bb, volvi\u00f3 a preguntar.<\/p>\n<p>Algunas personas estaban esperando por una mesa y la mesera ya estaba un poco impaciente. \u00abTreinta y cinco centavos\u00bb, dijo ella bruscamente.\u00a0<\/p>\n<p>El ni\u00f1o volvi\u00f3 a contar las monedas. \u00abQuiero el helado solo\u00bb, dijo el ni\u00f1o. La mesera le trajo el helado, puso la cuenta en la mesa y se fue.<\/p>\n<p>El ni\u00f1o termin\u00f3 el helado, pag\u00f3 en la caja y se fue. Cuando la mesera volvi\u00f3, ella empez\u00f3 a limpiar la mesa y entonces le cost\u00f3 tragar saliva con lo que vio. All\u00ed, puesto ordenadamente junto al plato vac\u00edo, hab\u00eda veinticinco centavos&#8230; Su propina.<\/p>\n<p><b><i>Jam\u00e1s juzgues a alguien antes de tiempo.<\/i><\/p>\n<p>4. Los obst\u00e1culos en nuestro camino<\/b><\/p>\n<p>Hace mucho tiempo, un rey coloc\u00f3 una gran roca obstaculizando un camino. Entonces se escondi\u00f3 y mir\u00f3 para ver si alguien quitaba la tremenda roca.<\/p>\n<p>Algunos de los comerciantes m\u00e1s adinerados del rey, y cortesanos, vinieron y simplemente le dieron una vuelta. Muchos culparon al rey ruidosamente de no mantener los caminos despejados, pero ninguno hizo algo para sacar la piedra grande del camino.<\/p>\n<p>Entonces un campesino vino, y llevaba una carga de verduras. Al aproximarse a la roca, el campesino puso su carga en el piso y trat\u00f3 de mover la roca a un lado del camino. Despu\u00e9s de empujar y fatigarse mucho, lo logr\u00f3. Mientras recog\u00eda su carga de vegetales, not\u00f3 una cartera en el suelo, justo donde hab\u00eda estado la roca.<\/p>\n<p>La cartera conten\u00eda muchas monedas de oro y una nota del mismo rey indicando que el oro era para la persona que removiera la piedra del camino. El campesino aprendi\u00f3 lo que los otros nunca entendieron.\u00a0<\/p>\n<p><b><i>Cada obst\u00e1culo presenta una oportunidad para mejorar la condici\u00f3n de uno.<\/i><\/b><\/p>\n<p><b>5. Donando sangre<\/b><\/p>\n<p>Hace muchos a\u00f1os, cuando trabajaba como voluntario en un hospital, conoc\u00ed a una ni\u00f1ita llamada Liza, quien sufr\u00eda de una extra\u00f1a enfermedad. Su \u00fanica oportunidad de recuperarse aparentemente era una transfusi\u00f3n de sangre de su hermano de 5 a\u00f1os, quien hab\u00eda sobrevivido milagrosamente a la misma enfermedad y hab\u00eda desarrollado los anticuerpos necesarios para combatirla.<\/p>\n<p>El doctor explic\u00f3 la situaci\u00f3n al hermano de la ni\u00f1a, y le pregunt\u00f3 si estar\u00eda dispuesto a dar su sangre a su hermana. Yo lo vi dudar por solo un momento antes de tomar un gran suspiro y decir: \u00abSi, lo har\u00e9, si eso salva a Liza\u00bb.\u00a0<\/p>\n<p>Mientras la transfusi\u00f3n continuaba, el ni\u00f1o estaba acostado en una cama, al lado de la de su hermana, sonriente mientras nosotros lo asist\u00edamos a \u00e9l y a su hermana, viendo retornar el color a las mejillas de la ni\u00f1a. Entonces la cara del ni\u00f1o se puso p\u00e1lida y su sonrisa desapareci\u00f3. Mir\u00f3 al doctor y le pregunt\u00f3 con voz temblorosa: \u00ab\u00bfA qu\u00e9 hora empezar\u00e9 a morirme?\u00bb.<\/p>\n<p>Siendo solo un ni\u00f1o, no hab\u00eda comprendido al doctor; \u00e9l pensaba que le dar\u00eda toda su sangre a su hermana. Y aun as\u00ed se la daba.<\/p>\n<p><b><i>Da todo por quien ames<\/i><\/b>.<\/span><\/p>\n","protected":false},"excerpt":{"rendered":"<p>1. La pregunta m\u00e1s importante Durante mi segundo semestre en la escuela de enfermer\u00eda, nuestro profesor nos dio un examen sorpresa. Yo era un estudiante consciente y le\u00ed r\u00e1pidamente todas las preguntas, hasta que le\u00ed la ultima: \u00ab\u00bfCu\u00e1l es el&hellip;<\/p>\n","protected":false},"author":1,"featured_media":0,"parent":1841,"menu_order":0,"comment_status":"open","ping_status":"open","template":"","meta":{"footnotes":""},"class_list":["post-1979","page","type-page","status-publish","hentry","entry","no-media"],"yoast_head":"<!-- This site is optimized with the Yoast SEO plugin v26.9 - https:\/\/yoast.com\/product\/yoast-seo-wordpress\/ -->\n<title>Cinco cosas importantes en la vida - Cograf Comunicaciones<\/title>\n<meta name=\"robots\" content=\"index, follow, max-snippet:-1, max-image-preview:large, max-video-preview:-1\" \/>\n<link rel=\"canonical\" href=\"https:\/\/cograf.com\/site\/cultura-de-servicio\/lecturas-de-apoyo\/cinco-cosas-importantes-en-la-vida\/\" \/>\n<meta property=\"og:locale\" content=\"es_ES\" \/>\n<meta property=\"og:type\" content=\"article\" \/>\n<meta property=\"og:title\" content=\"Cinco cosas importantes en la vida - Cograf Comunicaciones\" \/>\n<meta property=\"og:description\" content=\"1. La pregunta m\u00e1s importante Durante mi segundo semestre en la escuela de enfermer\u00eda, nuestro profesor nos dio un examen sorpresa. Yo era un estudiante consciente y le\u00ed r\u00e1pidamente todas las preguntas, hasta que le\u00ed la ultima: \u00ab\u00bfCu\u00e1l es el&hellip;\" \/>\n<meta property=\"og:url\" content=\"https:\/\/cograf.com\/site\/cultura-de-servicio\/lecturas-de-apoyo\/cinco-cosas-importantes-en-la-vida\/\" \/>\n<meta property=\"og:site_name\" content=\"Cograf Comunicaciones\" \/>\n<meta name=\"twitter:card\" content=\"summary_large_image\" \/>\n<meta name=\"twitter:label1\" content=\"Tiempo de lectura\" \/>\n\t<meta name=\"twitter:data1\" content=\"5 minutos\" \/>\n<script type=\"application\/ld+json\" class=\"yoast-schema-graph\">{\"@context\":\"https:\/\/schema.org\",\"@graph\":[{\"@type\":\"WebPage\",\"@id\":\"https:\/\/cograf.com\/site\/cultura-de-servicio\/lecturas-de-apoyo\/cinco-cosas-importantes-en-la-vida\/\",\"url\":\"https:\/\/cograf.com\/site\/cultura-de-servicio\/lecturas-de-apoyo\/cinco-cosas-importantes-en-la-vida\/\",\"name\":\"Cinco cosas importantes en la vida - Cograf Comunicaciones\",\"isPartOf\":{\"@id\":\"https:\/\/cograf.com\/site\/#website\"},\"datePublished\":\"2014-01-15T14:24:38+00:00\",\"breadcrumb\":{\"@id\":\"https:\/\/cograf.com\/site\/cultura-de-servicio\/lecturas-de-apoyo\/cinco-cosas-importantes-en-la-vida\/#breadcrumb\"},\"inLanguage\":\"es\",\"potentialAction\":[{\"@type\":\"ReadAction\",\"target\":[\"https:\/\/cograf.com\/site\/cultura-de-servicio\/lecturas-de-apoyo\/cinco-cosas-importantes-en-la-vida\/\"]}]},{\"@type\":\"BreadcrumbList\",\"@id\":\"https:\/\/cograf.com\/site\/cultura-de-servicio\/lecturas-de-apoyo\/cinco-cosas-importantes-en-la-vida\/#breadcrumb\",\"itemListElement\":[{\"@type\":\"ListItem\",\"position\":1,\"name\":\"Portada\",\"item\":\"https:\/\/cograf.com\/site\/\"},{\"@type\":\"ListItem\",\"position\":2,\"name\":\"Cultura de Servicio\",\"item\":\"https:\/\/cograf.com\/site\/cultura-de-servicio\/\"},{\"@type\":\"ListItem\",\"position\":3,\"name\":\"Lecturas de apoyo\",\"item\":\"https:\/\/cograf.com\/site\/cultura-de-servicio\/lecturas-de-apoyo\/\"},{\"@type\":\"ListItem\",\"position\":4,\"name\":\"Cinco cosas importantes en la vida\"}]},{\"@type\":\"WebSite\",\"@id\":\"https:\/\/cograf.com\/site\/#website\",\"url\":\"https:\/\/cograf.com\/site\/\",\"name\":\"Cograf Comunicaciones\",\"description\":\"Imagen de marcas\",\"publisher\":{\"@id\":\"https:\/\/cograf.com\/site\/#organization\"},\"potentialAction\":[{\"@type\":\"SearchAction\",\"target\":{\"@type\":\"EntryPoint\",\"urlTemplate\":\"https:\/\/cograf.com\/site\/?s={search_term_string}\"},\"query-input\":{\"@type\":\"PropertyValueSpecification\",\"valueRequired\":true,\"valueName\":\"search_term_string\"}}],\"inLanguage\":\"es\"},{\"@type\":\"Organization\",\"@id\":\"https:\/\/cograf.com\/site\/#organization\",\"name\":\"Cograf Comunicaciones\",\"url\":\"https:\/\/cograf.com\/site\/\",\"logo\":{\"@type\":\"ImageObject\",\"inLanguage\":\"es\",\"@id\":\"https:\/\/cograf.com\/site\/#\/schema\/logo\/image\/\",\"url\":\"https:\/\/cograf.com\/site\/wp-content\/uploads\/2020\/10\/logo_cograf_new.jpg\",\"contentUrl\":\"https:\/\/cograf.com\/site\/wp-content\/uploads\/2020\/10\/logo_cograf_new.jpg\",\"width\":501,\"height\":301,\"caption\":\"Cograf Comunicaciones\"},\"image\":{\"@id\":\"https:\/\/cograf.com\/site\/#\/schema\/logo\/image\/\"}}]}<\/script>\n<!-- \/ Yoast SEO plugin. -->","yoast_head_json":{"title":"Cinco cosas importantes en la vida - Cograf Comunicaciones","robots":{"index":"index","follow":"follow","max-snippet":"max-snippet:-1","max-image-preview":"max-image-preview:large","max-video-preview":"max-video-preview:-1"},"canonical":"https:\/\/cograf.com\/site\/cultura-de-servicio\/lecturas-de-apoyo\/cinco-cosas-importantes-en-la-vida\/","og_locale":"es_ES","og_type":"article","og_title":"Cinco cosas importantes en la vida - Cograf Comunicaciones","og_description":"1. La pregunta m\u00e1s importante Durante mi segundo semestre en la escuela de enfermer\u00eda, nuestro profesor nos dio un examen sorpresa. Yo era un estudiante consciente y le\u00ed r\u00e1pidamente todas las preguntas, hasta que le\u00ed la ultima: \u00ab\u00bfCu\u00e1l es el&hellip;","og_url":"https:\/\/cograf.com\/site\/cultura-de-servicio\/lecturas-de-apoyo\/cinco-cosas-importantes-en-la-vida\/","og_site_name":"Cograf Comunicaciones","twitter_card":"summary_large_image","twitter_misc":{"Tiempo de lectura":"5 minutos"},"schema":{"@context":"https:\/\/schema.org","@graph":[{"@type":"WebPage","@id":"https:\/\/cograf.com\/site\/cultura-de-servicio\/lecturas-de-apoyo\/cinco-cosas-importantes-en-la-vida\/","url":"https:\/\/cograf.com\/site\/cultura-de-servicio\/lecturas-de-apoyo\/cinco-cosas-importantes-en-la-vida\/","name":"Cinco cosas importantes en la vida - Cograf Comunicaciones","isPartOf":{"@id":"https:\/\/cograf.com\/site\/#website"},"datePublished":"2014-01-15T14:24:38+00:00","breadcrumb":{"@id":"https:\/\/cograf.com\/site\/cultura-de-servicio\/lecturas-de-apoyo\/cinco-cosas-importantes-en-la-vida\/#breadcrumb"},"inLanguage":"es","potentialAction":[{"@type":"ReadAction","target":["https:\/\/cograf.com\/site\/cultura-de-servicio\/lecturas-de-apoyo\/cinco-cosas-importantes-en-la-vida\/"]}]},{"@type":"BreadcrumbList","@id":"https:\/\/cograf.com\/site\/cultura-de-servicio\/lecturas-de-apoyo\/cinco-cosas-importantes-en-la-vida\/#breadcrumb","itemListElement":[{"@type":"ListItem","position":1,"name":"Portada","item":"https:\/\/cograf.com\/site\/"},{"@type":"ListItem","position":2,"name":"Cultura de Servicio","item":"https:\/\/cograf.com\/site\/cultura-de-servicio\/"},{"@type":"ListItem","position":3,"name":"Lecturas de apoyo","item":"https:\/\/cograf.com\/site\/cultura-de-servicio\/lecturas-de-apoyo\/"},{"@type":"ListItem","position":4,"name":"Cinco cosas importantes en la vida"}]},{"@type":"WebSite","@id":"https:\/\/cograf.com\/site\/#website","url":"https:\/\/cograf.com\/site\/","name":"Cograf Comunicaciones","description":"Imagen de marcas","publisher":{"@id":"https:\/\/cograf.com\/site\/#organization"},"potentialAction":[{"@type":"SearchAction","target":{"@type":"EntryPoint","urlTemplate":"https:\/\/cograf.com\/site\/?s={search_term_string}"},"query-input":{"@type":"PropertyValueSpecification","valueRequired":true,"valueName":"search_term_string"}}],"inLanguage":"es"},{"@type":"Organization","@id":"https:\/\/cograf.com\/site\/#organization","name":"Cograf Comunicaciones","url":"https:\/\/cograf.com\/site\/","logo":{"@type":"ImageObject","inLanguage":"es","@id":"https:\/\/cograf.com\/site\/#\/schema\/logo\/image\/","url":"https:\/\/cograf.com\/site\/wp-content\/uploads\/2020\/10\/logo_cograf_new.jpg","contentUrl":"https:\/\/cograf.com\/site\/wp-content\/uploads\/2020\/10\/logo_cograf_new.jpg","width":501,"height":301,"caption":"Cograf Comunicaciones"},"image":{"@id":"https:\/\/cograf.com\/site\/#\/schema\/logo\/image\/"}}]}},"_links":{"self":[{"href":"https:\/\/cograf.com\/site\/wp-json\/wp\/v2\/pages\/1979","targetHints":{"allow":["GET"]}}],"collection":[{"href":"https:\/\/cograf.com\/site\/wp-json\/wp\/v2\/pages"}],"about":[{"href":"https:\/\/cograf.com\/site\/wp-json\/wp\/v2\/types\/page"}],"author":[{"embeddable":true,"href":"https:\/\/cograf.com\/site\/wp-json\/wp\/v2\/users\/1"}],"replies":[{"embeddable":true,"href":"https:\/\/cograf.com\/site\/wp-json\/wp\/v2\/comments?post=1979"}],"version-history":[{"count":0,"href":"https:\/\/cograf.com\/site\/wp-json\/wp\/v2\/pages\/1979\/revisions"}],"up":[{"embeddable":true,"href":"https:\/\/cograf.com\/site\/wp-json\/wp\/v2\/pages\/1841"}],"wp:attachment":[{"href":"https:\/\/cograf.com\/site\/wp-json\/wp\/v2\/media?parent=1979"}],"curies":[{"name":"wp","href":"https:\/\/api.w.org\/{rel}","templated":true}]}}