{"id":1975,"date":"2014-01-15T09:29:24","date_gmt":"2014-01-15T13:59:24","guid":{"rendered":"https:\/\/cograf.com\/site\/?page_id=1975"},"modified":"2014-01-15T09:29:24","modified_gmt":"2014-01-15T13:59:24","slug":"la-historia-de-jerry","status":"publish","type":"page","link":"https:\/\/cograf.com\/site\/cultura-de-servicio\/lecturas-de-apoyo\/la-historia-de-jerry\/","title":{"rendered":"La historia de Jerry"},"content":{"rendered":"<p><span style=\"font-family: Verdana, Arial, Helvetica, sans-serif;\">Jerry era el tipo de persona que te encantar\u00eda odiar. Siempre estaba de buen humor y siempre tenia algo positivo que decir. Cuando alguien le preguntaba como le iba, el respond\u00eda, \u00abSi pudiera estar mejor, tendr\u00eda un gemelo!<\/p>\n<p>El era un gerente c\u00ednico porque tenia varias meseras que lo hab\u00edan seguido de restaurante en restaurante. La raz\u00f3n por la que las meseras segu\u00edan a Jerry era por su actitud. El era un<br \/>motivador natural. Si un empleado tenia un mal d\u00eda, Jerry estaba ah\u00ed para decirle al empleado como ver el lado positivo de la situaci\u00f3n.<\/p>\n<p>Ver este estilo realmente me causo curiosidad, as\u00ed que un d\u00eda fui a buscar a Jerry y le pregunte: \u00a1No lo entiendo! No es posible ser una persona positiva todo el tiempo. Como le haces? Jerry respondi\u00f3:<\/p>\n<p>\u00abCada ma\u00f1ana me despierto y me digo a mi mismo, Jerry, tienes dos opciones hoy. Puedes escoger estar de buen humor o puedes escoger estar de mal humor. Escojo estar de buen humor. Cada vez que sucede algo malo, puedo escoger entre ser una v\u00edctima o aprender de ello. Escojo aprender de ello. Cada vez que alguien viene a mi para quejarse, puedo aceptar su queja o puedo se\u00f1alarle el lado positivo de la vida. Escojo el lado positivo de la vida.\u00bb<\/p>\n<p>\u00abSi, claro, pero no es tan f\u00e1cil,\u00bb protest\u00e9.<\/p>\n<p>!Si lo es! dijo Jerry. Todo en la vida es acerca de elecciones. Cuando quitas todo lo dem\u00e1s, cada situaci\u00f3n es una elecci\u00f3n. Tu eliges como reaccionas a situaciones. Tu eliges como la gente afectara tu estado de \u00e1nimo. Tu eliges estar de buen humor o mal humor.<\/p>\n<p>En resumen: \u00abTu eliges como vivir la vida.\u00bb<\/p>\n<p>Reflexion\u00e9 en lo que Jerry me dijo\u2026<\/p>\n<p>Poco tiempo despu\u00e9s, dej\u00e9 la industria de restaurantes para iniciar mi propio negocio. Perdimos contacto, pero con frecuencia pensaba en el cuando tenia que hacer una elecci\u00f3n en la vida en vez de reaccionar a ella. Varios a\u00f1os mas tarde, me entere que Jerry hizo algo que se supone nunca debe hacerse en un negocio de restaurante: dej\u00f3 la puerta de atr\u00e1s abierta una ma\u00f1ana y fue asaltado por tres ladrones armados. Mientras trataba de abrir la caja fuerte, su mano, temblando por el nerviosismo, resbal\u00f3 de la combinaci\u00f3n. Los asaltantes sintieron p\u00e1nico y le dispararon. Con mucha suerte, Jerry fue encontrado relativamente pronto y llevado de emergencia a una central medica local.<\/p>\n<p>Despu\u00e9s de 18 horas de cirug\u00eda y semanas de terapia intensiva Jerry fue dado de alta del hospital aun con fragmentos de bala en su cuerpo. Me encontr\u00e9 con Jerry seis meses despu\u00e9s del accidente. Cuando le pregunt\u00e9 como estaba, el respondi\u00f3:<\/p>\n<p>\u00abSi pudiera estar mejor, tendria un gemelo\u00bb. \u00bfQuieres ver mis cicatrices?\u00bb<\/p>\n<p>Rehuse ver sus heridas, pero si le pregunt\u00e9 que habia pasado por su mente cuando sucedio el asalto.\u00bbLo primero que vino a mi mente fue que deb\u00ed haber cerrado con llave la puerta de atr\u00e1s,\u00bb dijo Jerry.<\/p>\n<p>\u00abDespu\u00e9s, cuando estaba tirado en el piso, record\u00e9 que tenia dos opciones:<\/p>\n<p>Pod\u00eda elegir vivir, o pod\u00eda elegir morir&#8230; Eleg\u00ed vivir.<\/p>\n<p>\u00bfNo sentiste miedo? \u00bfPerdiste conciencia?\u00bb le pregunte. Jerry continu\u00f3:<\/p>\n<p>\u00abLos param\u00e9dicos fueron geniales. Ellos no dejaban de decirme que iba a estar bien. Pero cuando me llevaron a la sala de emergencias y vi las expresiones en las caras de m\u00e9dicos y enfermeras, realmente me asust\u00e9.<\/p>\n<p>En sus ojos pod\u00eda leer, &#8216;Es un hombre muerto.&#8217; Supe que necesitaba tomar acci\u00f3n. \u00ab<\/p>\n<p>\u00bfQue hiciste?\u00bb Le pregunt\u00e9.<\/p>\n<p>Bueno, habia un robusta enfermera haci\u00e9ndome preguntas, dijo Jerry.<\/p>\n<p>\u00abMe pregunt\u00f3 si era al\u00e9rgico a algo, &#8216;Si,&#8217; respond\u00ed. Los doctores y enfermeras dejaron de trabajar y esperaban escuchar mi respuesta&#8230;..<\/p>\n<p>Tome un respiro profundo y les grite, &#8216;a las Balas&#8217;. Mientras re\u00edan les dije, Estoy escogiendo vivir&#8217;. Op\u00e9renme como si estuviera vivo, no muerto.\u00bb<\/p>\n<p>Jerry vivi\u00f3 gracias a la habilidad de sus doctores, pero tambi\u00e9n debido a su asombrosa actitud. Aprend\u00ed de el que cada d\u00eda tenemos la elecci\u00f3n de vivir plenamente. La actitud, al final, lo es todo.<\/p>\n<p>\u00abPerdedor no es quien llega en \u00faltimo lugar, sino quien no se atreve a competir.<\/span><span style=\"font-family: verdana, arial, geneva; font-size: xx-small;\">\u00ab<\/span><\/p>\n","protected":false},"excerpt":{"rendered":"<p>Jerry era el tipo de persona que te encantar\u00eda odiar. Siempre estaba de buen humor y siempre tenia algo positivo que decir. Cuando alguien le preguntaba como le iba, el respond\u00eda, \u00abSi pudiera estar mejor, tendr\u00eda un gemelo! El era&hellip;<\/p>\n","protected":false},"author":1,"featured_media":0,"parent":1841,"menu_order":0,"comment_status":"open","ping_status":"open","template":"","meta":{"footnotes":""},"class_list":["post-1975","page","type-page","status-publish","hentry","entry","no-media"],"yoast_head":"<!-- This site is optimized with the Yoast SEO plugin v26.9 - https:\/\/yoast.com\/product\/yoast-seo-wordpress\/ -->\n<title>La historia de Jerry - Cograf Comunicaciones<\/title>\n<meta name=\"robots\" content=\"index, follow, max-snippet:-1, max-image-preview:large, max-video-preview:-1\" \/>\n<link rel=\"canonical\" href=\"https:\/\/cograf.com\/site\/cultura-de-servicio\/lecturas-de-apoyo\/la-historia-de-jerry\/\" \/>\n<meta property=\"og:locale\" content=\"es_ES\" \/>\n<meta property=\"og:type\" content=\"article\" \/>\n<meta property=\"og:title\" content=\"La historia de Jerry - Cograf Comunicaciones\" \/>\n<meta property=\"og:description\" content=\"Jerry era el tipo de persona que te encantar\u00eda odiar. Siempre estaba de buen humor y siempre tenia algo positivo que decir. Cuando alguien le preguntaba como le iba, el respond\u00eda, \u00abSi pudiera estar mejor, tendr\u00eda un gemelo! El era&hellip;\" \/>\n<meta property=\"og:url\" content=\"https:\/\/cograf.com\/site\/cultura-de-servicio\/lecturas-de-apoyo\/la-historia-de-jerry\/\" \/>\n<meta property=\"og:site_name\" content=\"Cograf Comunicaciones\" \/>\n<meta name=\"twitter:card\" content=\"summary_large_image\" \/>\n<meta name=\"twitter:label1\" content=\"Tiempo de lectura\" \/>\n\t<meta name=\"twitter:data1\" content=\"4 minutos\" \/>\n<script type=\"application\/ld+json\" class=\"yoast-schema-graph\">{\"@context\":\"https:\/\/schema.org\",\"@graph\":[{\"@type\":\"WebPage\",\"@id\":\"https:\/\/cograf.com\/site\/cultura-de-servicio\/lecturas-de-apoyo\/la-historia-de-jerry\/\",\"url\":\"https:\/\/cograf.com\/site\/cultura-de-servicio\/lecturas-de-apoyo\/la-historia-de-jerry\/\",\"name\":\"La historia de Jerry - Cograf Comunicaciones\",\"isPartOf\":{\"@id\":\"https:\/\/cograf.com\/site\/#website\"},\"datePublished\":\"2014-01-15T13:59:24+00:00\",\"breadcrumb\":{\"@id\":\"https:\/\/cograf.com\/site\/cultura-de-servicio\/lecturas-de-apoyo\/la-historia-de-jerry\/#breadcrumb\"},\"inLanguage\":\"es\",\"potentialAction\":[{\"@type\":\"ReadAction\",\"target\":[\"https:\/\/cograf.com\/site\/cultura-de-servicio\/lecturas-de-apoyo\/la-historia-de-jerry\/\"]}]},{\"@type\":\"BreadcrumbList\",\"@id\":\"https:\/\/cograf.com\/site\/cultura-de-servicio\/lecturas-de-apoyo\/la-historia-de-jerry\/#breadcrumb\",\"itemListElement\":[{\"@type\":\"ListItem\",\"position\":1,\"name\":\"Portada\",\"item\":\"https:\/\/cograf.com\/site\/\"},{\"@type\":\"ListItem\",\"position\":2,\"name\":\"Cultura de Servicio\",\"item\":\"https:\/\/cograf.com\/site\/cultura-de-servicio\/\"},{\"@type\":\"ListItem\",\"position\":3,\"name\":\"Lecturas de apoyo\",\"item\":\"https:\/\/cograf.com\/site\/cultura-de-servicio\/lecturas-de-apoyo\/\"},{\"@type\":\"ListItem\",\"position\":4,\"name\":\"La historia de Jerry\"}]},{\"@type\":\"WebSite\",\"@id\":\"https:\/\/cograf.com\/site\/#website\",\"url\":\"https:\/\/cograf.com\/site\/\",\"name\":\"Cograf Comunicaciones\",\"description\":\"Imagen de marcas\",\"publisher\":{\"@id\":\"https:\/\/cograf.com\/site\/#organization\"},\"potentialAction\":[{\"@type\":\"SearchAction\",\"target\":{\"@type\":\"EntryPoint\",\"urlTemplate\":\"https:\/\/cograf.com\/site\/?s={search_term_string}\"},\"query-input\":{\"@type\":\"PropertyValueSpecification\",\"valueRequired\":true,\"valueName\":\"search_term_string\"}}],\"inLanguage\":\"es\"},{\"@type\":\"Organization\",\"@id\":\"https:\/\/cograf.com\/site\/#organization\",\"name\":\"Cograf Comunicaciones\",\"url\":\"https:\/\/cograf.com\/site\/\",\"logo\":{\"@type\":\"ImageObject\",\"inLanguage\":\"es\",\"@id\":\"https:\/\/cograf.com\/site\/#\/schema\/logo\/image\/\",\"url\":\"https:\/\/cograf.com\/site\/wp-content\/uploads\/2020\/10\/logo_cograf_new.jpg\",\"contentUrl\":\"https:\/\/cograf.com\/site\/wp-content\/uploads\/2020\/10\/logo_cograf_new.jpg\",\"width\":501,\"height\":301,\"caption\":\"Cograf Comunicaciones\"},\"image\":{\"@id\":\"https:\/\/cograf.com\/site\/#\/schema\/logo\/image\/\"}}]}<\/script>\n<!-- \/ Yoast SEO plugin. -->","yoast_head_json":{"title":"La historia de Jerry - Cograf Comunicaciones","robots":{"index":"index","follow":"follow","max-snippet":"max-snippet:-1","max-image-preview":"max-image-preview:large","max-video-preview":"max-video-preview:-1"},"canonical":"https:\/\/cograf.com\/site\/cultura-de-servicio\/lecturas-de-apoyo\/la-historia-de-jerry\/","og_locale":"es_ES","og_type":"article","og_title":"La historia de Jerry - Cograf Comunicaciones","og_description":"Jerry era el tipo de persona que te encantar\u00eda odiar. Siempre estaba de buen humor y siempre tenia algo positivo que decir. Cuando alguien le preguntaba como le iba, el respond\u00eda, \u00abSi pudiera estar mejor, tendr\u00eda un gemelo! El era&hellip;","og_url":"https:\/\/cograf.com\/site\/cultura-de-servicio\/lecturas-de-apoyo\/la-historia-de-jerry\/","og_site_name":"Cograf Comunicaciones","twitter_card":"summary_large_image","twitter_misc":{"Tiempo de lectura":"4 minutos"},"schema":{"@context":"https:\/\/schema.org","@graph":[{"@type":"WebPage","@id":"https:\/\/cograf.com\/site\/cultura-de-servicio\/lecturas-de-apoyo\/la-historia-de-jerry\/","url":"https:\/\/cograf.com\/site\/cultura-de-servicio\/lecturas-de-apoyo\/la-historia-de-jerry\/","name":"La historia de Jerry - Cograf Comunicaciones","isPartOf":{"@id":"https:\/\/cograf.com\/site\/#website"},"datePublished":"2014-01-15T13:59:24+00:00","breadcrumb":{"@id":"https:\/\/cograf.com\/site\/cultura-de-servicio\/lecturas-de-apoyo\/la-historia-de-jerry\/#breadcrumb"},"inLanguage":"es","potentialAction":[{"@type":"ReadAction","target":["https:\/\/cograf.com\/site\/cultura-de-servicio\/lecturas-de-apoyo\/la-historia-de-jerry\/"]}]},{"@type":"BreadcrumbList","@id":"https:\/\/cograf.com\/site\/cultura-de-servicio\/lecturas-de-apoyo\/la-historia-de-jerry\/#breadcrumb","itemListElement":[{"@type":"ListItem","position":1,"name":"Portada","item":"https:\/\/cograf.com\/site\/"},{"@type":"ListItem","position":2,"name":"Cultura de Servicio","item":"https:\/\/cograf.com\/site\/cultura-de-servicio\/"},{"@type":"ListItem","position":3,"name":"Lecturas de apoyo","item":"https:\/\/cograf.com\/site\/cultura-de-servicio\/lecturas-de-apoyo\/"},{"@type":"ListItem","position":4,"name":"La historia de Jerry"}]},{"@type":"WebSite","@id":"https:\/\/cograf.com\/site\/#website","url":"https:\/\/cograf.com\/site\/","name":"Cograf Comunicaciones","description":"Imagen de marcas","publisher":{"@id":"https:\/\/cograf.com\/site\/#organization"},"potentialAction":[{"@type":"SearchAction","target":{"@type":"EntryPoint","urlTemplate":"https:\/\/cograf.com\/site\/?s={search_term_string}"},"query-input":{"@type":"PropertyValueSpecification","valueRequired":true,"valueName":"search_term_string"}}],"inLanguage":"es"},{"@type":"Organization","@id":"https:\/\/cograf.com\/site\/#organization","name":"Cograf Comunicaciones","url":"https:\/\/cograf.com\/site\/","logo":{"@type":"ImageObject","inLanguage":"es","@id":"https:\/\/cograf.com\/site\/#\/schema\/logo\/image\/","url":"https:\/\/cograf.com\/site\/wp-content\/uploads\/2020\/10\/logo_cograf_new.jpg","contentUrl":"https:\/\/cograf.com\/site\/wp-content\/uploads\/2020\/10\/logo_cograf_new.jpg","width":501,"height":301,"caption":"Cograf Comunicaciones"},"image":{"@id":"https:\/\/cograf.com\/site\/#\/schema\/logo\/image\/"}}]}},"_links":{"self":[{"href":"https:\/\/cograf.com\/site\/wp-json\/wp\/v2\/pages\/1975","targetHints":{"allow":["GET"]}}],"collection":[{"href":"https:\/\/cograf.com\/site\/wp-json\/wp\/v2\/pages"}],"about":[{"href":"https:\/\/cograf.com\/site\/wp-json\/wp\/v2\/types\/page"}],"author":[{"embeddable":true,"href":"https:\/\/cograf.com\/site\/wp-json\/wp\/v2\/users\/1"}],"replies":[{"embeddable":true,"href":"https:\/\/cograf.com\/site\/wp-json\/wp\/v2\/comments?post=1975"}],"version-history":[{"count":0,"href":"https:\/\/cograf.com\/site\/wp-json\/wp\/v2\/pages\/1975\/revisions"}],"up":[{"embeddable":true,"href":"https:\/\/cograf.com\/site\/wp-json\/wp\/v2\/pages\/1841"}],"wp:attachment":[{"href":"https:\/\/cograf.com\/site\/wp-json\/wp\/v2\/media?parent=1975"}],"curies":[{"name":"wp","href":"https:\/\/api.w.org\/{rel}","templated":true}]}}