{"id":1971,"date":"2014-01-14T16:43:35","date_gmt":"2014-01-14T21:13:35","guid":{"rendered":"https:\/\/cograf.com\/site\/?page_id=1971"},"modified":"2014-01-14T16:43:35","modified_gmt":"2014-01-14T21:13:35","slug":"dios-me-salvara","status":"publish","type":"page","link":"https:\/\/cograf.com\/site\/cultura-de-servicio\/lecturas-de-apoyo\/dios-me-salvara\/","title":{"rendered":"\u00abDios me salvar\u00e1\u00bb"},"content":{"rendered":"<p>Un pueblo se inund\u00f3 por las lluvias y un hombre qued\u00f3 s\u00f3lo y totalmente aislado en lo alto del campanario de la iglesia.<\/p>\n<p>El hombre era muy religioso y frente a aquella desgracias estaba convencido que Dios iba a salvarle.\u00a0<\/p>\n<p>Paso toda la ma\u00f1ana esperando y por la tarde se acerc\u00f3 una barca:\u00a0<\/p>\n<p>\u2014\u00a1Oooigaaa! \u2014le dijeron desde la barca\u2014 Suba que le llevamos.\u00a0<\/p>\n<p>\u2014Noooo, graciaaaas&#8230; Tengo mucha f\u00e9 en Dios y seguro que \u00e9l me salvar\u00e1.<\/p>\n<p>\u2014\u00bfEst\u00e1 seguro?\u00a0<\/p>\n<p>\u2014Siiii\u2026 Sigan, que Dios me salvar\u00e1aa.\u00a0<\/p>\n<p>El hombre continu\u00f3 esperando toda la noche en el campanario y al d\u00eda siguiente se acerc\u00f3 una lancha:\u00a0<\/p>\n<p>\u2014\u00a1Oooigaaa!&#8230; \u00a1Usted, el del campanariooo!&#8230; Venga con nosotros que lo llevamos.\u00a0<\/p>\n<p>\u2014Nooo, no hace faltaaa&#8230; Soy muy devoto y seguro que Dios me salvar\u00e1.\u00a0<\/p>\n<p>\u2014\u00bfEst\u00e1 usted completamente seguro?\u00a0<\/p>\n<p>\u2014Siiii\u2026 Estoy segurooo&#8230; Dios me salvar\u00e1aa.\u00a0<\/p>\n<p>Pas\u00f3 la ma\u00f1ana de ese d\u00eda esperando, solo, y por la tarde lleg\u00f3 un helic\u00f3ptero de rescate:\u00a0<\/p>\n<p>\u2014\u00a1Oooigaaa! \u00a1Se\u00f1ooor!&#8230; \u00a1El del campanariooo!&#8230; \u00bfNecesita ayuuudaaa?&#8230;\u00a0<\/p>\n<p>\u2014Nooo, graciaaas&#8230; Yo conf\u00edo plenamente en Diooos. Tengo mucha f\u00e9 en \u00e9l y estoy seguro de que me salvar\u00e1aa&#8230;\u00a0<\/p>\n<p>En la noche volvieron a subir las aguas por la inundaci\u00f3n y el hombre termin\u00f3 ahog\u00e1ndose.<\/p>\n<p>Cuando llega al cielo, se encuentra con Dios y le dice completamente desconcertado:\u00a0<\/p>\n<p>\u2014\u00a1Se\u00f1ooorr, Dios m\u00edo! \u00bfPor qu\u00e9 no me has ayudado?&#8230; \u00bfPor qu\u00e9 permitiste que me ahogara si yo siempre he sido un gran devoto tuyo?&#8230;\u00a0<\/p>\n<p>\u2014\u00bfQu\u00e9 no te he ayudado? \u2014replic\u00f3 Dios\u2014 Pero si te mand\u00e9 una barca, una lancha, y un helic\u00f3ptero&#8230;<\/p>\n<p><em>Moraleja: Aprende a reconocer e interpretar a tiempo las \u00abse\u00f1ales\u00bb de Dios.<\/em><\/p>\n","protected":false},"excerpt":{"rendered":"<p>Un pueblo se inund\u00f3 por las lluvias y un hombre qued\u00f3 s\u00f3lo y totalmente aislado en lo alto del campanario de la iglesia. El hombre era muy religioso y frente a aquella desgracias estaba convencido que Dios iba a salvarle.\u00a0&hellip;<\/p>\n","protected":false},"author":1,"featured_media":0,"parent":1841,"menu_order":0,"comment_status":"open","ping_status":"open","template":"","meta":{"footnotes":""},"class_list":["post-1971","page","type-page","status-publish","hentry","entry","no-media"],"yoast_head":"<!-- This site is optimized with the Yoast SEO plugin v26.9 - https:\/\/yoast.com\/product\/yoast-seo-wordpress\/ -->\n<title>&quot;Dios me salvar\u00e1&quot; - Cograf Comunicaciones<\/title>\n<meta name=\"robots\" content=\"index, follow, max-snippet:-1, max-image-preview:large, max-video-preview:-1\" \/>\n<link rel=\"canonical\" href=\"https:\/\/cograf.com\/site\/cultura-de-servicio\/lecturas-de-apoyo\/dios-me-salvara\/\" \/>\n<meta property=\"og:locale\" content=\"es_ES\" \/>\n<meta property=\"og:type\" content=\"article\" \/>\n<meta property=\"og:title\" content=\"&quot;Dios me salvar\u00e1&quot; - Cograf Comunicaciones\" \/>\n<meta property=\"og:description\" content=\"Un pueblo se inund\u00f3 por las lluvias y un hombre qued\u00f3 s\u00f3lo y totalmente aislado en lo alto del campanario de la iglesia. El hombre era muy religioso y frente a aquella desgracias estaba convencido que Dios iba a salvarle.\u00a0&hellip;\" \/>\n<meta property=\"og:url\" content=\"https:\/\/cograf.com\/site\/cultura-de-servicio\/lecturas-de-apoyo\/dios-me-salvara\/\" \/>\n<meta property=\"og:site_name\" content=\"Cograf Comunicaciones\" \/>\n<meta name=\"twitter:card\" content=\"summary_large_image\" \/>\n<meta name=\"twitter:label1\" content=\"Tiempo de lectura\" \/>\n\t<meta name=\"twitter:data1\" content=\"1 minuto\" \/>\n<script type=\"application\/ld+json\" class=\"yoast-schema-graph\">{\"@context\":\"https:\/\/schema.org\",\"@graph\":[{\"@type\":\"WebPage\",\"@id\":\"https:\/\/cograf.com\/site\/cultura-de-servicio\/lecturas-de-apoyo\/dios-me-salvara\/\",\"url\":\"https:\/\/cograf.com\/site\/cultura-de-servicio\/lecturas-de-apoyo\/dios-me-salvara\/\",\"name\":\"\\\"Dios me salvar\u00e1\\\" - Cograf Comunicaciones\",\"isPartOf\":{\"@id\":\"https:\/\/cograf.com\/site\/#website\"},\"datePublished\":\"2014-01-14T21:13:35+00:00\",\"breadcrumb\":{\"@id\":\"https:\/\/cograf.com\/site\/cultura-de-servicio\/lecturas-de-apoyo\/dios-me-salvara\/#breadcrumb\"},\"inLanguage\":\"es\",\"potentialAction\":[{\"@type\":\"ReadAction\",\"target\":[\"https:\/\/cograf.com\/site\/cultura-de-servicio\/lecturas-de-apoyo\/dios-me-salvara\/\"]}]},{\"@type\":\"BreadcrumbList\",\"@id\":\"https:\/\/cograf.com\/site\/cultura-de-servicio\/lecturas-de-apoyo\/dios-me-salvara\/#breadcrumb\",\"itemListElement\":[{\"@type\":\"ListItem\",\"position\":1,\"name\":\"Portada\",\"item\":\"https:\/\/cograf.com\/site\/\"},{\"@type\":\"ListItem\",\"position\":2,\"name\":\"Cultura de Servicio\",\"item\":\"https:\/\/cograf.com\/site\/cultura-de-servicio\/\"},{\"@type\":\"ListItem\",\"position\":3,\"name\":\"Lecturas de apoyo\",\"item\":\"https:\/\/cograf.com\/site\/cultura-de-servicio\/lecturas-de-apoyo\/\"},{\"@type\":\"ListItem\",\"position\":4,\"name\":\"\u00abDios me salvar\u00e1\u00bb\"}]},{\"@type\":\"WebSite\",\"@id\":\"https:\/\/cograf.com\/site\/#website\",\"url\":\"https:\/\/cograf.com\/site\/\",\"name\":\"Cograf Comunicaciones\",\"description\":\"Imagen de marcas\",\"publisher\":{\"@id\":\"https:\/\/cograf.com\/site\/#organization\"},\"potentialAction\":[{\"@type\":\"SearchAction\",\"target\":{\"@type\":\"EntryPoint\",\"urlTemplate\":\"https:\/\/cograf.com\/site\/?s={search_term_string}\"},\"query-input\":{\"@type\":\"PropertyValueSpecification\",\"valueRequired\":true,\"valueName\":\"search_term_string\"}}],\"inLanguage\":\"es\"},{\"@type\":\"Organization\",\"@id\":\"https:\/\/cograf.com\/site\/#organization\",\"name\":\"Cograf Comunicaciones\",\"url\":\"https:\/\/cograf.com\/site\/\",\"logo\":{\"@type\":\"ImageObject\",\"inLanguage\":\"es\",\"@id\":\"https:\/\/cograf.com\/site\/#\/schema\/logo\/image\/\",\"url\":\"https:\/\/cograf.com\/site\/wp-content\/uploads\/2020\/10\/logo_cograf_new.jpg\",\"contentUrl\":\"https:\/\/cograf.com\/site\/wp-content\/uploads\/2020\/10\/logo_cograf_new.jpg\",\"width\":501,\"height\":301,\"caption\":\"Cograf Comunicaciones\"},\"image\":{\"@id\":\"https:\/\/cograf.com\/site\/#\/schema\/logo\/image\/\"}}]}<\/script>\n<!-- \/ Yoast SEO plugin. -->","yoast_head_json":{"title":"\"Dios me salvar\u00e1\" - Cograf Comunicaciones","robots":{"index":"index","follow":"follow","max-snippet":"max-snippet:-1","max-image-preview":"max-image-preview:large","max-video-preview":"max-video-preview:-1"},"canonical":"https:\/\/cograf.com\/site\/cultura-de-servicio\/lecturas-de-apoyo\/dios-me-salvara\/","og_locale":"es_ES","og_type":"article","og_title":"\"Dios me salvar\u00e1\" - Cograf Comunicaciones","og_description":"Un pueblo se inund\u00f3 por las lluvias y un hombre qued\u00f3 s\u00f3lo y totalmente aislado en lo alto del campanario de la iglesia. El hombre era muy religioso y frente a aquella desgracias estaba convencido que Dios iba a salvarle.\u00a0&hellip;","og_url":"https:\/\/cograf.com\/site\/cultura-de-servicio\/lecturas-de-apoyo\/dios-me-salvara\/","og_site_name":"Cograf Comunicaciones","twitter_card":"summary_large_image","twitter_misc":{"Tiempo de lectura":"1 minuto"},"schema":{"@context":"https:\/\/schema.org","@graph":[{"@type":"WebPage","@id":"https:\/\/cograf.com\/site\/cultura-de-servicio\/lecturas-de-apoyo\/dios-me-salvara\/","url":"https:\/\/cograf.com\/site\/cultura-de-servicio\/lecturas-de-apoyo\/dios-me-salvara\/","name":"\"Dios me salvar\u00e1\" - Cograf Comunicaciones","isPartOf":{"@id":"https:\/\/cograf.com\/site\/#website"},"datePublished":"2014-01-14T21:13:35+00:00","breadcrumb":{"@id":"https:\/\/cograf.com\/site\/cultura-de-servicio\/lecturas-de-apoyo\/dios-me-salvara\/#breadcrumb"},"inLanguage":"es","potentialAction":[{"@type":"ReadAction","target":["https:\/\/cograf.com\/site\/cultura-de-servicio\/lecturas-de-apoyo\/dios-me-salvara\/"]}]},{"@type":"BreadcrumbList","@id":"https:\/\/cograf.com\/site\/cultura-de-servicio\/lecturas-de-apoyo\/dios-me-salvara\/#breadcrumb","itemListElement":[{"@type":"ListItem","position":1,"name":"Portada","item":"https:\/\/cograf.com\/site\/"},{"@type":"ListItem","position":2,"name":"Cultura de Servicio","item":"https:\/\/cograf.com\/site\/cultura-de-servicio\/"},{"@type":"ListItem","position":3,"name":"Lecturas de apoyo","item":"https:\/\/cograf.com\/site\/cultura-de-servicio\/lecturas-de-apoyo\/"},{"@type":"ListItem","position":4,"name":"\u00abDios me salvar\u00e1\u00bb"}]},{"@type":"WebSite","@id":"https:\/\/cograf.com\/site\/#website","url":"https:\/\/cograf.com\/site\/","name":"Cograf Comunicaciones","description":"Imagen de marcas","publisher":{"@id":"https:\/\/cograf.com\/site\/#organization"},"potentialAction":[{"@type":"SearchAction","target":{"@type":"EntryPoint","urlTemplate":"https:\/\/cograf.com\/site\/?s={search_term_string}"},"query-input":{"@type":"PropertyValueSpecification","valueRequired":true,"valueName":"search_term_string"}}],"inLanguage":"es"},{"@type":"Organization","@id":"https:\/\/cograf.com\/site\/#organization","name":"Cograf Comunicaciones","url":"https:\/\/cograf.com\/site\/","logo":{"@type":"ImageObject","inLanguage":"es","@id":"https:\/\/cograf.com\/site\/#\/schema\/logo\/image\/","url":"https:\/\/cograf.com\/site\/wp-content\/uploads\/2020\/10\/logo_cograf_new.jpg","contentUrl":"https:\/\/cograf.com\/site\/wp-content\/uploads\/2020\/10\/logo_cograf_new.jpg","width":501,"height":301,"caption":"Cograf Comunicaciones"},"image":{"@id":"https:\/\/cograf.com\/site\/#\/schema\/logo\/image\/"}}]}},"_links":{"self":[{"href":"https:\/\/cograf.com\/site\/wp-json\/wp\/v2\/pages\/1971","targetHints":{"allow":["GET"]}}],"collection":[{"href":"https:\/\/cograf.com\/site\/wp-json\/wp\/v2\/pages"}],"about":[{"href":"https:\/\/cograf.com\/site\/wp-json\/wp\/v2\/types\/page"}],"author":[{"embeddable":true,"href":"https:\/\/cograf.com\/site\/wp-json\/wp\/v2\/users\/1"}],"replies":[{"embeddable":true,"href":"https:\/\/cograf.com\/site\/wp-json\/wp\/v2\/comments?post=1971"}],"version-history":[{"count":0,"href":"https:\/\/cograf.com\/site\/wp-json\/wp\/v2\/pages\/1971\/revisions"}],"up":[{"embeddable":true,"href":"https:\/\/cograf.com\/site\/wp-json\/wp\/v2\/pages\/1841"}],"wp:attachment":[{"href":"https:\/\/cograf.com\/site\/wp-json\/wp\/v2\/media?parent=1971"}],"curies":[{"name":"wp","href":"https:\/\/api.w.org\/{rel}","templated":true}]}}