{"id":1953,"date":"2014-01-14T16:20:50","date_gmt":"2014-01-14T20:50:50","guid":{"rendered":"https:\/\/cograf.com\/site\/?page_id=1953"},"modified":"2014-01-14T16:20:50","modified_gmt":"2014-01-14T20:50:50","slug":"manten-la-llama-encendida","status":"publish","type":"page","link":"https:\/\/cograf.com\/site\/cultura-de-servicio\/manten-la-llama-encendida\/","title":{"rendered":"Mant\u00e9n la llama encendida"},"content":{"rendered":"<p>Esta es la historia de un hombre que conoci\u00f3 el palacio de un Rey de tierras lejanas, que estaba lleno de oro.<\/p>\n<p>El monarca tenia una gran variedad de ornamentos muy valiosos y cuadros preciosos.<\/p>\n<p>El hombre, sorprendido por la deslumbrante prosperidad de aquel palacio, se acerc\u00f3 con humildad hasta el Rey y le pregunt\u00f3 con un casi imperceptible tono de ambici\u00f3n:<\/p>\n<p>\u2014Majestad, \u00bfc\u00f3mo es que usted ha logrado tener tanta riqueza? Su palacio tiene m\u00e1s de cinco mil metros de oro y objetos de mucho valor.<\/p>\n<p>De manera compleciente, el Rey respondi\u00f3:<\/p>\n<p>\u2014Muy bien. Te voy a mostrar cual es el secreto de mi \u00e9xito&#8230; Ve y recorre todo el palacio. Visita todos sus rincones. Pero debes ir con esta vela encendida&#8230; Y si regresas con la vela apagada, despu\u00e9s de todo tu recorrido, te decapito.<\/p>\n<p>Inmediatamente al hombre le cambio su rostro. Su buen semblante desapareci\u00f3, y estaba a punto de arrepentirse por haberle hecho la pregunta al Rey.<\/p>\n<p>Trag\u00f3 fuerte, tom\u00f3 la vela, y comenz\u00f3 a recorrer el palacio, con mucho miedo por lo que le pod\u00eda ocurrir.<\/p>\n<p>Despu\u00e9s de varias horas caminando, el hombre regres\u00f3 hasta donde estaba el Rey, quien lo abraz\u00f3 y le dijo entusiasmado:<\/p>\n<p>\u2014\u00a1Muy bien! Has regresado con \u00e9xito. \u00a1Te felicito! \u00bfTe ha gustado mi palacio? \u00bfHas disfrutado el recorrido?<\/p>\n<p>EL hombre apenas pudo responder:<\/p>\n<p>\u2014Solo he tenido ojos para mantener la llama encendida.<\/p>\n<p>Y el Rey agreg\u00f3:<\/p>\n<p>\u2014Pues ese es el secreto de mi \u00e9xito,\u00a0mantener la llama encendida.<\/p>\n","protected":false},"excerpt":{"rendered":"<p>Esta es la historia de un hombre que conoci\u00f3 el palacio de un Rey de tierras lejanas, que estaba lleno de oro. El monarca tenia una gran variedad de ornamentos muy valiosos y cuadros preciosos. El hombre, sorprendido por la&hellip;<\/p>\n","protected":false},"author":1,"featured_media":0,"parent":837,"menu_order":0,"comment_status":"open","ping_status":"open","template":"","meta":{"footnotes":""},"class_list":["post-1953","page","type-page","status-publish","hentry","entry","no-media"],"yoast_head":"<!-- This site is optimized with the Yoast SEO plugin v26.9 - https:\/\/yoast.com\/product\/yoast-seo-wordpress\/ -->\n<title>Mant\u00e9n la llama encendida - Cograf Comunicaciones<\/title>\n<meta name=\"robots\" content=\"index, follow, max-snippet:-1, max-image-preview:large, max-video-preview:-1\" \/>\n<link rel=\"canonical\" href=\"https:\/\/cograf.com\/site\/cultura-de-servicio\/manten-la-llama-encendida\/\" \/>\n<meta property=\"og:locale\" content=\"es_ES\" \/>\n<meta property=\"og:type\" content=\"article\" \/>\n<meta property=\"og:title\" content=\"Mant\u00e9n la llama encendida - Cograf Comunicaciones\" \/>\n<meta property=\"og:description\" content=\"Esta es la historia de un hombre que conoci\u00f3 el palacio de un Rey de tierras lejanas, que estaba lleno de oro. El monarca tenia una gran variedad de ornamentos muy valiosos y cuadros preciosos. El hombre, sorprendido por la&hellip;\" \/>\n<meta property=\"og:url\" content=\"https:\/\/cograf.com\/site\/cultura-de-servicio\/manten-la-llama-encendida\/\" \/>\n<meta property=\"og:site_name\" content=\"Cograf Comunicaciones\" \/>\n<meta name=\"twitter:card\" content=\"summary_large_image\" \/>\n<meta name=\"twitter:label1\" content=\"Tiempo de lectura\" \/>\n\t<meta name=\"twitter:data1\" content=\"1 minuto\" \/>\n<script type=\"application\/ld+json\" class=\"yoast-schema-graph\">{\"@context\":\"https:\/\/schema.org\",\"@graph\":[{\"@type\":\"WebPage\",\"@id\":\"https:\/\/cograf.com\/site\/cultura-de-servicio\/manten-la-llama-encendida\/\",\"url\":\"https:\/\/cograf.com\/site\/cultura-de-servicio\/manten-la-llama-encendida\/\",\"name\":\"Mant\u00e9n la llama encendida - Cograf Comunicaciones\",\"isPartOf\":{\"@id\":\"https:\/\/cograf.com\/site\/#website\"},\"datePublished\":\"2014-01-14T20:50:50+00:00\",\"breadcrumb\":{\"@id\":\"https:\/\/cograf.com\/site\/cultura-de-servicio\/manten-la-llama-encendida\/#breadcrumb\"},\"inLanguage\":\"es\",\"potentialAction\":[{\"@type\":\"ReadAction\",\"target\":[\"https:\/\/cograf.com\/site\/cultura-de-servicio\/manten-la-llama-encendida\/\"]}]},{\"@type\":\"BreadcrumbList\",\"@id\":\"https:\/\/cograf.com\/site\/cultura-de-servicio\/manten-la-llama-encendida\/#breadcrumb\",\"itemListElement\":[{\"@type\":\"ListItem\",\"position\":1,\"name\":\"Portada\",\"item\":\"https:\/\/cograf.com\/site\/\"},{\"@type\":\"ListItem\",\"position\":2,\"name\":\"Cultura de Servicio\",\"item\":\"https:\/\/cograf.com\/site\/cultura-de-servicio\/\"},{\"@type\":\"ListItem\",\"position\":3,\"name\":\"Mant\u00e9n la llama encendida\"}]},{\"@type\":\"WebSite\",\"@id\":\"https:\/\/cograf.com\/site\/#website\",\"url\":\"https:\/\/cograf.com\/site\/\",\"name\":\"Cograf Comunicaciones\",\"description\":\"Imagen de marcas\",\"publisher\":{\"@id\":\"https:\/\/cograf.com\/site\/#organization\"},\"potentialAction\":[{\"@type\":\"SearchAction\",\"target\":{\"@type\":\"EntryPoint\",\"urlTemplate\":\"https:\/\/cograf.com\/site\/?s={search_term_string}\"},\"query-input\":{\"@type\":\"PropertyValueSpecification\",\"valueRequired\":true,\"valueName\":\"search_term_string\"}}],\"inLanguage\":\"es\"},{\"@type\":\"Organization\",\"@id\":\"https:\/\/cograf.com\/site\/#organization\",\"name\":\"Cograf Comunicaciones\",\"url\":\"https:\/\/cograf.com\/site\/\",\"logo\":{\"@type\":\"ImageObject\",\"inLanguage\":\"es\",\"@id\":\"https:\/\/cograf.com\/site\/#\/schema\/logo\/image\/\",\"url\":\"https:\/\/cograf.com\/site\/wp-content\/uploads\/2020\/10\/logo_cograf_new.jpg\",\"contentUrl\":\"https:\/\/cograf.com\/site\/wp-content\/uploads\/2020\/10\/logo_cograf_new.jpg\",\"width\":501,\"height\":301,\"caption\":\"Cograf Comunicaciones\"},\"image\":{\"@id\":\"https:\/\/cograf.com\/site\/#\/schema\/logo\/image\/\"}}]}<\/script>\n<!-- \/ Yoast SEO plugin. -->","yoast_head_json":{"title":"Mant\u00e9n la llama encendida - Cograf Comunicaciones","robots":{"index":"index","follow":"follow","max-snippet":"max-snippet:-1","max-image-preview":"max-image-preview:large","max-video-preview":"max-video-preview:-1"},"canonical":"https:\/\/cograf.com\/site\/cultura-de-servicio\/manten-la-llama-encendida\/","og_locale":"es_ES","og_type":"article","og_title":"Mant\u00e9n la llama encendida - Cograf Comunicaciones","og_description":"Esta es la historia de un hombre que conoci\u00f3 el palacio de un Rey de tierras lejanas, que estaba lleno de oro. El monarca tenia una gran variedad de ornamentos muy valiosos y cuadros preciosos. El hombre, sorprendido por la&hellip;","og_url":"https:\/\/cograf.com\/site\/cultura-de-servicio\/manten-la-llama-encendida\/","og_site_name":"Cograf Comunicaciones","twitter_card":"summary_large_image","twitter_misc":{"Tiempo de lectura":"1 minuto"},"schema":{"@context":"https:\/\/schema.org","@graph":[{"@type":"WebPage","@id":"https:\/\/cograf.com\/site\/cultura-de-servicio\/manten-la-llama-encendida\/","url":"https:\/\/cograf.com\/site\/cultura-de-servicio\/manten-la-llama-encendida\/","name":"Mant\u00e9n la llama encendida - Cograf Comunicaciones","isPartOf":{"@id":"https:\/\/cograf.com\/site\/#website"},"datePublished":"2014-01-14T20:50:50+00:00","breadcrumb":{"@id":"https:\/\/cograf.com\/site\/cultura-de-servicio\/manten-la-llama-encendida\/#breadcrumb"},"inLanguage":"es","potentialAction":[{"@type":"ReadAction","target":["https:\/\/cograf.com\/site\/cultura-de-servicio\/manten-la-llama-encendida\/"]}]},{"@type":"BreadcrumbList","@id":"https:\/\/cograf.com\/site\/cultura-de-servicio\/manten-la-llama-encendida\/#breadcrumb","itemListElement":[{"@type":"ListItem","position":1,"name":"Portada","item":"https:\/\/cograf.com\/site\/"},{"@type":"ListItem","position":2,"name":"Cultura de Servicio","item":"https:\/\/cograf.com\/site\/cultura-de-servicio\/"},{"@type":"ListItem","position":3,"name":"Mant\u00e9n la llama encendida"}]},{"@type":"WebSite","@id":"https:\/\/cograf.com\/site\/#website","url":"https:\/\/cograf.com\/site\/","name":"Cograf Comunicaciones","description":"Imagen de marcas","publisher":{"@id":"https:\/\/cograf.com\/site\/#organization"},"potentialAction":[{"@type":"SearchAction","target":{"@type":"EntryPoint","urlTemplate":"https:\/\/cograf.com\/site\/?s={search_term_string}"},"query-input":{"@type":"PropertyValueSpecification","valueRequired":true,"valueName":"search_term_string"}}],"inLanguage":"es"},{"@type":"Organization","@id":"https:\/\/cograf.com\/site\/#organization","name":"Cograf Comunicaciones","url":"https:\/\/cograf.com\/site\/","logo":{"@type":"ImageObject","inLanguage":"es","@id":"https:\/\/cograf.com\/site\/#\/schema\/logo\/image\/","url":"https:\/\/cograf.com\/site\/wp-content\/uploads\/2020\/10\/logo_cograf_new.jpg","contentUrl":"https:\/\/cograf.com\/site\/wp-content\/uploads\/2020\/10\/logo_cograf_new.jpg","width":501,"height":301,"caption":"Cograf Comunicaciones"},"image":{"@id":"https:\/\/cograf.com\/site\/#\/schema\/logo\/image\/"}}]}},"_links":{"self":[{"href":"https:\/\/cograf.com\/site\/wp-json\/wp\/v2\/pages\/1953","targetHints":{"allow":["GET"]}}],"collection":[{"href":"https:\/\/cograf.com\/site\/wp-json\/wp\/v2\/pages"}],"about":[{"href":"https:\/\/cograf.com\/site\/wp-json\/wp\/v2\/types\/page"}],"author":[{"embeddable":true,"href":"https:\/\/cograf.com\/site\/wp-json\/wp\/v2\/users\/1"}],"replies":[{"embeddable":true,"href":"https:\/\/cograf.com\/site\/wp-json\/wp\/v2\/comments?post=1953"}],"version-history":[{"count":0,"href":"https:\/\/cograf.com\/site\/wp-json\/wp\/v2\/pages\/1953\/revisions"}],"up":[{"embeddable":true,"href":"https:\/\/cograf.com\/site\/wp-json\/wp\/v2\/pages\/837"}],"wp:attachment":[{"href":"https:\/\/cograf.com\/site\/wp-json\/wp\/v2\/media?parent=1953"}],"curies":[{"name":"wp","href":"https:\/\/api.w.org\/{rel}","templated":true}]}}