{"id":1941,"date":"2014-01-14T16:09:11","date_gmt":"2014-01-14T20:39:11","guid":{"rendered":"https:\/\/cograf.com\/site\/?page_id=1941"},"modified":"2014-01-14T16:10:27","modified_gmt":"2014-01-14T20:40:27","slug":"el-poder-de-una-vision-en-los-ninos","status":"publish","type":"page","link":"https:\/\/cograf.com\/site\/cultura-de-servicio\/lecturas-de-apoyo\/el-poder-de-una-vision-en-los-ninos\/","title":{"rendered":"El poder de una visi\u00f3n en los ni\u00f1os"},"content":{"rendered":"<p><span style=\"font-family: Verdana, Arial, Helvetica, sans-serif;\"><i>Extracto del contenido del video de Joel Barker, \u00abEl poder de una visi\u00f3n\u00bb, de 1993.<\/i><\/span><\/p>\n<p>Esto sucedi\u00f3 en el coraz\u00f3n de Harlem, en Nueva York. Fue aqu\u00ed que el se\u00f1or Eugene Lang, en 1981,vino a dar un discurso a los ni\u00f1os que se estaban graduando de sexto grado.<\/p>\n<p>Languin tambi\u00e9n se hab\u00eda graduado en aquella escuela p\u00fablica, la \u00abPS 121\u00bb, en 1933. Pero ahora era un exitoso hombre de negocios.<\/p>\n<p>A Lang le preocupaba seriamente las dificultades que estos ni\u00f1os enfrentaban, y deseaba infundirles alguna esperanza. Al sentarse en el escenario, observ\u00f3 las caras de los peque\u00f1os, la de sus familias y la de sus amigos, se dio cuenta de que las palabras por si solas tendr\u00edan poco sentido.<\/p>\n<p>As\u00ed, de pronto, decidi\u00f3 cambiar el discurso que ten\u00eda previsto. Y los cambios que hizo tambi\u00e9n cambiar\u00edan para siempre la vida de aquellos ni\u00f1os.<\/p>\n<p>Comenz\u00f3 por establecer un vinculo personal con los ni\u00f1os, al contarles que hab\u00eda estado en Washington cuando Martin Luter King dio su famoso discurso \u00abTengo un sue\u00f1o\u00bb.<\/p>\n<p>Luego les dijo: \u00abTodos debemos tener un sue\u00f1o. Nuestros sue\u00f1os son importantes. Pueden ser nuestro futuro. Y la educaci\u00f3n es la llave de ese futuro.\u00bb<\/p>\n<p>Les hablo de su futura trayectoria a trav\u00e9s de la escuela secundaria y luego de la Universidad. Pero al decir \u00abuniversidad\u00bb, Lang se dio cuenta de que esta resultaba ser un sue\u00f1o inalcanzable para esos ni\u00f1os.<\/p>\n<p>Entonces les dijo: \u00abNo piensen por un instante que no pueden ir al Universidad, porque si pueden.\u00bb<\/p>\n<p>Luego, mientras las familias y amigos escuchaban, prometi\u00f3 proveer personalmente una beca universitaria a cada uno de esos ni\u00f1os que terminara la escuela secundaria.<\/p>\n<p>All\u00ed estaban, todos esos ni\u00f1os de sexto grado pensando que no podr\u00edan asistir a la Universidad, y de repente esta promesa.<\/p>\n<p>El se\u00f1or Lang se sent\u00f3 entre los aplausos de la audiencia. Pero sab\u00eda que el dinero solamente no ser\u00eda suficiente. Tambi\u00e9n deb\u00eda proporcionar un medio para alcanzar este fin.<\/p>\n<p>As\u00ed que, inmediatamente, adem\u00e1s de contribuir con su dinero, el se\u00f1or Lang cre\u00f3 una estructura de apoyo con los maestros, los padres y la comunidad, para darle apoyo a los estudiantes y lograr que ese maravilloso sue\u00f1o se hiciera realidad.<\/p>\n<p>A partir de la historia de esta escuela se hubiera podido predecir que de esos ni\u00f1os de sexto grado solo el 25% terminar\u00eda la escuela secundaria. Y que de ese 25%, pr\u00e1cticamente ninguno continuar\u00eda estudios universitarios.<\/p>\n<p>Sin embargo, gracias al se\u00f1or Lang y al apoyo de la comunidad, 48 de los 52 estudiantes terminaron los estudios secundarios. Y de esos 48, 40 continuaron sus estudios en la universidad.<\/p>\n<p>En la escuela \u00abPS 121\u00bb, en el coraz\u00f3n de Harlem, vemos perfectamente ilustrado lo que escribi\u00f3 Bejamin Singer, \u00abLos sue\u00f1os de un ni\u00f1o, que con la ayuda de la comunidad logra superar obst\u00e1culos econ\u00f3micos y familiares, pueden motivar a que ese ni\u00f1o alcance metas extraordinarias\u00bb.<\/p>\n<p>Por eso cuando les preguntamos a nuestros ni\u00f1os \u00ab\u00bfqu\u00e9 quieren ser cuando sean grandes?\u00bb, los estamos ayudando a pensar en algo sumamente importante.<\/p>\n<p>Nunca consideres sus respuestas como triviales, a\u00fan si cambian de opini\u00f3n todas las semanas. Escuchemos con atenci\u00f3n a nuestros ni\u00f1os para darles a entender que sus sue\u00f1os son importantes y nuestro inter\u00e9s en ello les da la confianza y las capacidades necesarias para que puedan perfilar su propio futuro.<\/p>\n<p>Tanto para las naciones como para los ni\u00f1os, observamos el mismo patr\u00f3n, el mismo poder, el poder de una visi\u00f3n positiva del futuro.<\/p>\n<p><i>Texto recopilado y preparado por Cograf Comunicaciones, como lectura de apoyo en nuestros programas de entrenamiento.<\/i><\/p>\n","protected":false},"excerpt":{"rendered":"<p>Extracto del contenido del video de Joel Barker, \u00abEl poder de una visi\u00f3n\u00bb, de 1993. Esto sucedi\u00f3 en el coraz\u00f3n de Harlem, en Nueva York. Fue aqu\u00ed que el se\u00f1or Eugene Lang, en 1981,vino a dar un discurso a los&hellip;<\/p>\n","protected":false},"author":1,"featured_media":0,"parent":1841,"menu_order":0,"comment_status":"open","ping_status":"open","template":"","meta":{"footnotes":""},"class_list":["post-1941","page","type-page","status-publish","hentry","entry","no-media"],"yoast_head":"<!-- This site is optimized with the Yoast SEO plugin v26.9 - https:\/\/yoast.com\/product\/yoast-seo-wordpress\/ -->\n<title>El poder de una visi\u00f3n en los ni\u00f1os - Cograf Comunicaciones<\/title>\n<meta name=\"robots\" content=\"index, follow, max-snippet:-1, max-image-preview:large, max-video-preview:-1\" \/>\n<link rel=\"canonical\" href=\"https:\/\/cograf.com\/site\/cultura-de-servicio\/lecturas-de-apoyo\/el-poder-de-una-vision-en-los-ninos\/\" \/>\n<meta property=\"og:locale\" content=\"es_ES\" \/>\n<meta property=\"og:type\" content=\"article\" \/>\n<meta property=\"og:title\" content=\"El poder de una visi\u00f3n en los ni\u00f1os - Cograf Comunicaciones\" \/>\n<meta property=\"og:description\" content=\"Extracto del contenido del video de Joel Barker, \u00abEl poder de una visi\u00f3n\u00bb, de 1993. Esto sucedi\u00f3 en el coraz\u00f3n de Harlem, en Nueva York. Fue aqu\u00ed que el se\u00f1or Eugene Lang, en 1981,vino a dar un discurso a los&hellip;\" \/>\n<meta property=\"og:url\" content=\"https:\/\/cograf.com\/site\/cultura-de-servicio\/lecturas-de-apoyo\/el-poder-de-una-vision-en-los-ninos\/\" \/>\n<meta property=\"og:site_name\" content=\"Cograf Comunicaciones\" \/>\n<meta property=\"article:modified_time\" content=\"2014-01-14T20:40:27+00:00\" \/>\n<meta name=\"twitter:card\" content=\"summary_large_image\" \/>\n<meta name=\"twitter:label1\" content=\"Tiempo de lectura\" \/>\n\t<meta name=\"twitter:data1\" content=\"3 minutos\" \/>\n<script type=\"application\/ld+json\" class=\"yoast-schema-graph\">{\"@context\":\"https:\/\/schema.org\",\"@graph\":[{\"@type\":\"WebPage\",\"@id\":\"https:\/\/cograf.com\/site\/cultura-de-servicio\/lecturas-de-apoyo\/el-poder-de-una-vision-en-los-ninos\/\",\"url\":\"https:\/\/cograf.com\/site\/cultura-de-servicio\/lecturas-de-apoyo\/el-poder-de-una-vision-en-los-ninos\/\",\"name\":\"El poder de una visi\u00f3n en los ni\u00f1os - Cograf Comunicaciones\",\"isPartOf\":{\"@id\":\"https:\/\/cograf.com\/site\/#website\"},\"datePublished\":\"2014-01-14T20:39:11+00:00\",\"dateModified\":\"2014-01-14T20:40:27+00:00\",\"breadcrumb\":{\"@id\":\"https:\/\/cograf.com\/site\/cultura-de-servicio\/lecturas-de-apoyo\/el-poder-de-una-vision-en-los-ninos\/#breadcrumb\"},\"inLanguage\":\"es\",\"potentialAction\":[{\"@type\":\"ReadAction\",\"target\":[\"https:\/\/cograf.com\/site\/cultura-de-servicio\/lecturas-de-apoyo\/el-poder-de-una-vision-en-los-ninos\/\"]}]},{\"@type\":\"BreadcrumbList\",\"@id\":\"https:\/\/cograf.com\/site\/cultura-de-servicio\/lecturas-de-apoyo\/el-poder-de-una-vision-en-los-ninos\/#breadcrumb\",\"itemListElement\":[{\"@type\":\"ListItem\",\"position\":1,\"name\":\"Portada\",\"item\":\"https:\/\/cograf.com\/site\/\"},{\"@type\":\"ListItem\",\"position\":2,\"name\":\"Cultura de Servicio\",\"item\":\"https:\/\/cograf.com\/site\/cultura-de-servicio\/\"},{\"@type\":\"ListItem\",\"position\":3,\"name\":\"Lecturas de apoyo\",\"item\":\"https:\/\/cograf.com\/site\/cultura-de-servicio\/lecturas-de-apoyo\/\"},{\"@type\":\"ListItem\",\"position\":4,\"name\":\"El poder de una visi\u00f3n en los ni\u00f1os\"}]},{\"@type\":\"WebSite\",\"@id\":\"https:\/\/cograf.com\/site\/#website\",\"url\":\"https:\/\/cograf.com\/site\/\",\"name\":\"Cograf Comunicaciones\",\"description\":\"Imagen de marcas\",\"publisher\":{\"@id\":\"https:\/\/cograf.com\/site\/#organization\"},\"potentialAction\":[{\"@type\":\"SearchAction\",\"target\":{\"@type\":\"EntryPoint\",\"urlTemplate\":\"https:\/\/cograf.com\/site\/?s={search_term_string}\"},\"query-input\":{\"@type\":\"PropertyValueSpecification\",\"valueRequired\":true,\"valueName\":\"search_term_string\"}}],\"inLanguage\":\"es\"},{\"@type\":\"Organization\",\"@id\":\"https:\/\/cograf.com\/site\/#organization\",\"name\":\"Cograf Comunicaciones\",\"url\":\"https:\/\/cograf.com\/site\/\",\"logo\":{\"@type\":\"ImageObject\",\"inLanguage\":\"es\",\"@id\":\"https:\/\/cograf.com\/site\/#\/schema\/logo\/image\/\",\"url\":\"https:\/\/cograf.com\/site\/wp-content\/uploads\/2020\/10\/logo_cograf_new.jpg\",\"contentUrl\":\"https:\/\/cograf.com\/site\/wp-content\/uploads\/2020\/10\/logo_cograf_new.jpg\",\"width\":501,\"height\":301,\"caption\":\"Cograf Comunicaciones\"},\"image\":{\"@id\":\"https:\/\/cograf.com\/site\/#\/schema\/logo\/image\/\"}}]}<\/script>\n<!-- \/ Yoast SEO plugin. -->","yoast_head_json":{"title":"El poder de una visi\u00f3n en los ni\u00f1os - Cograf Comunicaciones","robots":{"index":"index","follow":"follow","max-snippet":"max-snippet:-1","max-image-preview":"max-image-preview:large","max-video-preview":"max-video-preview:-1"},"canonical":"https:\/\/cograf.com\/site\/cultura-de-servicio\/lecturas-de-apoyo\/el-poder-de-una-vision-en-los-ninos\/","og_locale":"es_ES","og_type":"article","og_title":"El poder de una visi\u00f3n en los ni\u00f1os - Cograf Comunicaciones","og_description":"Extracto del contenido del video de Joel Barker, \u00abEl poder de una visi\u00f3n\u00bb, de 1993. Esto sucedi\u00f3 en el coraz\u00f3n de Harlem, en Nueva York. Fue aqu\u00ed que el se\u00f1or Eugene Lang, en 1981,vino a dar un discurso a los&hellip;","og_url":"https:\/\/cograf.com\/site\/cultura-de-servicio\/lecturas-de-apoyo\/el-poder-de-una-vision-en-los-ninos\/","og_site_name":"Cograf Comunicaciones","article_modified_time":"2014-01-14T20:40:27+00:00","twitter_card":"summary_large_image","twitter_misc":{"Tiempo de lectura":"3 minutos"},"schema":{"@context":"https:\/\/schema.org","@graph":[{"@type":"WebPage","@id":"https:\/\/cograf.com\/site\/cultura-de-servicio\/lecturas-de-apoyo\/el-poder-de-una-vision-en-los-ninos\/","url":"https:\/\/cograf.com\/site\/cultura-de-servicio\/lecturas-de-apoyo\/el-poder-de-una-vision-en-los-ninos\/","name":"El poder de una visi\u00f3n en los ni\u00f1os - Cograf Comunicaciones","isPartOf":{"@id":"https:\/\/cograf.com\/site\/#website"},"datePublished":"2014-01-14T20:39:11+00:00","dateModified":"2014-01-14T20:40:27+00:00","breadcrumb":{"@id":"https:\/\/cograf.com\/site\/cultura-de-servicio\/lecturas-de-apoyo\/el-poder-de-una-vision-en-los-ninos\/#breadcrumb"},"inLanguage":"es","potentialAction":[{"@type":"ReadAction","target":["https:\/\/cograf.com\/site\/cultura-de-servicio\/lecturas-de-apoyo\/el-poder-de-una-vision-en-los-ninos\/"]}]},{"@type":"BreadcrumbList","@id":"https:\/\/cograf.com\/site\/cultura-de-servicio\/lecturas-de-apoyo\/el-poder-de-una-vision-en-los-ninos\/#breadcrumb","itemListElement":[{"@type":"ListItem","position":1,"name":"Portada","item":"https:\/\/cograf.com\/site\/"},{"@type":"ListItem","position":2,"name":"Cultura de Servicio","item":"https:\/\/cograf.com\/site\/cultura-de-servicio\/"},{"@type":"ListItem","position":3,"name":"Lecturas de apoyo","item":"https:\/\/cograf.com\/site\/cultura-de-servicio\/lecturas-de-apoyo\/"},{"@type":"ListItem","position":4,"name":"El poder de una visi\u00f3n en los ni\u00f1os"}]},{"@type":"WebSite","@id":"https:\/\/cograf.com\/site\/#website","url":"https:\/\/cograf.com\/site\/","name":"Cograf Comunicaciones","description":"Imagen de marcas","publisher":{"@id":"https:\/\/cograf.com\/site\/#organization"},"potentialAction":[{"@type":"SearchAction","target":{"@type":"EntryPoint","urlTemplate":"https:\/\/cograf.com\/site\/?s={search_term_string}"},"query-input":{"@type":"PropertyValueSpecification","valueRequired":true,"valueName":"search_term_string"}}],"inLanguage":"es"},{"@type":"Organization","@id":"https:\/\/cograf.com\/site\/#organization","name":"Cograf Comunicaciones","url":"https:\/\/cograf.com\/site\/","logo":{"@type":"ImageObject","inLanguage":"es","@id":"https:\/\/cograf.com\/site\/#\/schema\/logo\/image\/","url":"https:\/\/cograf.com\/site\/wp-content\/uploads\/2020\/10\/logo_cograf_new.jpg","contentUrl":"https:\/\/cograf.com\/site\/wp-content\/uploads\/2020\/10\/logo_cograf_new.jpg","width":501,"height":301,"caption":"Cograf Comunicaciones"},"image":{"@id":"https:\/\/cograf.com\/site\/#\/schema\/logo\/image\/"}}]}},"_links":{"self":[{"href":"https:\/\/cograf.com\/site\/wp-json\/wp\/v2\/pages\/1941","targetHints":{"allow":["GET"]}}],"collection":[{"href":"https:\/\/cograf.com\/site\/wp-json\/wp\/v2\/pages"}],"about":[{"href":"https:\/\/cograf.com\/site\/wp-json\/wp\/v2\/types\/page"}],"author":[{"embeddable":true,"href":"https:\/\/cograf.com\/site\/wp-json\/wp\/v2\/users\/1"}],"replies":[{"embeddable":true,"href":"https:\/\/cograf.com\/site\/wp-json\/wp\/v2\/comments?post=1941"}],"version-history":[{"count":0,"href":"https:\/\/cograf.com\/site\/wp-json\/wp\/v2\/pages\/1941\/revisions"}],"up":[{"embeddable":true,"href":"https:\/\/cograf.com\/site\/wp-json\/wp\/v2\/pages\/1841"}],"wp:attachment":[{"href":"https:\/\/cograf.com\/site\/wp-json\/wp\/v2\/media?parent=1941"}],"curies":[{"name":"wp","href":"https:\/\/api.w.org\/{rel}","templated":true}]}}