{"id":1927,"date":"2014-01-14T15:38:20","date_gmt":"2014-01-14T20:08:20","guid":{"rendered":"https:\/\/cograf.com\/site\/?page_id=1927"},"modified":"2014-01-14T15:45:20","modified_gmt":"2014-01-14T20:15:20","slug":"correlaciones-entre-salud-y-felicidad","status":"publish","type":"page","link":"https:\/\/cograf.com\/site\/cultura-de-servicio\/lecturas-de-apoyo\/correlaciones-entre-salud-y-felicidad\/","title":{"rendered":"Correlaciones entre salud y felicidad"},"content":{"rendered":"<p><span style=\"color: #000000;\"><span style=\"font-family: Verdana, Arial, Helvetica, sans-serif;\"><i>\u00bfVale la pena esforzarse por disfrutar el trabajo diario?\u00a0<\/i><\/span><\/span><\/p>\n<p>Los seres humanos somos criaturas capaces de transformar nuestra biolog\u00eda mediante lo que pensamos y sentimos.<\/p>\n<p>Nuestras c\u00e9lulas est\u00e1n constantemente observando nuestros sentimientos y siendo modificadas por ellos.<\/p>\n<p>Un ataque de depresi\u00f3n puede arrasar con nuestro sistema inmunol\u00f3gico. Y serenarse, por el contrario, puede fortificarlo de manera extraordinaria.<\/p>\n<p>La alegr\u00eda, la tranquilidad y la actividad armoniosa nos mantienen saludables y prolongan nuestra vida.<\/p>\n<p>El recuerdo de una situaci\u00f3n negativa o triste libera las mismas hormonas y sustancias biol\u00f3gicas destructivas que el estr\u00e9s.<\/p>\n<p>Nuestras c\u00e9lulas est\u00e1n constantemente procesando y metaboliz\u00e1ndolas todas las experiencias, de acuerdo con nuestros puntos de vista personales.<\/p>\n<p>No se puede simplemente captar datos en forma aislada y confirmarlos o juzgarlos sin consecuencias emocionales.<\/p>\n<p>Nosotros nos transformamos cuando nuestras alegrias o tristezas\u00a0 se internalizan.<\/p>\n<p>Quien est\u00e1 angustiado y deprimido proyecta tristeza por todas partes del cuerpo:<\/p>\n<p><span style=\"font-family: Verdana, Arial, Helvetica, sans-serif;\">\u2022<\/span><span style=\"font-family: Verdana, Arial, Helvetica, sans-serif;\">\u00a0La producci\u00f3n de neurotransmisores a partir del cerebro se altera,<\/span><\/p>\n<p><span style=\"font-family: Verdana, Arial, Helvetica, sans-serif;\">\u2022<\/span><span style=\"font-family: Verdana, Arial, Helvetica, sans-serif;\">\u00a0El nivel de hormonas var\u00eda,<\/span><\/p>\n<p><span style=\"font-family: Verdana, Arial, Helvetica, sans-serif;\">\u2022<\/span><span style=\"font-family: Verdana, Arial, Helvetica, sans-serif;\">\u00a0El ciclo del sue\u00f1o es interrumpido,<\/span><\/p>\n<p><span style=\"font-family: Verdana, Arial, Helvetica, sans-serif;\">\u2022<\/span><span style=\"font-family: Verdana, Arial, Helvetica, sans-serif;\">\u00a0Los receptores neuropept\u00eddicos en la superf\u00edcie externa de las c\u00e9lulas de la piel se modifican,<\/span><\/p>\n<p><span style=\"font-family: Verdana, Arial, Helvetica, sans-serif;\">\u2022<\/span><span style=\"font-family: Verdana, Arial, Helvetica, sans-serif;\">\u00a0Las plaquetas sangu\u00edneas se tornan m\u00e1s viscosas y m\u00e1s propensas a formar grumos<\/span><\/p>\n<p><span style=\"font-family: Verdana, Arial, Helvetica, sans-serif;\">\u2022<\/span><span style=\"font-family: Verdana, Arial, Helvetica, sans-serif;\"><span style=\"color: #000000;\">\u00a0Y hasta las l\u00e1grimas contienen trazos qu\u00edmicos diferentes al de las l\u00e1grimas de alegr\u00eda.\u00a0\u00a0<\/span><\/span><\/p>\n<p><span style=\"color: #000000;\">Pero todo este perfil bioqu\u00edmico es dr\u00e1sticamente modificado cuando la persona encuentra una nueva perspectiva para ver las diferentes situaciones de su vida.<\/span><\/p>\n<p><span style=\"color: #000000;\">Estos hechos confirman la gran necesidad de usar nuestra conciencia para crear las c\u00e9lulas que realmente necesitamos.<\/span><\/p>\n<p><span style=\"color: #000000;\">La ansiedad acaba pasando, as\u00ed como la depresi\u00f3n, si terminamos\u00a0con aquello que la causa.<\/span><\/p>\n<p><span style=\"color: #000000;\">El proceso de envejecimiento, se acelera con la ansiedad y la tristeza y puede ser neutralizado cada d\u00eda, viviendo con alegria, y tanquilidad.<\/span><\/p>\n<p><span style=\"color: #000000;\">Shakespeare no estaba siendo metaf\u00f3rico cuando a trav\u00e9s de su personaje Pr\u00f3spero dijo: \u00abNosotros somos hechos de la misma materia que los sue\u00f1os\u00bb.<\/span><\/p>\n<p><span style=\"color: #000000;\">Si quieres saber como est\u00e1 su cuerpo hoy, entonces recuerda lo que pensaste e hiciste ayer.<\/span><\/p>\n<p><span style=\"color: #000000;\">Si quieres saber c\u00f3mo estar\u00e1 tu cuerpo ma\u00f1ana, observa tus emociones y pensamientos de hoy.<\/span><\/p>\n","protected":false},"excerpt":{"rendered":"<p>\u00bfVale la pena esforzarse por disfrutar el trabajo diario?\u00a0 Los seres humanos somos criaturas capaces de transformar nuestra biolog\u00eda mediante lo que pensamos y sentimos. Nuestras c\u00e9lulas est\u00e1n constantemente observando nuestros sentimientos y siendo modificadas por ellos. Un ataque de&hellip;<\/p>\n","protected":false},"author":1,"featured_media":0,"parent":1841,"menu_order":0,"comment_status":"open","ping_status":"open","template":"","meta":{"footnotes":""},"class_list":["post-1927","page","type-page","status-publish","hentry","entry","no-media"],"yoast_head":"<!-- This site is optimized with the Yoast SEO plugin v26.9 - https:\/\/yoast.com\/product\/yoast-seo-wordpress\/ -->\n<title>Correlaciones entre salud y felicidad - Cograf Comunicaciones<\/title>\n<meta name=\"robots\" content=\"index, follow, max-snippet:-1, max-image-preview:large, max-video-preview:-1\" \/>\n<link rel=\"canonical\" href=\"https:\/\/cograf.com\/site\/cultura-de-servicio\/lecturas-de-apoyo\/correlaciones-entre-salud-y-felicidad\/\" \/>\n<meta property=\"og:locale\" content=\"es_ES\" \/>\n<meta property=\"og:type\" content=\"article\" \/>\n<meta property=\"og:title\" content=\"Correlaciones entre salud y felicidad - Cograf Comunicaciones\" \/>\n<meta property=\"og:description\" content=\"\u00bfVale la pena esforzarse por disfrutar el trabajo diario?\u00a0 Los seres humanos somos criaturas capaces de transformar nuestra biolog\u00eda mediante lo que pensamos y sentimos. Nuestras c\u00e9lulas est\u00e1n constantemente observando nuestros sentimientos y siendo modificadas por ellos. Un ataque de&hellip;\" \/>\n<meta property=\"og:url\" content=\"https:\/\/cograf.com\/site\/cultura-de-servicio\/lecturas-de-apoyo\/correlaciones-entre-salud-y-felicidad\/\" \/>\n<meta property=\"og:site_name\" content=\"Cograf Comunicaciones\" \/>\n<meta property=\"article:modified_time\" content=\"2014-01-14T20:15:20+00:00\" \/>\n<meta name=\"twitter:card\" content=\"summary_large_image\" \/>\n<meta name=\"twitter:label1\" content=\"Tiempo de lectura\" \/>\n\t<meta name=\"twitter:data1\" content=\"2 minutos\" \/>\n<script type=\"application\/ld+json\" class=\"yoast-schema-graph\">{\"@context\":\"https:\/\/schema.org\",\"@graph\":[{\"@type\":\"WebPage\",\"@id\":\"https:\/\/cograf.com\/site\/cultura-de-servicio\/lecturas-de-apoyo\/correlaciones-entre-salud-y-felicidad\/\",\"url\":\"https:\/\/cograf.com\/site\/cultura-de-servicio\/lecturas-de-apoyo\/correlaciones-entre-salud-y-felicidad\/\",\"name\":\"Correlaciones entre salud y felicidad - Cograf Comunicaciones\",\"isPartOf\":{\"@id\":\"https:\/\/cograf.com\/site\/#website\"},\"datePublished\":\"2014-01-14T20:08:20+00:00\",\"dateModified\":\"2014-01-14T20:15:20+00:00\",\"breadcrumb\":{\"@id\":\"https:\/\/cograf.com\/site\/cultura-de-servicio\/lecturas-de-apoyo\/correlaciones-entre-salud-y-felicidad\/#breadcrumb\"},\"inLanguage\":\"es\",\"potentialAction\":[{\"@type\":\"ReadAction\",\"target\":[\"https:\/\/cograf.com\/site\/cultura-de-servicio\/lecturas-de-apoyo\/correlaciones-entre-salud-y-felicidad\/\"]}]},{\"@type\":\"BreadcrumbList\",\"@id\":\"https:\/\/cograf.com\/site\/cultura-de-servicio\/lecturas-de-apoyo\/correlaciones-entre-salud-y-felicidad\/#breadcrumb\",\"itemListElement\":[{\"@type\":\"ListItem\",\"position\":1,\"name\":\"Portada\",\"item\":\"https:\/\/cograf.com\/site\/\"},{\"@type\":\"ListItem\",\"position\":2,\"name\":\"Cultura de Servicio\",\"item\":\"https:\/\/cograf.com\/site\/cultura-de-servicio\/\"},{\"@type\":\"ListItem\",\"position\":3,\"name\":\"Lecturas de apoyo\",\"item\":\"https:\/\/cograf.com\/site\/cultura-de-servicio\/lecturas-de-apoyo\/\"},{\"@type\":\"ListItem\",\"position\":4,\"name\":\"Correlaciones entre salud y felicidad\"}]},{\"@type\":\"WebSite\",\"@id\":\"https:\/\/cograf.com\/site\/#website\",\"url\":\"https:\/\/cograf.com\/site\/\",\"name\":\"Cograf Comunicaciones\",\"description\":\"Imagen de marcas\",\"publisher\":{\"@id\":\"https:\/\/cograf.com\/site\/#organization\"},\"potentialAction\":[{\"@type\":\"SearchAction\",\"target\":{\"@type\":\"EntryPoint\",\"urlTemplate\":\"https:\/\/cograf.com\/site\/?s={search_term_string}\"},\"query-input\":{\"@type\":\"PropertyValueSpecification\",\"valueRequired\":true,\"valueName\":\"search_term_string\"}}],\"inLanguage\":\"es\"},{\"@type\":\"Organization\",\"@id\":\"https:\/\/cograf.com\/site\/#organization\",\"name\":\"Cograf Comunicaciones\",\"url\":\"https:\/\/cograf.com\/site\/\",\"logo\":{\"@type\":\"ImageObject\",\"inLanguage\":\"es\",\"@id\":\"https:\/\/cograf.com\/site\/#\/schema\/logo\/image\/\",\"url\":\"https:\/\/cograf.com\/site\/wp-content\/uploads\/2020\/10\/logo_cograf_new.jpg\",\"contentUrl\":\"https:\/\/cograf.com\/site\/wp-content\/uploads\/2020\/10\/logo_cograf_new.jpg\",\"width\":501,\"height\":301,\"caption\":\"Cograf Comunicaciones\"},\"image\":{\"@id\":\"https:\/\/cograf.com\/site\/#\/schema\/logo\/image\/\"}}]}<\/script>\n<!-- \/ Yoast SEO plugin. -->","yoast_head_json":{"title":"Correlaciones entre salud y felicidad - Cograf Comunicaciones","robots":{"index":"index","follow":"follow","max-snippet":"max-snippet:-1","max-image-preview":"max-image-preview:large","max-video-preview":"max-video-preview:-1"},"canonical":"https:\/\/cograf.com\/site\/cultura-de-servicio\/lecturas-de-apoyo\/correlaciones-entre-salud-y-felicidad\/","og_locale":"es_ES","og_type":"article","og_title":"Correlaciones entre salud y felicidad - Cograf Comunicaciones","og_description":"\u00bfVale la pena esforzarse por disfrutar el trabajo diario?\u00a0 Los seres humanos somos criaturas capaces de transformar nuestra biolog\u00eda mediante lo que pensamos y sentimos. Nuestras c\u00e9lulas est\u00e1n constantemente observando nuestros sentimientos y siendo modificadas por ellos. Un ataque de&hellip;","og_url":"https:\/\/cograf.com\/site\/cultura-de-servicio\/lecturas-de-apoyo\/correlaciones-entre-salud-y-felicidad\/","og_site_name":"Cograf Comunicaciones","article_modified_time":"2014-01-14T20:15:20+00:00","twitter_card":"summary_large_image","twitter_misc":{"Tiempo de lectura":"2 minutos"},"schema":{"@context":"https:\/\/schema.org","@graph":[{"@type":"WebPage","@id":"https:\/\/cograf.com\/site\/cultura-de-servicio\/lecturas-de-apoyo\/correlaciones-entre-salud-y-felicidad\/","url":"https:\/\/cograf.com\/site\/cultura-de-servicio\/lecturas-de-apoyo\/correlaciones-entre-salud-y-felicidad\/","name":"Correlaciones entre salud y felicidad - Cograf Comunicaciones","isPartOf":{"@id":"https:\/\/cograf.com\/site\/#website"},"datePublished":"2014-01-14T20:08:20+00:00","dateModified":"2014-01-14T20:15:20+00:00","breadcrumb":{"@id":"https:\/\/cograf.com\/site\/cultura-de-servicio\/lecturas-de-apoyo\/correlaciones-entre-salud-y-felicidad\/#breadcrumb"},"inLanguage":"es","potentialAction":[{"@type":"ReadAction","target":["https:\/\/cograf.com\/site\/cultura-de-servicio\/lecturas-de-apoyo\/correlaciones-entre-salud-y-felicidad\/"]}]},{"@type":"BreadcrumbList","@id":"https:\/\/cograf.com\/site\/cultura-de-servicio\/lecturas-de-apoyo\/correlaciones-entre-salud-y-felicidad\/#breadcrumb","itemListElement":[{"@type":"ListItem","position":1,"name":"Portada","item":"https:\/\/cograf.com\/site\/"},{"@type":"ListItem","position":2,"name":"Cultura de Servicio","item":"https:\/\/cograf.com\/site\/cultura-de-servicio\/"},{"@type":"ListItem","position":3,"name":"Lecturas de apoyo","item":"https:\/\/cograf.com\/site\/cultura-de-servicio\/lecturas-de-apoyo\/"},{"@type":"ListItem","position":4,"name":"Correlaciones entre salud y felicidad"}]},{"@type":"WebSite","@id":"https:\/\/cograf.com\/site\/#website","url":"https:\/\/cograf.com\/site\/","name":"Cograf Comunicaciones","description":"Imagen de marcas","publisher":{"@id":"https:\/\/cograf.com\/site\/#organization"},"potentialAction":[{"@type":"SearchAction","target":{"@type":"EntryPoint","urlTemplate":"https:\/\/cograf.com\/site\/?s={search_term_string}"},"query-input":{"@type":"PropertyValueSpecification","valueRequired":true,"valueName":"search_term_string"}}],"inLanguage":"es"},{"@type":"Organization","@id":"https:\/\/cograf.com\/site\/#organization","name":"Cograf Comunicaciones","url":"https:\/\/cograf.com\/site\/","logo":{"@type":"ImageObject","inLanguage":"es","@id":"https:\/\/cograf.com\/site\/#\/schema\/logo\/image\/","url":"https:\/\/cograf.com\/site\/wp-content\/uploads\/2020\/10\/logo_cograf_new.jpg","contentUrl":"https:\/\/cograf.com\/site\/wp-content\/uploads\/2020\/10\/logo_cograf_new.jpg","width":501,"height":301,"caption":"Cograf Comunicaciones"},"image":{"@id":"https:\/\/cograf.com\/site\/#\/schema\/logo\/image\/"}}]}},"_links":{"self":[{"href":"https:\/\/cograf.com\/site\/wp-json\/wp\/v2\/pages\/1927","targetHints":{"allow":["GET"]}}],"collection":[{"href":"https:\/\/cograf.com\/site\/wp-json\/wp\/v2\/pages"}],"about":[{"href":"https:\/\/cograf.com\/site\/wp-json\/wp\/v2\/types\/page"}],"author":[{"embeddable":true,"href":"https:\/\/cograf.com\/site\/wp-json\/wp\/v2\/users\/1"}],"replies":[{"embeddable":true,"href":"https:\/\/cograf.com\/site\/wp-json\/wp\/v2\/comments?post=1927"}],"version-history":[{"count":0,"href":"https:\/\/cograf.com\/site\/wp-json\/wp\/v2\/pages\/1927\/revisions"}],"up":[{"embeddable":true,"href":"https:\/\/cograf.com\/site\/wp-json\/wp\/v2\/pages\/1841"}],"wp:attachment":[{"href":"https:\/\/cograf.com\/site\/wp-json\/wp\/v2\/media?parent=1927"}],"curies":[{"name":"wp","href":"https:\/\/api.w.org\/{rel}","templated":true}]}}