{"id":1911,"date":"2014-01-14T14:51:36","date_gmt":"2014-01-14T19:21:36","guid":{"rendered":"https:\/\/cograf.com\/site\/?page_id=1911"},"modified":"2014-01-14T14:51:36","modified_gmt":"2014-01-14T19:21:36","slug":"yo-puedo-hacer-la-diferencia","status":"publish","type":"page","link":"https:\/\/cograf.com\/site\/cultura-de-servicio\/lecturas-de-apoyo\/yo-puedo-hacer-la-diferencia\/","title":{"rendered":"Yo puedo hacer la diferencia"},"content":{"rendered":"<p><span style=\"font-family: Verdana,Arial,Helvetica,sans-serif;\">Su nombre era Srta. Thompson. Mientras estuvo al frente de su clase de quinto grado, el primer d\u00eda de clase lo iniciaba diciendo a los ni\u00f1os una mentira. Como la mayor parte de los profesores, ella miraba a sus alumnos y les dec\u00eda que a todos los quer\u00eda por igual. Pero eso no era posible, porque ah\u00ed en la primera fila, desparramado sobre su asiento, estaba un ni\u00f1o llamado Teddy Stoddard.<\/p>\n<p> La Srta. Thompson hab\u00eda observado a Teddy desde el a\u00f1o anterior y hab\u00eda notado que el no jugaba muy bien con otros ni\u00f1os, su ropa estaba muy descuidada y constantemente necesitaba darse un buen ba\u00f1o. Teddy comenzaba a ser un tanto desagradable.<\/p>\n<p> En la escuela donde la Srta. Thompson ense\u00f1aba, le era requerido revisar el historial de cada ni\u00f1o, ella dej\u00f3 el expediente de Teddy para el final. Cuando ella revis\u00f3 su expediente, se llev\u00f3 una gran sorpresa.<\/p>\n<p> <strong>La Profesora de primer grado escribi\u00f3:<br \/> <\/strong><br \/> \u00abTeddy es un ni\u00f1o muy brillante con una sonrisa sin igual. Hace su trabajo de una manera limpia y tiene muy buenos modales&#8230; es un placer tenerlo cerca\u00bb.<\/p>\n<p> <strong>Su profesora de segundo grado escribi\u00f3:<br \/> <\/strong><br \/> \u00abTeddy es un excelente estudiante, se lleva muy bien con sus compa\u00f1eros, pero se nota preocupado porque su madre tiene una enfermedad incurable y el ambiente en su casa debe ser muy dif\u00edcil\u00bb.<\/p>\n<p> <strong>La profesora de tercer grado escribi\u00f3:<br \/> <\/strong><br \/> \u00abSu madre ha muerto, ha sido muy duro para \u00e9l. El trata de hacer su mejor esfuerzo, pero su padre no muestra mucho inter\u00e9s y el ambiente en su casa le afectar\u00e1 pronto si no se toman ciertas medidas\u00bb.<\/p>\n<p> <strong>Su profesora de cuarto grado escribi\u00f3:<br \/> <\/strong><br \/> \u00abTeddy se encuentra atrasado con respecto a sus compa\u00f1eros y no muestra mucho inter\u00e9s en la escuela. No tiene muchos amigos y en ocasiones duerme en clase\u00bb.<\/p>\n<p> Ahora la Srta. Thompson se hab\u00eda dado cuenta del problema y estaba apenada con ella misma.<\/p>\n<p> Ella comenz\u00f3 a sentirse peor cuando sus alumnos le llevaron sus regalos de Navidad, envueltos con preciosos mo\u00f1os y papel brillante, excepto Teddy. Su regalo estaba mal envuelto con un papel amarillento que \u00e9l hab\u00eda tomado de una bolsa de papel.<\/p>\n<p> Algunos ni\u00f1os comenzaron a re\u00edr cuando ella encontr\u00f3 un viejo brazalete y un frasco de perfume con s\u00f3lo un cuarto de su contenido. Ella detuvo las burlas de los ni\u00f1os al exclamar lo precioso que era el brazalete mientras se colocaba un poco del perfume en su mu\u00f1eca. Teddy Stoddard se qued\u00f3 ese d\u00eda al final de la clase el tiempo suficiente para decir: \u00abSrta. Thompson, el d\u00eda de hoy usted huele como sol\u00eda oler mi mam\u00e1\u00bb.<\/p>\n<p> Desde ese d\u00eda, ella dej\u00f3 de ense\u00f1arles a los ni\u00f1os aritm\u00e9tica, a leer y a escribir. En lugar de eso, comenz\u00f3 a educar a los ni\u00f1os.<\/p>\n<p> La Srta. Thompson puso atenci\u00f3n especial en Teddy. Conforme comenz\u00f3 a trabajar con \u00e9l, su cerebro comenz\u00f3 a revivir. Mientras m\u00e1s lo apoyaba, el respond\u00eda m\u00e1s r\u00e1pido. Para el final del ciclo escolar, Teddy se hab\u00eda convertido en uno de los ni\u00f1os m\u00e1s aplicados de la clase.<\/p>\n<p> Un a\u00f1o despu\u00e9s, ella encontr\u00f3 una nota debajo de su puerta, era de Teddy, dici\u00e9ndole que ella hab\u00eda sido la mejor maestra que hab\u00eda tenido en toda su vida.<\/p>\n<p> Catorce a\u00f1os despu\u00e9s recibi\u00f3 otra nota. En esta ocasi\u00f3n le explicaba que despu\u00e9s de que concluy\u00f3 su carrera, decidi\u00f3 viajar un poco. La carta le explicaba que ella segu\u00eda siendo la mejor maestra que hab\u00eda tenido y su favorita, pero ahora su nombre se hab\u00eda alargado un poco, la carta estaba firmada por Dr. Theodore F. Stoddard.<\/p>\n<p> La historia no termina aqu\u00ed, existe una carta m\u00e1s que leer, Teddy ahora dec\u00eda que hab\u00eda conocido a una chica con la cual iba a casarse. Explicaba que su padre hab\u00eda muerto hac\u00eda un par de a\u00f1os y le preguntaba a la Srta. Thompson si le gustar\u00eda ocupar en su boda el lugar que usualmente es reservado para la madre del novio, por supuesto la Srta. Thompson acept\u00f3.<\/p>\n<p> Ella lleg\u00f3 usando el viejo brazalete y se asegur\u00f3 de usar el perfume que Teddy recordaba que us\u00f3 su madre la \u00faltima Navidad que pasaron juntos. Se dieron un gran abrazo y el Dr. Stoddard le susurr\u00f3 al o\u00eddo, \u00abGracias Srta. Thompson por creer en mi. Muchas gracias por hacerme sentir importante y mostrarme que yo puedo hacer la diferencia\u00bb.<\/p>\n<p> La Srta. Thompson tom\u00f3 aire y dijo, \u00abTeddy, te equivocas, tu fuiste el que me ense\u00f1\u00f3 a mi que yo puedo hacer la diferencia. No sab\u00eda c\u00f3mo educar hasta que te conoc\u00ed\u00bb.<\/span><\/p>\n","protected":false},"excerpt":{"rendered":"<p>Su nombre era Srta. Thompson. Mientras estuvo al frente de su clase de quinto grado, el primer d\u00eda de clase lo iniciaba diciendo a los ni\u00f1os una mentira. Como la mayor parte de los profesores, ella miraba a sus alumnos&hellip;<\/p>\n","protected":false},"author":1,"featured_media":0,"parent":1841,"menu_order":0,"comment_status":"open","ping_status":"open","template":"","meta":{"footnotes":""},"class_list":["post-1911","page","type-page","status-publish","hentry","entry","no-media"],"yoast_head":"<!-- This site is optimized with the Yoast SEO plugin v26.9 - https:\/\/yoast.com\/product\/yoast-seo-wordpress\/ -->\n<title>Yo puedo hacer la diferencia - Cograf Comunicaciones<\/title>\n<meta name=\"robots\" content=\"index, follow, max-snippet:-1, max-image-preview:large, max-video-preview:-1\" \/>\n<link rel=\"canonical\" href=\"https:\/\/cograf.com\/site\/cultura-de-servicio\/lecturas-de-apoyo\/yo-puedo-hacer-la-diferencia\/\" \/>\n<meta property=\"og:locale\" content=\"es_ES\" \/>\n<meta property=\"og:type\" content=\"article\" \/>\n<meta property=\"og:title\" content=\"Yo puedo hacer la diferencia - Cograf Comunicaciones\" \/>\n<meta property=\"og:description\" content=\"Su nombre era Srta. Thompson. Mientras estuvo al frente de su clase de quinto grado, el primer d\u00eda de clase lo iniciaba diciendo a los ni\u00f1os una mentira. Como la mayor parte de los profesores, ella miraba a sus alumnos&hellip;\" \/>\n<meta property=\"og:url\" content=\"https:\/\/cograf.com\/site\/cultura-de-servicio\/lecturas-de-apoyo\/yo-puedo-hacer-la-diferencia\/\" \/>\n<meta property=\"og:site_name\" content=\"Cograf Comunicaciones\" \/>\n<meta name=\"twitter:card\" content=\"summary_large_image\" \/>\n<meta name=\"twitter:label1\" content=\"Tiempo de lectura\" \/>\n\t<meta name=\"twitter:data1\" content=\"4 minutos\" \/>\n<script type=\"application\/ld+json\" class=\"yoast-schema-graph\">{\"@context\":\"https:\/\/schema.org\",\"@graph\":[{\"@type\":\"WebPage\",\"@id\":\"https:\/\/cograf.com\/site\/cultura-de-servicio\/lecturas-de-apoyo\/yo-puedo-hacer-la-diferencia\/\",\"url\":\"https:\/\/cograf.com\/site\/cultura-de-servicio\/lecturas-de-apoyo\/yo-puedo-hacer-la-diferencia\/\",\"name\":\"Yo puedo hacer la diferencia - Cograf Comunicaciones\",\"isPartOf\":{\"@id\":\"https:\/\/cograf.com\/site\/#website\"},\"datePublished\":\"2014-01-14T19:21:36+00:00\",\"breadcrumb\":{\"@id\":\"https:\/\/cograf.com\/site\/cultura-de-servicio\/lecturas-de-apoyo\/yo-puedo-hacer-la-diferencia\/#breadcrumb\"},\"inLanguage\":\"es\",\"potentialAction\":[{\"@type\":\"ReadAction\",\"target\":[\"https:\/\/cograf.com\/site\/cultura-de-servicio\/lecturas-de-apoyo\/yo-puedo-hacer-la-diferencia\/\"]}]},{\"@type\":\"BreadcrumbList\",\"@id\":\"https:\/\/cograf.com\/site\/cultura-de-servicio\/lecturas-de-apoyo\/yo-puedo-hacer-la-diferencia\/#breadcrumb\",\"itemListElement\":[{\"@type\":\"ListItem\",\"position\":1,\"name\":\"Portada\",\"item\":\"https:\/\/cograf.com\/site\/\"},{\"@type\":\"ListItem\",\"position\":2,\"name\":\"Cultura de Servicio\",\"item\":\"https:\/\/cograf.com\/site\/cultura-de-servicio\/\"},{\"@type\":\"ListItem\",\"position\":3,\"name\":\"Lecturas de apoyo\",\"item\":\"https:\/\/cograf.com\/site\/cultura-de-servicio\/lecturas-de-apoyo\/\"},{\"@type\":\"ListItem\",\"position\":4,\"name\":\"Yo puedo hacer la diferencia\"}]},{\"@type\":\"WebSite\",\"@id\":\"https:\/\/cograf.com\/site\/#website\",\"url\":\"https:\/\/cograf.com\/site\/\",\"name\":\"Cograf Comunicaciones\",\"description\":\"Imagen de marcas\",\"publisher\":{\"@id\":\"https:\/\/cograf.com\/site\/#organization\"},\"potentialAction\":[{\"@type\":\"SearchAction\",\"target\":{\"@type\":\"EntryPoint\",\"urlTemplate\":\"https:\/\/cograf.com\/site\/?s={search_term_string}\"},\"query-input\":{\"@type\":\"PropertyValueSpecification\",\"valueRequired\":true,\"valueName\":\"search_term_string\"}}],\"inLanguage\":\"es\"},{\"@type\":\"Organization\",\"@id\":\"https:\/\/cograf.com\/site\/#organization\",\"name\":\"Cograf Comunicaciones\",\"url\":\"https:\/\/cograf.com\/site\/\",\"logo\":{\"@type\":\"ImageObject\",\"inLanguage\":\"es\",\"@id\":\"https:\/\/cograf.com\/site\/#\/schema\/logo\/image\/\",\"url\":\"https:\/\/cograf.com\/site\/wp-content\/uploads\/2020\/10\/logo_cograf_new.jpg\",\"contentUrl\":\"https:\/\/cograf.com\/site\/wp-content\/uploads\/2020\/10\/logo_cograf_new.jpg\",\"width\":501,\"height\":301,\"caption\":\"Cograf Comunicaciones\"},\"image\":{\"@id\":\"https:\/\/cograf.com\/site\/#\/schema\/logo\/image\/\"}}]}<\/script>\n<!-- \/ Yoast SEO plugin. -->","yoast_head_json":{"title":"Yo puedo hacer la diferencia - Cograf Comunicaciones","robots":{"index":"index","follow":"follow","max-snippet":"max-snippet:-1","max-image-preview":"max-image-preview:large","max-video-preview":"max-video-preview:-1"},"canonical":"https:\/\/cograf.com\/site\/cultura-de-servicio\/lecturas-de-apoyo\/yo-puedo-hacer-la-diferencia\/","og_locale":"es_ES","og_type":"article","og_title":"Yo puedo hacer la diferencia - Cograf Comunicaciones","og_description":"Su nombre era Srta. Thompson. Mientras estuvo al frente de su clase de quinto grado, el primer d\u00eda de clase lo iniciaba diciendo a los ni\u00f1os una mentira. Como la mayor parte de los profesores, ella miraba a sus alumnos&hellip;","og_url":"https:\/\/cograf.com\/site\/cultura-de-servicio\/lecturas-de-apoyo\/yo-puedo-hacer-la-diferencia\/","og_site_name":"Cograf Comunicaciones","twitter_card":"summary_large_image","twitter_misc":{"Tiempo de lectura":"4 minutos"},"schema":{"@context":"https:\/\/schema.org","@graph":[{"@type":"WebPage","@id":"https:\/\/cograf.com\/site\/cultura-de-servicio\/lecturas-de-apoyo\/yo-puedo-hacer-la-diferencia\/","url":"https:\/\/cograf.com\/site\/cultura-de-servicio\/lecturas-de-apoyo\/yo-puedo-hacer-la-diferencia\/","name":"Yo puedo hacer la diferencia - Cograf Comunicaciones","isPartOf":{"@id":"https:\/\/cograf.com\/site\/#website"},"datePublished":"2014-01-14T19:21:36+00:00","breadcrumb":{"@id":"https:\/\/cograf.com\/site\/cultura-de-servicio\/lecturas-de-apoyo\/yo-puedo-hacer-la-diferencia\/#breadcrumb"},"inLanguage":"es","potentialAction":[{"@type":"ReadAction","target":["https:\/\/cograf.com\/site\/cultura-de-servicio\/lecturas-de-apoyo\/yo-puedo-hacer-la-diferencia\/"]}]},{"@type":"BreadcrumbList","@id":"https:\/\/cograf.com\/site\/cultura-de-servicio\/lecturas-de-apoyo\/yo-puedo-hacer-la-diferencia\/#breadcrumb","itemListElement":[{"@type":"ListItem","position":1,"name":"Portada","item":"https:\/\/cograf.com\/site\/"},{"@type":"ListItem","position":2,"name":"Cultura de Servicio","item":"https:\/\/cograf.com\/site\/cultura-de-servicio\/"},{"@type":"ListItem","position":3,"name":"Lecturas de apoyo","item":"https:\/\/cograf.com\/site\/cultura-de-servicio\/lecturas-de-apoyo\/"},{"@type":"ListItem","position":4,"name":"Yo puedo hacer la diferencia"}]},{"@type":"WebSite","@id":"https:\/\/cograf.com\/site\/#website","url":"https:\/\/cograf.com\/site\/","name":"Cograf Comunicaciones","description":"Imagen de marcas","publisher":{"@id":"https:\/\/cograf.com\/site\/#organization"},"potentialAction":[{"@type":"SearchAction","target":{"@type":"EntryPoint","urlTemplate":"https:\/\/cograf.com\/site\/?s={search_term_string}"},"query-input":{"@type":"PropertyValueSpecification","valueRequired":true,"valueName":"search_term_string"}}],"inLanguage":"es"},{"@type":"Organization","@id":"https:\/\/cograf.com\/site\/#organization","name":"Cograf Comunicaciones","url":"https:\/\/cograf.com\/site\/","logo":{"@type":"ImageObject","inLanguage":"es","@id":"https:\/\/cograf.com\/site\/#\/schema\/logo\/image\/","url":"https:\/\/cograf.com\/site\/wp-content\/uploads\/2020\/10\/logo_cograf_new.jpg","contentUrl":"https:\/\/cograf.com\/site\/wp-content\/uploads\/2020\/10\/logo_cograf_new.jpg","width":501,"height":301,"caption":"Cograf Comunicaciones"},"image":{"@id":"https:\/\/cograf.com\/site\/#\/schema\/logo\/image\/"}}]}},"_links":{"self":[{"href":"https:\/\/cograf.com\/site\/wp-json\/wp\/v2\/pages\/1911","targetHints":{"allow":["GET"]}}],"collection":[{"href":"https:\/\/cograf.com\/site\/wp-json\/wp\/v2\/pages"}],"about":[{"href":"https:\/\/cograf.com\/site\/wp-json\/wp\/v2\/types\/page"}],"author":[{"embeddable":true,"href":"https:\/\/cograf.com\/site\/wp-json\/wp\/v2\/users\/1"}],"replies":[{"embeddable":true,"href":"https:\/\/cograf.com\/site\/wp-json\/wp\/v2\/comments?post=1911"}],"version-history":[{"count":0,"href":"https:\/\/cograf.com\/site\/wp-json\/wp\/v2\/pages\/1911\/revisions"}],"up":[{"embeddable":true,"href":"https:\/\/cograf.com\/site\/wp-json\/wp\/v2\/pages\/1841"}],"wp:attachment":[{"href":"https:\/\/cograf.com\/site\/wp-json\/wp\/v2\/media?parent=1911"}],"curies":[{"name":"wp","href":"https:\/\/api.w.org\/{rel}","templated":true}]}}