{"id":1900,"date":"2014-01-14T14:27:47","date_gmt":"2014-01-14T18:57:47","guid":{"rendered":"https:\/\/cograf.com\/site\/?page_id=1900"},"modified":"2014-01-14T14:30:59","modified_gmt":"2014-01-14T19:00:59","slug":"calidad-de-atencion-y-servicio-en-epoca-de-crisis","status":"publish","type":"page","link":"https:\/\/cograf.com\/site\/cultura-de-servicio\/lecturas-de-apoyo\/calidad-de-atencion-y-servicio-en-epoca-de-crisis\/","title":{"rendered":"Calidad de atenci\u00f3n y servicio en \u00e9poca de crisis"},"content":{"rendered":"<p><span style=\"font-family: Verdana,Arial,Helvetica,sans-serif;\"><em>Juan Carlos Jim\u00e9nez<br \/> <\/em><\/span><span style=\"color: #000000;\"><span style=\"font-family: Verdana,Arial,Helvetica,sans-serif;\">Marzo 2010<\/span><\/span><\/p>\n<p><span style=\"font-family: Verdana,Arial,Helvetica,sans-serif;\">Seg\u00fan el Banco Central de Venezuela el consumo privado registr\u00f3 una caida de 6,7% a finales del a\u00f1o 2009.<\/span><\/p>\n<p><span style=\"font-family: Verdana,Arial,Helvetica,sans-serif;\">Entre\u00a0 otras cosas, esto significa que los clientes ahora est\u00e1n cuidando mucho m\u00e1s su dinero y son m\u00e1s cautelosos en qu\u00e9 y con qui\u00e9n lo gastan.<\/span><\/p>\n<p><span style=\"font-family: Verdana,Arial,Helvetica,sans-serif;\">En consecuencia la atenci\u00f3n y el servicio al cliente cobra m\u00e1s valor e importancia para las empresas, como elemento de distinci\u00f3n y diferenciaci\u00f3n.<\/span><\/p>\n<p><span style=\"font-family: Verdana,Arial,Helvetica,sans-serif;\">Es decir, si la contracci\u00f3n econ\u00f3mica empuja a las empresas a competir principalmente en precios y ofertas, la calidad de la atenci\u00f3n y el servicio al cliente es lo \u00fanico que puede hacer la diferencia.<\/span><\/p>\n<p><span style=\"font-family: Verdana,Arial,Helvetica,sans-serif;\">Por otro lado, hay que recordar que cuando la gente est\u00e1 muy sensible con el costo de la vida y con su dinero, la honestidad y la transparencia comercial se vuelven la principal fuente de credibilidad y confianza de las empresas.<\/span><\/p>\n<p><span style=\"font-family: Verdana,Arial,Helvetica,sans-serif;\">Los clientes saben que la situaci\u00f3n econ\u00f3mica afecta a la mayor\u00eda. Por lo tanto, cuando los clientes son atendidos, es l\u00f3gico que est\u00e9n predispuestos y sospechen del grado de honestidad que reciben en ese momento.<\/span><\/p>\n<p><span style=\"font-family: Verdana,Arial,Helvetica,sans-serif;\">En otras palabras, la crisis econ\u00f3mica tambi\u00e9n hace que en la mente de los clientes se produzca la duda: \u00ab\u00bfRealmente me est\u00e1s brindando u ofreciendo el producto-precio que m\u00e1s me conviene a mi como cliente o que m\u00e1s te conviene a ti como empresa o vendedor?<\/span><\/p>\n<p><span style=\"font-family: Verdana,Arial,Helvetica,sans-serif;\">Por esta raz\u00f3n, las estrategias de atenci\u00f3n y servicio al cliente se vuelven cr\u00edticas para cualquier negocio.<\/span><\/p>\n<p><span style=\"font-family: Verdana,Arial,Helvetica,sans-serif;\">Es en este sentido que el entrenamiento de los empleados en materia de atenci\u00f3n al cliente se convierte en una necesidad clave: Invertir en la formaci\u00f3n del recurso humano en momentos de crisis es la iniciativa m\u00e1s econ\u00f3mica y de mayor impacto en el corto plazo para las empresas.<\/span><\/p>\n<p><span style=\"font-family: Verdana,Arial,Helvetica,sans-serif;\">La empresa ya tiene a su gente. Lo que necesita es proveerla de criterios claros sobre el impacto que tiene su desempe\u00f1o personal en la competitividad del negocio y, en consecuencia, en su estabilidad y crecimiento profesional.<\/span><\/p>\n<p><span style=\"font-family: Verdana,Arial,Helvetica,sans-serif;\">Si la empresa invierte en la inteligencia de sus empleados, entonces contar\u00e1 con un capital humano con m\u00e1s capacidad de discernir como ser m\u00e1s eficiente y productivo con cada cliente en cada momento.<\/span><\/p>\n<p><span style=\"font-family: Verdana,Arial,Helvetica,sans-serif;\">Las estrategias de ofertas para atraer o proteger clientes a veces son inevitables. Pero cuando no est\u00e1n acompa\u00f1adas de calidad de atenci\u00f3n y servicio pueden producir efectos contrarios.<\/span><\/p>\n<p><span style=\"font-family: Verdana,Arial,Helvetica,sans-serif;\">Cuando los clientes consiguen buenas ofertas y mal trato de quienes los atienden, la credibilidad y la confianza en la empresa se debilita y afecta la decisi\u00f3n de compra.<\/span><\/p>\n<p><span style=\"font-family: Verdana,Arial,Helvetica,sans-serif;\">De manera que para producir m\u00e1s ventas, las estrategias de precios y ofertas deben estar acompa\u00f1adas del debido entrenamiento del personal en cuanto a atenci\u00f3n y servicio al cliente.<\/span><\/p>\n<p><span style=\"font-family: Verdana,Arial,Helvetica,sans-serif;\">Solo as\u00ed, la empresa logra transmitir un mensaje corporativo m\u00e1s coherente.<\/span><span style=\"font-family: Verdana,Arial,Helvetica,sans-serif;\"><br \/> <\/span><\/p>\n","protected":false},"excerpt":{"rendered":"<p>Juan Carlos Jim\u00e9nez Marzo 2010 Seg\u00fan el Banco Central de Venezuela el consumo privado registr\u00f3 una caida de 6,7% a finales del a\u00f1o 2009. Entre\u00a0 otras cosas, esto significa que los clientes ahora est\u00e1n cuidando mucho m\u00e1s su dinero y&hellip;<\/p>\n","protected":false},"author":1,"featured_media":0,"parent":1841,"menu_order":0,"comment_status":"open","ping_status":"open","template":"","meta":{"footnotes":""},"class_list":["post-1900","page","type-page","status-publish","hentry","entry","no-media"],"yoast_head":"<!-- This site is optimized with the Yoast SEO plugin v26.9 - https:\/\/yoast.com\/product\/yoast-seo-wordpress\/ -->\n<title>Calidad de atenci\u00f3n y servicio en \u00e9poca de crisis - Cograf Comunicaciones<\/title>\n<meta name=\"robots\" content=\"index, follow, max-snippet:-1, max-image-preview:large, max-video-preview:-1\" \/>\n<link rel=\"canonical\" href=\"https:\/\/cograf.com\/site\/cultura-de-servicio\/lecturas-de-apoyo\/calidad-de-atencion-y-servicio-en-epoca-de-crisis\/\" \/>\n<meta property=\"og:locale\" content=\"es_ES\" \/>\n<meta property=\"og:type\" content=\"article\" \/>\n<meta property=\"og:title\" content=\"Calidad de atenci\u00f3n y servicio en \u00e9poca de crisis - Cograf Comunicaciones\" \/>\n<meta property=\"og:description\" content=\"Juan Carlos Jim\u00e9nez Marzo 2010 Seg\u00fan el Banco Central de Venezuela el consumo privado registr\u00f3 una caida de 6,7% a finales del a\u00f1o 2009. Entre\u00a0 otras cosas, esto significa que los clientes ahora est\u00e1n cuidando mucho m\u00e1s su dinero y&hellip;\" \/>\n<meta property=\"og:url\" content=\"https:\/\/cograf.com\/site\/cultura-de-servicio\/lecturas-de-apoyo\/calidad-de-atencion-y-servicio-en-epoca-de-crisis\/\" \/>\n<meta property=\"og:site_name\" content=\"Cograf Comunicaciones\" \/>\n<meta property=\"article:modified_time\" content=\"2014-01-14T19:00:59+00:00\" \/>\n<meta name=\"twitter:card\" content=\"summary_large_image\" \/>\n<meta name=\"twitter:label1\" content=\"Tiempo de lectura\" \/>\n\t<meta name=\"twitter:data1\" content=\"3 minutos\" \/>\n<script type=\"application\/ld+json\" class=\"yoast-schema-graph\">{\"@context\":\"https:\/\/schema.org\",\"@graph\":[{\"@type\":\"WebPage\",\"@id\":\"https:\/\/cograf.com\/site\/cultura-de-servicio\/lecturas-de-apoyo\/calidad-de-atencion-y-servicio-en-epoca-de-crisis\/\",\"url\":\"https:\/\/cograf.com\/site\/cultura-de-servicio\/lecturas-de-apoyo\/calidad-de-atencion-y-servicio-en-epoca-de-crisis\/\",\"name\":\"Calidad de atenci\u00f3n y servicio en \u00e9poca de crisis - Cograf Comunicaciones\",\"isPartOf\":{\"@id\":\"https:\/\/cograf.com\/site\/#website\"},\"datePublished\":\"2014-01-14T18:57:47+00:00\",\"dateModified\":\"2014-01-14T19:00:59+00:00\",\"breadcrumb\":{\"@id\":\"https:\/\/cograf.com\/site\/cultura-de-servicio\/lecturas-de-apoyo\/calidad-de-atencion-y-servicio-en-epoca-de-crisis\/#breadcrumb\"},\"inLanguage\":\"es\",\"potentialAction\":[{\"@type\":\"ReadAction\",\"target\":[\"https:\/\/cograf.com\/site\/cultura-de-servicio\/lecturas-de-apoyo\/calidad-de-atencion-y-servicio-en-epoca-de-crisis\/\"]}]},{\"@type\":\"BreadcrumbList\",\"@id\":\"https:\/\/cograf.com\/site\/cultura-de-servicio\/lecturas-de-apoyo\/calidad-de-atencion-y-servicio-en-epoca-de-crisis\/#breadcrumb\",\"itemListElement\":[{\"@type\":\"ListItem\",\"position\":1,\"name\":\"Portada\",\"item\":\"https:\/\/cograf.com\/site\/\"},{\"@type\":\"ListItem\",\"position\":2,\"name\":\"Cultura de Servicio\",\"item\":\"https:\/\/cograf.com\/site\/cultura-de-servicio\/\"},{\"@type\":\"ListItem\",\"position\":3,\"name\":\"Lecturas de apoyo\",\"item\":\"https:\/\/cograf.com\/site\/cultura-de-servicio\/lecturas-de-apoyo\/\"},{\"@type\":\"ListItem\",\"position\":4,\"name\":\"Calidad de atenci\u00f3n y servicio en \u00e9poca de crisis\"}]},{\"@type\":\"WebSite\",\"@id\":\"https:\/\/cograf.com\/site\/#website\",\"url\":\"https:\/\/cograf.com\/site\/\",\"name\":\"Cograf Comunicaciones\",\"description\":\"Imagen de marcas\",\"publisher\":{\"@id\":\"https:\/\/cograf.com\/site\/#organization\"},\"potentialAction\":[{\"@type\":\"SearchAction\",\"target\":{\"@type\":\"EntryPoint\",\"urlTemplate\":\"https:\/\/cograf.com\/site\/?s={search_term_string}\"},\"query-input\":{\"@type\":\"PropertyValueSpecification\",\"valueRequired\":true,\"valueName\":\"search_term_string\"}}],\"inLanguage\":\"es\"},{\"@type\":\"Organization\",\"@id\":\"https:\/\/cograf.com\/site\/#organization\",\"name\":\"Cograf Comunicaciones\",\"url\":\"https:\/\/cograf.com\/site\/\",\"logo\":{\"@type\":\"ImageObject\",\"inLanguage\":\"es\",\"@id\":\"https:\/\/cograf.com\/site\/#\/schema\/logo\/image\/\",\"url\":\"https:\/\/cograf.com\/site\/wp-content\/uploads\/2020\/10\/logo_cograf_new.jpg\",\"contentUrl\":\"https:\/\/cograf.com\/site\/wp-content\/uploads\/2020\/10\/logo_cograf_new.jpg\",\"width\":501,\"height\":301,\"caption\":\"Cograf Comunicaciones\"},\"image\":{\"@id\":\"https:\/\/cograf.com\/site\/#\/schema\/logo\/image\/\"}}]}<\/script>\n<!-- \/ Yoast SEO plugin. -->","yoast_head_json":{"title":"Calidad de atenci\u00f3n y servicio en \u00e9poca de crisis - Cograf Comunicaciones","robots":{"index":"index","follow":"follow","max-snippet":"max-snippet:-1","max-image-preview":"max-image-preview:large","max-video-preview":"max-video-preview:-1"},"canonical":"https:\/\/cograf.com\/site\/cultura-de-servicio\/lecturas-de-apoyo\/calidad-de-atencion-y-servicio-en-epoca-de-crisis\/","og_locale":"es_ES","og_type":"article","og_title":"Calidad de atenci\u00f3n y servicio en \u00e9poca de crisis - Cograf Comunicaciones","og_description":"Juan Carlos Jim\u00e9nez Marzo 2010 Seg\u00fan el Banco Central de Venezuela el consumo privado registr\u00f3 una caida de 6,7% a finales del a\u00f1o 2009. Entre\u00a0 otras cosas, esto significa que los clientes ahora est\u00e1n cuidando mucho m\u00e1s su dinero y&hellip;","og_url":"https:\/\/cograf.com\/site\/cultura-de-servicio\/lecturas-de-apoyo\/calidad-de-atencion-y-servicio-en-epoca-de-crisis\/","og_site_name":"Cograf Comunicaciones","article_modified_time":"2014-01-14T19:00:59+00:00","twitter_card":"summary_large_image","twitter_misc":{"Tiempo de lectura":"3 minutos"},"schema":{"@context":"https:\/\/schema.org","@graph":[{"@type":"WebPage","@id":"https:\/\/cograf.com\/site\/cultura-de-servicio\/lecturas-de-apoyo\/calidad-de-atencion-y-servicio-en-epoca-de-crisis\/","url":"https:\/\/cograf.com\/site\/cultura-de-servicio\/lecturas-de-apoyo\/calidad-de-atencion-y-servicio-en-epoca-de-crisis\/","name":"Calidad de atenci\u00f3n y servicio en \u00e9poca de crisis - Cograf Comunicaciones","isPartOf":{"@id":"https:\/\/cograf.com\/site\/#website"},"datePublished":"2014-01-14T18:57:47+00:00","dateModified":"2014-01-14T19:00:59+00:00","breadcrumb":{"@id":"https:\/\/cograf.com\/site\/cultura-de-servicio\/lecturas-de-apoyo\/calidad-de-atencion-y-servicio-en-epoca-de-crisis\/#breadcrumb"},"inLanguage":"es","potentialAction":[{"@type":"ReadAction","target":["https:\/\/cograf.com\/site\/cultura-de-servicio\/lecturas-de-apoyo\/calidad-de-atencion-y-servicio-en-epoca-de-crisis\/"]}]},{"@type":"BreadcrumbList","@id":"https:\/\/cograf.com\/site\/cultura-de-servicio\/lecturas-de-apoyo\/calidad-de-atencion-y-servicio-en-epoca-de-crisis\/#breadcrumb","itemListElement":[{"@type":"ListItem","position":1,"name":"Portada","item":"https:\/\/cograf.com\/site\/"},{"@type":"ListItem","position":2,"name":"Cultura de Servicio","item":"https:\/\/cograf.com\/site\/cultura-de-servicio\/"},{"@type":"ListItem","position":3,"name":"Lecturas de apoyo","item":"https:\/\/cograf.com\/site\/cultura-de-servicio\/lecturas-de-apoyo\/"},{"@type":"ListItem","position":4,"name":"Calidad de atenci\u00f3n y servicio en \u00e9poca de crisis"}]},{"@type":"WebSite","@id":"https:\/\/cograf.com\/site\/#website","url":"https:\/\/cograf.com\/site\/","name":"Cograf Comunicaciones","description":"Imagen de marcas","publisher":{"@id":"https:\/\/cograf.com\/site\/#organization"},"potentialAction":[{"@type":"SearchAction","target":{"@type":"EntryPoint","urlTemplate":"https:\/\/cograf.com\/site\/?s={search_term_string}"},"query-input":{"@type":"PropertyValueSpecification","valueRequired":true,"valueName":"search_term_string"}}],"inLanguage":"es"},{"@type":"Organization","@id":"https:\/\/cograf.com\/site\/#organization","name":"Cograf Comunicaciones","url":"https:\/\/cograf.com\/site\/","logo":{"@type":"ImageObject","inLanguage":"es","@id":"https:\/\/cograf.com\/site\/#\/schema\/logo\/image\/","url":"https:\/\/cograf.com\/site\/wp-content\/uploads\/2020\/10\/logo_cograf_new.jpg","contentUrl":"https:\/\/cograf.com\/site\/wp-content\/uploads\/2020\/10\/logo_cograf_new.jpg","width":501,"height":301,"caption":"Cograf Comunicaciones"},"image":{"@id":"https:\/\/cograf.com\/site\/#\/schema\/logo\/image\/"}}]}},"_links":{"self":[{"href":"https:\/\/cograf.com\/site\/wp-json\/wp\/v2\/pages\/1900","targetHints":{"allow":["GET"]}}],"collection":[{"href":"https:\/\/cograf.com\/site\/wp-json\/wp\/v2\/pages"}],"about":[{"href":"https:\/\/cograf.com\/site\/wp-json\/wp\/v2\/types\/page"}],"author":[{"embeddable":true,"href":"https:\/\/cograf.com\/site\/wp-json\/wp\/v2\/users\/1"}],"replies":[{"embeddable":true,"href":"https:\/\/cograf.com\/site\/wp-json\/wp\/v2\/comments?post=1900"}],"version-history":[{"count":0,"href":"https:\/\/cograf.com\/site\/wp-json\/wp\/v2\/pages\/1900\/revisions"}],"up":[{"embeddable":true,"href":"https:\/\/cograf.com\/site\/wp-json\/wp\/v2\/pages\/1841"}],"wp:attachment":[{"href":"https:\/\/cograf.com\/site\/wp-json\/wp\/v2\/media?parent=1900"}],"curies":[{"name":"wp","href":"https:\/\/api.w.org\/{rel}","templated":true}]}}