{"id":1892,"date":"2014-01-14T14:14:09","date_gmt":"2014-01-14T18:44:09","guid":{"rendered":"https:\/\/cograf.com\/site\/?page_id=1892"},"modified":"2014-01-14T14:14:09","modified_gmt":"2014-01-14T18:44:09","slug":"aprender-es-un-deleite-pero-hay-que-leer","status":"publish","type":"page","link":"https:\/\/cograf.com\/site\/cultura-de-servicio\/lecturas-de-apoyo\/aprender-es-un-deleite-pero-hay-que-leer\/","title":{"rendered":"Aprender es un deleite&#8230; Pero hay que leer"},"content":{"rendered":"<p><strong><\/strong><span style=\"font-family: Verdana,Arial,Helvetica,sans-serif;\"><em>Art\u00edculo de Santiago Valdivia<br \/> Octubre 12, 2011<\/p>\n<p> <\/em><\/span><span style=\"font-family: Verdana,Arial,Helvetica,sans-serif;\">Es un fest\u00edn para la inteligencia y el esp\u00edritu, una fuente de alegr\u00eda perdurable. Actualmente, en la mayor\u00eda de las escuelas, el aprendizaje es forzoso.<\/p>\n<p> Peor que un deber, es una obligaci\u00f3n impuesta mediante horarios y disciplina r\u00edgida y m\u00e1s en este Gobierno, donde se est\u00e1 adoctrinando a los ni\u00f1os, ayer o\u00ed y vi en el canal 8, hoy el Guaire del chavismo, a una analfabeta en historia decir: el \u00abCHE\u00bb Guevara es nuestro segundo Libertador \u00a1Pobre infeliz!<\/p>\n<p> Muchos j\u00f3venes se resisten, este sentimiento a menudo persiste durante toda la vida. Aprender es un placer natural, es uno de los goces de aquellos que cultivan su mente.<\/p>\n<p> Al observar a los ni\u00f1os muy peque\u00f1os, cuando por su edad no tienen h\u00e1bitos implantados, investigan con todo el fervor y la emoci\u00f3n de un explorador, al final de cada investigaci\u00f3n, se manifiestan en aquellas caritas un sentimiento de hondo placer.<\/p>\n<p> A\u00fan en adultos se presenta esta emoci\u00f3n, ejemplo: cuando Arqu\u00edmedes descubri\u00f3 el peso de su cuerpo en el agua, grit\u00f3 jubiloso: \u00a1Eureka, eureka! El instinto que provoc\u00f3 esta exclamaci\u00f3n, es el mismo que se manifiesta en todo los ni\u00f1os.<\/p>\n<p> Pero si el placer de aprender es universal \u00bfPor qu\u00e9 hay tantas personas insulsas e incultas y sin curiosidad que nunca leen ni siquiera un peri\u00f3dico? Se debe a una mala ense\u00f1anza&#8230;<\/p>\n<p> Desde que el ni\u00f1o est\u00e1 en el vientre de su madre, tanto en el hogar como en la escuela puede aprender. Salvo a las desorientaciones en las familias disfuncionales. Sin embargo, con una voluntad y esp\u00edritu de superaci\u00f3n se puede lograr el aprendizaje; cosa muy dif\u00edcil en este tipo de \u00abfamilia\u00bb.<\/p>\n<p> Este placer no est\u00e1 confinado a los libros de texto, algunos muy tediosos, pero sin ellos, en parte, no habr\u00e1 aprendizaje. En una biblioteca se observan tomos, no son bloques de papel inerte, sino esp\u00edritus vivientes. De cada uno de ellos surge una voz individual, que algo nos deja.<\/p>\n<p> Pero m\u00e1s all\u00e1 de los libros, aprender significa mantener la mente abierta y activa, pronto a captar toda clase de experiencia. Por eso, entre los placeres del aprendizaje debemos incluir el viajar: viajar con esp\u00edritu abierto y con el deseo de comprender a otros pueblos, otras tierras, en vez de buscar en ellos, un reflejo de nuestro propio sentir.<\/p>\n<p> Aprender significa tambi\u00e9n practicar un arte. El arte es una fuente de gozo. Hay muchas otras artesan\u00edas que brindan un placer esencial. Aprender, es acumulativo. En vez de disminuir con el paso del tiempo, como la salud y el vigor, sus frutos van en aumento&#8230;<\/p>\n<p> Es dif\u00edcil dar estos consejos a los j\u00f3venes estudiantes. Su car\u00e1cter explosivo, inquieto, rebelde, en vez de integrar su vida, prefieren proyectarse hacia el exterior y moverse en direcciones opuestas.<\/p>\n<p> La integridad del pensamiento y del esp\u00edritu no es una cualidad que nos confiere la naturaleza o Dios. Es como la salud, como la verdad y el conocimiento. El hombre tiene capacidad de alcanzarla, pero el hacerlo depende de sus propios esfuerzos.<\/p>\n<p> Muchas personas se han dado muerte a fuerza de jugar. Otras se han matado por comer y beber, consumir drogas, etc. Nadie, que yo sepa, a muerto de pensar.<\/p>\n<p> Es la pereza, la haraganer\u00eda, la rutina, la estupidez, que nos permite decir: \u00a1estoy fastidiado como una ostra!<\/p>\n<p> Muchos que eluden el conocimiento o lo abandonan, concluyen que la vida ha perdido su raz\u00f3n de ser. Pasan a\u00f1os sentados o acostados mirando con displicencia el techo&#8230; pero, eso no es vivir.<\/p>\n<p> Nadie sediento de aprender se ha quedado sin temas que explorar, los placeres del aprendizaje son aut\u00e9nticos. Su verdadero nombre es la felicidad&#8230;<\/p>\n<p> Podemos mejorar la duraci\u00f3n, la calidad y la fuerza de nuestra existencia alcanzando y preservando, la dicha de aprender.<\/p>\n<p> Art\u00edculo publicado en <a href=\"http:\/\/diariodelosandes.com\/content\/view\/169345\/105841\/\" target=\"_blank\">http:\/\/diariodelosandes.com\/content\/view\/169345\/105841\/<\/a><br \/> <\/span><span style=\"font-family: verdana,arial,geneva; font-size: xx-small;\"><br \/><\/span><\/p>\n","protected":false},"excerpt":{"rendered":"<p>Art\u00edculo de Santiago Valdivia Octubre 12, 2011 Es un fest\u00edn para la inteligencia y el esp\u00edritu, una fuente de alegr\u00eda perdurable. Actualmente, en la mayor\u00eda de las escuelas, el aprendizaje es forzoso. Peor que un deber, es una obligaci\u00f3n impuesta&hellip;<\/p>\n","protected":false},"author":1,"featured_media":0,"parent":1841,"menu_order":0,"comment_status":"open","ping_status":"open","template":"","meta":{"footnotes":""},"class_list":["post-1892","page","type-page","status-publish","hentry","entry","no-media"],"yoast_head":"<!-- This site is optimized with the Yoast SEO plugin v26.9 - https:\/\/yoast.com\/product\/yoast-seo-wordpress\/ -->\n<title>Aprender es un deleite... Pero hay que leer - Cograf Comunicaciones<\/title>\n<meta name=\"robots\" content=\"index, follow, max-snippet:-1, max-image-preview:large, max-video-preview:-1\" \/>\n<link rel=\"canonical\" href=\"https:\/\/cograf.com\/site\/cultura-de-servicio\/lecturas-de-apoyo\/aprender-es-un-deleite-pero-hay-que-leer\/\" \/>\n<meta property=\"og:locale\" content=\"es_ES\" \/>\n<meta property=\"og:type\" content=\"article\" \/>\n<meta property=\"og:title\" content=\"Aprender es un deleite... Pero hay que leer - Cograf Comunicaciones\" \/>\n<meta property=\"og:description\" content=\"Art\u00edculo de Santiago Valdivia Octubre 12, 2011 Es un fest\u00edn para la inteligencia y el esp\u00edritu, una fuente de alegr\u00eda perdurable. Actualmente, en la mayor\u00eda de las escuelas, el aprendizaje es forzoso. Peor que un deber, es una obligaci\u00f3n impuesta&hellip;\" \/>\n<meta property=\"og:url\" content=\"https:\/\/cograf.com\/site\/cultura-de-servicio\/lecturas-de-apoyo\/aprender-es-un-deleite-pero-hay-que-leer\/\" \/>\n<meta property=\"og:site_name\" content=\"Cograf Comunicaciones\" \/>\n<meta name=\"twitter:card\" content=\"summary_large_image\" \/>\n<meta name=\"twitter:label1\" content=\"Tiempo de lectura\" \/>\n\t<meta name=\"twitter:data1\" content=\"3 minutos\" \/>\n<script type=\"application\/ld+json\" class=\"yoast-schema-graph\">{\"@context\":\"https:\/\/schema.org\",\"@graph\":[{\"@type\":\"WebPage\",\"@id\":\"https:\/\/cograf.com\/site\/cultura-de-servicio\/lecturas-de-apoyo\/aprender-es-un-deleite-pero-hay-que-leer\/\",\"url\":\"https:\/\/cograf.com\/site\/cultura-de-servicio\/lecturas-de-apoyo\/aprender-es-un-deleite-pero-hay-que-leer\/\",\"name\":\"Aprender es un deleite... Pero hay que leer - Cograf Comunicaciones\",\"isPartOf\":{\"@id\":\"https:\/\/cograf.com\/site\/#website\"},\"datePublished\":\"2014-01-14T18:44:09+00:00\",\"breadcrumb\":{\"@id\":\"https:\/\/cograf.com\/site\/cultura-de-servicio\/lecturas-de-apoyo\/aprender-es-un-deleite-pero-hay-que-leer\/#breadcrumb\"},\"inLanguage\":\"es\",\"potentialAction\":[{\"@type\":\"ReadAction\",\"target\":[\"https:\/\/cograf.com\/site\/cultura-de-servicio\/lecturas-de-apoyo\/aprender-es-un-deleite-pero-hay-que-leer\/\"]}]},{\"@type\":\"BreadcrumbList\",\"@id\":\"https:\/\/cograf.com\/site\/cultura-de-servicio\/lecturas-de-apoyo\/aprender-es-un-deleite-pero-hay-que-leer\/#breadcrumb\",\"itemListElement\":[{\"@type\":\"ListItem\",\"position\":1,\"name\":\"Portada\",\"item\":\"https:\/\/cograf.com\/site\/\"},{\"@type\":\"ListItem\",\"position\":2,\"name\":\"Cultura de Servicio\",\"item\":\"https:\/\/cograf.com\/site\/cultura-de-servicio\/\"},{\"@type\":\"ListItem\",\"position\":3,\"name\":\"Lecturas de apoyo\",\"item\":\"https:\/\/cograf.com\/site\/cultura-de-servicio\/lecturas-de-apoyo\/\"},{\"@type\":\"ListItem\",\"position\":4,\"name\":\"Aprender es un deleite&#8230; Pero hay que leer\"}]},{\"@type\":\"WebSite\",\"@id\":\"https:\/\/cograf.com\/site\/#website\",\"url\":\"https:\/\/cograf.com\/site\/\",\"name\":\"Cograf Comunicaciones\",\"description\":\"Imagen de marcas\",\"publisher\":{\"@id\":\"https:\/\/cograf.com\/site\/#organization\"},\"potentialAction\":[{\"@type\":\"SearchAction\",\"target\":{\"@type\":\"EntryPoint\",\"urlTemplate\":\"https:\/\/cograf.com\/site\/?s={search_term_string}\"},\"query-input\":{\"@type\":\"PropertyValueSpecification\",\"valueRequired\":true,\"valueName\":\"search_term_string\"}}],\"inLanguage\":\"es\"},{\"@type\":\"Organization\",\"@id\":\"https:\/\/cograf.com\/site\/#organization\",\"name\":\"Cograf Comunicaciones\",\"url\":\"https:\/\/cograf.com\/site\/\",\"logo\":{\"@type\":\"ImageObject\",\"inLanguage\":\"es\",\"@id\":\"https:\/\/cograf.com\/site\/#\/schema\/logo\/image\/\",\"url\":\"https:\/\/cograf.com\/site\/wp-content\/uploads\/2020\/10\/logo_cograf_new.jpg\",\"contentUrl\":\"https:\/\/cograf.com\/site\/wp-content\/uploads\/2020\/10\/logo_cograf_new.jpg\",\"width\":501,\"height\":301,\"caption\":\"Cograf Comunicaciones\"},\"image\":{\"@id\":\"https:\/\/cograf.com\/site\/#\/schema\/logo\/image\/\"}}]}<\/script>\n<!-- \/ Yoast SEO plugin. -->","yoast_head_json":{"title":"Aprender es un deleite... Pero hay que leer - Cograf Comunicaciones","robots":{"index":"index","follow":"follow","max-snippet":"max-snippet:-1","max-image-preview":"max-image-preview:large","max-video-preview":"max-video-preview:-1"},"canonical":"https:\/\/cograf.com\/site\/cultura-de-servicio\/lecturas-de-apoyo\/aprender-es-un-deleite-pero-hay-que-leer\/","og_locale":"es_ES","og_type":"article","og_title":"Aprender es un deleite... Pero hay que leer - Cograf Comunicaciones","og_description":"Art\u00edculo de Santiago Valdivia Octubre 12, 2011 Es un fest\u00edn para la inteligencia y el esp\u00edritu, una fuente de alegr\u00eda perdurable. Actualmente, en la mayor\u00eda de las escuelas, el aprendizaje es forzoso. Peor que un deber, es una obligaci\u00f3n impuesta&hellip;","og_url":"https:\/\/cograf.com\/site\/cultura-de-servicio\/lecturas-de-apoyo\/aprender-es-un-deleite-pero-hay-que-leer\/","og_site_name":"Cograf Comunicaciones","twitter_card":"summary_large_image","twitter_misc":{"Tiempo de lectura":"3 minutos"},"schema":{"@context":"https:\/\/schema.org","@graph":[{"@type":"WebPage","@id":"https:\/\/cograf.com\/site\/cultura-de-servicio\/lecturas-de-apoyo\/aprender-es-un-deleite-pero-hay-que-leer\/","url":"https:\/\/cograf.com\/site\/cultura-de-servicio\/lecturas-de-apoyo\/aprender-es-un-deleite-pero-hay-que-leer\/","name":"Aprender es un deleite... Pero hay que leer - Cograf Comunicaciones","isPartOf":{"@id":"https:\/\/cograf.com\/site\/#website"},"datePublished":"2014-01-14T18:44:09+00:00","breadcrumb":{"@id":"https:\/\/cograf.com\/site\/cultura-de-servicio\/lecturas-de-apoyo\/aprender-es-un-deleite-pero-hay-que-leer\/#breadcrumb"},"inLanguage":"es","potentialAction":[{"@type":"ReadAction","target":["https:\/\/cograf.com\/site\/cultura-de-servicio\/lecturas-de-apoyo\/aprender-es-un-deleite-pero-hay-que-leer\/"]}]},{"@type":"BreadcrumbList","@id":"https:\/\/cograf.com\/site\/cultura-de-servicio\/lecturas-de-apoyo\/aprender-es-un-deleite-pero-hay-que-leer\/#breadcrumb","itemListElement":[{"@type":"ListItem","position":1,"name":"Portada","item":"https:\/\/cograf.com\/site\/"},{"@type":"ListItem","position":2,"name":"Cultura de Servicio","item":"https:\/\/cograf.com\/site\/cultura-de-servicio\/"},{"@type":"ListItem","position":3,"name":"Lecturas de apoyo","item":"https:\/\/cograf.com\/site\/cultura-de-servicio\/lecturas-de-apoyo\/"},{"@type":"ListItem","position":4,"name":"Aprender es un deleite&#8230; Pero hay que leer"}]},{"@type":"WebSite","@id":"https:\/\/cograf.com\/site\/#website","url":"https:\/\/cograf.com\/site\/","name":"Cograf Comunicaciones","description":"Imagen de marcas","publisher":{"@id":"https:\/\/cograf.com\/site\/#organization"},"potentialAction":[{"@type":"SearchAction","target":{"@type":"EntryPoint","urlTemplate":"https:\/\/cograf.com\/site\/?s={search_term_string}"},"query-input":{"@type":"PropertyValueSpecification","valueRequired":true,"valueName":"search_term_string"}}],"inLanguage":"es"},{"@type":"Organization","@id":"https:\/\/cograf.com\/site\/#organization","name":"Cograf Comunicaciones","url":"https:\/\/cograf.com\/site\/","logo":{"@type":"ImageObject","inLanguage":"es","@id":"https:\/\/cograf.com\/site\/#\/schema\/logo\/image\/","url":"https:\/\/cograf.com\/site\/wp-content\/uploads\/2020\/10\/logo_cograf_new.jpg","contentUrl":"https:\/\/cograf.com\/site\/wp-content\/uploads\/2020\/10\/logo_cograf_new.jpg","width":501,"height":301,"caption":"Cograf Comunicaciones"},"image":{"@id":"https:\/\/cograf.com\/site\/#\/schema\/logo\/image\/"}}]}},"_links":{"self":[{"href":"https:\/\/cograf.com\/site\/wp-json\/wp\/v2\/pages\/1892","targetHints":{"allow":["GET"]}}],"collection":[{"href":"https:\/\/cograf.com\/site\/wp-json\/wp\/v2\/pages"}],"about":[{"href":"https:\/\/cograf.com\/site\/wp-json\/wp\/v2\/types\/page"}],"author":[{"embeddable":true,"href":"https:\/\/cograf.com\/site\/wp-json\/wp\/v2\/users\/1"}],"replies":[{"embeddable":true,"href":"https:\/\/cograf.com\/site\/wp-json\/wp\/v2\/comments?post=1892"}],"version-history":[{"count":0,"href":"https:\/\/cograf.com\/site\/wp-json\/wp\/v2\/pages\/1892\/revisions"}],"up":[{"embeddable":true,"href":"https:\/\/cograf.com\/site\/wp-json\/wp\/v2\/pages\/1841"}],"wp:attachment":[{"href":"https:\/\/cograf.com\/site\/wp-json\/wp\/v2\/media?parent=1892"}],"curies":[{"name":"wp","href":"https:\/\/api.w.org\/{rel}","templated":true}]}}