{"id":1872,"date":"2014-01-14T11:50:25","date_gmt":"2014-01-14T16:20:25","guid":{"rendered":"https:\/\/cograf.com\/site\/?page_id=1872"},"modified":"2014-01-14T11:58:55","modified_gmt":"2014-01-14T16:28:55","slug":"la-lectura-despierta-una-curiosidad-fundamental-para-el-aprendizaje","status":"publish","type":"page","link":"https:\/\/cograf.com\/site\/cultura-de-servicio\/lecturas-de-apoyo\/la-lectura-despierta-una-curiosidad-fundamental-para-el-aprendizaje\/","title":{"rendered":"La lectura despierta una curiosidad fundamental para el aprendizaje"},"content":{"rendered":"<p><span style=\"font-family: Verdana,Arial,Helvetica,sans-serif;\">Se debe de leer para aumentar el grado de informaci\u00f3n o incrementar el grado de comprensi\u00f3n. Hay un tercer objetivo: el entretenimiento. <\/span><\/p>\n<p>Dicen que una postura muy c\u00f3moda y un libro, es todo lo que se requiere para quedarse dormido, pero utilizar un libro como sedante es un autentico desperdicio, los buenos libros superan el sue\u00f1o.<\/p>\n<p>La idea de la lectura es la fascinaci\u00f3n por conocer otros mundos, y eso, de por s\u00ed, deber\u00eda ser lo suficiente excitante como para mantener despierto al lector.<\/p>\n<p>En la actualidad hay muchas personas que piensan que ya no es tan necesario leer tal como lo afirma Luis Peralta. Esto se debe a que la radio, la televisi\u00f3n y, sobre todo el Internet, han acaparado muchas de las funciones que antes cumpl\u00eda la letra impresa.<\/p>\n<p>La televisi\u00f3n y el internet pueden desempe\u00f1ar \u2013y en ocasiones superar\u2013 las funciones de la lectura. Por ejemplo, permiten observar realidades de mundos lejanos y visualizar fen\u00f3menos que facilitan su comprensi\u00f3n. Pero estos medios de comunicaci\u00f3n tienden a cancelar el acto de pensar.<\/p>\n<p>En la lectura, la destreza del escritor y la del lector deben converger en un objetivo com\u00fan: entender lo que se puso por escrito y eso excita la actividad neural e incita a pensar.<\/p>\n<p>No todos los escritores son iguales, algunos saben transmitir y lo hacen de una forma amena, precisa y exacta. Pero el entendimiento depende del lector. El captar\u00e1 mejor lo que lee en la medida en que se involucre y se dedique al proceso de la lectura. Pero sobre todo depender\u00e1 de la destreza con la que ejecute los actos mentales que la misma requiere.<\/p>\n<p>\u00c9sta es la raz\u00f3n por la que el \u00e9xito derivado de la lectura tiene mucho que ver con el grado de comprensi\u00f3n propio de cada lector. Lo ideal es que se pueda leer sin ninguna clase de ayuda, \u00fanicamente con el poder de la propia mente, o si acaso con la ayuda ocasional de una tercera persona, un diccionario o un libro de texto que permita un mejor entendimiento de lo que el autor trata de comunicar.<\/p>\n<p>Por eso la mejor forma de involucrar e inculcar el h\u00e1bito y la fascinaci\u00f3n por la lectura es desde que se nace. Desde all\u00ed, se puede ejercitar la lectura peri\u00f3dicamente. \u00c9sta pasa a ser parte de la vida del ser humano en forma natural, y se convierte en un h\u00e1bito que una vez experimentado, dif\u00edcilmente se puede dejar.<\/p>\n<p>La lectura en los ni\u00f1os los beneficia particularmente en su rendimiento escolar, ya que a un estudiante que posee este h\u00e1bito, le es m\u00e1s f\u00e1cil y natural tomar un libro para estudiar o investigar que a aquel que no est\u00e1 acostumbrado a ellos.<\/p>\n<p>La lectura despierta una enorme curiosidad que es fundamental para el aprendizaje.<\/p>\n<p>La lectura proporciona a quien la practica un crecimiento personal como ninguna otra actividad. Es libertad, cultura y entretenimiento sin igual.<\/p>\n<p>Si se aprende a hacer de la lectura la mejor compa\u00f1era, \u00e9sta nunca se apartar\u00e1 de nuestro lado.<\/p>\n<p>Art\u00edculo de Orlando Na\u00fan Rodr\u00edguez Reyes, publicado el 1-1-2011 en<br \/> <a href=\"http:\/\/bit.ly\/f1xITo\" target=\"_blank\">http:\/\/bit.ly\/f1xITo<\/a><\/p>\n","protected":false},"excerpt":{"rendered":"<p>Se debe de leer para aumentar el grado de informaci\u00f3n o incrementar el grado de comprensi\u00f3n. Hay un tercer objetivo: el entretenimiento. Dicen que una postura muy c\u00f3moda y un libro, es todo lo que se requiere para quedarse dormido,&hellip;<\/p>\n","protected":false},"author":1,"featured_media":0,"parent":1841,"menu_order":0,"comment_status":"open","ping_status":"open","template":"","meta":{"footnotes":""},"class_list":["post-1872","page","type-page","status-publish","hentry","entry","no-media"],"yoast_head":"<!-- This site is optimized with the Yoast SEO plugin v26.9 - https:\/\/yoast.com\/product\/yoast-seo-wordpress\/ -->\n<title>La lectura despierta una curiosidad fundamental para el aprendizaje  - Cograf Comunicaciones<\/title>\n<meta name=\"robots\" content=\"index, follow, max-snippet:-1, max-image-preview:large, max-video-preview:-1\" \/>\n<link rel=\"canonical\" href=\"https:\/\/cograf.com\/site\/cultura-de-servicio\/lecturas-de-apoyo\/la-lectura-despierta-una-curiosidad-fundamental-para-el-aprendizaje\/\" \/>\n<meta property=\"og:locale\" content=\"es_ES\" \/>\n<meta property=\"og:type\" content=\"article\" \/>\n<meta property=\"og:title\" content=\"La lectura despierta una curiosidad fundamental para el aprendizaje  - Cograf Comunicaciones\" \/>\n<meta property=\"og:description\" content=\"Se debe de leer para aumentar el grado de informaci\u00f3n o incrementar el grado de comprensi\u00f3n. Hay un tercer objetivo: el entretenimiento. Dicen que una postura muy c\u00f3moda y un libro, es todo lo que se requiere para quedarse dormido,&hellip;\" \/>\n<meta property=\"og:url\" content=\"https:\/\/cograf.com\/site\/cultura-de-servicio\/lecturas-de-apoyo\/la-lectura-despierta-una-curiosidad-fundamental-para-el-aprendizaje\/\" \/>\n<meta property=\"og:site_name\" content=\"Cograf Comunicaciones\" \/>\n<meta property=\"article:modified_time\" content=\"2014-01-14T16:28:55+00:00\" \/>\n<meta name=\"twitter:card\" content=\"summary_large_image\" \/>\n<meta name=\"twitter:label1\" content=\"Tiempo de lectura\" \/>\n\t<meta name=\"twitter:data1\" content=\"3 minutos\" \/>\n<script type=\"application\/ld+json\" class=\"yoast-schema-graph\">{\"@context\":\"https:\/\/schema.org\",\"@graph\":[{\"@type\":\"WebPage\",\"@id\":\"https:\/\/cograf.com\/site\/cultura-de-servicio\/lecturas-de-apoyo\/la-lectura-despierta-una-curiosidad-fundamental-para-el-aprendizaje\/\",\"url\":\"https:\/\/cograf.com\/site\/cultura-de-servicio\/lecturas-de-apoyo\/la-lectura-despierta-una-curiosidad-fundamental-para-el-aprendizaje\/\",\"name\":\"La lectura despierta una curiosidad fundamental para el aprendizaje - Cograf Comunicaciones\",\"isPartOf\":{\"@id\":\"https:\/\/cograf.com\/site\/#website\"},\"datePublished\":\"2014-01-14T16:20:25+00:00\",\"dateModified\":\"2014-01-14T16:28:55+00:00\",\"breadcrumb\":{\"@id\":\"https:\/\/cograf.com\/site\/cultura-de-servicio\/lecturas-de-apoyo\/la-lectura-despierta-una-curiosidad-fundamental-para-el-aprendizaje\/#breadcrumb\"},\"inLanguage\":\"es\",\"potentialAction\":[{\"@type\":\"ReadAction\",\"target\":[\"https:\/\/cograf.com\/site\/cultura-de-servicio\/lecturas-de-apoyo\/la-lectura-despierta-una-curiosidad-fundamental-para-el-aprendizaje\/\"]}]},{\"@type\":\"BreadcrumbList\",\"@id\":\"https:\/\/cograf.com\/site\/cultura-de-servicio\/lecturas-de-apoyo\/la-lectura-despierta-una-curiosidad-fundamental-para-el-aprendizaje\/#breadcrumb\",\"itemListElement\":[{\"@type\":\"ListItem\",\"position\":1,\"name\":\"Portada\",\"item\":\"https:\/\/cograf.com\/site\/\"},{\"@type\":\"ListItem\",\"position\":2,\"name\":\"Cultura de Servicio\",\"item\":\"https:\/\/cograf.com\/site\/cultura-de-servicio\/\"},{\"@type\":\"ListItem\",\"position\":3,\"name\":\"Lecturas de apoyo\",\"item\":\"https:\/\/cograf.com\/site\/cultura-de-servicio\/lecturas-de-apoyo\/\"},{\"@type\":\"ListItem\",\"position\":4,\"name\":\"La lectura despierta una curiosidad fundamental para el aprendizaje\"}]},{\"@type\":\"WebSite\",\"@id\":\"https:\/\/cograf.com\/site\/#website\",\"url\":\"https:\/\/cograf.com\/site\/\",\"name\":\"Cograf Comunicaciones\",\"description\":\"Imagen de marcas\",\"publisher\":{\"@id\":\"https:\/\/cograf.com\/site\/#organization\"},\"potentialAction\":[{\"@type\":\"SearchAction\",\"target\":{\"@type\":\"EntryPoint\",\"urlTemplate\":\"https:\/\/cograf.com\/site\/?s={search_term_string}\"},\"query-input\":{\"@type\":\"PropertyValueSpecification\",\"valueRequired\":true,\"valueName\":\"search_term_string\"}}],\"inLanguage\":\"es\"},{\"@type\":\"Organization\",\"@id\":\"https:\/\/cograf.com\/site\/#organization\",\"name\":\"Cograf Comunicaciones\",\"url\":\"https:\/\/cograf.com\/site\/\",\"logo\":{\"@type\":\"ImageObject\",\"inLanguage\":\"es\",\"@id\":\"https:\/\/cograf.com\/site\/#\/schema\/logo\/image\/\",\"url\":\"https:\/\/cograf.com\/site\/wp-content\/uploads\/2020\/10\/logo_cograf_new.jpg\",\"contentUrl\":\"https:\/\/cograf.com\/site\/wp-content\/uploads\/2020\/10\/logo_cograf_new.jpg\",\"width\":501,\"height\":301,\"caption\":\"Cograf Comunicaciones\"},\"image\":{\"@id\":\"https:\/\/cograf.com\/site\/#\/schema\/logo\/image\/\"}}]}<\/script>\n<!-- \/ Yoast SEO plugin. -->","yoast_head_json":{"title":"La lectura despierta una curiosidad fundamental para el aprendizaje  - Cograf Comunicaciones","robots":{"index":"index","follow":"follow","max-snippet":"max-snippet:-1","max-image-preview":"max-image-preview:large","max-video-preview":"max-video-preview:-1"},"canonical":"https:\/\/cograf.com\/site\/cultura-de-servicio\/lecturas-de-apoyo\/la-lectura-despierta-una-curiosidad-fundamental-para-el-aprendizaje\/","og_locale":"es_ES","og_type":"article","og_title":"La lectura despierta una curiosidad fundamental para el aprendizaje  - Cograf Comunicaciones","og_description":"Se debe de leer para aumentar el grado de informaci\u00f3n o incrementar el grado de comprensi\u00f3n. Hay un tercer objetivo: el entretenimiento. Dicen que una postura muy c\u00f3moda y un libro, es todo lo que se requiere para quedarse dormido,&hellip;","og_url":"https:\/\/cograf.com\/site\/cultura-de-servicio\/lecturas-de-apoyo\/la-lectura-despierta-una-curiosidad-fundamental-para-el-aprendizaje\/","og_site_name":"Cograf Comunicaciones","article_modified_time":"2014-01-14T16:28:55+00:00","twitter_card":"summary_large_image","twitter_misc":{"Tiempo de lectura":"3 minutos"},"schema":{"@context":"https:\/\/schema.org","@graph":[{"@type":"WebPage","@id":"https:\/\/cograf.com\/site\/cultura-de-servicio\/lecturas-de-apoyo\/la-lectura-despierta-una-curiosidad-fundamental-para-el-aprendizaje\/","url":"https:\/\/cograf.com\/site\/cultura-de-servicio\/lecturas-de-apoyo\/la-lectura-despierta-una-curiosidad-fundamental-para-el-aprendizaje\/","name":"La lectura despierta una curiosidad fundamental para el aprendizaje - Cograf Comunicaciones","isPartOf":{"@id":"https:\/\/cograf.com\/site\/#website"},"datePublished":"2014-01-14T16:20:25+00:00","dateModified":"2014-01-14T16:28:55+00:00","breadcrumb":{"@id":"https:\/\/cograf.com\/site\/cultura-de-servicio\/lecturas-de-apoyo\/la-lectura-despierta-una-curiosidad-fundamental-para-el-aprendizaje\/#breadcrumb"},"inLanguage":"es","potentialAction":[{"@type":"ReadAction","target":["https:\/\/cograf.com\/site\/cultura-de-servicio\/lecturas-de-apoyo\/la-lectura-despierta-una-curiosidad-fundamental-para-el-aprendizaje\/"]}]},{"@type":"BreadcrumbList","@id":"https:\/\/cograf.com\/site\/cultura-de-servicio\/lecturas-de-apoyo\/la-lectura-despierta-una-curiosidad-fundamental-para-el-aprendizaje\/#breadcrumb","itemListElement":[{"@type":"ListItem","position":1,"name":"Portada","item":"https:\/\/cograf.com\/site\/"},{"@type":"ListItem","position":2,"name":"Cultura de Servicio","item":"https:\/\/cograf.com\/site\/cultura-de-servicio\/"},{"@type":"ListItem","position":3,"name":"Lecturas de apoyo","item":"https:\/\/cograf.com\/site\/cultura-de-servicio\/lecturas-de-apoyo\/"},{"@type":"ListItem","position":4,"name":"La lectura despierta una curiosidad fundamental para el aprendizaje"}]},{"@type":"WebSite","@id":"https:\/\/cograf.com\/site\/#website","url":"https:\/\/cograf.com\/site\/","name":"Cograf Comunicaciones","description":"Imagen de marcas","publisher":{"@id":"https:\/\/cograf.com\/site\/#organization"},"potentialAction":[{"@type":"SearchAction","target":{"@type":"EntryPoint","urlTemplate":"https:\/\/cograf.com\/site\/?s={search_term_string}"},"query-input":{"@type":"PropertyValueSpecification","valueRequired":true,"valueName":"search_term_string"}}],"inLanguage":"es"},{"@type":"Organization","@id":"https:\/\/cograf.com\/site\/#organization","name":"Cograf Comunicaciones","url":"https:\/\/cograf.com\/site\/","logo":{"@type":"ImageObject","inLanguage":"es","@id":"https:\/\/cograf.com\/site\/#\/schema\/logo\/image\/","url":"https:\/\/cograf.com\/site\/wp-content\/uploads\/2020\/10\/logo_cograf_new.jpg","contentUrl":"https:\/\/cograf.com\/site\/wp-content\/uploads\/2020\/10\/logo_cograf_new.jpg","width":501,"height":301,"caption":"Cograf Comunicaciones"},"image":{"@id":"https:\/\/cograf.com\/site\/#\/schema\/logo\/image\/"}}]}},"_links":{"self":[{"href":"https:\/\/cograf.com\/site\/wp-json\/wp\/v2\/pages\/1872","targetHints":{"allow":["GET"]}}],"collection":[{"href":"https:\/\/cograf.com\/site\/wp-json\/wp\/v2\/pages"}],"about":[{"href":"https:\/\/cograf.com\/site\/wp-json\/wp\/v2\/types\/page"}],"author":[{"embeddable":true,"href":"https:\/\/cograf.com\/site\/wp-json\/wp\/v2\/users\/1"}],"replies":[{"embeddable":true,"href":"https:\/\/cograf.com\/site\/wp-json\/wp\/v2\/comments?post=1872"}],"version-history":[{"count":0,"href":"https:\/\/cograf.com\/site\/wp-json\/wp\/v2\/pages\/1872\/revisions"}],"up":[{"embeddable":true,"href":"https:\/\/cograf.com\/site\/wp-json\/wp\/v2\/pages\/1841"}],"wp:attachment":[{"href":"https:\/\/cograf.com\/site\/wp-json\/wp\/v2\/media?parent=1872"}],"curies":[{"name":"wp","href":"https:\/\/api.w.org\/{rel}","templated":true}]}}