{"id":1760,"date":"2013-06-28T16:35:14","date_gmt":"2013-06-28T21:05:14","guid":{"rendered":"https:\/\/cograf.com\/site\/?page_id=1760"},"modified":"2013-06-28T16:35:14","modified_gmt":"2013-06-28T21:05:14","slug":"video-corporativo-para-corporacion-mary","status":"publish","type":"page","link":"https:\/\/cograf.com\/site\/mercadeo-publicidad\/videos-corporativos-y-publicitarios\/video-corporativo-para-corporacion-mary\/","title":{"rendered":"Video corporativo para Corporaci\u00f3n Mary"},"content":{"rendered":"<p><span style=\"font-family: Verdana,Arial,Helvetica,sans-serif;\"><span style=\"color: #cc0000; font-family: Verdana,Arial,Helvetica,sans-serif;\"><span style=\"font-family: Verdana,Arial,Helvetica,sans-serif;\"><span style=\"color: black;\"><span style=\"color: black;\">Video corporativo que resume la trayectoria de la empresa, desde su fundaci\u00f3n en 1960. Incluye testimonios de sus directivos e im\u00e1genes en exteriores que ilustran el proceso de producci\u00f3n de arroz. En formato DVD, adem\u00e1s ofrece la opci\u00f3n de seleccionar segmentos por temas, e incluye las cu\u00f1as para TV de Arroz Mary.<\/span><\/span><\/span><\/span><\/span><\/p>\n<div align=\"center\">\n<iframe width=\"420\" height=\"315\" src=\"\/\/www.youtube.com\/embed\/E177s7APNkU\" frameborder=\"0\" allowfullscreen><\/iframe>\n<\/div>\n","protected":false},"excerpt":{"rendered":"<p>Video corporativo que resume la trayectoria de la empresa, desde su fundaci\u00f3n en 1960. Incluye testimonios de sus directivos e im\u00e1genes en exteriores que ilustran el proceso de producci\u00f3n de arroz. En formato DVD, adem\u00e1s ofrece la opci\u00f3n de seleccionar&hellip;<\/p>\n","protected":false},"author":1,"featured_media":0,"parent":1684,"menu_order":0,"comment_status":"open","ping_status":"open","template":"","meta":{"footnotes":""},"class_list":["post-1760","page","type-page","status-publish","hentry","entry","no-media"],"yoast_head":"<!-- This site is optimized with the Yoast SEO plugin v26.9 - https:\/\/yoast.com\/product\/yoast-seo-wordpress\/ -->\n<title>Video corporativo para Corporaci\u00f3n Mary - Cograf Comunicaciones<\/title>\n<meta name=\"robots\" content=\"index, follow, max-snippet:-1, max-image-preview:large, max-video-preview:-1\" \/>\n<link rel=\"canonical\" href=\"https:\/\/cograf.com\/site\/mercadeo-publicidad\/videos-corporativos-y-publicitarios\/video-corporativo-para-corporacion-mary\/\" \/>\n<meta property=\"og:locale\" content=\"es_ES\" \/>\n<meta property=\"og:type\" content=\"article\" \/>\n<meta property=\"og:title\" content=\"Video corporativo para Corporaci\u00f3n Mary - Cograf Comunicaciones\" \/>\n<meta property=\"og:description\" content=\"Video corporativo que resume la trayectoria de la empresa, desde su fundaci\u00f3n en 1960. Incluye testimonios de sus directivos e im\u00e1genes en exteriores que ilustran el proceso de producci\u00f3n de arroz. En formato DVD, adem\u00e1s ofrece la opci\u00f3n de seleccionar&hellip;\" \/>\n<meta property=\"og:url\" content=\"https:\/\/cograf.com\/site\/mercadeo-publicidad\/videos-corporativos-y-publicitarios\/video-corporativo-para-corporacion-mary\/\" \/>\n<meta property=\"og:site_name\" content=\"Cograf Comunicaciones\" \/>\n<meta name=\"twitter:card\" content=\"summary_large_image\" \/>\n<script type=\"application\/ld+json\" class=\"yoast-schema-graph\">{\"@context\":\"https:\/\/schema.org\",\"@graph\":[{\"@type\":\"WebPage\",\"@id\":\"https:\/\/cograf.com\/site\/mercadeo-publicidad\/videos-corporativos-y-publicitarios\/video-corporativo-para-corporacion-mary\/\",\"url\":\"https:\/\/cograf.com\/site\/mercadeo-publicidad\/videos-corporativos-y-publicitarios\/video-corporativo-para-corporacion-mary\/\",\"name\":\"Video corporativo para Corporaci\u00f3n Mary - Cograf Comunicaciones\",\"isPartOf\":{\"@id\":\"https:\/\/cograf.com\/site\/#website\"},\"datePublished\":\"2013-06-28T21:05:14+00:00\",\"breadcrumb\":{\"@id\":\"https:\/\/cograf.com\/site\/mercadeo-publicidad\/videos-corporativos-y-publicitarios\/video-corporativo-para-corporacion-mary\/#breadcrumb\"},\"inLanguage\":\"es\",\"potentialAction\":[{\"@type\":\"ReadAction\",\"target\":[\"https:\/\/cograf.com\/site\/mercadeo-publicidad\/videos-corporativos-y-publicitarios\/video-corporativo-para-corporacion-mary\/\"]}]},{\"@type\":\"BreadcrumbList\",\"@id\":\"https:\/\/cograf.com\/site\/mercadeo-publicidad\/videos-corporativos-y-publicitarios\/video-corporativo-para-corporacion-mary\/#breadcrumb\",\"itemListElement\":[{\"@type\":\"ListItem\",\"position\":1,\"name\":\"Portada\",\"item\":\"https:\/\/cograf.com\/site\/\"},{\"@type\":\"ListItem\",\"position\":2,\"name\":\"Mercadeo y Publicidad\",\"item\":\"https:\/\/cograf.com\/site\/mercadeo-publicidad\/\"},{\"@type\":\"ListItem\",\"position\":3,\"name\":\"Videos corporativos y publicitarios\",\"item\":\"https:\/\/cograf.com\/site\/mercadeo-publicidad\/videos-corporativos-y-publicitarios\/\"},{\"@type\":\"ListItem\",\"position\":4,\"name\":\"Video corporativo para Corporaci\u00f3n Mary\"}]},{\"@type\":\"WebSite\",\"@id\":\"https:\/\/cograf.com\/site\/#website\",\"url\":\"https:\/\/cograf.com\/site\/\",\"name\":\"Cograf Comunicaciones\",\"description\":\"Imagen de marcas\",\"publisher\":{\"@id\":\"https:\/\/cograf.com\/site\/#organization\"},\"potentialAction\":[{\"@type\":\"SearchAction\",\"target\":{\"@type\":\"EntryPoint\",\"urlTemplate\":\"https:\/\/cograf.com\/site\/?s={search_term_string}\"},\"query-input\":{\"@type\":\"PropertyValueSpecification\",\"valueRequired\":true,\"valueName\":\"search_term_string\"}}],\"inLanguage\":\"es\"},{\"@type\":\"Organization\",\"@id\":\"https:\/\/cograf.com\/site\/#organization\",\"name\":\"Cograf Comunicaciones\",\"url\":\"https:\/\/cograf.com\/site\/\",\"logo\":{\"@type\":\"ImageObject\",\"inLanguage\":\"es\",\"@id\":\"https:\/\/cograf.com\/site\/#\/schema\/logo\/image\/\",\"url\":\"https:\/\/cograf.com\/site\/wp-content\/uploads\/2020\/10\/logo_cograf_new.jpg\",\"contentUrl\":\"https:\/\/cograf.com\/site\/wp-content\/uploads\/2020\/10\/logo_cograf_new.jpg\",\"width\":501,\"height\":301,\"caption\":\"Cograf Comunicaciones\"},\"image\":{\"@id\":\"https:\/\/cograf.com\/site\/#\/schema\/logo\/image\/\"}}]}<\/script>\n<!-- \/ Yoast SEO plugin. -->","yoast_head_json":{"title":"Video corporativo para Corporaci\u00f3n Mary - Cograf Comunicaciones","robots":{"index":"index","follow":"follow","max-snippet":"max-snippet:-1","max-image-preview":"max-image-preview:large","max-video-preview":"max-video-preview:-1"},"canonical":"https:\/\/cograf.com\/site\/mercadeo-publicidad\/videos-corporativos-y-publicitarios\/video-corporativo-para-corporacion-mary\/","og_locale":"es_ES","og_type":"article","og_title":"Video corporativo para Corporaci\u00f3n Mary - Cograf Comunicaciones","og_description":"Video corporativo que resume la trayectoria de la empresa, desde su fundaci\u00f3n en 1960. Incluye testimonios de sus directivos e im\u00e1genes en exteriores que ilustran el proceso de producci\u00f3n de arroz. En formato DVD, adem\u00e1s ofrece la opci\u00f3n de seleccionar&hellip;","og_url":"https:\/\/cograf.com\/site\/mercadeo-publicidad\/videos-corporativos-y-publicitarios\/video-corporativo-para-corporacion-mary\/","og_site_name":"Cograf Comunicaciones","twitter_card":"summary_large_image","schema":{"@context":"https:\/\/schema.org","@graph":[{"@type":"WebPage","@id":"https:\/\/cograf.com\/site\/mercadeo-publicidad\/videos-corporativos-y-publicitarios\/video-corporativo-para-corporacion-mary\/","url":"https:\/\/cograf.com\/site\/mercadeo-publicidad\/videos-corporativos-y-publicitarios\/video-corporativo-para-corporacion-mary\/","name":"Video corporativo para Corporaci\u00f3n Mary - Cograf Comunicaciones","isPartOf":{"@id":"https:\/\/cograf.com\/site\/#website"},"datePublished":"2013-06-28T21:05:14+00:00","breadcrumb":{"@id":"https:\/\/cograf.com\/site\/mercadeo-publicidad\/videos-corporativos-y-publicitarios\/video-corporativo-para-corporacion-mary\/#breadcrumb"},"inLanguage":"es","potentialAction":[{"@type":"ReadAction","target":["https:\/\/cograf.com\/site\/mercadeo-publicidad\/videos-corporativos-y-publicitarios\/video-corporativo-para-corporacion-mary\/"]}]},{"@type":"BreadcrumbList","@id":"https:\/\/cograf.com\/site\/mercadeo-publicidad\/videos-corporativos-y-publicitarios\/video-corporativo-para-corporacion-mary\/#breadcrumb","itemListElement":[{"@type":"ListItem","position":1,"name":"Portada","item":"https:\/\/cograf.com\/site\/"},{"@type":"ListItem","position":2,"name":"Mercadeo y Publicidad","item":"https:\/\/cograf.com\/site\/mercadeo-publicidad\/"},{"@type":"ListItem","position":3,"name":"Videos corporativos y publicitarios","item":"https:\/\/cograf.com\/site\/mercadeo-publicidad\/videos-corporativos-y-publicitarios\/"},{"@type":"ListItem","position":4,"name":"Video corporativo para Corporaci\u00f3n Mary"}]},{"@type":"WebSite","@id":"https:\/\/cograf.com\/site\/#website","url":"https:\/\/cograf.com\/site\/","name":"Cograf Comunicaciones","description":"Imagen de marcas","publisher":{"@id":"https:\/\/cograf.com\/site\/#organization"},"potentialAction":[{"@type":"SearchAction","target":{"@type":"EntryPoint","urlTemplate":"https:\/\/cograf.com\/site\/?s={search_term_string}"},"query-input":{"@type":"PropertyValueSpecification","valueRequired":true,"valueName":"search_term_string"}}],"inLanguage":"es"},{"@type":"Organization","@id":"https:\/\/cograf.com\/site\/#organization","name":"Cograf Comunicaciones","url":"https:\/\/cograf.com\/site\/","logo":{"@type":"ImageObject","inLanguage":"es","@id":"https:\/\/cograf.com\/site\/#\/schema\/logo\/image\/","url":"https:\/\/cograf.com\/site\/wp-content\/uploads\/2020\/10\/logo_cograf_new.jpg","contentUrl":"https:\/\/cograf.com\/site\/wp-content\/uploads\/2020\/10\/logo_cograf_new.jpg","width":501,"height":301,"caption":"Cograf Comunicaciones"},"image":{"@id":"https:\/\/cograf.com\/site\/#\/schema\/logo\/image\/"}}]}},"_links":{"self":[{"href":"https:\/\/cograf.com\/site\/wp-json\/wp\/v2\/pages\/1760","targetHints":{"allow":["GET"]}}],"collection":[{"href":"https:\/\/cograf.com\/site\/wp-json\/wp\/v2\/pages"}],"about":[{"href":"https:\/\/cograf.com\/site\/wp-json\/wp\/v2\/types\/page"}],"author":[{"embeddable":true,"href":"https:\/\/cograf.com\/site\/wp-json\/wp\/v2\/users\/1"}],"replies":[{"embeddable":true,"href":"https:\/\/cograf.com\/site\/wp-json\/wp\/v2\/comments?post=1760"}],"version-history":[{"count":0,"href":"https:\/\/cograf.com\/site\/wp-json\/wp\/v2\/pages\/1760\/revisions"}],"up":[{"embeddable":true,"href":"https:\/\/cograf.com\/site\/wp-json\/wp\/v2\/pages\/1684"}],"wp:attachment":[{"href":"https:\/\/cograf.com\/site\/wp-json\/wp\/v2\/media?parent=1760"}],"curies":[{"name":"wp","href":"https:\/\/api.w.org\/{rel}","templated":true}]}}