{"id":1753,"date":"2013-06-28T16:28:37","date_gmt":"2013-06-28T20:58:37","guid":{"rendered":"https:\/\/cograf.com\/site\/?page_id=1753"},"modified":"2013-07-01T07:59:05","modified_gmt":"2013-07-01T12:29:05","slug":"video-institucional-para-bancrecer","status":"publish","type":"page","link":"https:\/\/cograf.com\/site\/mercadeo-publicidad\/videos-corporativos-y-publicitarios\/video-institucional-para-bancrecer\/","title":{"rendered":"Videos institucionales para Bancrecer"},"content":{"rendered":"<p><span style=\"font-family: Verdana,Arial,Helvetica,sans-serif;\"><span style=\"color: #cc0000; font-family: Verdana,Arial,Helvetica,sans-serif;\"><span style=\"font-family: Verdana,Arial,Helvetica,sans-serif;\"><span style=\"color: black;\">Es una serie de 3 videos de inducci\u00f3n para los empresarios populares beneficiarios de la acci\u00f3n social de Bancrecer, con testimonios sobre sus iniciativas empresariales y la presentaci\u00f3n de los los servicios de asesor\u00eda y otorgamiento de cr\u00e9ditos de esta instituci\u00f3n orientada hacia la banca social. La produci\u00f3n exalta los valores de responsabilidad, honestidad y trabajo que orienta a los emprendedores populares de micros y peque\u00f1as empresas.<\/span><\/span><\/span><\/span><\/p>\n<div align=\"center\"><iframe src=\"\/\/www.youtube.com\/embed\/_Hn2rWpzrNw\" height=\"315\" width=\"420\" allowfullscreen=\"\" frameborder=\"0\"><\/iframe><\/div>\n","protected":false},"excerpt":{"rendered":"<p>Es una serie de 3 videos de inducci\u00f3n para los empresarios populares beneficiarios de la acci\u00f3n social de Bancrecer, con testimonios sobre sus iniciativas empresariales y la presentaci\u00f3n de los los servicios de asesor\u00eda y otorgamiento de cr\u00e9ditos de esta&hellip;<\/p>\n","protected":false},"author":1,"featured_media":0,"parent":1684,"menu_order":0,"comment_status":"open","ping_status":"open","template":"","meta":{"footnotes":""},"class_list":["post-1753","page","type-page","status-publish","hentry","entry","no-media"],"yoast_head":"<!-- This site is optimized with the Yoast SEO plugin v26.9 - https:\/\/yoast.com\/product\/yoast-seo-wordpress\/ -->\n<title>Videos institucionales para Bancrecer - Cograf Comunicaciones<\/title>\n<meta name=\"robots\" content=\"index, follow, max-snippet:-1, max-image-preview:large, max-video-preview:-1\" \/>\n<link rel=\"canonical\" href=\"https:\/\/cograf.com\/site\/mercadeo-publicidad\/videos-corporativos-y-publicitarios\/video-institucional-para-bancrecer\/\" \/>\n<meta property=\"og:locale\" content=\"es_ES\" \/>\n<meta property=\"og:type\" content=\"article\" \/>\n<meta property=\"og:title\" content=\"Videos institucionales para Bancrecer - Cograf Comunicaciones\" \/>\n<meta property=\"og:description\" content=\"Es una serie de 3 videos de inducci\u00f3n para los empresarios populares beneficiarios de la acci\u00f3n social de Bancrecer, con testimonios sobre sus iniciativas empresariales y la presentaci\u00f3n de los los servicios de asesor\u00eda y otorgamiento de cr\u00e9ditos de esta&hellip;\" \/>\n<meta property=\"og:url\" content=\"https:\/\/cograf.com\/site\/mercadeo-publicidad\/videos-corporativos-y-publicitarios\/video-institucional-para-bancrecer\/\" \/>\n<meta property=\"og:site_name\" content=\"Cograf Comunicaciones\" \/>\n<meta property=\"article:modified_time\" content=\"2013-07-01T12:29:05+00:00\" \/>\n<meta name=\"twitter:card\" content=\"summary_large_image\" \/>\n<script type=\"application\/ld+json\" class=\"yoast-schema-graph\">{\"@context\":\"https:\/\/schema.org\",\"@graph\":[{\"@type\":\"WebPage\",\"@id\":\"https:\/\/cograf.com\/site\/mercadeo-publicidad\/videos-corporativos-y-publicitarios\/video-institucional-para-bancrecer\/\",\"url\":\"https:\/\/cograf.com\/site\/mercadeo-publicidad\/videos-corporativos-y-publicitarios\/video-institucional-para-bancrecer\/\",\"name\":\"Videos institucionales para Bancrecer - Cograf Comunicaciones\",\"isPartOf\":{\"@id\":\"https:\/\/cograf.com\/site\/#website\"},\"datePublished\":\"2013-06-28T20:58:37+00:00\",\"dateModified\":\"2013-07-01T12:29:05+00:00\",\"breadcrumb\":{\"@id\":\"https:\/\/cograf.com\/site\/mercadeo-publicidad\/videos-corporativos-y-publicitarios\/video-institucional-para-bancrecer\/#breadcrumb\"},\"inLanguage\":\"es\",\"potentialAction\":[{\"@type\":\"ReadAction\",\"target\":[\"https:\/\/cograf.com\/site\/mercadeo-publicidad\/videos-corporativos-y-publicitarios\/video-institucional-para-bancrecer\/\"]}]},{\"@type\":\"BreadcrumbList\",\"@id\":\"https:\/\/cograf.com\/site\/mercadeo-publicidad\/videos-corporativos-y-publicitarios\/video-institucional-para-bancrecer\/#breadcrumb\",\"itemListElement\":[{\"@type\":\"ListItem\",\"position\":1,\"name\":\"Portada\",\"item\":\"https:\/\/cograf.com\/site\/\"},{\"@type\":\"ListItem\",\"position\":2,\"name\":\"Mercadeo y Publicidad\",\"item\":\"https:\/\/cograf.com\/site\/mercadeo-publicidad\/\"},{\"@type\":\"ListItem\",\"position\":3,\"name\":\"Videos corporativos y publicitarios\",\"item\":\"https:\/\/cograf.com\/site\/mercadeo-publicidad\/videos-corporativos-y-publicitarios\/\"},{\"@type\":\"ListItem\",\"position\":4,\"name\":\"Videos institucionales para Bancrecer\"}]},{\"@type\":\"WebSite\",\"@id\":\"https:\/\/cograf.com\/site\/#website\",\"url\":\"https:\/\/cograf.com\/site\/\",\"name\":\"Cograf Comunicaciones\",\"description\":\"Imagen de marcas\",\"publisher\":{\"@id\":\"https:\/\/cograf.com\/site\/#organization\"},\"potentialAction\":[{\"@type\":\"SearchAction\",\"target\":{\"@type\":\"EntryPoint\",\"urlTemplate\":\"https:\/\/cograf.com\/site\/?s={search_term_string}\"},\"query-input\":{\"@type\":\"PropertyValueSpecification\",\"valueRequired\":true,\"valueName\":\"search_term_string\"}}],\"inLanguage\":\"es\"},{\"@type\":\"Organization\",\"@id\":\"https:\/\/cograf.com\/site\/#organization\",\"name\":\"Cograf Comunicaciones\",\"url\":\"https:\/\/cograf.com\/site\/\",\"logo\":{\"@type\":\"ImageObject\",\"inLanguage\":\"es\",\"@id\":\"https:\/\/cograf.com\/site\/#\/schema\/logo\/image\/\",\"url\":\"https:\/\/cograf.com\/site\/wp-content\/uploads\/2020\/10\/logo_cograf_new.jpg\",\"contentUrl\":\"https:\/\/cograf.com\/site\/wp-content\/uploads\/2020\/10\/logo_cograf_new.jpg\",\"width\":501,\"height\":301,\"caption\":\"Cograf Comunicaciones\"},\"image\":{\"@id\":\"https:\/\/cograf.com\/site\/#\/schema\/logo\/image\/\"}}]}<\/script>\n<!-- \/ Yoast SEO plugin. -->","yoast_head_json":{"title":"Videos institucionales para Bancrecer - Cograf Comunicaciones","robots":{"index":"index","follow":"follow","max-snippet":"max-snippet:-1","max-image-preview":"max-image-preview:large","max-video-preview":"max-video-preview:-1"},"canonical":"https:\/\/cograf.com\/site\/mercadeo-publicidad\/videos-corporativos-y-publicitarios\/video-institucional-para-bancrecer\/","og_locale":"es_ES","og_type":"article","og_title":"Videos institucionales para Bancrecer - Cograf Comunicaciones","og_description":"Es una serie de 3 videos de inducci\u00f3n para los empresarios populares beneficiarios de la acci\u00f3n social de Bancrecer, con testimonios sobre sus iniciativas empresariales y la presentaci\u00f3n de los los servicios de asesor\u00eda y otorgamiento de cr\u00e9ditos de esta&hellip;","og_url":"https:\/\/cograf.com\/site\/mercadeo-publicidad\/videos-corporativos-y-publicitarios\/video-institucional-para-bancrecer\/","og_site_name":"Cograf Comunicaciones","article_modified_time":"2013-07-01T12:29:05+00:00","twitter_card":"summary_large_image","schema":{"@context":"https:\/\/schema.org","@graph":[{"@type":"WebPage","@id":"https:\/\/cograf.com\/site\/mercadeo-publicidad\/videos-corporativos-y-publicitarios\/video-institucional-para-bancrecer\/","url":"https:\/\/cograf.com\/site\/mercadeo-publicidad\/videos-corporativos-y-publicitarios\/video-institucional-para-bancrecer\/","name":"Videos institucionales para Bancrecer - Cograf Comunicaciones","isPartOf":{"@id":"https:\/\/cograf.com\/site\/#website"},"datePublished":"2013-06-28T20:58:37+00:00","dateModified":"2013-07-01T12:29:05+00:00","breadcrumb":{"@id":"https:\/\/cograf.com\/site\/mercadeo-publicidad\/videos-corporativos-y-publicitarios\/video-institucional-para-bancrecer\/#breadcrumb"},"inLanguage":"es","potentialAction":[{"@type":"ReadAction","target":["https:\/\/cograf.com\/site\/mercadeo-publicidad\/videos-corporativos-y-publicitarios\/video-institucional-para-bancrecer\/"]}]},{"@type":"BreadcrumbList","@id":"https:\/\/cograf.com\/site\/mercadeo-publicidad\/videos-corporativos-y-publicitarios\/video-institucional-para-bancrecer\/#breadcrumb","itemListElement":[{"@type":"ListItem","position":1,"name":"Portada","item":"https:\/\/cograf.com\/site\/"},{"@type":"ListItem","position":2,"name":"Mercadeo y Publicidad","item":"https:\/\/cograf.com\/site\/mercadeo-publicidad\/"},{"@type":"ListItem","position":3,"name":"Videos corporativos y publicitarios","item":"https:\/\/cograf.com\/site\/mercadeo-publicidad\/videos-corporativos-y-publicitarios\/"},{"@type":"ListItem","position":4,"name":"Videos institucionales para Bancrecer"}]},{"@type":"WebSite","@id":"https:\/\/cograf.com\/site\/#website","url":"https:\/\/cograf.com\/site\/","name":"Cograf Comunicaciones","description":"Imagen de marcas","publisher":{"@id":"https:\/\/cograf.com\/site\/#organization"},"potentialAction":[{"@type":"SearchAction","target":{"@type":"EntryPoint","urlTemplate":"https:\/\/cograf.com\/site\/?s={search_term_string}"},"query-input":{"@type":"PropertyValueSpecification","valueRequired":true,"valueName":"search_term_string"}}],"inLanguage":"es"},{"@type":"Organization","@id":"https:\/\/cograf.com\/site\/#organization","name":"Cograf Comunicaciones","url":"https:\/\/cograf.com\/site\/","logo":{"@type":"ImageObject","inLanguage":"es","@id":"https:\/\/cograf.com\/site\/#\/schema\/logo\/image\/","url":"https:\/\/cograf.com\/site\/wp-content\/uploads\/2020\/10\/logo_cograf_new.jpg","contentUrl":"https:\/\/cograf.com\/site\/wp-content\/uploads\/2020\/10\/logo_cograf_new.jpg","width":501,"height":301,"caption":"Cograf Comunicaciones"},"image":{"@id":"https:\/\/cograf.com\/site\/#\/schema\/logo\/image\/"}}]}},"_links":{"self":[{"href":"https:\/\/cograf.com\/site\/wp-json\/wp\/v2\/pages\/1753","targetHints":{"allow":["GET"]}}],"collection":[{"href":"https:\/\/cograf.com\/site\/wp-json\/wp\/v2\/pages"}],"about":[{"href":"https:\/\/cograf.com\/site\/wp-json\/wp\/v2\/types\/page"}],"author":[{"embeddable":true,"href":"https:\/\/cograf.com\/site\/wp-json\/wp\/v2\/users\/1"}],"replies":[{"embeddable":true,"href":"https:\/\/cograf.com\/site\/wp-json\/wp\/v2\/comments?post=1753"}],"version-history":[{"count":0,"href":"https:\/\/cograf.com\/site\/wp-json\/wp\/v2\/pages\/1753\/revisions"}],"up":[{"embeddable":true,"href":"https:\/\/cograf.com\/site\/wp-json\/wp\/v2\/pages\/1684"}],"wp:attachment":[{"href":"https:\/\/cograf.com\/site\/wp-json\/wp\/v2\/media?parent=1753"}],"curies":[{"name":"wp","href":"https:\/\/api.w.org\/{rel}","templated":true}]}}