{"id":1747,"date":"2013-06-28T16:20:38","date_gmt":"2013-06-28T20:50:38","guid":{"rendered":"https:\/\/cograf.com\/site\/?page_id=1747"},"modified":"2013-06-28T16:20:38","modified_gmt":"2013-06-28T20:50:38","slug":"video-institucional-para-cantv","status":"publish","type":"page","link":"https:\/\/cograf.com\/site\/mercadeo-publicidad\/videos-corporativos-y-publicitarios\/video-institucional-para-cantv\/","title":{"rendered":"Video institucional para Cantv"},"content":{"rendered":"<p><span style=\"font-family: Verdana,Arial,Helvetica,sans-serif;\"><span style=\"color: #cc0000; font-family: Verdana,Arial,Helvetica,sans-serif;\"><span style=\"color: #000000; font-family: Verdana,Arial,Helvetica,sans-serif;\">Como parte de una asesor\u00eda que realizamos para dise\u00f1ar y llevar a cabo una reuni\u00f3n especial con el equipo de instituciones p\u00fablicas de Cantv, desarrollamos una serie de 6 videos que sirvieron de base tem\u00e1tica en este evento corporativo. Los procesos de cambio, sus beneficios, oportunidades, aprendizajes y condiciones para aprovecharlos mejor fueron los t\u00f3picos que se recogen en los videos, a trav\u00e9s de testimonios de empleados que trabajan en esta gerencia. Estos audiovisuales son un ejemplo de c\u00f3mo preparar presentaciones para reuniones corporativas en un formato interesante y participativo.<\/span><\/span><\/span><\/p>\n<div align=\"center\"><iframe src=\"\/\/www.youtube.com\/embed\/K_3wPZIBnwc\" height=\"315\" width=\"420\" allowfullscreen=\"\" frameborder=\"0\"><\/iframe><\/div>\n","protected":false},"excerpt":{"rendered":"<p>Como parte de una asesor\u00eda que realizamos para dise\u00f1ar y llevar a cabo una reuni\u00f3n especial con el equipo de instituciones p\u00fablicas de Cantv, desarrollamos una serie de 6 videos que sirvieron de base tem\u00e1tica en este evento corporativo. Los&hellip;<\/p>\n","protected":false},"author":1,"featured_media":0,"parent":1684,"menu_order":0,"comment_status":"open","ping_status":"open","template":"","meta":{"footnotes":""},"class_list":["post-1747","page","type-page","status-publish","hentry","entry","no-media"],"yoast_head":"<!-- This site is optimized with the Yoast SEO plugin v26.9 - https:\/\/yoast.com\/product\/yoast-seo-wordpress\/ -->\n<title>Video institucional para Cantv - Cograf Comunicaciones<\/title>\n<meta name=\"robots\" content=\"index, follow, max-snippet:-1, max-image-preview:large, max-video-preview:-1\" \/>\n<link rel=\"canonical\" href=\"https:\/\/cograf.com\/site\/mercadeo-publicidad\/videos-corporativos-y-publicitarios\/video-institucional-para-cantv\/\" \/>\n<meta property=\"og:locale\" content=\"es_ES\" \/>\n<meta property=\"og:type\" content=\"article\" \/>\n<meta property=\"og:title\" content=\"Video institucional para Cantv - Cograf Comunicaciones\" \/>\n<meta property=\"og:description\" content=\"Como parte de una asesor\u00eda que realizamos para dise\u00f1ar y llevar a cabo una reuni\u00f3n especial con el equipo de instituciones p\u00fablicas de Cantv, desarrollamos una serie de 6 videos que sirvieron de base tem\u00e1tica en este evento corporativo. Los&hellip;\" \/>\n<meta property=\"og:url\" content=\"https:\/\/cograf.com\/site\/mercadeo-publicidad\/videos-corporativos-y-publicitarios\/video-institucional-para-cantv\/\" \/>\n<meta property=\"og:site_name\" content=\"Cograf Comunicaciones\" \/>\n<meta name=\"twitter:card\" content=\"summary_large_image\" \/>\n<script type=\"application\/ld+json\" class=\"yoast-schema-graph\">{\"@context\":\"https:\/\/schema.org\",\"@graph\":[{\"@type\":\"WebPage\",\"@id\":\"https:\/\/cograf.com\/site\/mercadeo-publicidad\/videos-corporativos-y-publicitarios\/video-institucional-para-cantv\/\",\"url\":\"https:\/\/cograf.com\/site\/mercadeo-publicidad\/videos-corporativos-y-publicitarios\/video-institucional-para-cantv\/\",\"name\":\"Video institucional para Cantv - Cograf Comunicaciones\",\"isPartOf\":{\"@id\":\"https:\/\/cograf.com\/site\/#website\"},\"datePublished\":\"2013-06-28T20:50:38+00:00\",\"breadcrumb\":{\"@id\":\"https:\/\/cograf.com\/site\/mercadeo-publicidad\/videos-corporativos-y-publicitarios\/video-institucional-para-cantv\/#breadcrumb\"},\"inLanguage\":\"es\",\"potentialAction\":[{\"@type\":\"ReadAction\",\"target\":[\"https:\/\/cograf.com\/site\/mercadeo-publicidad\/videos-corporativos-y-publicitarios\/video-institucional-para-cantv\/\"]}]},{\"@type\":\"BreadcrumbList\",\"@id\":\"https:\/\/cograf.com\/site\/mercadeo-publicidad\/videos-corporativos-y-publicitarios\/video-institucional-para-cantv\/#breadcrumb\",\"itemListElement\":[{\"@type\":\"ListItem\",\"position\":1,\"name\":\"Portada\",\"item\":\"https:\/\/cograf.com\/site\/\"},{\"@type\":\"ListItem\",\"position\":2,\"name\":\"Mercadeo y Publicidad\",\"item\":\"https:\/\/cograf.com\/site\/mercadeo-publicidad\/\"},{\"@type\":\"ListItem\",\"position\":3,\"name\":\"Videos corporativos y publicitarios\",\"item\":\"https:\/\/cograf.com\/site\/mercadeo-publicidad\/videos-corporativos-y-publicitarios\/\"},{\"@type\":\"ListItem\",\"position\":4,\"name\":\"Video institucional para Cantv\"}]},{\"@type\":\"WebSite\",\"@id\":\"https:\/\/cograf.com\/site\/#website\",\"url\":\"https:\/\/cograf.com\/site\/\",\"name\":\"Cograf Comunicaciones\",\"description\":\"Imagen de marcas\",\"publisher\":{\"@id\":\"https:\/\/cograf.com\/site\/#organization\"},\"potentialAction\":[{\"@type\":\"SearchAction\",\"target\":{\"@type\":\"EntryPoint\",\"urlTemplate\":\"https:\/\/cograf.com\/site\/?s={search_term_string}\"},\"query-input\":{\"@type\":\"PropertyValueSpecification\",\"valueRequired\":true,\"valueName\":\"search_term_string\"}}],\"inLanguage\":\"es\"},{\"@type\":\"Organization\",\"@id\":\"https:\/\/cograf.com\/site\/#organization\",\"name\":\"Cograf Comunicaciones\",\"url\":\"https:\/\/cograf.com\/site\/\",\"logo\":{\"@type\":\"ImageObject\",\"inLanguage\":\"es\",\"@id\":\"https:\/\/cograf.com\/site\/#\/schema\/logo\/image\/\",\"url\":\"https:\/\/cograf.com\/site\/wp-content\/uploads\/2020\/10\/logo_cograf_new.jpg\",\"contentUrl\":\"https:\/\/cograf.com\/site\/wp-content\/uploads\/2020\/10\/logo_cograf_new.jpg\",\"width\":501,\"height\":301,\"caption\":\"Cograf Comunicaciones\"},\"image\":{\"@id\":\"https:\/\/cograf.com\/site\/#\/schema\/logo\/image\/\"}}]}<\/script>\n<!-- \/ Yoast SEO plugin. -->","yoast_head_json":{"title":"Video institucional para Cantv - Cograf Comunicaciones","robots":{"index":"index","follow":"follow","max-snippet":"max-snippet:-1","max-image-preview":"max-image-preview:large","max-video-preview":"max-video-preview:-1"},"canonical":"https:\/\/cograf.com\/site\/mercadeo-publicidad\/videos-corporativos-y-publicitarios\/video-institucional-para-cantv\/","og_locale":"es_ES","og_type":"article","og_title":"Video institucional para Cantv - Cograf Comunicaciones","og_description":"Como parte de una asesor\u00eda que realizamos para dise\u00f1ar y llevar a cabo una reuni\u00f3n especial con el equipo de instituciones p\u00fablicas de Cantv, desarrollamos una serie de 6 videos que sirvieron de base tem\u00e1tica en este evento corporativo. Los&hellip;","og_url":"https:\/\/cograf.com\/site\/mercadeo-publicidad\/videos-corporativos-y-publicitarios\/video-institucional-para-cantv\/","og_site_name":"Cograf Comunicaciones","twitter_card":"summary_large_image","schema":{"@context":"https:\/\/schema.org","@graph":[{"@type":"WebPage","@id":"https:\/\/cograf.com\/site\/mercadeo-publicidad\/videos-corporativos-y-publicitarios\/video-institucional-para-cantv\/","url":"https:\/\/cograf.com\/site\/mercadeo-publicidad\/videos-corporativos-y-publicitarios\/video-institucional-para-cantv\/","name":"Video institucional para Cantv - Cograf Comunicaciones","isPartOf":{"@id":"https:\/\/cograf.com\/site\/#website"},"datePublished":"2013-06-28T20:50:38+00:00","breadcrumb":{"@id":"https:\/\/cograf.com\/site\/mercadeo-publicidad\/videos-corporativos-y-publicitarios\/video-institucional-para-cantv\/#breadcrumb"},"inLanguage":"es","potentialAction":[{"@type":"ReadAction","target":["https:\/\/cograf.com\/site\/mercadeo-publicidad\/videos-corporativos-y-publicitarios\/video-institucional-para-cantv\/"]}]},{"@type":"BreadcrumbList","@id":"https:\/\/cograf.com\/site\/mercadeo-publicidad\/videos-corporativos-y-publicitarios\/video-institucional-para-cantv\/#breadcrumb","itemListElement":[{"@type":"ListItem","position":1,"name":"Portada","item":"https:\/\/cograf.com\/site\/"},{"@type":"ListItem","position":2,"name":"Mercadeo y Publicidad","item":"https:\/\/cograf.com\/site\/mercadeo-publicidad\/"},{"@type":"ListItem","position":3,"name":"Videos corporativos y publicitarios","item":"https:\/\/cograf.com\/site\/mercadeo-publicidad\/videos-corporativos-y-publicitarios\/"},{"@type":"ListItem","position":4,"name":"Video institucional para Cantv"}]},{"@type":"WebSite","@id":"https:\/\/cograf.com\/site\/#website","url":"https:\/\/cograf.com\/site\/","name":"Cograf Comunicaciones","description":"Imagen de marcas","publisher":{"@id":"https:\/\/cograf.com\/site\/#organization"},"potentialAction":[{"@type":"SearchAction","target":{"@type":"EntryPoint","urlTemplate":"https:\/\/cograf.com\/site\/?s={search_term_string}"},"query-input":{"@type":"PropertyValueSpecification","valueRequired":true,"valueName":"search_term_string"}}],"inLanguage":"es"},{"@type":"Organization","@id":"https:\/\/cograf.com\/site\/#organization","name":"Cograf Comunicaciones","url":"https:\/\/cograf.com\/site\/","logo":{"@type":"ImageObject","inLanguage":"es","@id":"https:\/\/cograf.com\/site\/#\/schema\/logo\/image\/","url":"https:\/\/cograf.com\/site\/wp-content\/uploads\/2020\/10\/logo_cograf_new.jpg","contentUrl":"https:\/\/cograf.com\/site\/wp-content\/uploads\/2020\/10\/logo_cograf_new.jpg","width":501,"height":301,"caption":"Cograf Comunicaciones"},"image":{"@id":"https:\/\/cograf.com\/site\/#\/schema\/logo\/image\/"}}]}},"_links":{"self":[{"href":"https:\/\/cograf.com\/site\/wp-json\/wp\/v2\/pages\/1747","targetHints":{"allow":["GET"]}}],"collection":[{"href":"https:\/\/cograf.com\/site\/wp-json\/wp\/v2\/pages"}],"about":[{"href":"https:\/\/cograf.com\/site\/wp-json\/wp\/v2\/types\/page"}],"author":[{"embeddable":true,"href":"https:\/\/cograf.com\/site\/wp-json\/wp\/v2\/users\/1"}],"replies":[{"embeddable":true,"href":"https:\/\/cograf.com\/site\/wp-json\/wp\/v2\/comments?post=1747"}],"version-history":[{"count":0,"href":"https:\/\/cograf.com\/site\/wp-json\/wp\/v2\/pages\/1747\/revisions"}],"up":[{"embeddable":true,"href":"https:\/\/cograf.com\/site\/wp-json\/wp\/v2\/pages\/1684"}],"wp:attachment":[{"href":"https:\/\/cograf.com\/site\/wp-json\/wp\/v2\/media?parent=1747"}],"curies":[{"name":"wp","href":"https:\/\/api.w.org\/{rel}","templated":true}]}}