{"id":1697,"date":"2013-06-28T09:59:50","date_gmt":"2013-06-28T14:29:50","guid":{"rendered":"https:\/\/cograf.com\/site\/?page_id=1697"},"modified":"2013-06-28T16:42:45","modified_gmt":"2013-06-28T21:12:45","slug":"fundacion-la-fabrica-del-tiempo-video","status":"publish","type":"page","link":"https:\/\/cograf.com\/site\/mercadeo-publicidad\/videos-corporativos-y-publicitarios\/fundacion-la-fabrica-del-tiempo-video\/","title":{"rendered":"Fundaci\u00f3n La F\u00e1brica de Tiempo &#8211; Video"},"content":{"rendered":"<p><span style=\"font-family: Verdana,Arial,Helvetica,sans-serif;\">Para La F\u00e1brica de Tiempo (fundaci\u00f3n privada sin fines de lucro) realizamos un video institucional que le permitir\u00e1 dar a conocer sus proyectos, establecer alianzas productivas, buscar patrocinantes y promover su trabajo. En Cograf redactamos el gui\u00f3n base de este audiovisual as\u00ed como todo lo relacionado con las etapas de producci\u00f3n, para destacar la importancia de las acciones ciudadanas para prolongar la existencia en la Tierra, mejorar nuestra calidad de vida y generar bienestar social. La F\u00e1brica de Tiempo quiere inspirar a los venezolanos a pensar en la ciencia, la tecnolog\u00eda y la innovaci\u00f3n como recursos necesarios para mejorar la calidad de vida a trav\u00e9s de 2 iniciativas: Exhibiciones Itinerantes y Parque Tem\u00e1tico. Al popularizar el inter\u00e9s por la ciencia y la tecnolog\u00eda, se contribuye a fabricar m\u00e1s tiempo para la humanidad.<br \/><\/span><\/p>\n<div align=\"center\">\n<p><iframe src=\"\/\/www.youtube.com\/embed\/pMIDNcOd99o\" height=\"315\" width=\"420\" allowfullscreen=\"\" frameborder=\"0\"><\/iframe><\/p>\n<\/div>\n","protected":false},"excerpt":{"rendered":"<p>Para La F\u00e1brica de Tiempo (fundaci\u00f3n privada sin fines de lucro) realizamos un video institucional que le permitir\u00e1 dar a conocer sus proyectos, establecer alianzas productivas, buscar patrocinantes y promover su trabajo. En Cograf redactamos el gui\u00f3n base de este&hellip;<\/p>\n","protected":false},"author":1,"featured_media":0,"parent":1684,"menu_order":0,"comment_status":"open","ping_status":"open","template":"","meta":{"footnotes":""},"class_list":["post-1697","page","type-page","status-publish","hentry","entry","no-media"],"yoast_head":"<!-- This site is optimized with the Yoast SEO plugin v26.9 - https:\/\/yoast.com\/product\/yoast-seo-wordpress\/ -->\n<title>Fundaci\u00f3n La F\u00e1brica de Tiempo - Video - Cograf Comunicaciones<\/title>\n<meta name=\"robots\" content=\"index, follow, max-snippet:-1, max-image-preview:large, max-video-preview:-1\" \/>\n<link rel=\"canonical\" href=\"https:\/\/cograf.com\/site\/mercadeo-publicidad\/videos-corporativos-y-publicitarios\/fundacion-la-fabrica-del-tiempo-video\/\" \/>\n<meta property=\"og:locale\" content=\"es_ES\" \/>\n<meta property=\"og:type\" content=\"article\" \/>\n<meta property=\"og:title\" content=\"Fundaci\u00f3n La F\u00e1brica de Tiempo - Video - Cograf Comunicaciones\" \/>\n<meta property=\"og:description\" content=\"Para La F\u00e1brica de Tiempo (fundaci\u00f3n privada sin fines de lucro) realizamos un video institucional que le permitir\u00e1 dar a conocer sus proyectos, establecer alianzas productivas, buscar patrocinantes y promover su trabajo. En Cograf redactamos el gui\u00f3n base de este&hellip;\" \/>\n<meta property=\"og:url\" content=\"https:\/\/cograf.com\/site\/mercadeo-publicidad\/videos-corporativos-y-publicitarios\/fundacion-la-fabrica-del-tiempo-video\/\" \/>\n<meta property=\"og:site_name\" content=\"Cograf Comunicaciones\" \/>\n<meta property=\"article:modified_time\" content=\"2013-06-28T21:12:45+00:00\" \/>\n<meta name=\"twitter:card\" content=\"summary_large_image\" \/>\n<meta name=\"twitter:label1\" content=\"Tiempo de lectura\" \/>\n\t<meta name=\"twitter:data1\" content=\"1 minuto\" \/>\n<script type=\"application\/ld+json\" class=\"yoast-schema-graph\">{\"@context\":\"https:\/\/schema.org\",\"@graph\":[{\"@type\":\"WebPage\",\"@id\":\"https:\/\/cograf.com\/site\/mercadeo-publicidad\/videos-corporativos-y-publicitarios\/fundacion-la-fabrica-del-tiempo-video\/\",\"url\":\"https:\/\/cograf.com\/site\/mercadeo-publicidad\/videos-corporativos-y-publicitarios\/fundacion-la-fabrica-del-tiempo-video\/\",\"name\":\"Fundaci\u00f3n La F\u00e1brica de Tiempo - Video - Cograf Comunicaciones\",\"isPartOf\":{\"@id\":\"https:\/\/cograf.com\/site\/#website\"},\"datePublished\":\"2013-06-28T14:29:50+00:00\",\"dateModified\":\"2013-06-28T21:12:45+00:00\",\"breadcrumb\":{\"@id\":\"https:\/\/cograf.com\/site\/mercadeo-publicidad\/videos-corporativos-y-publicitarios\/fundacion-la-fabrica-del-tiempo-video\/#breadcrumb\"},\"inLanguage\":\"es\",\"potentialAction\":[{\"@type\":\"ReadAction\",\"target\":[\"https:\/\/cograf.com\/site\/mercadeo-publicidad\/videos-corporativos-y-publicitarios\/fundacion-la-fabrica-del-tiempo-video\/\"]}]},{\"@type\":\"BreadcrumbList\",\"@id\":\"https:\/\/cograf.com\/site\/mercadeo-publicidad\/videos-corporativos-y-publicitarios\/fundacion-la-fabrica-del-tiempo-video\/#breadcrumb\",\"itemListElement\":[{\"@type\":\"ListItem\",\"position\":1,\"name\":\"Portada\",\"item\":\"https:\/\/cograf.com\/site\/\"},{\"@type\":\"ListItem\",\"position\":2,\"name\":\"Mercadeo y Publicidad\",\"item\":\"https:\/\/cograf.com\/site\/mercadeo-publicidad\/\"},{\"@type\":\"ListItem\",\"position\":3,\"name\":\"Videos corporativos y publicitarios\",\"item\":\"https:\/\/cograf.com\/site\/mercadeo-publicidad\/videos-corporativos-y-publicitarios\/\"},{\"@type\":\"ListItem\",\"position\":4,\"name\":\"Fundaci\u00f3n La F\u00e1brica de Tiempo &#8211; Video\"}]},{\"@type\":\"WebSite\",\"@id\":\"https:\/\/cograf.com\/site\/#website\",\"url\":\"https:\/\/cograf.com\/site\/\",\"name\":\"Cograf Comunicaciones\",\"description\":\"Imagen de marcas\",\"publisher\":{\"@id\":\"https:\/\/cograf.com\/site\/#organization\"},\"potentialAction\":[{\"@type\":\"SearchAction\",\"target\":{\"@type\":\"EntryPoint\",\"urlTemplate\":\"https:\/\/cograf.com\/site\/?s={search_term_string}\"},\"query-input\":{\"@type\":\"PropertyValueSpecification\",\"valueRequired\":true,\"valueName\":\"search_term_string\"}}],\"inLanguage\":\"es\"},{\"@type\":\"Organization\",\"@id\":\"https:\/\/cograf.com\/site\/#organization\",\"name\":\"Cograf Comunicaciones\",\"url\":\"https:\/\/cograf.com\/site\/\",\"logo\":{\"@type\":\"ImageObject\",\"inLanguage\":\"es\",\"@id\":\"https:\/\/cograf.com\/site\/#\/schema\/logo\/image\/\",\"url\":\"https:\/\/cograf.com\/site\/wp-content\/uploads\/2020\/10\/logo_cograf_new.jpg\",\"contentUrl\":\"https:\/\/cograf.com\/site\/wp-content\/uploads\/2020\/10\/logo_cograf_new.jpg\",\"width\":501,\"height\":301,\"caption\":\"Cograf Comunicaciones\"},\"image\":{\"@id\":\"https:\/\/cograf.com\/site\/#\/schema\/logo\/image\/\"}}]}<\/script>\n<!-- \/ Yoast SEO plugin. -->","yoast_head_json":{"title":"Fundaci\u00f3n La F\u00e1brica de Tiempo - Video - Cograf Comunicaciones","robots":{"index":"index","follow":"follow","max-snippet":"max-snippet:-1","max-image-preview":"max-image-preview:large","max-video-preview":"max-video-preview:-1"},"canonical":"https:\/\/cograf.com\/site\/mercadeo-publicidad\/videos-corporativos-y-publicitarios\/fundacion-la-fabrica-del-tiempo-video\/","og_locale":"es_ES","og_type":"article","og_title":"Fundaci\u00f3n La F\u00e1brica de Tiempo - Video - Cograf Comunicaciones","og_description":"Para La F\u00e1brica de Tiempo (fundaci\u00f3n privada sin fines de lucro) realizamos un video institucional que le permitir\u00e1 dar a conocer sus proyectos, establecer alianzas productivas, buscar patrocinantes y promover su trabajo. En Cograf redactamos el gui\u00f3n base de este&hellip;","og_url":"https:\/\/cograf.com\/site\/mercadeo-publicidad\/videos-corporativos-y-publicitarios\/fundacion-la-fabrica-del-tiempo-video\/","og_site_name":"Cograf Comunicaciones","article_modified_time":"2013-06-28T21:12:45+00:00","twitter_card":"summary_large_image","twitter_misc":{"Tiempo de lectura":"1 minuto"},"schema":{"@context":"https:\/\/schema.org","@graph":[{"@type":"WebPage","@id":"https:\/\/cograf.com\/site\/mercadeo-publicidad\/videos-corporativos-y-publicitarios\/fundacion-la-fabrica-del-tiempo-video\/","url":"https:\/\/cograf.com\/site\/mercadeo-publicidad\/videos-corporativos-y-publicitarios\/fundacion-la-fabrica-del-tiempo-video\/","name":"Fundaci\u00f3n La F\u00e1brica de Tiempo - Video - Cograf Comunicaciones","isPartOf":{"@id":"https:\/\/cograf.com\/site\/#website"},"datePublished":"2013-06-28T14:29:50+00:00","dateModified":"2013-06-28T21:12:45+00:00","breadcrumb":{"@id":"https:\/\/cograf.com\/site\/mercadeo-publicidad\/videos-corporativos-y-publicitarios\/fundacion-la-fabrica-del-tiempo-video\/#breadcrumb"},"inLanguage":"es","potentialAction":[{"@type":"ReadAction","target":["https:\/\/cograf.com\/site\/mercadeo-publicidad\/videos-corporativos-y-publicitarios\/fundacion-la-fabrica-del-tiempo-video\/"]}]},{"@type":"BreadcrumbList","@id":"https:\/\/cograf.com\/site\/mercadeo-publicidad\/videos-corporativos-y-publicitarios\/fundacion-la-fabrica-del-tiempo-video\/#breadcrumb","itemListElement":[{"@type":"ListItem","position":1,"name":"Portada","item":"https:\/\/cograf.com\/site\/"},{"@type":"ListItem","position":2,"name":"Mercadeo y Publicidad","item":"https:\/\/cograf.com\/site\/mercadeo-publicidad\/"},{"@type":"ListItem","position":3,"name":"Videos corporativos y publicitarios","item":"https:\/\/cograf.com\/site\/mercadeo-publicidad\/videos-corporativos-y-publicitarios\/"},{"@type":"ListItem","position":4,"name":"Fundaci\u00f3n La F\u00e1brica de Tiempo &#8211; Video"}]},{"@type":"WebSite","@id":"https:\/\/cograf.com\/site\/#website","url":"https:\/\/cograf.com\/site\/","name":"Cograf Comunicaciones","description":"Imagen de marcas","publisher":{"@id":"https:\/\/cograf.com\/site\/#organization"},"potentialAction":[{"@type":"SearchAction","target":{"@type":"EntryPoint","urlTemplate":"https:\/\/cograf.com\/site\/?s={search_term_string}"},"query-input":{"@type":"PropertyValueSpecification","valueRequired":true,"valueName":"search_term_string"}}],"inLanguage":"es"},{"@type":"Organization","@id":"https:\/\/cograf.com\/site\/#organization","name":"Cograf Comunicaciones","url":"https:\/\/cograf.com\/site\/","logo":{"@type":"ImageObject","inLanguage":"es","@id":"https:\/\/cograf.com\/site\/#\/schema\/logo\/image\/","url":"https:\/\/cograf.com\/site\/wp-content\/uploads\/2020\/10\/logo_cograf_new.jpg","contentUrl":"https:\/\/cograf.com\/site\/wp-content\/uploads\/2020\/10\/logo_cograf_new.jpg","width":501,"height":301,"caption":"Cograf Comunicaciones"},"image":{"@id":"https:\/\/cograf.com\/site\/#\/schema\/logo\/image\/"}}]}},"_links":{"self":[{"href":"https:\/\/cograf.com\/site\/wp-json\/wp\/v2\/pages\/1697","targetHints":{"allow":["GET"]}}],"collection":[{"href":"https:\/\/cograf.com\/site\/wp-json\/wp\/v2\/pages"}],"about":[{"href":"https:\/\/cograf.com\/site\/wp-json\/wp\/v2\/types\/page"}],"author":[{"embeddable":true,"href":"https:\/\/cograf.com\/site\/wp-json\/wp\/v2\/users\/1"}],"replies":[{"embeddable":true,"href":"https:\/\/cograf.com\/site\/wp-json\/wp\/v2\/comments?post=1697"}],"version-history":[{"count":0,"href":"https:\/\/cograf.com\/site\/wp-json\/wp\/v2\/pages\/1697\/revisions"}],"up":[{"embeddable":true,"href":"https:\/\/cograf.com\/site\/wp-json\/wp\/v2\/pages\/1684"}],"wp:attachment":[{"href":"https:\/\/cograf.com\/site\/wp-json\/wp\/v2\/media?parent=1697"}],"curies":[{"name":"wp","href":"https:\/\/api.w.org\/{rel}","templated":true}]}}