{"id":1684,"date":"2013-06-27T11:16:47","date_gmt":"2013-06-27T15:46:47","guid":{"rendered":"https:\/\/cograf.com\/site\/?page_id=1684"},"modified":"2013-06-28T16:43:23","modified_gmt":"2013-06-28T21:13:23","slug":"videos-corporativos-y-publicitarios","status":"publish","type":"page","link":"https:\/\/cograf.com\/site\/mercadeo-publicidad\/videos-corporativos-y-publicitarios\/","title":{"rendered":"Videos corporativos y publicitarios"},"content":{"rendered":"<p><span style=\"font-family: Verdana,Arial,Helvetica,sans-serif;\">En Cograf Comunicaciones ofrecemos servicios completos para la producci\u00f3n de videos corporativos, institucionales y publicitarios, tanto para p\u00fablicos externos como internos.<\/span><\/p>\n<p>Abarcamos todo el proceso de producci\u00f3n audiovisual y brindamos asesor\u00eda pr\u00e1ctica en todas las etapas. Con esto garantizamos consistencia, coherencia e impacto comunicacional, para que su empresa pueda contar con un recurso eficiente, desde el punto de vista narrativo y est\u00e9tico.<\/p>\n<p>Con este criterio desarrollamos el video, desde la conceptualizaci\u00f3n y redacci\u00f3n del gui\u00f3n, pasando por la grabaci\u00f3n de las diversas tomas de apoyo, y culminando con la edici\u00f3n y post-producci\u00f3n final del material.<\/p>\n<p>Agregamos valor a este proceso coordin\u00e1ndonos estrechamente con su empresa. Comprendemos el uso estrat\u00e9gico de este medio, para poder conjugar y armonizar mensajes, imagen y sonido. As\u00ed producimos un video que, para su organizaci\u00f3n, representa una verdadera herramienta de imagen y divulgaci\u00f3n.<\/p>\n<p><a href=\"https:\/\/cograf.com\/site\/contactenos\/\">Cont\u00e1ctenos<\/a> para m\u00e1s informaci\u00f3n o si desea que le presentemos una propuesta de servicios.<\/p>\n<p>Vea fragmentos de algunos de los videos que hemos producido para nuestros clientes:<\/p>\n<table style=\"width: 540px;\" border=\"0\" cellspacing=\"2\" cellpadding=\"0\">\n<tbody>\n<tr>\n<td><a href=\"https:\/\/cograf.com\/site\/videos-corporativos-y-publicitarios\/fundacion-la-fabrica-del-tiempo-video\/\"><img decoding=\"async\" style=\"border: 0px none;\" alt=\"\" src=\"https:\/\/cograf.com\/site\/wp-content\/uploads\/2013\/06\/lafabrica.jpg\" width=\"125\" height=\"83\" border=\"0\" \/><\/a><\/td>\n<td><a href=\"https:\/\/cograf.com\/site\/videos-corporativos-y-publicitarios\/presentacion-corporativa-de-lipesa-video\/\"><img decoding=\"async\" style=\"border: 0px none;\" alt=\"\" src=\"https:\/\/cograf.com\/site\/wp-content\/uploads\/2013\/06\/lipesa.jpg\" width=\"125\" height=\"83\" border=\"0\" \/><\/a><\/td>\n<td><a href=\"https:\/\/cograf.com\/site\/videos-corporativos-y-publicitarios\/video-institucional-para-dayco-host\/\"><img decoding=\"async\" class=\"alignnone size-full wp-image-1724\" alt=\"dayco\" src=\"https:\/\/cograf.com\/site\/wp-content\/uploads\/2013\/06\/dayco.jpg\" width=\"125\" height=\"83\" \/><\/a><\/td>\n<td><a href=\"https:\/\/cograf.com\/site\/videos-corporativos-y-publicitarios\/video-institucional-para-banesco\/\"><img loading=\"lazy\" decoding=\"async\" class=\"alignnone size-full wp-image-1729\" alt=\"banesco\" src=\"https:\/\/cograf.com\/site\/wp-content\/uploads\/2013\/06\/banesco.jpg\" width=\"125\" height=\"83\" \/><\/a><\/td>\n<\/tr>\n<tr>\n<td><span style=\"font-family: Verdana,Arial,Helvetica,sans-serif; font-size: x-small;\"><span style=\"font-family: Verdana,Arial,Helvetica,sans-serif;\">La F\u00e1brica de Tiempo<\/span><\/span><\/td>\n<td><span style=\"font-family: Verdana,Arial,Helvetica,sans-serif; font-size: x-small;\"><span style=\"font-family: Verdana,Arial,Helvetica,sans-serif;\">Lipesa<\/span><\/span><\/td>\n<td><span style=\"font-family: Verdana,Arial,Helvetica,sans-serif; font-size: x-small;\"><span style=\"font-family: Verdana,Arial,Helvetica,sans-serif;\">Daycohost<\/span><\/span><\/td>\n<td><span style=\"font-family: Verdana,Arial,Helvetica,sans-serif; font-size: x-small;\"><span style=\"font-family: Verdana,Arial,Helvetica,sans-serif;\">Banesco<\/span><\/span><\/td>\n<\/tr>\n<tr>\n<td><a href=\"https:\/\/cograf.com\/site\/mercadeo-publicidad\/videos-corporativos-y-publicitarios\/video-institucional-para-cantv\/\"><img loading=\"lazy\" decoding=\"async\" class=\"alignnone size-full wp-image-1735\" alt=\"cantv\" src=\"https:\/\/cograf.com\/site\/wp-content\/uploads\/2013\/06\/cantv.jpg\" width=\"125\" height=\"83\" \/><\/a><\/td>\n<td><a href=\"https:\/\/cograf.com\/site\/mercadeo-publicidad\/videos-corporativos-y-publicitarios\/video-institucional-para-caf\/\"><img loading=\"lazy\" decoding=\"async\" class=\"alignnone size-full wp-image-1737\" alt=\"caf\" src=\"https:\/\/cograf.com\/site\/wp-content\/uploads\/2013\/06\/caf.jpg\" width=\"125\" height=\"83\" \/><\/a><\/td>\n<td><a href=\"https:\/\/cograf.com\/site\/mercadeo-publicidad\/videos-corporativos-y-publicitarios\/video-institucional-para-bancrecer\/\"><img loading=\"lazy\" decoding=\"async\" class=\"alignnone size-full wp-image-1739\" alt=\"bancrecer\" src=\"https:\/\/cograf.com\/site\/wp-content\/uploads\/2013\/06\/bancrecer.jpg\" width=\"125\" height=\"83\" \/><\/a><\/td>\n<td><a href=\"https:\/\/cograf.com\/site\/mercadeo-publicidad\/videos-corporativos-y-publicitarios\/video-corporativo-para-sistehidro\/\"><img loading=\"lazy\" decoding=\"async\" class=\"alignnone size-full wp-image-1741\" alt=\"sistehidro\" src=\"https:\/\/cograf.com\/site\/wp-content\/uploads\/2013\/06\/sistehidro.jpg\" width=\"125\" height=\"83\" \/><\/a><\/td>\n<\/tr>\n<tr>\n<td><span style=\"font-family: Verdana,Arial,Helvetica,sans-serif; font-size: x-small;\"><span style=\"font-family: Verdana,Arial,Helvetica,sans-serif;\">Cantv<\/span><\/span><\/td>\n<td><span style=\"font-family: Verdana,Arial,Helvetica,sans-serif; font-size: x-small;\"><span style=\"font-family: Verdana,Arial,Helvetica,sans-serif;\">CAF<\/span><\/span><\/td>\n<td><span style=\"font-family: Verdana,Arial,Helvetica,sans-serif; font-size: x-small;\"><span style=\"font-family: Verdana,Arial,Helvetica,sans-serif;\">Bancrecer<\/span><\/span><\/td>\n<td><span style=\"font-family: Verdana,Arial,Helvetica,sans-serif; font-size: x-small;\"><span style=\"font-family: Verdana,Arial,Helvetica,sans-serif;\">Sistehidro<\/span><\/span><\/td>\n<\/tr>\n<tr>\n<td><a href=\"https:\/\/cograf.com\/site\/mercadeo-publicidad\/videos-corporativos-y-publicitarios\/video-corporativo-para-corporacion-mary\/\"><img loading=\"lazy\" decoding=\"async\" class=\"alignnone size-full wp-image-1743\" alt=\"mary\" src=\"https:\/\/cograf.com\/site\/wp-content\/uploads\/2013\/06\/mary.jpg\" width=\"125\" height=\"83\" \/><\/a><\/td>\n<td><a href=\"https:\/\/cograf.com\/site\/mercadeo-publicidad\/videos-corporativos-y-publicitarios\/video-institucional-para-u21\/\"><img loading=\"lazy\" decoding=\"async\" class=\"alignnone size-full wp-image-1745\" alt=\"u21\" src=\"https:\/\/cograf.com\/site\/wp-content\/uploads\/2013\/06\/u21.jpg\" width=\"125\" height=\"83\" \/><\/a><\/td>\n<td>\u00a0<\/td>\n<td>\u00a0<\/td>\n<\/tr>\n<tr>\n<td><span style=\"font-family: Verdana,Arial,Helvetica,sans-serif; font-size: x-small;\"><span style=\"font-family: Verdana,Arial,Helvetica,sans-serif;\">Corporaci\u00f3n Mary<\/span><\/span><\/td>\n<td><span style=\"font-family: Verdana,Arial,Helvetica,sans-serif; font-size: x-small;\"><span style=\"font-family: Verdana,Arial,Helvetica,sans-serif;\">U21<\/span><\/span><\/td>\n<td>\u00a0<\/td>\n<td>\u00a0<\/td>\n<\/tr>\n<\/tbody>\n<\/table>\n","protected":false},"excerpt":{"rendered":"<p>En Cograf Comunicaciones ofrecemos servicios completos para la producci\u00f3n de videos corporativos, institucionales y publicitarios, tanto para p\u00fablicos externos como internos. Abarcamos todo el proceso de producci\u00f3n audiovisual y brindamos asesor\u00eda pr\u00e1ctica en todas las etapas. Con esto garantizamos consistencia,&hellip;<\/p>\n","protected":false},"author":1,"featured_media":0,"parent":835,"menu_order":0,"comment_status":"open","ping_status":"open","template":"","meta":{"footnotes":""},"class_list":["post-1684","page","type-page","status-publish","hentry","entry","no-media"],"yoast_head":"<!-- This site is optimized with the Yoast SEO plugin v26.9 - https:\/\/yoast.com\/product\/yoast-seo-wordpress\/ -->\n<title>Videos corporativos y publicitarios - Cograf Comunicaciones<\/title>\n<meta name=\"robots\" content=\"index, follow, max-snippet:-1, max-image-preview:large, max-video-preview:-1\" \/>\n<link rel=\"canonical\" href=\"https:\/\/cograf.com\/site\/mercadeo-publicidad\/videos-corporativos-y-publicitarios\/\" \/>\n<meta property=\"og:locale\" content=\"es_ES\" \/>\n<meta property=\"og:type\" content=\"article\" \/>\n<meta property=\"og:title\" content=\"Videos corporativos y publicitarios - Cograf Comunicaciones\" \/>\n<meta property=\"og:description\" content=\"En Cograf Comunicaciones ofrecemos servicios completos para la producci\u00f3n de videos corporativos, institucionales y publicitarios, tanto para p\u00fablicos externos como internos. Abarcamos todo el proceso de producci\u00f3n audiovisual y brindamos asesor\u00eda pr\u00e1ctica en todas las etapas. Con esto garantizamos consistencia,&hellip;\" \/>\n<meta property=\"og:url\" content=\"https:\/\/cograf.com\/site\/mercadeo-publicidad\/videos-corporativos-y-publicitarios\/\" \/>\n<meta property=\"og:site_name\" content=\"Cograf Comunicaciones\" \/>\n<meta property=\"article:modified_time\" content=\"2013-06-28T21:13:23+00:00\" \/>\n<meta property=\"og:image\" content=\"https:\/\/cograf.com\/site\/wp-content\/uploads\/2013\/06\/lafabrica.jpg\" \/>\n<meta name=\"twitter:card\" content=\"summary_large_image\" \/>\n<meta name=\"twitter:label1\" content=\"Tiempo de lectura\" \/>\n\t<meta name=\"twitter:data1\" content=\"1 minuto\" \/>\n<script type=\"application\/ld+json\" class=\"yoast-schema-graph\">{\"@context\":\"https:\/\/schema.org\",\"@graph\":[{\"@type\":\"WebPage\",\"@id\":\"https:\/\/cograf.com\/site\/mercadeo-publicidad\/videos-corporativos-y-publicitarios\/\",\"url\":\"https:\/\/cograf.com\/site\/mercadeo-publicidad\/videos-corporativos-y-publicitarios\/\",\"name\":\"Videos corporativos y publicitarios - Cograf Comunicaciones\",\"isPartOf\":{\"@id\":\"https:\/\/cograf.com\/site\/#website\"},\"primaryImageOfPage\":{\"@id\":\"https:\/\/cograf.com\/site\/mercadeo-publicidad\/videos-corporativos-y-publicitarios\/#primaryimage\"},\"image\":{\"@id\":\"https:\/\/cograf.com\/site\/mercadeo-publicidad\/videos-corporativos-y-publicitarios\/#primaryimage\"},\"thumbnailUrl\":\"https:\/\/cograf.com\/site\/wp-content\/uploads\/2013\/06\/lafabrica.jpg\",\"datePublished\":\"2013-06-27T15:46:47+00:00\",\"dateModified\":\"2013-06-28T21:13:23+00:00\",\"breadcrumb\":{\"@id\":\"https:\/\/cograf.com\/site\/mercadeo-publicidad\/videos-corporativos-y-publicitarios\/#breadcrumb\"},\"inLanguage\":\"es\",\"potentialAction\":[{\"@type\":\"ReadAction\",\"target\":[\"https:\/\/cograf.com\/site\/mercadeo-publicidad\/videos-corporativos-y-publicitarios\/\"]}]},{\"@type\":\"ImageObject\",\"inLanguage\":\"es\",\"@id\":\"https:\/\/cograf.com\/site\/mercadeo-publicidad\/videos-corporativos-y-publicitarios\/#primaryimage\",\"url\":\"https:\/\/cograf.com\/site\/wp-content\/uploads\/2013\/06\/lafabrica.jpg\",\"contentUrl\":\"https:\/\/cograf.com\/site\/wp-content\/uploads\/2013\/06\/lafabrica.jpg\",\"width\":125,\"height\":83},{\"@type\":\"BreadcrumbList\",\"@id\":\"https:\/\/cograf.com\/site\/mercadeo-publicidad\/videos-corporativos-y-publicitarios\/#breadcrumb\",\"itemListElement\":[{\"@type\":\"ListItem\",\"position\":1,\"name\":\"Portada\",\"item\":\"https:\/\/cograf.com\/site\/\"},{\"@type\":\"ListItem\",\"position\":2,\"name\":\"Mercadeo y Publicidad\",\"item\":\"https:\/\/cograf.com\/site\/mercadeo-publicidad\/\"},{\"@type\":\"ListItem\",\"position\":3,\"name\":\"Videos corporativos y publicitarios\"}]},{\"@type\":\"WebSite\",\"@id\":\"https:\/\/cograf.com\/site\/#website\",\"url\":\"https:\/\/cograf.com\/site\/\",\"name\":\"Cograf Comunicaciones\",\"description\":\"Imagen de marcas\",\"publisher\":{\"@id\":\"https:\/\/cograf.com\/site\/#organization\"},\"potentialAction\":[{\"@type\":\"SearchAction\",\"target\":{\"@type\":\"EntryPoint\",\"urlTemplate\":\"https:\/\/cograf.com\/site\/?s={search_term_string}\"},\"query-input\":{\"@type\":\"PropertyValueSpecification\",\"valueRequired\":true,\"valueName\":\"search_term_string\"}}],\"inLanguage\":\"es\"},{\"@type\":\"Organization\",\"@id\":\"https:\/\/cograf.com\/site\/#organization\",\"name\":\"Cograf Comunicaciones\",\"url\":\"https:\/\/cograf.com\/site\/\",\"logo\":{\"@type\":\"ImageObject\",\"inLanguage\":\"es\",\"@id\":\"https:\/\/cograf.com\/site\/#\/schema\/logo\/image\/\",\"url\":\"https:\/\/cograf.com\/site\/wp-content\/uploads\/2020\/10\/logo_cograf_new.jpg\",\"contentUrl\":\"https:\/\/cograf.com\/site\/wp-content\/uploads\/2020\/10\/logo_cograf_new.jpg\",\"width\":501,\"height\":301,\"caption\":\"Cograf Comunicaciones\"},\"image\":{\"@id\":\"https:\/\/cograf.com\/site\/#\/schema\/logo\/image\/\"}}]}<\/script>\n<!-- \/ Yoast SEO plugin. -->","yoast_head_json":{"title":"Videos corporativos y publicitarios - Cograf Comunicaciones","robots":{"index":"index","follow":"follow","max-snippet":"max-snippet:-1","max-image-preview":"max-image-preview:large","max-video-preview":"max-video-preview:-1"},"canonical":"https:\/\/cograf.com\/site\/mercadeo-publicidad\/videos-corporativos-y-publicitarios\/","og_locale":"es_ES","og_type":"article","og_title":"Videos corporativos y publicitarios - Cograf Comunicaciones","og_description":"En Cograf Comunicaciones ofrecemos servicios completos para la producci\u00f3n de videos corporativos, institucionales y publicitarios, tanto para p\u00fablicos externos como internos. Abarcamos todo el proceso de producci\u00f3n audiovisual y brindamos asesor\u00eda pr\u00e1ctica en todas las etapas. Con esto garantizamos consistencia,&hellip;","og_url":"https:\/\/cograf.com\/site\/mercadeo-publicidad\/videos-corporativos-y-publicitarios\/","og_site_name":"Cograf Comunicaciones","article_modified_time":"2013-06-28T21:13:23+00:00","og_image":[{"url":"https:\/\/cograf.com\/site\/wp-content\/uploads\/2013\/06\/lafabrica.jpg","type":"","width":"","height":""}],"twitter_card":"summary_large_image","twitter_misc":{"Tiempo de lectura":"1 minuto"},"schema":{"@context":"https:\/\/schema.org","@graph":[{"@type":"WebPage","@id":"https:\/\/cograf.com\/site\/mercadeo-publicidad\/videos-corporativos-y-publicitarios\/","url":"https:\/\/cograf.com\/site\/mercadeo-publicidad\/videos-corporativos-y-publicitarios\/","name":"Videos corporativos y publicitarios - Cograf Comunicaciones","isPartOf":{"@id":"https:\/\/cograf.com\/site\/#website"},"primaryImageOfPage":{"@id":"https:\/\/cograf.com\/site\/mercadeo-publicidad\/videos-corporativos-y-publicitarios\/#primaryimage"},"image":{"@id":"https:\/\/cograf.com\/site\/mercadeo-publicidad\/videos-corporativos-y-publicitarios\/#primaryimage"},"thumbnailUrl":"https:\/\/cograf.com\/site\/wp-content\/uploads\/2013\/06\/lafabrica.jpg","datePublished":"2013-06-27T15:46:47+00:00","dateModified":"2013-06-28T21:13:23+00:00","breadcrumb":{"@id":"https:\/\/cograf.com\/site\/mercadeo-publicidad\/videos-corporativos-y-publicitarios\/#breadcrumb"},"inLanguage":"es","potentialAction":[{"@type":"ReadAction","target":["https:\/\/cograf.com\/site\/mercadeo-publicidad\/videos-corporativos-y-publicitarios\/"]}]},{"@type":"ImageObject","inLanguage":"es","@id":"https:\/\/cograf.com\/site\/mercadeo-publicidad\/videos-corporativos-y-publicitarios\/#primaryimage","url":"https:\/\/cograf.com\/site\/wp-content\/uploads\/2013\/06\/lafabrica.jpg","contentUrl":"https:\/\/cograf.com\/site\/wp-content\/uploads\/2013\/06\/lafabrica.jpg","width":125,"height":83},{"@type":"BreadcrumbList","@id":"https:\/\/cograf.com\/site\/mercadeo-publicidad\/videos-corporativos-y-publicitarios\/#breadcrumb","itemListElement":[{"@type":"ListItem","position":1,"name":"Portada","item":"https:\/\/cograf.com\/site\/"},{"@type":"ListItem","position":2,"name":"Mercadeo y Publicidad","item":"https:\/\/cograf.com\/site\/mercadeo-publicidad\/"},{"@type":"ListItem","position":3,"name":"Videos corporativos y publicitarios"}]},{"@type":"WebSite","@id":"https:\/\/cograf.com\/site\/#website","url":"https:\/\/cograf.com\/site\/","name":"Cograf Comunicaciones","description":"Imagen de marcas","publisher":{"@id":"https:\/\/cograf.com\/site\/#organization"},"potentialAction":[{"@type":"SearchAction","target":{"@type":"EntryPoint","urlTemplate":"https:\/\/cograf.com\/site\/?s={search_term_string}"},"query-input":{"@type":"PropertyValueSpecification","valueRequired":true,"valueName":"search_term_string"}}],"inLanguage":"es"},{"@type":"Organization","@id":"https:\/\/cograf.com\/site\/#organization","name":"Cograf Comunicaciones","url":"https:\/\/cograf.com\/site\/","logo":{"@type":"ImageObject","inLanguage":"es","@id":"https:\/\/cograf.com\/site\/#\/schema\/logo\/image\/","url":"https:\/\/cograf.com\/site\/wp-content\/uploads\/2020\/10\/logo_cograf_new.jpg","contentUrl":"https:\/\/cograf.com\/site\/wp-content\/uploads\/2020\/10\/logo_cograf_new.jpg","width":501,"height":301,"caption":"Cograf Comunicaciones"},"image":{"@id":"https:\/\/cograf.com\/site\/#\/schema\/logo\/image\/"}}]}},"_links":{"self":[{"href":"https:\/\/cograf.com\/site\/wp-json\/wp\/v2\/pages\/1684","targetHints":{"allow":["GET"]}}],"collection":[{"href":"https:\/\/cograf.com\/site\/wp-json\/wp\/v2\/pages"}],"about":[{"href":"https:\/\/cograf.com\/site\/wp-json\/wp\/v2\/types\/page"}],"author":[{"embeddable":true,"href":"https:\/\/cograf.com\/site\/wp-json\/wp\/v2\/users\/1"}],"replies":[{"embeddable":true,"href":"https:\/\/cograf.com\/site\/wp-json\/wp\/v2\/comments?post=1684"}],"version-history":[{"count":0,"href":"https:\/\/cograf.com\/site\/wp-json\/wp\/v2\/pages\/1684\/revisions"}],"up":[{"embeddable":true,"href":"https:\/\/cograf.com\/site\/wp-json\/wp\/v2\/pages\/835"}],"wp:attachment":[{"href":"https:\/\/cograf.com\/site\/wp-json\/wp\/v2\/media?parent=1684"}],"curies":[{"name":"wp","href":"https:\/\/api.w.org\/{rel}","templated":true}]}}